{"id":2327,"date":"2011-08-18T06:48:02","date_gmt":"2011-08-18T10:48:02","guid":{"rendered":"http:\/\/agoratheque.yprovencal.ep.profweb.qc.ca\/?page_id=2327"},"modified":"2011-08-18T06:52:53","modified_gmt":"2011-08-18T10:52:53","slug":"explications-supplementaires-exemples-de-convergence-possible%e2%80%a6","status":"publish","type":"page","link":"http:\/\/agoratheque.3zcom.com\/?page_id=2327","title":{"rendered":"Explications suppl\u00e9mentaires : Exemples de convergence possible\u2026"},"content":{"rendered":"<p>\u00a0\u00a0\u00a0\u00a0\u00a0\u00a0\u00a0\u00a0\u00a0\u00a0\u00a0 Le th\u00e9ologien catholique Hans K\u00fcng a fait de s\u00e9rieux efforts pour faire avancer dans le sens de la convergence, du moins dans le cas de certaines grandes religions. \u00c0 son avis, les religions (il parle alors surtout d\u2019anciennes et de grandes religions) pr\u00e9sentent plus de convergence que de divergence, dans la pratique, que ne veulent bien le reconna\u00eetre \u00ab\u00a0les doctrines et les manuels<a id=\"ref-1\" href=\"#note-1\"><sup>1<\/sup><\/a>\u00a0\u00bb. Il pose la question\u00a0: \u00ab\u00a0Sur quoi convient-il de centrer le dialogue avec le bouddhisme\u00a0? Il ne semble pas constructif d\u2019insister sur l\u2019existence de Dieu ni sur le caract\u00e8re transcendant de l\u2019\u00e2me individuelle. Il propose de mettre plut\u00f4t l\u2019accent sur la pratique et l\u2019\u00ab\u00a0aspiration \u00e0 d\u00e9passer l\u2019existence terrestre \u2026\u00a0\u00bb\u00a0 Il ajoute m\u00eame la pr\u00e9cision\u00a0: \u00ab\u00a0par del\u00e0 les commandements \u00e9thiques\u00a0\u00bb. Son intention, l\u00e0, n\u2019est pas d\u2019abstraire la personne humaine, qui demeure centrale dans la pratique m\u00eame du dialogue interreligieux, explique-t-il, et c\u2019est la compr\u00e9hension d\u2019une r\u00e9alit\u00e9 sup\u00e9rieure acceptable et coh\u00e9rente pour les uns et pour les autres qui lui importe \u00e0 ce moment.<\/p>\n<p>\u00a0\u00a0\u00a0\u00a0\u00a0\u00a0\u00a0\u00a0\u00a0\u00a0 Rien n\u2019indique, par ailleurs, que l\u2019\u00c9glise catholique ait dans la convergence vers le respect une avance significative sur les \u00c9glises protestantes, dont la r\u00e9union symbolique appara\u00eet d\u00e9j\u00e0 avec le Conseil \u0153cum\u00e9nique des \u00c9glises, ou sur l\u2019\u00c9glise orthodoxe, qui r\u00e9unit plusieurs \u00c9glises. La convergence de l\u2019\u00c9glise catholique consisterait alors \u00e0 adopter un langage analogue de regroupement d\u2019autres groupes religieux en leur proposant des \u00e9l\u00e9ments doctrinaux dans le respect de leur autonomie.<\/p>\n<p>\u00a0\u00a0\u00a0\u00a0\u00a0\u00a0\u00a0\u00a0\u00a0 Une convergence semblable est concevable avec l\u2019islam et elle est en principe facilit\u00e9e par la proximit\u00e9 relative des r\u00e9alit\u00e9s sup\u00e9rieures, identifiables \u00e0 Dieu, le Dieu de la Bible et du Coran. Il n\u2019y a pas de raison de croire qu\u2019il serait plus difficile pour l\u2019islam que pour le christianisme de converger dans le respect avec les autres religions. Les positions actuelles de refus chez nombre de musulmans peut changer, \u00e9voluer vers plus de respect des autres, surtout s\u2019ils sont eux-m\u00eames davantage respect\u00e9s<a id=\"ref-2\" href=\"#note-2\"><sup>2<\/sup><\/a>.<\/p>\n<p>\u00a0\u00a0\u00a0\u00a0\u00a0\u00a0\u00a0\u00a0\u00a0\u00a0\u00a0 La possibilit\u00e9 d\u2019une Grande convergence commence \u00e0 se faire sentir chez les chr\u00e9tiens et les musulmans. Les hindous ne sont pas en reste puisque ce qui est appel\u00e9 hindouisme constitue d\u00e9j\u00e0 la r\u00e9union continentale d\u2019un tr\u00e8s grand nombre de groupes religieux \u00e9voluant en Inde, dont l\u2019unit\u00e9 est rattachable \u00e0 un corpus de textes sacr\u00e9s, incluant les V\u00e9das, qui leur sont propres. La convergence dans le respect mutuel semble ainsi avoir une certaine base concr\u00e8te. En outre, les diff\u00e9rences entre les textes sacr\u00e9s peuvent appara\u00eetre comme un enrichissement doctrinal plut\u00f4t que comme une cause de rivalit\u00e9.<\/p>\n<p>\u00a0\u00a0\u00a0\u00a0\u00a0\u00a0\u00a0\u00a0\u00a0\u00a0\u00a0 La convergence globale inclut par d\u00e9finition toutes les religions moins grandes et m\u00eame, en principe, les plus petites en termes du nombre des adeptes, et aussi m\u00eame les religions plus r\u00e9centes dans l\u2019histoire, quel que soit leur nombre. Toutes peuvent en principe converger dans le respect des autres aussi bien que les religions les plus grandes ou les plus anciennes.<\/p>\n<div>\n<div>\n<p><a id=\"note-1\" href=\"#ref-1\">1<\/a> Hans K\u00fcng, <em>Le christianisme et les religions du monde. Islam, hindouisme, bouddhisme<\/em>, <em>op. cit.<\/em>, p. 491-493. Ici, Hans K\u00fcng entend faire abstraction des diff\u00e9rences doctrinales bouddhisme-christianisme qui n\u2019ont de sens qu\u2019aux yeux d\u2019une \u00ab\u00a0\u00e9lite infime\u00a0\u00bb. <a id=\"note-1\" href=\"#ref-1\">1<\/a><\/p>\n<\/div>\n<div>\n<p><a id=\"note-2\" href=\"#ref-2\">2<\/a> Il faut se rappeler que l\u2019\u00c9glise catholique a \u00e9t\u00e9 elle-m\u00eame longtemps r\u00e9fractaire au \u00ab\u00a0modernisme\u00a0\u00bb. Les musulmans peuvent difficilement faire pis. <a id=\"note-2\" href=\"#ref-2\">2<\/a><\/p>\n<\/div>\n<\/div>\n<div class=\"edit-link\"><a class=\"post-edit-link\" href=\"\">modifier<\/a><\/div>","protected":false},"excerpt":{"rendered":"<p>\u00a0\u00a0\u00a0\u00a0\u00a0\u00a0\u00a0\u00a0\u00a0\u00a0\u00a0 Le th\u00e9ologien catholique Hans K\u00fcng a fait de s\u00e9rieux efforts pour faire avancer dans le sens de la convergence, du moins dans le cas de certaines grandes religions. \u00c0 son avis, les religions (il parle alors surtout d\u2019anciennes et de grandes religions)&#8230;<\/p>\n","protected":false},"author":1,"featured_media":0,"parent":2243,"menu_order":50,"comment_status":"open","ping_status":"open","template":"","meta":[],"tags":[],"_links":{"self":[{"href":"http:\/\/agoratheque.3zcom.com\/index.php?rest_route=\/wp\/v2\/pages\/2327"}],"collection":[{"href":"http:\/\/agoratheque.3zcom.com\/index.php?rest_route=\/wp\/v2\/pages"}],"about":[{"href":"http:\/\/agoratheque.3zcom.com\/index.php?rest_route=\/wp\/v2\/types\/page"}],"author":[{"embeddable":true,"href":"http:\/\/agoratheque.3zcom.com\/index.php?rest_route=\/wp\/v2\/users\/1"}],"replies":[{"embeddable":true,"href":"http:\/\/agoratheque.3zcom.com\/index.php?rest_route=%2Fwp%2Fv2%2Fcomments&post=2327"}],"version-history":[{"count":7,"href":"http:\/\/agoratheque.3zcom.com\/index.php?rest_route=\/wp\/v2\/pages\/2327\/revisions"}],"predecessor-version":[{"id":2334,"href":"http:\/\/agoratheque.3zcom.com\/index.php?rest_route=\/wp\/v2\/pages\/2327\/revisions\/2334"}],"up":[{"embeddable":true,"href":"http:\/\/agoratheque.3zcom.com\/index.php?rest_route=\/wp\/v2\/pages\/2243"}],"wp:attachment":[{"href":"http:\/\/agoratheque.3zcom.com\/index.php?rest_route=%2Fwp%2Fv2%2Fmedia&parent=2327"}],"wp:term":[{"taxonomy":"post_tag","embeddable":true,"href":"http:\/\/agoratheque.3zcom.com\/index.php?rest_route=%2Fwp%2Fv2%2Ftags&post=2327"}],"curies":[{"name":"wp","href":"https:\/\/api.w.org\/{rel}","templated":true}]}}