{"id":2355,"date":"2011-08-18T16:19:03","date_gmt":"2011-08-18T20:19:03","guid":{"rendered":"http:\/\/agoratheque.yprovencal.ep.profweb.qc.ca\/?page_id=2355"},"modified":"2011-08-18T16:20:37","modified_gmt":"2011-08-18T20:20:37","slug":"explications-supplementaires-le-mouvement-ecclesial-des-focolari","status":"publish","type":"page","link":"http:\/\/agoratheque.3zcom.com\/?page_id=2355","title":{"rendered":"Explications suppl\u00e9mentaires : Le mouvement eccl\u00e9sial des Focolari"},"content":{"rendered":"<p>\u00a0\u00a0\u00a0\u00a0\u00a0\u00a0\u00a0\u00a0\u00a0\u00a0\u00a0 D\u2019origine italienne (lanc\u00e9 \u00e0 Trente en 1944) par Chiara Lubich, le mouvement des Focolari<a id=\"ref-1\" href=\"#note-1\"><sup>1<\/sup><\/a> rayonne dans le monde. Sur le site canadien\u00a0des Focolari, on invite les \u00ab\u00a0personnes de diff\u00e9rentes convictions\u00a0\u00bb et de \u00ab\u00a0diff\u00e9rentes religions\u00a0\u00bb. Par exemple, des musulmans s\u2019y retrouvent.<\/p>\n<p>\u00a0\u00a0\u00a0\u00a0\u00a0\u00a0\u00a0\u00a0\u00a0\u00a0 La pens\u00e9e ou la doctrine de ce mouvement semble plut\u00f4t simple. On y r\u00e9p\u00e8te que \u00ab\u00a0tous soient un\u00a0\u00bb (Jean 17\u00a0:21) et que \u00ab\u00a0l\u2019accomplissement de l\u2019\u00c9vangile est dans l\u2019amour et le respect mutuel\u00a0\u00bb. Ils se r\u00e9f\u00e8rent notamment \u00e0 ces versets du Nouveau Testament\u00a0: \u00ab\u00a0aimez-vous les uns les autres\u00a0\u00bb (Jean 15\u00a0:9-17) et \u00ab\u00a0L\u00e0 o\u00f9 deux ou trois sont r\u00e9unis en mon nom, je suis au milieu d\u2019eux\u00a0\u00bb (Matthieu 18\u00a0:15-20).<\/p>\n<p>\u00a0\u00a0\u00a0\u00a0\u00a0\u00a0\u00a0\u00a0\u00a0\u00a0\u00a0 Ils affirment, semble-t-il, que ce principe d\u2019amour et de respect peut \u00eatre retrouv\u00e9 dans toutes les religions. Bien s\u00fbr, cela ne peut gu\u00e8re \u00eatre vrai que si les sens des mots amour et respect demeurent tr\u00e8s flous. Cependant le sens flou assum\u00e9 comme tel vaut mieux qu\u2019un sens pr\u00e9cis et faux. En effet, moyennant une interpr\u00e9tation suffisamment souple le sens de la phrase \u00ab\u00a0aimez-vous les uns les autres\u00a0\u00bb\u00a0 peut \u00eatre retrouv\u00e9 pratiquement dans toutes les religions.\u00a0 Quant \u00e0 l\u2019autre passage des \u00e9vangiles \u00ab\u00a0L\u00e0 o\u00f9 deux ou trois sont r\u00e9unis en mon nom, je suis au milieu d\u2019eux\u00a0\u00bb, il peut \u00eatre acceptable dans nombre de groupes moyennant une interpr\u00e9tation appropri\u00e9e. Si des personnes sont r\u00e9unies au nom de Muhammad, du Bouddha, de Vishnou, par exemple, elles pourraient interpr\u00e9ter la phrase de Matthieu comme s\u2019appliquant \u00e0 elles aussi bien qu\u2019aux chr\u00e9tiens.<\/p>\n<p>\u00a0\u00a0\u00a0\u00a0\u00a0\u00a0\u00a0\u00a0\u00a0\u00a0 Certains mouvements s\u2019affirment donc \u00e0 l\u2019int\u00e9rieur de l\u2019\u00c9glise catholique tout en disposant d\u2019une grande autonomie. Jusqu\u2019\u00e0 quel point leur est-il permis d\u2019\u00eatre dissidents tout en \u00e9tant respect\u00e9s comme tels\u00a0? Ce point n\u2019est pas clair encore. Il s\u2019en faut de beaucoup pour que l\u2019existence de tels mouvements r\u00e9alise l\u2019id\u00e9e universelle de respect mutuel des groupes. Relativement peu de personnes connaissent ces mouvements. Il faudrait plut\u00f4t les voir comme un ph\u00e9nom\u00e8ne \u00e0 la fois social et religieux, d\u2019abord observable par les catholiques,\u00a0 faisant signe vers l\u2019id\u00e9e d\u2019une soci\u00e9t\u00e9 de tous les groupes religieux. Le contraste est d\u2019ailleurs frappant entre la situation actuelle et celle qu\u2019on a connue dans le pass\u00e9 de l\u2019\u00c9glise puisque plusieurs des groupes religieux qui sont n\u00e9s de l\u2019\u00c9glise romaine sont pass\u00e9s \u00e0 l\u2019histoire sous l\u2019\u00e9tiquette d\u2019\u00a0\u00ab\u00a0h\u00e9r\u00e9sies\u00a0\u00bb. L\u2019attitude de l\u2019\u00c9glise actuelle para\u00eet d\u2019embl\u00e9e bien moins empreinte de m\u00e9pris et de d\u00e9fiance envers les nouveaux groupes.<\/p>\n<div>\n<div>\n<p><a id=\"note-1\" href=\"#ref-1\">1<\/a> Le mot italien focolari signifie \u00ab\u00a0chaleur et\u00a0foyer\u00a0\u00bb. <a id=\"note-1\" href=\"#ref-1\">1<\/a><\/p>\n<\/div>\n<\/div>\n<div class=\"edit-link\"><a class=\"post-edit-link\" href=\"\">modifier<\/a><\/div>","protected":false},"excerpt":{"rendered":"<p>\u00a0\u00a0\u00a0\u00a0\u00a0\u00a0\u00a0\u00a0\u00a0\u00a0\u00a0 D\u2019origine italienne (lanc\u00e9 \u00e0 Trente en 1944) par Chiara Lubich, le mouvement des Focolari1 rayonne dans le monde. Sur le site canadien\u00a0des Focolari, on invite les \u00ab\u00a0personnes de diff\u00e9rentes convictions\u00a0\u00bb et de \u00ab\u00a0diff\u00e9rentes religions\u00a0\u00bb. Par exemple, des musulmans s\u2019y retrouvent. \u00a0\u00a0\u00a0\u00a0\u00a0\u00a0\u00a0\u00a0\u00a0\u00a0 La&#8230;<\/p>\n","protected":false},"author":1,"featured_media":0,"parent":2243,"menu_order":65,"comment_status":"open","ping_status":"open","template":"","meta":[],"tags":[],"_links":{"self":[{"href":"http:\/\/agoratheque.3zcom.com\/index.php?rest_route=\/wp\/v2\/pages\/2355"}],"collection":[{"href":"http:\/\/agoratheque.3zcom.com\/index.php?rest_route=\/wp\/v2\/pages"}],"about":[{"href":"http:\/\/agoratheque.3zcom.com\/index.php?rest_route=\/wp\/v2\/types\/page"}],"author":[{"embeddable":true,"href":"http:\/\/agoratheque.3zcom.com\/index.php?rest_route=\/wp\/v2\/users\/1"}],"replies":[{"embeddable":true,"href":"http:\/\/agoratheque.3zcom.com\/index.php?rest_route=%2Fwp%2Fv2%2Fcomments&post=2355"}],"version-history":[{"count":3,"href":"http:\/\/agoratheque.3zcom.com\/index.php?rest_route=\/wp\/v2\/pages\/2355\/revisions"}],"predecessor-version":[{"id":2357,"href":"http:\/\/agoratheque.3zcom.com\/index.php?rest_route=\/wp\/v2\/pages\/2355\/revisions\/2357"}],"up":[{"embeddable":true,"href":"http:\/\/agoratheque.3zcom.com\/index.php?rest_route=\/wp\/v2\/pages\/2243"}],"wp:attachment":[{"href":"http:\/\/agoratheque.3zcom.com\/index.php?rest_route=%2Fwp%2Fv2%2Fmedia&parent=2355"}],"wp:term":[{"taxonomy":"post_tag","embeddable":true,"href":"http:\/\/agoratheque.3zcom.com\/index.php?rest_route=%2Fwp%2Fv2%2Ftags&post=2355"}],"curies":[{"name":"wp","href":"https:\/\/api.w.org\/{rel}","templated":true}]}}