{"id":2359,"date":"2011-08-18T16:22:06","date_gmt":"2011-08-18T20:22:06","guid":{"rendered":"http:\/\/agoratheque.yprovencal.ep.profweb.qc.ca\/?page_id=2359"},"modified":"2011-08-19T08:12:32","modified_gmt":"2011-08-19T12:12:32","slug":"explications-supplementaires-la-vocation-d%e2%80%99universalite-de-l%e2%80%99eglise","status":"publish","type":"page","link":"http:\/\/agoratheque.3zcom.com\/?page_id=2359","title":{"rendered":"Explications suppl\u00e9mentaires : La vocation d\u2019universalit\u00e9 de l\u2019\u00c9glise ?"},"content":{"rendered":"<p class=\"MsoNormal\" style=\"margin: 0cm 0cm 10pt;\"><span style=\"line-height: 115%; font-family: &quot;Times New Roman&quot;,&quot;serif&quot;; font-size: 12pt;\">\u00a0\u00a0\u00a0\u00a0\u00a0\u00a0\u00a0\u00a0\u00a0\u00a0\u00a0 Une translation s\u00e9mantique du mot \u00ab\u00a0\u00c9glise\u00a0\u00bb consiste \u00e0 passer, en termes de signifiants, de l\u2019individu \u00e0 la communaut\u00e9 et de la communaut\u00e9 \u00e0 l\u2019\u00c9glise. Elle suppose un rapport analogique comme dans le cas dit de la \u00ab\u00a0caverne\u00a0\u00bb de Platon. L\u00e0, le rapport du prisonnier \u00e0 la lumi\u00e8re du soleil, qui est un rapport d\u2019alt\u00e9rit\u00e9 profonde, symbolise le rapport de l\u2019humain \u00e0 la divinit\u00e9. Dans le cas de l\u2019\u00c9glise, le rapport du croyant non catholique \u00e0 sa communaut\u00e9 religieuse fait \u00e9cho \u00e0 celui qu\u2019entretient sa communaut\u00e9 \u00e0 un Tout plus grand et, en quelque sorte, transcendant, qui est la soci\u00e9t\u00e9 de toutes les religions, la STR, \u00e0 laquelle l\u2019\u00c9glise serait d\u00e9sormais identifi\u00e9e. <\/span><\/p>\n<p class=\"MsoNormal\" style=\"margin: 0cm 0cm 10pt;\"><span style=\"line-height: 115%; font-family: &quot;Times New Roman&quot;,&quot;serif&quot;; font-size: 12pt;\">\u00a0\u00a0\u00a0\u00a0\u00a0\u00a0\u00a0\u00a0\u00a0\u00a0 Et il en irait de m\u00eame dans le cas de toute religion qui a vocation d\u2019universalit\u00e9, apr\u00e8s avoir converg\u00e9 avec l\u2019\u00c9glise catholique en tant qu\u2019\u00c9glise particuli\u00e8re. Par exemple, le terme \u00ab\u00a0Oumma\u00a0\u00bb signifie la nation-m\u00e8re et d\u00e9signe la communaut\u00e9 des musulmans dans le monde, au-del\u00e0 leurs nationalit\u00e9s respectives. Pr\u00e9cis\u00e9ment, l\u2019\u00a0\u00ab\u00a0Oumma\u00a0\u00bb d\u00e9signerait la globalit\u00e9 plurielle des communaut\u00e9s dispers\u00e9es des musulmans. Sous cette forme, elle convergerait au nom du respect vers la m\u00eame forme que l\u2019\u00c9glise chr\u00e9tienne catholique<a id=\"ref-1\" href=\"#note-1\"><sup>1<\/sup><\/a>. <\/span><\/p>\n<div style=\"mso-element: footnote-list;\">\n<div id=\"ftn1\" style=\"mso-element: footnote;\">\n<p class=\"MsoFootnoteText\" style=\"margin: 0cm 0cm 0pt;\"><span style=\"font-family: &quot;Times New Roman&quot;,&quot;serif&quot;; font-size: 12pt;\"><a id=\"note-1\" href=\"#ref-1\">1<\/a> Le concept de translation s\u00e9mantique,\u00a0c&rsquo;est-\u00e0-dire de <em>correspondance id\u00e9om\u00e9trique<\/em>, rel\u00e8ve en fait de l\u2019id\u00e9om\u00e9trie en son \u00e9tat encore balbutiant (Cf. <em style=\"mso-bidi-font-style: normal;\"><a href=\"http:\/\/books.google.fr\/books?id=iT_1_hvDzZIC&amp;dq=yvon+proven%C3%A7al&amp;printsec=frontcover&amp;source=bl&amp;ots=vbJ6CWxUEQ&amp;sig=365OL-hXhOY10KgU2xBA7VBft1Y&amp;hl=fr&amp;ei=_NS3Se73OqKBtweTn9m1CQ&amp;sa=X&amp;oi=book_result&amp;resnum=3&amp;ct=result#v=onepage&amp;q&amp;f=false\">The Mind of Society. <\/a><span style=\"color: black; mso-bidi-font-weight: bold;\"><a href=\"http:\/\/books.google.fr\/books?id=iT_1_hvDzZIC&amp;dq=yvon+proven%C3%A7al&amp;printsec=frontcover&amp;source=bl&amp;ots=vbJ6CWxUEQ&amp;sig=365OL-hXhOY10KgU2xBA7VBft1Y&amp;hl=fr&amp;ei=_NS3Se73OqKBtweTn9m1CQ&amp;sa=X&amp;oi=book_result&amp;resnum=3&amp;ct=result#v=onepage&amp;q&amp;f=false\">From a Fruitful Analogy of Minsky to a Prodigious Idea of Teilhard De Chardin<\/a>, <\/span><\/em><span style=\"color: black; mso-bidi-font-weight: bold;\">Gordon and Breach, 1998). <a id=\"note-1\" href=\"#ref-1\">1<\/a><\/span><\/span><em style=\"mso-bidi-font-style: normal;\"><\/em><\/p>\n<\/div>\n<\/div>\n<div class=\"edit-link\"><a class=\"post-edit-link\" href=\"\">modifier<\/a><\/div>","protected":false},"excerpt":{"rendered":"<p>\u00a0\u00a0\u00a0\u00a0\u00a0\u00a0\u00a0\u00a0\u00a0\u00a0\u00a0 Une translation s\u00e9mantique du mot \u00ab\u00a0\u00c9glise\u00a0\u00bb consiste \u00e0 passer, en termes de signifiants, de l\u2019individu \u00e0 la communaut\u00e9 et de la communaut\u00e9 \u00e0 l\u2019\u00c9glise. Elle suppose un rapport analogique comme dans le cas dit de la \u00ab\u00a0caverne\u00a0\u00bb de Platon. L\u00e0, le rapport&#8230;<\/p>\n","protected":false},"author":1,"featured_media":0,"parent":2243,"menu_order":70,"comment_status":"open","ping_status":"open","template":"","meta":[],"tags":[],"_links":{"self":[{"href":"http:\/\/agoratheque.3zcom.com\/index.php?rest_route=\/wp\/v2\/pages\/2359"}],"collection":[{"href":"http:\/\/agoratheque.3zcom.com\/index.php?rest_route=\/wp\/v2\/pages"}],"about":[{"href":"http:\/\/agoratheque.3zcom.com\/index.php?rest_route=\/wp\/v2\/types\/page"}],"author":[{"embeddable":true,"href":"http:\/\/agoratheque.3zcom.com\/index.php?rest_route=\/wp\/v2\/users\/1"}],"replies":[{"embeddable":true,"href":"http:\/\/agoratheque.3zcom.com\/index.php?rest_route=%2Fwp%2Fv2%2Fcomments&post=2359"}],"version-history":[{"count":7,"href":"http:\/\/agoratheque.3zcom.com\/index.php?rest_route=\/wp\/v2\/pages\/2359\/revisions"}],"predecessor-version":[{"id":2362,"href":"http:\/\/agoratheque.3zcom.com\/index.php?rest_route=\/wp\/v2\/pages\/2359\/revisions\/2362"}],"up":[{"embeddable":true,"href":"http:\/\/agoratheque.3zcom.com\/index.php?rest_route=\/wp\/v2\/pages\/2243"}],"wp:attachment":[{"href":"http:\/\/agoratheque.3zcom.com\/index.php?rest_route=%2Fwp%2Fv2%2Fmedia&parent=2359"}],"wp:term":[{"taxonomy":"post_tag","embeddable":true,"href":"http:\/\/agoratheque.3zcom.com\/index.php?rest_route=%2Fwp%2Fv2%2Ftags&post=2359"}],"curies":[{"name":"wp","href":"https:\/\/api.w.org\/{rel}","templated":true}]}}