{"id":2365,"date":"2011-08-18T16:30:38","date_gmt":"2011-08-18T20:30:38","guid":{"rendered":"http:\/\/agoratheque.yprovencal.ep.profweb.qc.ca\/?page_id=2365"},"modified":"2011-08-19T08:16:09","modified_gmt":"2011-08-19T12:16:09","slug":"2365-2","status":"publish","type":"page","link":"http:\/\/agoratheque.3zcom.com\/?page_id=2365","title":{"rendered":"Explications suppl\u00e9mentaires : L\u2019alt\u00e9rit\u00e9 r\u00e9v\u00e9l\u00e9e par le christianisme\u2026"},"content":{"rendered":"<p>\u00a0\u00a0\u00a0\u00a0\u00a0\u00a0\u00a0\u00a0\u00a0\u00a0\u00a0 Il y a un \u00ab\u00a0balancement\u00a0\u00bb en \u00ab\u00a0deux traits constants des analyses de Certeau sur le christianisme\u00a0: celui-ci est \u00e0 la fois \u00e9mergence singuli\u00e8re, ne dispose comme tel d\u2019aucun privil\u00e8ge universaliste, et en m\u00eame temps mouvement constant d\u2019alt\u00e9ration, prodigieuse capacit\u00e9 \u00e0 \u00eatre sollicit\u00e9 par l\u2019alt\u00e9rit\u00e9\u00a0\u00bb. J\u00e9sus laisse voir \u00ab\u00a0une mort\u00a0\u00bb, \u00ab\u00a0un rapport \u00e0 d\u2019insurmontables alt\u00e9rit\u00e9s\u00a0\u00bb, une \u00ab\u00a0irr\u00e9ductible singularit\u00e9<a id=\"ref-1\" href=\"#note-1\"><sup>1<\/sup><\/a>\u00a0\u00bb\u00a0\u00a0<\/p>\n<p>\u00a0\u00a0\u00a0\u00a0\u00a0\u00a0\u00a0\u00a0\u00a0\u00a0\u00a0\u00a0\u00a0\u00a0\u00a0\u00a0\u00a0\u00a0\u00a0\u00a0\u00a0\u00a0\u00a0\u00a0\u00a0\u00a0\u00a0\u00a0\u00a0\u00a0\u00a0\u00a0\u00a0\u00a0\u00a0\u00a0\u00a0\u00a0\u00a0\u00a0\u00a0\u00a0\u00a0\u00a0\u00a0\u00a0\u00a0\u00a0\u00a0\u00a0\u00a0\u00a0\u00a0\u00a0\u00a0\u00a0\u00a0\u00a0\u00a0\u00a0\u00a0\u00a0\u00a0\u00a0\u00a0\u00a0\u00a0\u00a0\u00a0\u00a0\u00a0\u00a0\u00a0\u00a0\u00a0\u00a0\u00a0\u00a0\u00a0\u00a0\u00a0\u00a0\u00a0\u00a0\u00a0\u00a0\u00a0\u00a0\u00a0\u00a0\u00a0\u00a0\u00a0\u00a0\u00a0\u00a0\u00a0\u00a0\u00a0\u00a0\u00a0\u00a0\u00a0\u00a0\u00a0\u00a0\u00a0\u00a0\u00a0\u00a0\u00a0\u00a0Claude Geffr\u00e9<\/p>\n<p>\u00a0\u00a0\u00a0\u00a0\u00a0\u00a0\u00a0\u00a0\u00a0\u00a0 Nous pouvons voir J\u00e9sus comme le symbole du petit groupe religieux an\u00e9anti jusqu\u2019au dernier, sa mort \u00e9quivalant d\u00e8s lors au g\u00e9nocide total. Bien plus que l\u2019humiliation terrible de la crucifixion, c\u2019est l\u2019effacement de toute m\u00e9moire jusqu\u2019au dernier membre\u2026 sauf qu\u2019il y eut une r\u00e9surrection r\u00e9elle du groupe et puis, bien s\u00fbr, les \u00e9vangiles. Les autres groupes victimes n\u2019ont pas eu cette chance\u00a0; survivent-ils un peu \u00e0 travers le christianisme, qui a pris parti pour les vaincus\u00a0? <a id=\"ref-2\" href=\"#note-2\"><sup>2<\/sup><\/a><\/p>\n<div>\n<div>\n<p><a id=\"note-1\" href=\"#ref-1\">1<\/a> Claude Geffr\u00e9 interpr\u00e8te alors l\u2019ouvrage de Michel de Certeau <em>Le Christianisme \u00e9clat\u00e9<\/em> (Seuil, 1974, p. 68-69) dans <em>Michel de Certeau ou la diff\u00e9rence chr\u00e9tienne<\/em>, <em>op. cit<\/em>., p. 24. <a id=\"note-1\" href=\"#ref-1\">1<\/a><\/p>\n<\/div>\n<div>\n<p><a id=\"note-2\" href=\"#ref-2\">2<\/a> Voir le <em><a title=\"Manifeste pour un Dieu qui nous dise quelque chose\" href=\"http:\/\/mail.agoratheque.3zcom.com\/?page_id=386\">Manifeste pour un Dieu\u2026<\/a> <a id=\"note-2\" href=\"#ref-2\">2<\/a><\/em><\/p>\n<\/div>\n<\/div>\n<div class=\"edit-link\"><a class=\"post-edit-link\" href=\"\">modifier<\/a><\/div>","protected":false},"excerpt":{"rendered":"<p>\u00a0\u00a0\u00a0\u00a0\u00a0\u00a0\u00a0\u00a0\u00a0\u00a0\u00a0 Il y a un \u00ab\u00a0balancement\u00a0\u00bb en \u00ab\u00a0deux traits constants des analyses de Certeau sur le christianisme\u00a0: celui-ci est \u00e0 la fois \u00e9mergence singuli\u00e8re, ne dispose comme tel d\u2019aucun privil\u00e8ge universaliste, et en m\u00eame temps mouvement constant d\u2019alt\u00e9ration, prodigieuse capacit\u00e9 \u00e0 \u00eatre sollicit\u00e9&#8230;<\/p>\n","protected":false},"author":1,"featured_media":0,"parent":2243,"menu_order":75,"comment_status":"open","ping_status":"open","template":"","meta":[],"tags":[],"_links":{"self":[{"href":"http:\/\/agoratheque.3zcom.com\/index.php?rest_route=\/wp\/v2\/pages\/2365"}],"collection":[{"href":"http:\/\/agoratheque.3zcom.com\/index.php?rest_route=\/wp\/v2\/pages"}],"about":[{"href":"http:\/\/agoratheque.3zcom.com\/index.php?rest_route=\/wp\/v2\/types\/page"}],"author":[{"embeddable":true,"href":"http:\/\/agoratheque.3zcom.com\/index.php?rest_route=\/wp\/v2\/users\/1"}],"replies":[{"embeddable":true,"href":"http:\/\/agoratheque.3zcom.com\/index.php?rest_route=%2Fwp%2Fv2%2Fcomments&post=2365"}],"version-history":[{"count":6,"href":"http:\/\/agoratheque.3zcom.com\/index.php?rest_route=\/wp\/v2\/pages\/2365\/revisions"}],"predecessor-version":[{"id":2392,"href":"http:\/\/agoratheque.3zcom.com\/index.php?rest_route=\/wp\/v2\/pages\/2365\/revisions\/2392"}],"up":[{"embeddable":true,"href":"http:\/\/agoratheque.3zcom.com\/index.php?rest_route=\/wp\/v2\/pages\/2243"}],"wp:attachment":[{"href":"http:\/\/agoratheque.3zcom.com\/index.php?rest_route=%2Fwp%2Fv2%2Fmedia&parent=2365"}],"wp:term":[{"taxonomy":"post_tag","embeddable":true,"href":"http:\/\/agoratheque.3zcom.com\/index.php?rest_route=%2Fwp%2Fv2%2Ftags&post=2365"}],"curies":[{"name":"wp","href":"https:\/\/api.w.org\/{rel}","templated":true}]}}