{"id":2439,"date":"2011-08-23T07:24:09","date_gmt":"2011-08-23T11:24:09","guid":{"rendered":"http:\/\/agoratheque.yprovencal.ep.profweb.qc.ca\/?page_id=2439"},"modified":"2011-08-24T07:24:08","modified_gmt":"2011-08-24T11:24:08","slug":"6-6-3-le-potentiel-humain-reel","status":"publish","type":"page","link":"http:\/\/agoratheque.3zcom.com\/?page_id=2439","title":{"rendered":"6.6.3 Le potentiel humain r\u00e9el"},"content":{"rendered":"<div>\n<p>\u00a0\u00a0\u00a0\u00a0\u00a0\u00a0\u00a0\u00a0\u00a0\u00a0\u00a0 Nous pouvons d\u00e9finir le potentiel humain r\u00e9el de plusieurs fa\u00e7ons. Par exemple, ce peut \u00eatre le potentiel global de l\u2019humanit\u00e9 tel qu\u2019il \u00e9tait lorsque l\u2019<em>Homo sapiens<\/em> est apparu. Ce potentiel r\u00e9el comprenait tout ce que les humains ont fait ou auraient pu r\u00e9ellement faire depuis lors. L\u2019immensit\u00e9 de ce potentiel est factuelle. Aucune autre esp\u00e8ce vivante n\u2019aurait vraisemblablement pu d\u00e9ployer un tel potentiel non seulement parce qu\u2019il est sp\u00e9cifiquement humain, mais en outre parce que sa richesse en d\u00e9couvertes et en \u0153uvres de toutes sortes n\u2019a aucune commune mesure avec les capacit\u00e9s d\u2019innovation d\u2019une quelconque autre esp\u00e8ce connue en tant que telle.\u00a0\u00a0<\/p>\n<p>\u00a0\u00a0\u00a0\u00a0\u00a0\u00a0\u00a0\u00a0\u00a0\u00a0\u00a0 Il en r\u00e9sulte que la difficult\u00e9 principale que l\u2019on conna\u00eet \u00e0 reproduire artificiellement la pens\u00e9e ou le langage dans lequel elle s\u2019exprime d\u00e9coule sans doute de la grandeur particuli\u00e8re du potentiel humain r\u00e9el. On voit mal comment il serait possible, sur la base des connaissances actuelles, de fabriquer un ordinateur qui serait capable de produire des \u0153uvres originales ainsi que l\u2019humain l\u2019a fait ou ainsi qu\u2019il le fait encore. Le fond du probl\u00e8me ne semble pas \u00eatre la difficult\u00e9 \u00e0 reproduire artificiellement la conscience en tant que telle. Car, si notre analyse est juste, les \u00e9v\u00e9nements effectifs ne sont pas limit\u00e9s aux \u00eatres conscients. Ils se produisent spontan\u00e9ment dans tout ce qui existe physiquement au sein de cet Univers. Par exemple, il n\u2019y a pas de raison pour que l\u2019effectivit\u00e9 ne soit pas aussi bien la caract\u00e9ristique d\u2019un automate puisque celui-ci serait sans doute constituer de mati\u00e8re. En revanche, il est tr\u00e8s difficile de croire que ce m\u00eame automate soit apte \u00e0 cr\u00e9er et \u00e0 innover \u00e0 la fa\u00e7on de n\u2019importe quel humain<a id=\"ref-1\" href=\"#note-1\"><sup>1<\/sup><\/a>.\u00a0\u00a0<\/p>\n<p>\u00a0\u00a0\u00a0\u00a0\u00a0\u00a0\u00a0\u00a0\u00a0\u00a0\u00a0 En somme, si l\u2019on admet que l\u2019Univers est constitu\u00e9 d\u2019un potentiel r\u00e9el qui diminue continuellement par suite de r\u00e9ductions effectives, le probl\u00e8me de la conscience est compl\u00e8tement transform\u00e9. La difficult\u00e9 ne r\u00e9side alors plus dans le fait qu\u2019il existe des processus de conscience effective, mais plut\u00f4t dans le fait qu\u2019il existe des \u00eatres dont les potentialit\u00e9s d\u2019innovations et de cr\u00e9ations sont aussi grandes que celles de l\u2019humanit\u00e9. Si tel est le cas, le probl\u00e8me d\u2019un robot pensant est un \u00e9norme contresens. Le plus difficile n\u2019est plus de le faire penser mais bien de le rendre capable de pens\u00e9es originales \u00e0 la fa\u00e7on d\u2019un humain.\u00a0<\/p>\n<p>\u00a0\u00a0\u00a0\u00a0\u00a0\u00a0\u00a0\u00a0\u00a0\u00a0\u00a0 Les diff\u00e9rentes probl\u00e9matiques li\u00e9es \u00e0 la conscience s\u2019\u00e9clairent d\u2019un jour nouveau. Par exemple, on peut se demander pourquoi l\u2019exp\u00e9rience de la douleur est souvent vue comme une exp\u00e9rience humaine significative. Il r\u00e9sulte de ce qui pr\u00e9c\u00e8de que ce type d\u2019exp\u00e9rience ne tire pas sa signification du fait que seul l\u2019humain peut ressentir une douleur, mais plut\u00f4t que, lorsqu\u2019un humain \u00e9prouve une douleur, il est capable de donner un sens \u00e0 sa douleur, mais, en contrepartie, le d\u00e9veloppement de son potentiel r\u00e9el peut en \u00eatre entrav\u00e9 de fa\u00e7on grave. Cela \u00e9claire donc quelque peu le probl\u00e8me sans pour autant le r\u00e9soudre.<\/p>\n<div><a title=\"6.6.4 L\u2019importance de la conscience\" href=\"http:\/\/mail.agoratheque.3zcom.com\/?page_id=2446\">Suite<\/a><\/div>\n<p><a id=\"note-1\" href=\"#ref-1\">1<\/a> Les humains ne paraissent pas tous capables de la m\u00eame cr\u00e9ativit\u00e9 les uns que les autres. Cependant ceux qui\u00a0paraissent\u00a0\u00eatre moins cr\u00e9atifs que la moyenne, le seraient vraisemblablement davantage si le milieu dans lequel ils vivent \u00e9tait plus propice, Nous reviendrons sur ce point dans le<a title=\"7. Le potentiel humain\" href=\"http:\/\/mail.agoratheque.3zcom.com\/?page_id=1356\"> chapitre 7<\/a>. <a id=\"note-1\" href=\"#ref-1\">1<\/a><\/p>\n<\/div>\n<div class=\"edit-link\"><a class=\"post-edit-link\" href=\"\">modifier<\/a><\/div>","protected":false},"excerpt":{"rendered":"<p>\u00a0\u00a0\u00a0\u00a0\u00a0\u00a0\u00a0\u00a0\u00a0\u00a0\u00a0 Nous pouvons d\u00e9finir le potentiel humain r\u00e9el de plusieurs fa\u00e7ons. Par exemple, ce peut \u00eatre le potentiel global de l\u2019humanit\u00e9 tel qu\u2019il \u00e9tait lorsque l\u2019Homo sapiens est apparu. Ce potentiel r\u00e9el comprenait tout ce que les humains ont fait ou auraient pu&#8230;<\/p>\n","protected":false},"author":1,"featured_media":0,"parent":2236,"menu_order":663,"comment_status":"open","ping_status":"open","template":"","meta":[],"tags":[],"_links":{"self":[{"href":"http:\/\/agoratheque.3zcom.com\/index.php?rest_route=\/wp\/v2\/pages\/2439"}],"collection":[{"href":"http:\/\/agoratheque.3zcom.com\/index.php?rest_route=\/wp\/v2\/pages"}],"about":[{"href":"http:\/\/agoratheque.3zcom.com\/index.php?rest_route=\/wp\/v2\/types\/page"}],"author":[{"embeddable":true,"href":"http:\/\/agoratheque.3zcom.com\/index.php?rest_route=\/wp\/v2\/users\/1"}],"replies":[{"embeddable":true,"href":"http:\/\/agoratheque.3zcom.com\/index.php?rest_route=%2Fwp%2Fv2%2Fcomments&post=2439"}],"version-history":[{"count":5,"href":"http:\/\/agoratheque.3zcom.com\/index.php?rest_route=\/wp\/v2\/pages\/2439\/revisions"}],"predecessor-version":[{"id":2450,"href":"http:\/\/agoratheque.3zcom.com\/index.php?rest_route=\/wp\/v2\/pages\/2439\/revisions\/2450"}],"up":[{"embeddable":true,"href":"http:\/\/agoratheque.3zcom.com\/index.php?rest_route=\/wp\/v2\/pages\/2236"}],"wp:attachment":[{"href":"http:\/\/agoratheque.3zcom.com\/index.php?rest_route=%2Fwp%2Fv2%2Fmedia&parent=2439"}],"wp:term":[{"taxonomy":"post_tag","embeddable":true,"href":"http:\/\/agoratheque.3zcom.com\/index.php?rest_route=%2Fwp%2Fv2%2Ftags&post=2439"}],"curies":[{"name":"wp","href":"https:\/\/api.w.org\/{rel}","templated":true}]}}