{"id":2460,"date":"2011-08-25T07:17:33","date_gmt":"2011-08-25T11:17:33","guid":{"rendered":"http:\/\/agoratheque.yprovencal.ep.profweb.qc.ca\/?page_id=2460"},"modified":"2011-08-25T09:07:53","modified_gmt":"2011-08-25T13:07:53","slug":"6-7-1-l%e2%80%99action-detournee-de-l%e2%80%99esprit-sur-la-matiere","status":"publish","type":"page","link":"http:\/\/agoratheque.3zcom.com\/?page_id=2460","title":{"rendered":"6.7.1 L\u2019action d\u00e9tourn\u00e9e de l\u2019esprit sur la mati\u00e8re"},"content":{"rendered":"<div>\n<p>\u00a0\u00a0\u00a0\u00a0\u00a0\u00a0\u00a0\u00a0\u00a0\u00a0\u00a0 L\u2019une des questions les plus importantes qui font partie de la probl\u00e9matique corps-esprit est celle de la fa\u00e7on dont l\u2019esprit dirige le corps. Cette question se pose en g\u00e9n\u00e9ral dans le cas des animaux conscients. Le concept de conscience fonctionnelle permet d\u2019expliquer plusieurs aspects du m\u00e9canisme. La conscience de l\u2019animal est inform\u00e9e par les diff\u00e9rentes voies sensorielles propres \u00e0 son esp\u00e8ce et il n\u2019est pas tr\u00e8s malais\u00e9 d\u2019en conclure que les fonctions mentales de l\u2019animal lui permettent de diriger son corps de fa\u00e7on \u00e0 satisfaire ses besoins. Dans le cas de l\u2019humain, il existe une diff\u00e9rence des plus importantes. On admet en outre le r\u00f4le utile du langage, qui permet \u00e0 l\u2019individu de s\u2019informer, de se former et de r\u00e9fl\u00e9chir afin d\u2019\u00eatre en mesure d\u2019agir de la fa\u00e7on la plus appropri\u00e9e dans une situation donn\u00e9e.\u00a0\u00a0<\/p>\n<p>\u00a0\u00a0\u00a0\u00a0\u00a0\u00a0\u00a0\u00a0\u00a0\u00a0\u00a0 Qu\u2019est-ce qui, de ce sch\u00e8me explicatif, demeure valide lorsqu\u2019on en fait la critique d\u2019apr\u00e8s les concepts de potentiel r\u00e9el et d\u2019effectivit\u00e9\u00a0? Afin de r\u00e9pondre \u00e0 cette question, il est utile de rappeler certains commentaires qui ont \u00e9t\u00e9 faits plus haut sur le r\u00f4le du g\u00e9nome dans le d\u00e9veloppement d\u2019un embryon. \u00c0 strictement parler, il n\u2019y a rien de tel qu\u2019une information g\u00e9n\u00e9tique qui agit sur la mati\u00e8re. Le g\u00e9notype, en tant que compos\u00e9 mol\u00e9culaire, ne d\u00e9termine fondamentalement rien dans le d\u00e9veloppement embryonnaire. Il ne peut que se conformer lui-m\u00eame, comme tout autre objet mat\u00e9riel, aux lois et principes de bases. Si on a pu consid\u00e9rer que le g\u00e9notype d\u00e9termine au moins en partie le d\u00e9veloppement de l\u2019embryon, cela s\u2019explique par l\u2019exigence de <em>coh\u00e9rence<\/em>, combin\u00e9e au fait qu\u2019il fait partie des <em>conditions initiales directionnelles<\/em> de cet embryon. Il existe donc bien une sorte de causalit\u00e9 g\u00e9n\u00e9tique indirecte et d\u00e9riv\u00e9e des lois et principes de base<em> <\/em>(voir la section 1.3.2:Un mod\u00e8le num\u00e9rique pour mieux comprendre la \u00ab\u00a0causalit\u00e9 g\u00e9n\u00e9tique\u00a0\u00bb, dans <a title=\"1.3 Le mod\u00e8le embryonnaire\" href=\"http:\/\/mail.agoratheque.3zcom.com\/?page_id=1628\">1.3 Le mod\u00e8le embryonnaire<\/a>).\u00a0\u00a0<\/p>\n<p>Cette explication en termes d\u2019exigence de coh\u00e9rence et de conditions initiales directionnelles s\u2019applique aussi bien, \u00e0 un autre niveau, \u00e0 la fa\u00e7on dont il est possible de dire que l\u2019esprit dirige la mati\u00e8re, bien qu\u2019il le fasse de fa\u00e7on d\u00e9tourn\u00e9e. Ce type d\u2019action est formellement similaire \u00e0 celle du g\u00e9notype \u00e0 la diff\u00e9rence pr\u00e8s que le type d\u2019information qui s\u2019y trouve comprise est susceptible de signifier de fa\u00e7on humaine. Ce qu\u2019exprime le langage humain est \u00e9videmment tr\u00e8s diff\u00e9rent de ce qu\u2019exprime le code g\u00e9n\u00e9tique.\u00a0\u00a0<\/p>\n<p>Prenons le cas d\u2019un humain qui r\u00e9fl\u00e9chit \u00e0 l\u2019action dans laquelle il devrait s\u2019engager afin d\u2019atteindre un certain but. Supposons que la situation dans laquelle il se trouve est normale et qu\u2019il est en mesure de d\u00e9cider de son action de fa\u00e7on appropri\u00e9e. Au terme de sa r\u00e9flexion, il aura inscrit quelque part dans son cerveau ce qui constitue son but ou ses motifs et les moyens qu\u2019il envisage de prendre. Ensuite, il s\u2019engagera dans une action pr\u00e9cise, conform\u00e9ment \u00e0 ce qu\u2019il aura d\u00e9cid\u00e9. L\u2019ensemble de cette situation constitue un tout coh\u00e9rent, y compris si on l\u2019envisage de fa\u00e7on enti\u00e8rement mat\u00e9rielle. Les mots du langage dont cet homme se sert pour se d\u00e9terminer sont inscrits d\u2019une fa\u00e7on ou d\u2019une autre dans son cerveau\u00a0; peut-\u00eatre aussi les a-t-il not\u00e9s en les r\u00e9digeant dans un journal personnel. Ces mots ou ces phrases jouent un r\u00f4le formellement analogue, dans le processus qui conduira au but recherch\u00e9, \u00e0 celui du g\u00e9nome dans le cas du d\u00e9veloppement embryonnaire. Ils contribuent \u00e0 la coh\u00e9rence de l\u2019ensemble du syst\u00e8me et ils font partie des conditions initiales directionnelles du processus.\u00a0<\/p>\n<p>\u00a0\u00a0\u00a0\u00a0\u00a0\u00a0\u00a0\u00a0\u00a0\u00a0\u00a0 L\u2019action d\u00e9tourn\u00e9e de l\u2019esprit sur le corps n\u2019\u00e9quivaut pas \u00e0 un contr\u00f4le ni \u00e0 une ma\u00eetrise absolue, mais plut\u00f4t \u00e0 une certaine capacit\u00e9 partielle et approximative de diriger ses actions. Des erreurs, des impr\u00e9vus ou des accidents peuvent toujours se produire. Les r\u00e9sultats peuvent donc \u00eatre d\u00e9cevants, voire d\u00e9sastreux, ou, \u00e0 l\u2019inverse, stimulants, voire g\u00e9niaux. De m\u00eame, le g\u00e9nome ne contr\u00f4le ni ne domine le d\u00e9veloppement, qui d\u00e9pend de bien d\u2019autres facteurs, incluant des mutations r\u00e9gressives ou \u00e9volutives.<\/p>\n<p><a title=\"6.7.2 La localisation de l\u2019esprit\" href=\"http:\/\/mail.agoratheque.3zcom.com\/?page_id=2465\">Suite<\/a><\/p>\n<\/div>\n<div class=\"edit-link\"><a class=\"post-edit-link\" href=\"\">modifier<\/a><\/div>","protected":false},"excerpt":{"rendered":"<p>\u00a0\u00a0\u00a0\u00a0\u00a0\u00a0\u00a0\u00a0\u00a0\u00a0\u00a0 L\u2019une des questions les plus importantes qui font partie de la probl\u00e9matique corps-esprit est celle de la fa\u00e7on dont l\u2019esprit dirige le corps. Cette question se pose en g\u00e9n\u00e9ral dans le cas des animaux conscients. Le concept de conscience fonctionnelle permet d\u2019expliquer&#8230;<\/p>\n","protected":false},"author":1,"featured_media":0,"parent":2452,"menu_order":671,"comment_status":"open","ping_status":"open","template":"","meta":[],"tags":[],"_links":{"self":[{"href":"http:\/\/agoratheque.3zcom.com\/index.php?rest_route=\/wp\/v2\/pages\/2460"}],"collection":[{"href":"http:\/\/agoratheque.3zcom.com\/index.php?rest_route=\/wp\/v2\/pages"}],"about":[{"href":"http:\/\/agoratheque.3zcom.com\/index.php?rest_route=\/wp\/v2\/types\/page"}],"author":[{"embeddable":true,"href":"http:\/\/agoratheque.3zcom.com\/index.php?rest_route=\/wp\/v2\/users\/1"}],"replies":[{"embeddable":true,"href":"http:\/\/agoratheque.3zcom.com\/index.php?rest_route=%2Fwp%2Fv2%2Fcomments&post=2460"}],"version-history":[{"count":4,"href":"http:\/\/agoratheque.3zcom.com\/index.php?rest_route=\/wp\/v2\/pages\/2460\/revisions"}],"predecessor-version":[{"id":2468,"href":"http:\/\/agoratheque.3zcom.com\/index.php?rest_route=\/wp\/v2\/pages\/2460\/revisions\/2468"}],"up":[{"embeddable":true,"href":"http:\/\/agoratheque.3zcom.com\/index.php?rest_route=\/wp\/v2\/pages\/2452"}],"wp:attachment":[{"href":"http:\/\/agoratheque.3zcom.com\/index.php?rest_route=%2Fwp%2Fv2%2Fmedia&parent=2460"}],"wp:term":[{"taxonomy":"post_tag","embeddable":true,"href":"http:\/\/agoratheque.3zcom.com\/index.php?rest_route=%2Fwp%2Fv2%2Ftags&post=2460"}],"curies":[{"name":"wp","href":"https:\/\/api.w.org\/{rel}","templated":true}]}}