{"id":2494,"date":"2011-08-26T16:53:34","date_gmt":"2011-08-26T20:53:34","guid":{"rendered":"http:\/\/agoratheque.yprovencal.ep.profweb.qc.ca\/?page_id=2494"},"modified":"2011-08-27T07:27:40","modified_gmt":"2011-08-27T11:27:40","slug":"7-1-le-concept-radical-de-potentiel-humain","status":"publish","type":"page","link":"http:\/\/agoratheque.3zcom.com\/?page_id=2494","title":{"rendered":"7.1 Le concept radical de potentiel humain"},"content":{"rendered":"<p>\u00a0\u00a0\u00a0\u00a0\u00a0\u00a0\u00a0\u00a0\u00a0\u00a0\u00a0 Le potentiel humain est d\u2019abord envisag\u00e9 ici comme un concept d\u00e9finissable \u00e0 partir du d\u00e9terminisme originel. Dans la mesure o\u00f9 le potentiel humain est consid\u00e9r\u00e9 comme \u00e9tant entre autres le potentiel de faire avancer la science, il est logique de ne pas le faire d\u00e9pendre enti\u00e8rement des lois qui sont actuellement reconnues, mais plut\u00f4t, peut-\u00eatre, de lois ou principes qui sont susceptibles d\u2019\u00eatre d\u00e9couverts dans l\u2019avenir de la recherche. Ce concept sera d\u00e9sign\u00e9 comme le <em>concept radical du potentiel humain<\/em> ou, de fa\u00e7on abr\u00e9g\u00e9e, le concept radical de l\u2019humain. Il peut \u00eatre repr\u00e9sent\u00e9 par un graphe arborescent. De plus, nous supposerons qu\u2019un trajet effectif parcourt ce graphe \u00e0 partir de sa base et que ce trajet d\u00e9crit le passage d\u2019un temps r\u00e9el, comportant les cat\u00e9gories physico-cognitives, entre autres, du pr\u00e9sent et du pass\u00e9 effectif.\u00a0\u00a0<\/p>\n<p>\u00a0\u00a0\u00a0\u00a0\u00a0\u00a0\u00a0\u00a0\u00a0\u00a0 Le d\u00e9terminisme en droit, qui est la version pr\u00e9sente du d\u00e9terminisme de base, est d\u00e9crit par les lois de la m\u00e9canique quantique et de fa\u00e7on approximative par les autres lois ou principes de la science actuelle. D\u2019apr\u00e8s la neurologie, les aptitudes humaines d\u00e9pendent des interactions de parties sp\u00e9cialis\u00e9es du cerveau<a id=\"ref-1\" href=\"#note-1\"><sup>1<\/sup><\/a>. Cependant le potentiel humain r\u00e9el d\u00e9pend en outre des interactions du sujet avec l\u2019environnement. Un grand nombre de potentialit\u00e9s r\u00e9elles de l\u2019humain se sont r\u00e9v\u00e9l\u00e9es progressivement au cours de la pr\u00e9histoire et de l\u2019histoire. Ces potentialit\u00e9s n\u2019ont pu devenir effectives qu\u2019\u00e0 la faveur de certaines transformations de la soci\u00e9t\u00e9 humaine et en particulier de ses institutions politiques et socioculturelles.<strong>\u00a0<\/strong><\/p>\n<p>\u00a0\u00a0\u00a0\u00a0\u00a0\u00a0\u00a0\u00a0\u00a0\u00a0\u00a0 Ici, il appara\u00eet que l\u2019<em>humain<\/em> n\u2019est pas surtout un corps mat\u00e9riel ni une esp\u00e8ce vivante, ni m\u00eame un \u00eatre social qui est d\u00e9termin\u00e9 ou se d\u00e9termine par l\u2019histoire. Nous d\u00e9finirons l\u2019humain par son potentiel de d\u00e9couvertes et de cr\u00e9ation d\u2019\u0153uvres. Il est fondamentalement un \u00eatre dot\u00e9 d\u2019un potentiel r\u00e9el qui continue de se d\u00e9ployer. Ce qu\u2019il est n\u2019est pas d\u00e9fini \u00e0 partir des th\u00e9ories qu\u2019il a pu produire \u00e0 un certain moment, mais se comprend comme dou\u00e9 d\u2019une pens\u00e9e critique, qui cherche et qui avance en se renouvelant.\u00a0\u00a0<\/p>\n<p>\u00a0\u00a0\u00a0\u00a0\u00a0\u00a0\u00a0\u00a0\u00a0\u00a0\u00a0 Cela \u00e9tant pos\u00e9, m\u00eame si ce type de connaissance demeure fragmentaire et insuffisant, l\u2019humain arrive \u00e0 se conna\u00eetre lui-m\u00eame peu \u00e0 peu au moyen de certains des mod\u00e8les explicatifs qu\u2019il a lui-m\u00eame produits. Nous poserons de ce fait que la t\u00e2che de compr\u00e9hension du r\u00e9el par l\u2019humain passe par l\u2019exploitation, de fa\u00e7on coh\u00e9rente, de diff\u00e9rents mod\u00e8les d\u00e9j\u00e0 constitu\u00e9s auxquels il se confronte. Ainsi le potentiel r\u00e9el de l\u2019humain est ici rapport\u00e9 \u00e0 un Univers lui-m\u00eame pourvu d\u2019un potentiel de transformations, dont l\u2019humain est issu. Le potentiel de l\u2019Univers ne peut \u00eatre d\u00e9crit qu\u2019en partie et de fa\u00e7on peut-\u00eatre provisoire par certaines th\u00e9ories existantes.<\/p>\n<div><a title=\"7.1.1 \u00c9valuation de la grandeur du potentiel humain\" href=\"http:\/\/mail.agoratheque.3zcom.com\/?page_id=2498\">Suite<\/a><\/div>\n<p><a id=\"note-1\" href=\"#ref-1\">1<\/a>\u00a0Selon le neuroscientifique Vilayanur\u00a0S. Ramachandran, la \u00ab\u00a0grandeur du potentiel humain\u00a0\u00bb \u00e9chappe aux th\u00e9ories connexionnistes aussi bien qu\u2019aux th\u00e9ories modularistes, c\u2019est-\u00e0-dire aux th\u00e9ories qui envisagent le cerveau de fa\u00e7on holiste et \u00e0 celles qui l\u2019envisagent plut\u00f4t au moyen de certaines fonctions tr\u00e8s sp\u00e9cialis\u00e9es. Cf. V. S. Ramachandran, <em>Le fant\u00f4me int\u00e9rieur<\/em>, <em>op. cit.<\/em>, 2002, p. 31-33. <a id=\"note-1\" href=\"#ref-1\">1<\/a><\/p>\n<div class=\"edit-link\"><a class=\"post-edit-link\" href=\"\">modifier<\/a><\/div>","protected":false},"excerpt":{"rendered":"<p>\u00a0\u00a0\u00a0\u00a0\u00a0\u00a0\u00a0\u00a0\u00a0\u00a0\u00a0 Le potentiel humain est d\u2019abord envisag\u00e9 ici comme un concept d\u00e9finissable \u00e0 partir du d\u00e9terminisme originel. Dans la mesure o\u00f9 le potentiel humain est consid\u00e9r\u00e9 comme \u00e9tant entre autres le potentiel de faire avancer la science, il est logique de ne pas&#8230;<\/p>\n","protected":false},"author":1,"featured_media":0,"parent":1356,"menu_order":710,"comment_status":"open","ping_status":"open","template":"","meta":[],"tags":[],"_links":{"self":[{"href":"http:\/\/agoratheque.3zcom.com\/index.php?rest_route=\/wp\/v2\/pages\/2494"}],"collection":[{"href":"http:\/\/agoratheque.3zcom.com\/index.php?rest_route=\/wp\/v2\/pages"}],"about":[{"href":"http:\/\/agoratheque.3zcom.com\/index.php?rest_route=\/wp\/v2\/types\/page"}],"author":[{"embeddable":true,"href":"http:\/\/agoratheque.3zcom.com\/index.php?rest_route=\/wp\/v2\/users\/1"}],"replies":[{"embeddable":true,"href":"http:\/\/agoratheque.3zcom.com\/index.php?rest_route=%2Fwp%2Fv2%2Fcomments&post=2494"}],"version-history":[{"count":3,"href":"http:\/\/agoratheque.3zcom.com\/index.php?rest_route=\/wp\/v2\/pages\/2494\/revisions"}],"predecessor-version":[{"id":2502,"href":"http:\/\/agoratheque.3zcom.com\/index.php?rest_route=\/wp\/v2\/pages\/2494\/revisions\/2502"}],"up":[{"embeddable":true,"href":"http:\/\/agoratheque.3zcom.com\/index.php?rest_route=\/wp\/v2\/pages\/1356"}],"wp:attachment":[{"href":"http:\/\/agoratheque.3zcom.com\/index.php?rest_route=%2Fwp%2Fv2%2Fmedia&parent=2494"}],"wp:term":[{"taxonomy":"post_tag","embeddable":true,"href":"http:\/\/agoratheque.3zcom.com\/index.php?rest_route=%2Fwp%2Fv2%2Ftags&post=2494"}],"curies":[{"name":"wp","href":"https:\/\/api.w.org\/{rel}","templated":true}]}}