{"id":2498,"date":"2011-08-27T07:24:02","date_gmt":"2011-08-27T11:24:02","guid":{"rendered":"http:\/\/agoratheque.yprovencal.ep.profweb.qc.ca\/?page_id=2498"},"modified":"2011-08-27T09:01:03","modified_gmt":"2011-08-27T13:01:03","slug":"7-1-1-evaluation-de-la-grandeur-du-potentiel-humain","status":"publish","type":"page","link":"http:\/\/agoratheque.3zcom.com\/?page_id=2498","title":{"rendered":"7.1.1 \u00c9valuation de la grandeur du potentiel humain"},"content":{"rendered":"<p>\u00a0\u00a0\u00a0\u00a0\u00a0\u00a0\u00a0\u00a0\u00a0\u00a0\u00a0\u00a0 Les cosmologistes d\u00e9crivent l\u2019Univers observable comme occupant un espace fini et comportant une quantit\u00e9 finie d\u2019atomes ou d\u2019\u00e9nergie. Les possibilit\u00e9s de la mati\u00e8re ou de la vie peuvent \u00eatre \u00e9valu\u00e9es d\u2019apr\u00e8s le nombre de combinaisons des \u00e9l\u00e9ments de base, atomes ou mol\u00e9cules d\u2019acide nucl\u00e9ique (ou encore d\u2019acide amin\u00e9). Le nombre d\u2019\u00e9tats d\u2019un cerveau humain peut \u00eatre pour sa part \u00e9valu\u00e9 \u00e0 partir du nombre de neurones et de connexions interneuronales. Dans chacun de ces cas, le nombre d\u2019\u00e9tats r\u00e9ellement possibles est un nombre fini bien que tr\u00e8s grand<a id=\"ref-1\" href=\"#note-1\"><sup>1<\/sup><\/a>.\u00a0<\/p>\n<p>\u00a0\u00a0\u00a0\u00a0\u00a0\u00a0\u00a0\u00a0\u00a0\u00a0\u00a0 Cette \u00e9valuation doit \u00eatre soulign\u00e9e parce qu\u2019on tend g\u00e9n\u00e9ralement \u00e0 d\u00e9crire le potentiel humain comme s\u2019il \u00e9tait ind\u00e9fini ou illimit\u00e9<a id=\"ref-2\" href=\"#note-2\"><sup>2<\/sup><\/a>. Il est s\u00fbrement plus r\u00e9aliste et plus conforme \u00e0 la repr\u00e9sentation scientifique des possibilit\u00e9s r\u00e9elles d\u2019estimer les possibilit\u00e9s de l\u2019humain, ou encore celles de la vie ou m\u00eame de l\u2019Univers, \u00e0 partir des \u00e9l\u00e9ments physiques disponibles, ce qui permet d\u2019\u00e9tablir que le nombre de possibilit\u00e9s r\u00e9elles est fini.\u00a0\u00a0<\/p>\n<p>\u00a0\u00a0\u00a0\u00a0\u00a0\u00a0\u00a0\u00a0\u00a0\u00a0\u00a0 Le caract\u00e8re fini du nombre de potentialit\u00e9s r\u00e9elles signifie que le graphe du potentiel r\u00e9el est limit\u00e9. En outre, comme les \u00e9tats d\u2019un cerveau doivent satisfaire certaines contraintes, cela implique que le nombre de possibilit\u00e9s effectives \u00e0 chaque instant est inf\u00e9rieur au nombre total de possibilit\u00e9s r\u00e9elles. En fait, la grandeur du potentiel effectif s\u2019est av\u00e9r\u00e9 jusqu\u2019\u00e0 pr\u00e9sent tr\u00e8s inf\u00e9rieure \u00e0 celle du potentiel r\u00e9el. On peut s\u2019en convaincre d\u00e8s que l\u2019on constate que, dans le cours d\u2019une longue \u00e9volution, il ne peut appara\u00eetre \u00e0 chaque moment qu\u2019un faible nombre des nouveaut\u00e9s que l\u2019\u00e9volution aura comport\u00e9 au total.\u00a0<\/p>\n<p>\u00a0\u00a0\u00a0\u00a0\u00a0\u00a0\u00a0\u00a0\u00a0\u00a0\u00a0 Par cons\u00e9quent, si on consid\u00e8re ce qui se passe dans l\u2019Univers \u00e0 un moment qui n\u2019est pas trop tardif, ce qui demeure dans le potentiel r\u00e9el d\u00e9passera encore de beaucoup ce que contient le potentiel effectif du moment. Le potentiel r\u00e9el a jusqu\u2019\u00e0 pr\u00e9sent toujours exc\u00e9d\u00e9 \u00e9norm\u00e9ment le potentiel effectif puisque l\u2019\u00e9volution globale a continu\u00e9 de r\u00e9v\u00e9ler sans cesse de nouvelles formes \u2014 formes mat\u00e9rielles, formes vivantes ou formes produites par l\u2019humain \u2014. Rien n\u2019indique que ce d\u00e9veloppement soit sur le point de se terminer.\u00a0\u00a0<\/p>\n<p>\u00a0\u00a0\u00a0\u00a0\u00a0\u00a0\u00a0\u00a0\u00a0\u00a0\u00a0 Pendant tout le XX<sup>e<\/sup> si\u00e8cle jusqu\u2019\u00e0 nos jours, l\u2019essor technologique s\u2019est poursuivi avec des manifestations de plus en plus spectaculaires. Les productions artistiques, litt\u00e9raires ou cin\u00e9matographiques sont au moins aussi abondantes qu\u2019\u00e0 toute \u00e9poque ant\u00e9rieure. On peut discuter de la valeur intrins\u00e8que de chacune des \u0153uvres, mais il se produit encore des \u0153uvres de valeur dans bon nombre de domaines. Rien n\u2019indique que le g\u00e9nie humain de cr\u00e9ation se soit affaibli avec le temps<a id=\"ref-3\" href=\"#note-3\"><sup>3<\/sup><\/a>. Quant aux d\u00e9couvertes scientifiques dans les diff\u00e9rents domaines de recherche, que ce soit dans les math\u00e9matiques, la physique, la biologie ou les sciences humaines, et dans la technologie en g\u00e9n\u00e9ral, il est \u00e9vident que les produits de l\u2019\u00e9poque actuelle sont plus nombreux ou vari\u00e9s que jamais et que leur importance est au moins aussi grande que les r\u00e9alisations pr\u00e9c\u00e9dentes, aux diff\u00e9rentes \u00e9poques de l\u2019histoire.<\/p>\n<div><a title=\"7.2 Avantages d\u2019une d\u00e9finition de l\u2019humain en termes de potentiel r\u00e9el\" href=\"http:\/\/mail.agoratheque.3zcom.com\/?page_id=2506\">Suite<\/a><\/div>\n<p><a id=\"note-1\" href=\"#ref-1\">1<\/a> Les potentiels r\u00e9els de l\u2019Univers, de la vie ou d\u2019un humain sont tous du troisi\u00e8me super-ordre de grandeur (Cf. <a title=\"5.6 Les super-ordres de grandeur\" href=\"http:\/\/mail.agoratheque.3zcom.com\/?page_id=2068\" target=\"_blank\">section 5.6<\/a>). <a id=\"note-1\" href=\"#ref-1\">1<\/a><\/p>\n<div id=\"ftn2\">\n<p><a id=\"note-2\" href=\"#ref-2\">2<\/a>\u00a0Par exemple, au d\u00e9but de son <em>Esquisse d\u2019un tableau historique des progr\u00e8s de l\u2019esprit humain<\/em>, Condorcet \u00e9crit que \u00ab\u00a0la perfectibilit\u00e9 de l\u2019homme est r\u00e9ellement ind\u00e9finie; [\u2026] ses progr\u00e8s n\u2019ont d\u2019autre terme que la dur\u00e9e du globe o\u00f9 la nature nous a jet\u00e9s\u00a0\u00bb. <a id=\"note-2\" href=\"#ref-2\">2<\/a><\/p>\n<\/div>\n<div id=\"ftn3\">\n<p><a id=\"note-3\" href=\"#ref-3\">3<\/a>\u00a0Au XIXe si\u00e8cle John Stuart Mill fut, semble-t-il, effray\u00e9 de d\u00e9couvrir que la production d\u2019\u0153uvres musicales approchait de son terme en faisant un calcul trop simple \u00e0 partir des combinaisons possibles des notes de la gamme. Steven Pinker remarque que Mill aurait \u00e9t\u00e9 s\u00fbrement abasourdi de d\u00e9couvrir les compositions qui \u00e9taient sur le point d\u2019\u00e9merger avec Brahms, Tcha\u00efkovski, Rachmaninov ou Stravinsky, sans compter le jazz\u00a0! (Cf. S. Pinker, <em>Comment fonctionne <\/em>l\u2019esprit, <em>op. cit.<\/em>, p. 98-99). Cette histoire n\u2019est pas sans rappeler la m\u00e9prise c\u00e9l\u00e8bre de William Thomson, \u201cThere is nothing new to be discovered in physics now. All that remains is more and more precise measurement.\u00a0\u00bb Il croyait donc que toutes les d\u00e9couvertes importantes en physique avaient \u00e9t\u00e9 faites alors qu\u2019on allait d\u00e9couvrir quelques ann\u00e9es plus tard la th\u00e9orie de la relativit\u00e9 et la m\u00e9canique quantique. Comme quoi la cr\u00e9ativit\u00e9 humaine tend \u00e0 d\u00e9passer toute \u00e9valuation qui ne tient pas compte de l\u2019immensit\u00e9 du potentiel humain. <a id=\"note-3\" href=\"#ref-3\">3<\/a><\/p>\n<\/div>\n<div class=\"edit-link\"><a class=\"post-edit-link\" href=\"\">modifier<\/a><\/div>","protected":false},"excerpt":{"rendered":"<p>\u00a0\u00a0\u00a0\u00a0\u00a0\u00a0\u00a0\u00a0\u00a0\u00a0\u00a0\u00a0 Les cosmologistes d\u00e9crivent l\u2019Univers observable comme occupant un espace fini et comportant une quantit\u00e9 finie d\u2019atomes ou d\u2019\u00e9nergie. Les possibilit\u00e9s de la mati\u00e8re ou de la vie peuvent \u00eatre \u00e9valu\u00e9es d\u2019apr\u00e8s le nombre de combinaisons des \u00e9l\u00e9ments de base, atomes ou mol\u00e9cules&#8230;<\/p>\n","protected":false},"author":1,"featured_media":0,"parent":2494,"menu_order":711,"comment_status":"open","ping_status":"open","template":"","meta":[],"tags":[],"_links":{"self":[{"href":"http:\/\/agoratheque.3zcom.com\/index.php?rest_route=\/wp\/v2\/pages\/2498"}],"collection":[{"href":"http:\/\/agoratheque.3zcom.com\/index.php?rest_route=\/wp\/v2\/pages"}],"about":[{"href":"http:\/\/agoratheque.3zcom.com\/index.php?rest_route=\/wp\/v2\/types\/page"}],"author":[{"embeddable":true,"href":"http:\/\/agoratheque.3zcom.com\/index.php?rest_route=\/wp\/v2\/users\/1"}],"replies":[{"embeddable":true,"href":"http:\/\/agoratheque.3zcom.com\/index.php?rest_route=%2Fwp%2Fv2%2Fcomments&post=2498"}],"version-history":[{"count":5,"href":"http:\/\/agoratheque.3zcom.com\/index.php?rest_route=\/wp\/v2\/pages\/2498\/revisions"}],"predecessor-version":[{"id":2500,"href":"http:\/\/agoratheque.3zcom.com\/index.php?rest_route=\/wp\/v2\/pages\/2498\/revisions\/2500"}],"up":[{"embeddable":true,"href":"http:\/\/agoratheque.3zcom.com\/index.php?rest_route=\/wp\/v2\/pages\/2494"}],"wp:attachment":[{"href":"http:\/\/agoratheque.3zcom.com\/index.php?rest_route=%2Fwp%2Fv2%2Fmedia&parent=2498"}],"wp:term":[{"taxonomy":"post_tag","embeddable":true,"href":"http:\/\/agoratheque.3zcom.com\/index.php?rest_route=%2Fwp%2Fv2%2Ftags&post=2498"}],"curies":[{"name":"wp","href":"https:\/\/api.w.org\/{rel}","templated":true}]}}