{"id":2529,"date":"2011-08-28T07:19:58","date_gmt":"2011-08-28T11:19:58","guid":{"rendered":"http:\/\/agoratheque.yprovencal.ep.profweb.qc.ca\/?page_id=2529"},"modified":"2011-08-28T09:06:39","modified_gmt":"2011-08-28T13:06:39","slug":"7-3-les-bases-theoriques-du-potentiel-humain","status":"publish","type":"page","link":"http:\/\/agoratheque.3zcom.com\/?page_id=2529","title":{"rendered":"7.3 Les bases th\u00e9oriques du potentiel humain"},"content":{"rendered":"<p>\u00a0\u00a0\u00a0\u00a0\u00a0\u00a0\u00a0\u00a0\u00a0\u00a0\u00a0 Ainsi que nous l\u2019avons remarqu\u00e9 pr\u00e9c\u00e9demment, les sommets du graphe arborescent d\u00e9crivant le potentiel r\u00e9el peuvent symboliser des \u00ab\u00a0choix\u00a0\u00bb effectu\u00e9s par la nature. Selon une interpr\u00e9tation de en plus en faveur chez les physiciens, il faudrait voir ces sommets comme les points de branchement de diff\u00e9rents \u00ab\u00a0univers\u00a0\u00bb, ou de diff\u00e9rentes \u00ab\u00a0histoires\u00a0\u00bb, qui divergent \u00e0 partir de ces points<a id=\"ref-1\" href=\"#note-1\"><sup>1<\/sup><\/a>. Ce type d\u2019interpr\u00e9tation permet de d\u00e9crire de fa\u00e7on math\u00e9matique le potentiel r\u00e9el d\u2019un humain. \u00c0 chaque fois que quelqu\u2019un prend une d\u00e9cision, il se trouve \u00e0 se diviser en plusieurs copies de lui-m\u00eame, chacune poursuivant en quelque sorte sa vie sur un trajet divergent \u00e0 partir du point temporel de la d\u00e9cision. D\u2019apr\u00e8s le graphe du potentiel, il y a au moins autant de trajets distincts divergeant \u00e0 partir d\u2019un sommet que de d\u00e9cisions effectivement possibles \u00e0 ce moment<a id=\"ref-2\" href=\"#note-2\"><sup>2<\/sup><\/a>.\u00a0<\/p>\n<p>\u00a0\u00a0\u00a0\u00a0\u00a0\u00a0\u00a0\u00a0\u00a0\u00a0\u00a0 D\u2019apr\u00e8s notre interpr\u00e9tation, cependant, il en va autrement. La personne reste <em>une<\/em>. Ce sont plut\u00f4t ses potentialit\u00e9s r\u00e9elles qui se divisent. Lorsqu\u2019elle pressent qu\u2019elle a des possibilit\u00e9s, cela d\u00e9coule sans doute de son souvenir de ses exp\u00e9riences ant\u00e9rieures. Les possibilit\u00e9s ainsi pressenties sont subjectives et ne repr\u00e9sentent que tr\u00e8s partiellement ce que sont ses potentialit\u00e9s r\u00e9elles. En fait, l\u2019\u00e9norme richesse du potentiel r\u00e9el est une id\u00e9e tout \u00e0 fait dissemblable de l\u2019id\u00e9e habituelle ou traditionnelle qu\u2019on se fait du possible.<\/p>\n<p><a title=\"7.3.1 Br\u00e8ve critique de l\u2019interpr\u00e9tation traditionnelle du possible\" href=\"http:\/\/mail.agoratheque.3zcom.com\/?page_id=2533\">Suite<\/a><\/p>\n<p><a id=\"note-1\" href=\"#ref-1\">1<\/a>\u00a0Il s\u2019agit d\u2019abord de l\u2019interpr\u00e9tation qui a \u00e9t\u00e9 faite par Hugh Everett de la m\u00e9canique quantique et telle qu\u2019elle a \u00e9t\u00e9 d\u00e9velopp\u00e9e ensuite avec les travaux d\u2019autres physiciens. On y envisage l\u2019Univers comme une simple structure math\u00e9matique, donc sans les effets physico-cognitifs (Cf. la <a title=\"3.2 Application du graphe \u00e0 la description du potentiel r\u00e9el\" href=\"http:\/\/mail.agoratheque.3zcom.com\/?page_id=1604\" target=\"_blank\">sous-section 3.2.1.1<\/a>).\u00a0<a id=\"note-1\" href=\"#ref-1\">1<\/a>\u00a0<\/p>\n<div>\n<div id=\"ftn2\">\n<p><a id=\"note-2\" href=\"#ref-2\">2<\/a> Max Tegmark d\u00e9crit ainsi la situation\u00a0: \u00ab\u00a0Quand une personne prend une d\u00e9cision, les effets quantiques dans son cerveau conduisent \u00e0 une superposition de r\u00e9sultats tels que \u00ab\u00a0je continue \u00e0 lire\u00a0\u00bb et \u00ab\u00a0je repose le magazine\u00a0\u00bb. La prise de d\u00e9cision entra\u00eene la division de la personne en plusieurs copies, aucune n\u2019ayant conscience des autres, et chacun per\u00e7oit la ramification comme un l\u00e9ger \u00e9l\u00e9ment de hasard\u00a0: une certaine probabilit\u00e9 de continuer \u00e0 lire ou non\u00a0\u00bb (Cf. Max Tegmark, \u00ab\u00a0De l\u2019Univers aux multivers\u00a0\u00bb, <em>Pour la Science<\/em>, Octobre\u00a0\u00a0 D\u00e9cembre 2004, p. 82a). Max Tegmark travaille comme physicien et astronome \u00e0 l\u2019Universit\u00e9 de Pennsylvanie. On consid\u00e8re g\u00e9n\u00e9ralement cette conception dite des \u00ab\u00a0multivers\u00a0\u00bb comme enti\u00e8rement compatible avec les bases math\u00e9matiques de la m\u00e9canique quantique. <a id=\"note-2\" href=\"#ref-2\">2<\/a><\/p>\n<\/div>\n<\/div>\n<div class=\"edit-link\"><a class=\"post-edit-link\" href=\"\">modifier<\/a><\/div>","protected":false},"excerpt":{"rendered":"<p>\u00a0\u00a0\u00a0\u00a0\u00a0\u00a0\u00a0\u00a0\u00a0\u00a0\u00a0 Ainsi que nous l\u2019avons remarqu\u00e9 pr\u00e9c\u00e9demment, les sommets du graphe arborescent d\u00e9crivant le potentiel r\u00e9el peuvent symboliser des \u00ab\u00a0choix\u00a0\u00bb effectu\u00e9s par la nature. Selon une interpr\u00e9tation de en plus en faveur chez les physiciens, il faudrait voir ces sommets comme les points&#8230;<\/p>\n","protected":false},"author":1,"featured_media":0,"parent":1356,"menu_order":730,"comment_status":"open","ping_status":"open","template":"","meta":[],"tags":[],"_links":{"self":[{"href":"http:\/\/agoratheque.3zcom.com\/index.php?rest_route=\/wp\/v2\/pages\/2529"}],"collection":[{"href":"http:\/\/agoratheque.3zcom.com\/index.php?rest_route=\/wp\/v2\/pages"}],"about":[{"href":"http:\/\/agoratheque.3zcom.com\/index.php?rest_route=\/wp\/v2\/types\/page"}],"author":[{"embeddable":true,"href":"http:\/\/agoratheque.3zcom.com\/index.php?rest_route=\/wp\/v2\/users\/1"}],"replies":[{"embeddable":true,"href":"http:\/\/agoratheque.3zcom.com\/index.php?rest_route=%2Fwp%2Fv2%2Fcomments&post=2529"}],"version-history":[{"count":4,"href":"http:\/\/agoratheque.3zcom.com\/index.php?rest_route=\/wp\/v2\/pages\/2529\/revisions"}],"predecessor-version":[{"id":2531,"href":"http:\/\/agoratheque.3zcom.com\/index.php?rest_route=\/wp\/v2\/pages\/2529\/revisions\/2531"}],"up":[{"embeddable":true,"href":"http:\/\/agoratheque.3zcom.com\/index.php?rest_route=\/wp\/v2\/pages\/1356"}],"wp:attachment":[{"href":"http:\/\/agoratheque.3zcom.com\/index.php?rest_route=%2Fwp%2Fv2%2Fmedia&parent=2529"}],"wp:term":[{"taxonomy":"post_tag","embeddable":true,"href":"http:\/\/agoratheque.3zcom.com\/index.php?rest_route=%2Fwp%2Fv2%2Ftags&post=2529"}],"curies":[{"name":"wp","href":"https:\/\/api.w.org\/{rel}","templated":true}]}}