{"id":2647,"date":"2011-09-05T13:58:21","date_gmt":"2011-09-05T17:58:21","guid":{"rendered":"http:\/\/agoratheque.yprovencal.ep.profweb.qc.ca\/?page_id=2647"},"modified":"2011-09-06T07:22:19","modified_gmt":"2011-09-06T11:22:19","slug":"7-8-2-le-potentiel-de-l%e2%80%99humanite-globale","status":"publish","type":"page","link":"http:\/\/agoratheque.3zcom.com\/?page_id=2647","title":{"rendered":"7.8.2 Le potentiel de l\u2019humanit\u00e9 globale"},"content":{"rendered":"<p>\u00a0\u00a0\u00a0\u00a0\u00a0\u00a0\u00a0\u00a0\u00a0\u00a0\u00a0 Ce qui singularise l\u2019humain par rapport aux autres formes de vie est qu\u2019il se trouve \u00eatre la seule esp\u00e8ce animale qui \u00e9volue. Comprenons ici que l\u2019\u00e9volution humaine est d\u2019une autre nature que l\u2019\u00e9volution biologique, comme celle-ci est d\u2019une autre nature que l\u2019\u00e9volution physique de l\u2019Univers. En comparaison, l\u2019humain \u00e9volue tr\u00e8s rapidement. Cela veut dire que le potentiel humain r\u00e9el est d\u2019une richesse d\u00e9mesur\u00e9e en comparaison avec le potentiel r\u00e9el de toute autre esp\u00e8ce animale et qu\u2019en outre, ce potentiel tend \u00e0 devenir rapidement effectif. Il semble m\u00eame qu\u2019il se d\u00e9veloppe \u00e0 un rythme toujours acc\u00e9l\u00e9r\u00e9 et ce, depuis des mill\u00e9naires. Cela signifie-t-il une course vers l\u2019extinction inexorable ou bien tout autre chose\u00a0?\u00a0<\/p>\n<p>\u00a0\u00a0\u00a0\u00a0\u00a0\u00a0\u00a0\u00a0\u00a0\u00a0\u00a0 Comme nous l\u2019avons vu plus haut, le potentiel humain ne consiste pas seulement en des potentiels individuels ou collectifs. Il consiste aussi en un potentiel global, celui de l\u2019humanit\u00e9, consid\u00e9r\u00e9e sur l\u2019ensemble de la plan\u00e8te, depuis la haute pr\u00e9histoire jusqu\u2019\u00e0 nos jours et peut-\u00eatre au-del\u00e0, dans l\u2019avenir. Les manifestations du potentiel transfini de l\u2019humain s\u2019annon\u00e7aient d\u00e9j\u00e0 depuis les d\u00e9buts des manifestations inventives d\u2019<em>Homo habilis<\/em> jusqu\u2019\u00e0 <em>Homo sapiens<\/em> (aussi appel\u00e9 l\u2019Homme moderne) en passant par <em>Homo erectus<\/em> et l\u2019homme de Neandertal.\u00a0\u00a0<\/p>\n<p>\u00a0\u00a0\u00a0\u00a0\u00a0\u00a0\u00a0\u00a0\u00a0\u00a0 On constate que ces types d\u2019humains se situent dans un r\u00e9seau qui comporte des s\u00e9quences \u00e9volutives. De plus, l\u2019histoire \u00e9volutive de l\u2019humain jusqu\u2019\u00e0 nos jours appara\u00eet comme tout \u00e0 fait sp\u00e9ciale, propre \u00e0 l\u2019humain. \u00c0 la diff\u00e9rence de ce qu\u2019on a d\u00e9j\u00e0 tent\u00e9 d\u2019envisager d\u00e8s le XIX<sup>\u00e8me<\/sup> si\u00e8cle, il ne s\u2019agit pas d\u2019une \u00e9volution des soci\u00e9t\u00e9s ou des civilisations en tant que telles, ce qui est beaucoup trop restrictif et discutable. Il s\u2019agit plut\u00f4t, ici, de concevoir une \u00e9volution globale des rapports g\u00e9n\u00e9raux que les humains entretiennent entre eux. Cette \u00e9volution inclut celle des productions techniques et des d\u00e9veloppements intellectuels. Elle concerne notamment les communications, le commerce et l\u2019\u00e9conomie, les relations sociales ou culturelles entre les diff\u00e9rents groupes, incluant les aspects psychologiques, sociologiques et politiques.\u00a0\u00a0<\/p>\n<p>\u00a0 <strong><em>L\u2019\u00e9volution globale<\/em><\/strong>\u00a0<\/p>\n<p>\u00a0\u00a0\u00a0\u00a0\u00a0\u00a0\u00a0\u00a0\u00a0\u00a0 Dans le pass\u00e9, plusieurs auteurs ont tent\u00e9 de d\u00e9fendre la th\u00e8se d\u2019une \u00e9volution dite \u00ab lin\u00e9aire \u00bb des types de soci\u00e9t\u00e9s selon laquelle certains de ces types sont plus ou moins avanc\u00e9s que d\u2019autres, suivant une \u00e9chelle. Il en d\u00e9coulait g\u00e9n\u00e9ralement que le type europ\u00e9en, ou occidental, \u00e9tait le type le plus avanc\u00e9 et qu\u2019il devait servir de mod\u00e8le aux soci\u00e9t\u00e9s en g\u00e9n\u00e9ral.<\/p>\n<p>\u00a0\u00a0\u00a0\u00a0\u00a0\u00a0\u00a0\u00a0\u00a0 Il nous faut comprendre l\u2019<em>\u00e9volution globale<\/em> de fa\u00e7on diff\u00e9rente. Nous y consid\u00e9rerons plut\u00f4t des <em>types plan\u00e9taires d\u2019humanit\u00e9<\/em>, c\u2019est-\u00e0-dire des ensembles de rapports entre les groupes humains sur la Terre, ensembles qui sont propres \u00e0 diff\u00e9rentes \u00e9poques. L\u2019\u00e9volution globale est n\u00e9cessairement <em>unilin\u00e9aire<\/em> puisqu\u2019il n\u2019existe qu\u2019une seule humanit\u00e9 par d\u00e9finition<a id=\"ref-1\" href=\"#note-1\"><sup>1<\/sup><\/a>. Cependant rien n\u2019indique que certaines soci\u00e9t\u00e9s soient des mod\u00e8les obligatoires pour toutes les autres. Et, en particulier, rien n\u2019indique que les soci\u00e9t\u00e9s de type europ\u00e9en aient nettement mieux appris que les autres \u00e0 vivre dans la paix ou dans le respect des autres soci\u00e9t\u00e9s en g\u00e9n\u00e9ral. Elles ont tout au plus pris une certaine avance sur le plan de la d\u00e9mocratie et des libert\u00e9s individuelles.<\/p>\n<div>\u00a0<\/div>\n<div><a title=\"7.8.3 La question du progr\u00e8s\" href=\"http:\/\/mail.agoratheque.3zcom.com\/?page_id=2704\">Suite<\/a><\/div>\n<p><a id=\"note-1\" href=\"#ref-1\">1<\/a>\u00a0<a><\/a><a><\/a><a><\/a><a><\/a><a><\/a><a><\/a>Nous n\u00e9gligeons pour le moment la possibilit\u00e9 d\u2019autres formes de vie d\u2019intelligence avanc\u00e9e, ailleurs, dans l\u2019Univers. <a id=\"note-1\" href=\"#ref-1\">1<\/a><\/p>\n<div class=\"edit-link\"><a class=\"post-edit-link\" href=\"\">modifier<\/a><\/div>","protected":false},"excerpt":{"rendered":"<p>\u00a0\u00a0\u00a0\u00a0\u00a0\u00a0\u00a0\u00a0\u00a0\u00a0\u00a0 Ce qui singularise l\u2019humain par rapport aux autres formes de vie est qu\u2019il se trouve \u00eatre la seule esp\u00e8ce animale qui \u00e9volue. Comprenons ici que l\u2019\u00e9volution humaine est d\u2019une autre nature que l\u2019\u00e9volution biologique, comme celle-ci est d\u2019une autre nature que l\u2019\u00e9volution&#8230;<\/p>\n","protected":false},"author":1,"featured_media":0,"parent":2637,"menu_order":782,"comment_status":"open","ping_status":"open","template":"","meta":[],"tags":[],"_links":{"self":[{"href":"http:\/\/agoratheque.3zcom.com\/index.php?rest_route=\/wp\/v2\/pages\/2647"}],"collection":[{"href":"http:\/\/agoratheque.3zcom.com\/index.php?rest_route=\/wp\/v2\/pages"}],"about":[{"href":"http:\/\/agoratheque.3zcom.com\/index.php?rest_route=\/wp\/v2\/types\/page"}],"author":[{"embeddable":true,"href":"http:\/\/agoratheque.3zcom.com\/index.php?rest_route=\/wp\/v2\/users\/1"}],"replies":[{"embeddable":true,"href":"http:\/\/agoratheque.3zcom.com\/index.php?rest_route=%2Fwp%2Fv2%2Fcomments&post=2647"}],"version-history":[{"count":4,"href":"http:\/\/agoratheque.3zcom.com\/index.php?rest_route=\/wp\/v2\/pages\/2647\/revisions"}],"predecessor-version":[{"id":2649,"href":"http:\/\/agoratheque.3zcom.com\/index.php?rest_route=\/wp\/v2\/pages\/2647\/revisions\/2649"}],"up":[{"embeddable":true,"href":"http:\/\/agoratheque.3zcom.com\/index.php?rest_route=\/wp\/v2\/pages\/2637"}],"wp:attachment":[{"href":"http:\/\/agoratheque.3zcom.com\/index.php?rest_route=%2Fwp%2Fv2%2Fmedia&parent=2647"}],"wp:term":[{"taxonomy":"post_tag","embeddable":true,"href":"http:\/\/agoratheque.3zcom.com\/index.php?rest_route=%2Fwp%2Fv2%2Ftags&post=2647"}],"curies":[{"name":"wp","href":"https:\/\/api.w.org\/{rel}","templated":true}]}}