{"id":2798,"date":"2011-09-12T15:11:35","date_gmt":"2011-09-12T19:11:35","guid":{"rendered":"http:\/\/agoratheque.yprovencal.ep.profweb.qc.ca\/?page_id=2798"},"modified":"2011-09-13T07:29:14","modified_gmt":"2011-09-13T11:29:14","slug":"8-2-la-categorie-du-noetique-au-sens-large","status":"publish","type":"page","link":"http:\/\/agoratheque.3zcom.com\/?page_id=2798","title":{"rendered":"8.2 La cat\u00e9gorie du no\u00e9tique au sens large"},"content":{"rendered":"<p>\u00a0\u00a0\u00a0\u00a0\u00a0\u00a0\u00a0\u00a0\u00a0 Par d\u00e9finition, la <em>cat\u00e9gorie du no\u00e9tique\u00a0au sens large <\/em>comprend l\u2019ensemble des formes de vie qui ont un potentiel r\u00e9el de se d\u00e9velopper vers le no\u00e9tique, et qui ont commenc\u00e9 effectivement \u00e0 le faire de fa\u00e7on reconnaissable par leur capacit\u00e9s d\u2019ordre intellectuel. Cette cat\u00e9gorie transversale regroupe vraisemblablement \u00e0 peu pr\u00e8s tous les ordres de mammif\u00e8res et quelques-uns d\u2019autres classes telles qu\u2019insectes ou mollusques. Des sous-groupes \u00e0 inclure dans cette cat\u00e9gorie pourront \u00eatre ajout\u00e9s progressivement avec les d\u00e9veloppements futurs de nos connaissances. Il est ainsi possible que, non seulement nous ajoutions d\u2019autres sous-groupes terrestres \u00e0 cette description du no\u00e9tique, mais aussi d\u2019autres \u00eatres qui ne nous sont pas n\u00e9cessairement apparent\u00e9es et qui existent ailleurs, dans l\u2019Univers. Il se peut que ces formes no\u00e9tiques lointaines soient \u00a0constitu\u00e9es \u00e0 partir d\u2019autres bases biochimiques que sur Terre. Cependant d\u2019apr\u00e8s notre d\u00e9finition ces formes exotiques nous seraient, sinon g\u00e9n\u00e9tiquement apparent\u00e9es, du moins <em>mat\u00e9riellement apparent\u00e9es<\/em>, d\u2019apr\u00e8s leur origine \u00e0 partir du m\u00eame \u00e9tat primordial du cosmos, et seraient no\u00e9tiques de plein droit, d\u2019apr\u00e8s la d\u00e9finition.\u00a0<\/p>\n<p>\u00a0\u00a0\u00a0\u00a0\u00a0\u00a0\u00a0\u00a0\u00a0\u00a0 L\u2019\u00e9volution no\u00e9tique sur la Terre a d\u00e9but\u00e9 avec les premiers animaux, puis avec ceux qui ont d\u00e9velopp\u00e9 des capacit\u00e9s cognitives de plus en plus perfectionn\u00e9es. Si des formes no\u00e9tiques se sont d\u00e9velopp\u00e9es ailleurs dans l\u2019Univers, il est possible qu\u2019elles aient connu une \u00e9volution similaire \u00e0 celle de la noosph\u00e8re terrestre. La cat\u00e9gorie du no\u00e9tique ne correspond pas \u00e0 un unique graphe arborescent, mais plut\u00f4t \u00e0 autant de graphes arborescents qu\u2019il y a eu (ou qu\u2019il y aura) de d\u00e9veloppements no\u00e9tiques \u00e0 partir d\u2019une forme de vie non no\u00e9tique. M\u00eame sur Terre, le no\u00e9tique est d\u00e9crit par plusieurs graphes, chacun correspondant \u00e0 une branche plus ou moins ramifi\u00e9e du graphe terrestre global de la vie. Cela nous permet de constater que la cat\u00e9gorie du no\u00e9tique est d\u2019un type diff\u00e9rent de celles des taxa qui sont actuellement consid\u00e9r\u00e9es dans la biologie actuelle, par exemple, l\u2019esp\u00e8ce, le genre, la famille, etc., jusqu\u2019\u00e0 l\u2019embranchement et le r\u00e8gne. Le no\u00e9tique constitue plut\u00f4t une cat\u00e9gorie de formes plus g\u00e9n\u00e9rales comme celles qui sont consid\u00e9r\u00e9es par les physiciens, par exemple, la mol\u00e9cule, la plan\u00e8te, l\u2019\u00e9toile ou la galaxie.\u00a0\u00a0<\/p>\n<p>\u00a0\u00a0\u00a0\u00a0\u00a0\u00a0\u00a0\u00a0\u00a0 Le no\u00e9tique est donc apparent\u00e9 \u00e0 tout ce qui existe dans l\u2019Univers plut\u00f4t qu\u2019\u00e0 la vie qui nous est connue et, en m\u00eame temps, la cat\u00e9gorie du no\u00e9tique rel\u00e8ve d\u2019une cat\u00e9gorisation objective comme celle des objets physiques. Cette double conclusion d\u00e9coule de la d\u00e9finition du no\u00e9tique et non de l\u2019observation des formes no\u00e9tiques. Qu\u2019il existe ou non dans l\u2019Univers d\u2019autres formes no\u00e9tiques aussi avanc\u00e9es que celle de l\u2019homo sapiens n\u2019y change rien.\u00a0\u00a0<\/p>\n<p>\u00a0\u00a0\u00a0\u00a0\u00a0\u00a0\u00a0\u00a0\u00a0\u00a0\u00a0 L\u2019ensemble des formes no\u00e9tiques constitue donc une cat\u00e9gorie universelle. Cependant nous pouvons la consid\u00e9rer comme une cat\u00e9gorie biologique \u00e0 la condition d\u2019adopter un crit\u00e8re de regroupement <em>ph\u00e9n\u00e9tique<\/em>, plut\u00f4t que cladistique<a id=\"ref-1\" href=\"#note-1\"><sup>1<\/sup><\/a>.\u00a0<\/p>\n<p>\u00a0 <strong><em>Homologie et analogie<\/em><\/strong>\u00a0<\/p>\n<p>\u00a0\u00a0\u00a0\u00a0\u00a0\u00a0\u00a0\u00a0\u00a0 On distingue les similitudes <em>homologues<\/em> des similitudes analogiques. Par exemple, les membres ant\u00e9rieurs des \u00ab\u00a0humains\u00a0\u00bb, au sens de l\u2019<em>homo sapiens<\/em>, sont homologues \u00e0 ceux des chevaux\u00a0; les ailes des oiseaux sont analogues aux ailes des chauve-souris ou des papillons. La capacit\u00e9 de penser de l\u2019<em>homo sapiens<\/em> est homologue aux capacit\u00e9s de beaucoup d\u2019animaux munis d\u2019un cerveau, mais elle n\u2019est analogue qu\u2019aux capacit\u00e9s de formes exotiques qui nous sont inconnues. L\u2019intelligence avanc\u00e9e ne peut repr\u00e9senter qu\u2019une classe de formes reli\u00e9es par l\u2019analogie et sans homologie d\u00e9termin\u00e9e, comme dans le cas d\u2019objets physiques (\u00e9toiles, galaxies\u2026).\u00a0\u00a0<\/p>\n<p>\u00a0 <strong><em>Red\u00e9finition de l\u2019humain<\/em><\/strong>\u00a0<\/p>\n<p>\u00a0\u00a0\u00a0\u00a0\u00a0\u00a0\u00a0\u00a0\u00a0 La d\u00e9finition de l\u2019humanit\u00e9 comporte un enjeu \u00e0 la fois scientifique et \u00e9thique. D\u2019une part, il faut le faire de fa\u00e7on objective, ce qui constitue un enjeu surtout scientifique et, d\u2019autre part, il faut le faire autrement que par la parent\u00e9 phyl\u00e9tique, enjeu qui est surtout \u00e9thique. Si nous d\u00e9finissons l\u2019humanit\u00e9 comme une entit\u00e9 essentiellement no\u00e9tique, nous ne devrons en exclure aucun groupe d\u2019intelligence transfinie, que ce soit par motif religieux, moral ou autre. Cela permet de dire que <em>nous<\/em> devons <em>nous<\/em> comprendre comme \u00e9tant de formes tr\u00e8s diversifi\u00e9es, tr\u00e8s diff\u00e9rents les uns des autres. L\u2019<em>humain<\/em> bien compris est tout ce qui rel\u00e8ve du <em>no\u00e9tique<\/em>. Cela \u00e9quivaut \u00e0 dire qu\u2019est <em>humaine<\/em> toute entit\u00e9 qui est effectivement capable de se penser. Elle est parmi \u00ab\u00a0<em>nous<\/em>\u00a0\u00bb.<\/p>\n<div>\u00a0<\/div>\n<div><a title=\"8.3 \u00c0 la recherche de l\u2019Autre\" href=\"http:\/\/mail.agoratheque.3zcom.com\/?page_id=2807\">Suite<\/a><\/div>\n<p><a id=\"note-1\" href=\"#ref-1\">1<\/a>\u00a0La ph\u00e9n\u00e9tique (du grec, <em>phainein<\/em>,<em> <\/em>montrer) d\u00e9signe l\u2019\u00e9tude des formes de vie d\u2019apr\u00e8s l\u2019aspect ph\u00e9nom\u00e9nal plut\u00f4t que de la parent\u00e9 g\u00e9n\u00e9tique. Par cons\u00e9quent, la cat\u00e9gorie du no\u00e9tique doit \u00eatre bas\u00e9e sur un principe ph\u00e9n\u00e9tique de classification. <a id=\"note-1\" href=\"#ref-1\">1<\/a><\/p>\n<div class=\"edit-link\"><a class=\"post-edit-link\" href=\"\">modifier<\/a><\/div>","protected":false},"excerpt":{"rendered":"<p>\u00a0\u00a0\u00a0\u00a0\u00a0\u00a0\u00a0\u00a0\u00a0 Par d\u00e9finition, la cat\u00e9gorie du no\u00e9tique\u00a0au sens large comprend l\u2019ensemble des formes de vie qui ont un potentiel r\u00e9el de se d\u00e9velopper vers le no\u00e9tique, et qui ont commenc\u00e9 effectivement \u00e0 le faire de fa\u00e7on reconnaissable par leur capacit\u00e9s d\u2019ordre intellectuel. Cette&#8230;<\/p>\n","protected":false},"author":1,"featured_media":0,"parent":1359,"menu_order":820,"comment_status":"open","ping_status":"open","template":"","meta":[],"tags":[],"_links":{"self":[{"href":"http:\/\/agoratheque.3zcom.com\/index.php?rest_route=\/wp\/v2\/pages\/2798"}],"collection":[{"href":"http:\/\/agoratheque.3zcom.com\/index.php?rest_route=\/wp\/v2\/pages"}],"about":[{"href":"http:\/\/agoratheque.3zcom.com\/index.php?rest_route=\/wp\/v2\/types\/page"}],"author":[{"embeddable":true,"href":"http:\/\/agoratheque.3zcom.com\/index.php?rest_route=\/wp\/v2\/users\/1"}],"replies":[{"embeddable":true,"href":"http:\/\/agoratheque.3zcom.com\/index.php?rest_route=%2Fwp%2Fv2%2Fcomments&post=2798"}],"version-history":[{"count":4,"href":"http:\/\/agoratheque.3zcom.com\/index.php?rest_route=\/wp\/v2\/pages\/2798\/revisions"}],"predecessor-version":[{"id":2812,"href":"http:\/\/agoratheque.3zcom.com\/index.php?rest_route=\/wp\/v2\/pages\/2798\/revisions\/2812"}],"up":[{"embeddable":true,"href":"http:\/\/agoratheque.3zcom.com\/index.php?rest_route=\/wp\/v2\/pages\/1359"}],"wp:attachment":[{"href":"http:\/\/agoratheque.3zcom.com\/index.php?rest_route=%2Fwp%2Fv2%2Fmedia&parent=2798"}],"wp:term":[{"taxonomy":"post_tag","embeddable":true,"href":"http:\/\/agoratheque.3zcom.com\/index.php?rest_route=%2Fwp%2Fv2%2Ftags&post=2798"}],"curies":[{"name":"wp","href":"https:\/\/api.w.org\/{rel}","templated":true}]}}