{"id":2851,"date":"2011-09-14T16:33:18","date_gmt":"2011-09-14T20:33:18","guid":{"rendered":"http:\/\/agoratheque.yprovencal.ep.profweb.qc.ca\/?page_id=2851"},"modified":"2011-10-02T10:40:04","modified_gmt":"2011-10-02T14:40:04","slug":"8-5-notre-importance-aux-yeux-de-dieu","status":"publish","type":"page","link":"http:\/\/agoratheque.3zcom.com\/?page_id=2851","title":{"rendered":"8.5 Notre importance aux yeux de Dieu"},"content":{"rendered":"<div>\n<p>\u00a0\u00a0\u00a0\u00a0\u00a0\u00a0\u00a0\u00a0\u00a0\u00a0\u00a0 Nous avons vu que l\u2019humanit\u00e9 ne se r\u00e9duit pas n\u00e9cessairement \u00e0 une esp\u00e8ce biologique parmi d\u2019autres, c\u2019est-\u00e0-dire l\u2019esp\u00e8ce homo sapiens. Elle repr\u00e9senterait plut\u00f4t la cat\u00e9gorie de l\u2019intelligence avanc\u00e9e, ce qui signifierait qu\u2019elle regroupe un grand nombre de formes potentielles de vie qui sont peut-\u00eatre extr\u00eamement disparates, incluant des humano\u00efdes mais \u00e9galement bien d\u2019autres formes compl\u00e8tement diff\u00e9rentes. Si vraiment l\u2019humain doit maintenant se comprendre ainsi, il en r\u00e9sultera des cons\u00e9quences de taille en ce qui concerne <em>son<\/em> sens de l\u2019\u00e9thique.\u00a0\u00a0<\/p>\n<p>\u00a0\u00a0\u00a0\u00a0\u00a0\u00a0\u00a0\u00a0\u00a0\u00a0\u00a0 Ainsi il y aura une valeur \u00e9thique \u00e0 poursuivre l\u2019\u00e9volution vers l\u2019avant, l\u2019humain devenant progressivement de plus en plus ce qu\u2019il devrait \u00eatre m\u00eame s\u2019il ignore en quoi cela consiste. Il sera important d\u2019un point de vue \u00e9thique de chercher \u00e0 reconna\u00eetre ce qui dans nos attitudes, nos comportements et nos projets se dirige r\u00e9ellement vers ce t\u00e9los, dont nous ignorons pourtant encore l\u2019essentiel (tout comme le jeune enfant ignore ce qui fait l\u2019essentiel humain).M\u00eame si nous croyons comprendre qu\u2019il s\u2019agit d\u2019acc\u00e9der au terme d\u2019un long d\u00e9veloppement des plus complexes \u00e0 un accomplissement authentique de ce que nous devrions \u00eatre, du point de vue de ce que nous serons alors devenus.\u00a0<\/p>\n<p>\u00a0\u00a0\u00a0\u00a0\u00a0\u00a0\u00a0\u00a0\u00a0\u00a0\u00a0 En outre, il se peut qu\u2019il existe d\u2019autres <em>humains<\/em> dans <em>notre<\/em> Univers, des <em>humains<\/em> au plein du terme, m\u00eame s\u2019ils sont d\u2019une toute autre forme que l\u2019esp\u00e8ce Homo sapiens. Et Dieu m\u00eame, cet \u00eatre qui \u2014 s\u2019il existe \u2014 est \u00e0 l\u2019origine de l\u2019Univers, il est alors lui-m\u00eame une autre entit\u00e9, mais une <em>entit\u00e9 humaine accomplie<\/em> puisqu\u2019il constitue l\u2019accomplissement de la connaissance du r\u00e9el.\u00a0<\/p>\n<p>\u00a0\u00a0\u00a0\u00a0\u00a0\u00a0\u00a0\u00a0\u00a0\u00a0\u00a0 Ce qui fait l\u2019importance de l\u2019\u00eatre humain n\u2019est pas surtout ce qu\u2019il fait effectivement, ni m\u00eame ce qu\u2019il peut faire effectivement, mais son potentiel r\u00e9el. L\u2019importance de chaque \u00eatre humain se trouve rehauss\u00e9e par l\u2019id\u00e9e qu\u2019il porte en lui un immense potentiel r\u00e9el. Il y a encore autre chose qui semble accro\u00eetre son importance. La recherche de type Seti semble stagner. Davantage de chercheurs tendent \u00e0 croire que les Terriens sont les seuls capables dans tout l\u2019Univers de d\u00e9velopper une civilisation technologique. Cependant, si tel est le cas, si l\u2019humain terrestre est vraiment le seul potentiel r\u00e9el d\u2019intelligence transfinie \u00e0 avoir pu se d\u00e9velopper effectivement, cela signifie que l\u2019humain est encore plus important qu\u2019on ne le croyait.\u00a0\u00a0<\/p>\n<p>\u00a0\u00a0\u00a0\u00a0\u00a0\u00a0\u00a0\u00a0\u00a0\u00a0\u00a0 L\u2019absence apparente d\u2019autres sp\u00e9cimens d\u2019intelligence avanc\u00e9e dans notre Univers a logiquement pour effet de rendre relativement plus grandes nos probabilit\u00e9s, en tant qu\u2019\u00eatres humains, de continuer d\u2019avancer encore. Il se peut m\u00eame que toutes les chances de cet Univers d\u2019avancer davantage reposent enti\u00e8rement sur les humains que nous sommes, d\u2019o\u00f9 le bien-fond\u00e9 d\u2019entretenir l\u2019espoir et, aussi, une plus grande responsabilit\u00e9 \u00e0 l\u2019\u00e9gard de ce que nous repr\u00e9sentons pour l\u2019Univers entier.<\/p>\n<p><a title=\"Annexe : Le respect des cultures\" href=\"http:\/\/mail.agoratheque.3zcom.com\/?page_id=2894\">Suite<\/a><\/p>\n<\/div>\n<div class=\"edit-link\"><a class=\"post-edit-link\" href=\"\">modifier<\/a><\/div>","protected":false},"excerpt":{"rendered":"<p>\u00a0\u00a0\u00a0\u00a0\u00a0\u00a0\u00a0\u00a0\u00a0\u00a0\u00a0 Nous avons vu que l\u2019humanit\u00e9 ne se r\u00e9duit pas n\u00e9cessairement \u00e0 une esp\u00e8ce biologique parmi d\u2019autres, c\u2019est-\u00e0-dire l\u2019esp\u00e8ce homo sapiens. Elle repr\u00e9senterait plut\u00f4t la cat\u00e9gorie de l\u2019intelligence avanc\u00e9e, ce qui signifierait qu\u2019elle regroupe un grand nombre de formes potentielles de vie qui&#8230;<\/p>\n","protected":false},"author":1,"featured_media":0,"parent":1359,"menu_order":850,"comment_status":"open","ping_status":"open","template":"","meta":[],"tags":[],"_links":{"self":[{"href":"http:\/\/agoratheque.3zcom.com\/index.php?rest_route=\/wp\/v2\/pages\/2851"}],"collection":[{"href":"http:\/\/agoratheque.3zcom.com\/index.php?rest_route=\/wp\/v2\/pages"}],"about":[{"href":"http:\/\/agoratheque.3zcom.com\/index.php?rest_route=\/wp\/v2\/types\/page"}],"author":[{"embeddable":true,"href":"http:\/\/agoratheque.3zcom.com\/index.php?rest_route=\/wp\/v2\/users\/1"}],"replies":[{"embeddable":true,"href":"http:\/\/agoratheque.3zcom.com\/index.php?rest_route=%2Fwp%2Fv2%2Fcomments&post=2851"}],"version-history":[{"count":5,"href":"http:\/\/agoratheque.3zcom.com\/index.php?rest_route=\/wp\/v2\/pages\/2851\/revisions"}],"predecessor-version":[{"id":2865,"href":"http:\/\/agoratheque.3zcom.com\/index.php?rest_route=\/wp\/v2\/pages\/2851\/revisions\/2865"}],"up":[{"embeddable":true,"href":"http:\/\/agoratheque.3zcom.com\/index.php?rest_route=\/wp\/v2\/pages\/1359"}],"wp:attachment":[{"href":"http:\/\/agoratheque.3zcom.com\/index.php?rest_route=%2Fwp%2Fv2%2Fmedia&parent=2851"}],"wp:term":[{"taxonomy":"post_tag","embeddable":true,"href":"http:\/\/agoratheque.3zcom.com\/index.php?rest_route=%2Fwp%2Fv2%2Ftags&post=2851"}],"curies":[{"name":"wp","href":"https:\/\/api.w.org\/{rel}","templated":true}]}}