{"id":299,"date":"2011-06-16T10:27:12","date_gmt":"2011-06-16T14:27:12","guid":{"rendered":"http:\/\/agoratheque.yprovencal.ep.profweb.qc.ca\/?page_id=299"},"modified":"2011-07-16T14:52:11","modified_gmt":"2011-07-16T18:52:11","slug":"presentation-de-lagoratheque","status":"publish","type":"page","link":"http:\/\/agoratheque.3zcom.com\/?page_id=299","title":{"rendered":"Pr\u00e9sentation de l&rsquo;Agorath\u00e8que"},"content":{"rendered":"<div>\n<p>\u00a0\u00a0\u00a0On peut d\u00e9finir l\u2019agorath\u00e8que en g\u00e9n\u00e9ral comme un lieu o\u00f9 sont rang\u00e9s et g\u00e9r\u00e9s des enregistrements choisis de contenus de forums de discussion sur Internet. Les forums qui servent ainsi de r\u00e9f\u00e9rences sont inactifs. Ce sont par d\u00e9finition des <em>agoras<\/em>. L\u2019agorath\u00e8que qui est ici pr\u00e9sent\u00e9e est un endroit o\u00f9 sont emmagasin\u00e9s les meilleurs moments de discussions entre \u00e9tudiants. Il peut arriver qu\u2019un enseignant ou un chercheur intervienne dans la discussion. Le visiteur pourra y trouver bon nombre de sujets int\u00e9ressants de discussion et plusieurs argumentations f\u00e9condes en id\u00e9es nouvelles.\u00a0\u00a0<\/p>\n<p>\u00a0\u00a0\u00a0\u00a0\u00a0\u00a0\u00a0\u00a0\u00a0\u00a0\u00a0\u00a0<a title=\"Finalit\u00e9s de l\u2019Agorath\u00e8que\" href=\"http:\/\/mail.agoratheque.3zcom.com\/?page_id=326\">\u2022\u00a0Finalit\u00e9s de l&rsquo;Agorath\u00e8que<\/a><\/p>\n<p>\u00a0\u00a0\u00a0\u00a0\u00a0\u00a0\u00a0\u00a0\u00a0\u00a0\u00a0\u00a0<a title=\"Mode d\u2019\u00e9laboration de l\u2019Agorath\u00e8que\" href=\"http:\/\/mail.agoratheque.3zcom.com\/?page_id=336\">\u2022 Mode d&rsquo;\u00e9laboration de l&rsquo;Agorath\u00e8que<\/a><\/p>\n<p>\u00a0\u00a0\u00a0\u00a0\u00a0\u00a0\u00a0\u00a0\u00a0\u00a0\u00a0\u00a0\u00a0\u00a0\u00a0<a title=\"Forums remarquables\" href=\"http:\/\/mail.agoratheque.3zcom.com\/?page_id=70\">\u2022 Forums inactifs remarquables<\/a><\/p>\n<p>\u00a0\u00a0\u00a0\u00a0\u00a0\u00a0\u00a0\u00a0\u00a0\u00a0\u00a0\u00a0\u00a0\u00a0\u00a0<a href=\"http:\/\/mcurie.cegepgranby.qc.ca\/forum\/\" target=\"_blank\">\u2022 Forums actifs<\/a><\/p>\n<p>\u00a0\u00a0\u00a0\u00a0\u00a0\u00a0\u00a0\u00a0\u00a0\u00a0\u00a0\u00a0\u00a0\u00a0\u00a0<a title=\"Plan du site\" href=\"http:\/\/mail.agoratheque.3zcom.com\/?page_id=8\">\u2022 Organigramme de l&rsquo;Agorath\u00e8que<\/a><\/p>\n<p><em><a title=\"Yvon Proven\u00e7al\" href=\"http:\/\/mail.agoratheque.3zcom.com\/?page_id=210\">Sur l&rsquo;auteur<\/a><\/em><\/p>\n<p><em><a title=\"Remerciements\" href=\"http:\/\/mail.agoratheque.3zcom.com\/?page_id=317\" target=\"_blank\">Remerciements<\/a><\/em><\/p>\n<\/div>\n<div class=\"edit-link\"><a class=\"post-edit-link\" href=\"\">modifier<\/a><\/div>","protected":false},"excerpt":{"rendered":"<p>\u00a0\u00a0\u00a0On peut d\u00e9finir l\u2019agorath\u00e8que en g\u00e9n\u00e9ral comme un lieu o\u00f9 sont rang\u00e9s et g\u00e9r\u00e9s des enregistrements choisis de contenus de forums de discussion sur Internet. Les forums qui servent ainsi de r\u00e9f\u00e9rences sont inactifs. Ce sont par d\u00e9finition des agoras. L\u2019agorath\u00e8que qui est&#8230;<\/p>\n","protected":false},"author":1,"featured_media":0,"parent":0,"menu_order":0,"comment_status":"open","ping_status":"open","template":"","meta":[],"tags":[],"_links":{"self":[{"href":"http:\/\/agoratheque.3zcom.com\/index.php?rest_route=\/wp\/v2\/pages\/299"}],"collection":[{"href":"http:\/\/agoratheque.3zcom.com\/index.php?rest_route=\/wp\/v2\/pages"}],"about":[{"href":"http:\/\/agoratheque.3zcom.com\/index.php?rest_route=\/wp\/v2\/types\/page"}],"author":[{"embeddable":true,"href":"http:\/\/agoratheque.3zcom.com\/index.php?rest_route=\/wp\/v2\/users\/1"}],"replies":[{"embeddable":true,"href":"http:\/\/agoratheque.3zcom.com\/index.php?rest_route=%2Fwp%2Fv2%2Fcomments&post=299"}],"version-history":[{"count":9,"href":"http:\/\/agoratheque.3zcom.com\/index.php?rest_route=\/wp\/v2\/pages\/299\/revisions"}],"predecessor-version":[{"id":335,"href":"http:\/\/agoratheque.3zcom.com\/index.php?rest_route=\/wp\/v2\/pages\/299\/revisions\/335"}],"wp:attachment":[{"href":"http:\/\/agoratheque.3zcom.com\/index.php?rest_route=%2Fwp%2Fv2%2Fmedia&parent=299"}],"wp:term":[{"taxonomy":"post_tag","embeddable":true,"href":"http:\/\/agoratheque.3zcom.com\/index.php?rest_route=%2Fwp%2Fv2%2Ftags&post=299"}],"curies":[{"name":"wp","href":"https:\/\/api.w.org\/{rel}","templated":true}]}}