{"id":3029,"date":"2011-11-26T15:04:18","date_gmt":"2011-11-26T19:04:18","guid":{"rendered":"http:\/\/agoratheque.yprovencal.ep.profweb.qc.ca\/?page_id=3029"},"modified":"2011-11-26T15:04:18","modified_gmt":"2011-11-26T19:04:18","slug":"explications-supplementaires-sur-la-compatibilite-du-feminisme-avec-les-croyances-religieuses","status":"publish","type":"page","link":"http:\/\/agoratheque.3zcom.com\/?page_id=3029","title":{"rendered":"Explications suppl\u00e9mentaires sur la compatibilit\u00e9 du f\u00e9minisme avec les croyances religieuses"},"content":{"rendered":"<p>Est-ce \u00e0 dire qu\u2019on doit donner raison \u00e0 Jane Misme lorsqu\u2019elle avan\u00e7a de fa\u00e7on controvers\u00e9e que le f\u00e9minisme \u00e9tait compatible avec toute croyance religieuse<a id=\"ref-1\" href=\"#note-1\"><sup>1<\/sup><\/a>\u00a0? Cela ne d\u00e9coule de l\u2019application des deux principes de respect \u00e9nonc\u00e9s ci-dessus que si l\u2019on admet que les croyances religieuses peuvent \u00e9voluer vers la reconnaissance de l\u2019autonomie de chacune des femmes<a id=\"ref-2\" href=\"#note-2\"><sup>2<\/sup><\/a>. Plus pr\u00e9cis\u00e9ment, le respect de l\u2019autonomie de chacune des femmes implique qu\u2019elle peut librement choisir son appartenance \u00e0 un groupe quelconque, que ce groupe soit ou non religieux. En ce sens, la compatibilit\u00e9 du f\u00e9minisme avec les croyances signifie en fait qu\u2019il est compatible avec l\u2019\u00e9volution de telles croyances vers le respect explicite des femmes. On en est encore loin, mais il semble possible de l\u2019envisager sur le long terme. Selon Ariane Buisset, \u00ab\u00a0il est probable que les th\u00e9ories religieuses sexistes sembleront dans quelques si\u00e8cles aussi incompr\u00e9hensibles que celles qui pr\u00f4naient jadis l\u2019esclavage<a id=\"ref-3\" href=\"#note-3\"><sup>3<\/sup><\/a>\u00a0\u00bb. D\u2019ailleurs, ainsi qu\u2019elle en d\u00e9fend l\u2019id\u00e9e,\u00a0\u00a0\u00a0\u00a0\u00a0\u00a0\u00a0\u00a0 \u00ab\u00a0J\u00e9sus, Bouddha et Mahomet ont sans conteste \u00e9t\u00e9 \u00e0 la pointe de leur \u00e9poque dans leur rapport avec les femmes<a id=\"ref-4\" href=\"#note-4\"><sup>4<\/sup><\/a>\u00a0\u00bb. Par exemple, la relation de Mahomet envers les femmes \u00e9tait \u00ab\u00a0douce\u00a0\u00bb\u00a0; il ne les battait pas\u2026 <a id=\"ref-5\" href=\"#note-5\"><sup>5<\/sup><\/a> Il semble donc possible que les religions \u00e9voluent vers plus de respect des femmes. Du m\u00eame coup, logiquement, elles \u00e9volueront vers plus de respect mutuel.<\/p>\n<div>\n<hr size=\"1\" \/>\n<div>\n<p><a id=\"note-1\" href=\"#ref-1\">1<\/a> Jane Misme, directrice du journal <em>La Fran\u00e7aise<\/em>, le 11 juin 1911, cit\u00e9e par Florence Rochefort, \u00ab\u00a0Contrecarrer ou interroger les religions\u00a0\u00bb, dans <em>Le si\u00e8cle des f\u00e9minismes<\/em>, <em>op. cit.<\/em>, p. 352.<\/p>\n<\/div>\n<div>\n<p><a id=\"note-2\" href=\"#ref-2\">2<\/a> C\u2019est ce qu\u2019implique la position d\u2019Ariane Buisset \u00e0 l\u2019\u00e9gard des religions, lesquelles \u00ab\u00a0devraient par ailleurs reconna\u00eetre qu\u2019elles doivent \u00eatre en perp\u00e9tuelle \u00e9volution \u2026\u00a0\u00bb (<em>Les religions face aux femmes<\/em>, <em>op. cit.<\/em>, p. 373).<\/p>\n<\/div>\n<div>\n<p><a id=\"note-3\" href=\"#ref-3\">3<\/a> Ariane Buisset, <em>Les religions face aux femmes<\/em>, <em>op. cit.<\/em>, p. 288.<\/p>\n<\/div>\n<div>\n<p><a id=\"note-4\" href=\"#ref-4\">4<\/a> <em>Ibid.<\/em>, Introduction, p. 12.<\/p>\n<\/div>\n<div>\n<p><a id=\"note-5\" href=\"#ref-5\">5<\/a> <em>Ibid.<\/em>, p. 101.<\/p>\n<\/div>\n<\/div>\n<div class=\"edit-link\"><a class=\"post-edit-link\" href=\"\">modifier<\/a><\/div>","protected":false},"excerpt":{"rendered":"<p>Est-ce \u00e0 dire qu\u2019on doit donner raison \u00e0 Jane Misme lorsqu\u2019elle avan\u00e7a de fa\u00e7on controvers\u00e9e que le f\u00e9minisme \u00e9tait compatible avec toute croyance religieuse1\u00a0? Cela ne d\u00e9coule de l\u2019application des deux principes de respect \u00e9nonc\u00e9s ci-dessus que si l\u2019on admet que les croyances&#8230;<\/p>\n","protected":false},"author":1,"featured_media":0,"parent":2975,"menu_order":15,"comment_status":"open","ping_status":"open","template":"","meta":[],"tags":[],"_links":{"self":[{"href":"http:\/\/agoratheque.3zcom.com\/index.php?rest_route=\/wp\/v2\/pages\/3029"}],"collection":[{"href":"http:\/\/agoratheque.3zcom.com\/index.php?rest_route=\/wp\/v2\/pages"}],"about":[{"href":"http:\/\/agoratheque.3zcom.com\/index.php?rest_route=\/wp\/v2\/types\/page"}],"author":[{"embeddable":true,"href":"http:\/\/agoratheque.3zcom.com\/index.php?rest_route=\/wp\/v2\/users\/1"}],"replies":[{"embeddable":true,"href":"http:\/\/agoratheque.3zcom.com\/index.php?rest_route=%2Fwp%2Fv2%2Fcomments&post=3029"}],"version-history":[{"count":1,"href":"http:\/\/agoratheque.3zcom.com\/index.php?rest_route=\/wp\/v2\/pages\/3029\/revisions"}],"predecessor-version":[{"id":3030,"href":"http:\/\/agoratheque.3zcom.com\/index.php?rest_route=\/wp\/v2\/pages\/3029\/revisions\/3030"}],"up":[{"embeddable":true,"href":"http:\/\/agoratheque.3zcom.com\/index.php?rest_route=\/wp\/v2\/pages\/2975"}],"wp:attachment":[{"href":"http:\/\/agoratheque.3zcom.com\/index.php?rest_route=%2Fwp%2Fv2%2Fmedia&parent=3029"}],"wp:term":[{"taxonomy":"post_tag","embeddable":true,"href":"http:\/\/agoratheque.3zcom.com\/index.php?rest_route=%2Fwp%2Fv2%2Ftags&post=3029"}],"curies":[{"name":"wp","href":"https:\/\/api.w.org\/{rel}","templated":true}]}}