{"id":317,"date":"2011-06-17T05:35:13","date_gmt":"2011-06-17T09:35:13","guid":{"rendered":"http:\/\/agoratheque.yprovencal.ep.profweb.qc.ca\/?page_id=317"},"modified":"2011-06-17T05:37:41","modified_gmt":"2011-06-17T09:37:41","slug":"remerciements","status":"publish","type":"page","link":"http:\/\/agoratheque.3zcom.com\/?page_id=317","title":{"rendered":"Remerciements"},"content":{"rendered":"<p>Je tiens d\u2019abord \u00e0 remercier mes \u00e9tudiantes et mes \u00e9tudiants, en particulier, tous ceux \u2014 ils sont des centaines \u2014 qui ont particip\u00e9 aux discussions sur Internet depuis l\u2019an 2000. Sans eux, l\u2019Agorath\u00e8que n\u2019aurait pu voir le jour. J\u2019exprime \u00e9galement ma gratitude envers Huguette Dupont, Manon Labrecque, Caroline Thireau\u00a0et S\u00e9bastien Gladu, qui m\u2019ont aid\u00e9 \u00e0 surmonter plusieurs probl\u00e8mes d\u2019ordre technique lors de la mise sur pied de l\u2019Agorath\u00e8que, et Jean-Pierre Roy, qui a bien voulu pendant plusieurs ann\u00e9es s\u2019occuper des aspects techniques des forums de discussion. Je remercie enfin de fa\u00e7on particuli\u00e8re Daniel Marquis pour son appui et ses conseils. C\u2019est lui qui, d\u00e8s le d\u00e9part, m\u2019a incit\u00e9 \u00e0 incorporer des forums de discussion dans mes cours.<\/p>\n<div class=\"edit-link\"><a class=\"post-edit-link\" href=\"\">modifier<\/a><\/div>","protected":false},"excerpt":{"rendered":"<p>Je tiens d\u2019abord \u00e0 remercier mes \u00e9tudiantes et mes \u00e9tudiants, en particulier, tous ceux \u2014 ils sont des centaines \u2014 qui ont particip\u00e9 aux discussions sur Internet depuis l\u2019an 2000. Sans eux, l\u2019Agorath\u00e8que n\u2019aurait pu voir le jour. J\u2019exprime \u00e9galement ma gratitude envers&#8230;<\/p>\n","protected":false},"author":1,"featured_media":0,"parent":299,"menu_order":0,"comment_status":"open","ping_status":"open","template":"","meta":[],"tags":[],"_links":{"self":[{"href":"http:\/\/agoratheque.3zcom.com\/index.php?rest_route=\/wp\/v2\/pages\/317"}],"collection":[{"href":"http:\/\/agoratheque.3zcom.com\/index.php?rest_route=\/wp\/v2\/pages"}],"about":[{"href":"http:\/\/agoratheque.3zcom.com\/index.php?rest_route=\/wp\/v2\/types\/page"}],"author":[{"embeddable":true,"href":"http:\/\/agoratheque.3zcom.com\/index.php?rest_route=\/wp\/v2\/users\/1"}],"replies":[{"embeddable":true,"href":"http:\/\/agoratheque.3zcom.com\/index.php?rest_route=%2Fwp%2Fv2%2Fcomments&post=317"}],"version-history":[{"count":4,"href":"http:\/\/agoratheque.3zcom.com\/index.php?rest_route=\/wp\/v2\/pages\/317\/revisions"}],"predecessor-version":[{"id":341,"href":"http:\/\/agoratheque.3zcom.com\/index.php?rest_route=\/wp\/v2\/pages\/317\/revisions\/341"}],"up":[{"embeddable":true,"href":"http:\/\/agoratheque.3zcom.com\/index.php?rest_route=\/wp\/v2\/pages\/299"}],"wp:attachment":[{"href":"http:\/\/agoratheque.3zcom.com\/index.php?rest_route=%2Fwp%2Fv2%2Fmedia&parent=317"}],"wp:term":[{"taxonomy":"post_tag","embeddable":true,"href":"http:\/\/agoratheque.3zcom.com\/index.php?rest_route=%2Fwp%2Fv2%2Ftags&post=317"}],"curies":[{"name":"wp","href":"https:\/\/api.w.org\/{rel}","templated":true}]}}