{"id":3183,"date":"2012-02-02T14:03:15","date_gmt":"2012-02-02T18:03:15","guid":{"rendered":"http:\/\/agoratheque.yprovencal.ep.profweb.qc.ca\/?page_id=3183"},"modified":"2015-09-08T10:27:13","modified_gmt":"2015-09-08T14:27:13","slug":"quelques-manifestations-d%e2%80%99idees-originales","status":"publish","type":"page","link":"http:\/\/agoratheque.3zcom.com\/?page_id=3183","title":{"rendered":"Mouvement \u00e9thique mondial (M\u00e9mo)"},"content":{"rendered":"<h3 style=\"text-align: center;\"><a href=\"http:\/\/mail.agoratheque.3zcom.com\/wp-content\/uploads\/2012\/02\/alignement-dastres.-jpg.jpg\"><img decoding=\"async\" loading=\"lazy\" class=\"alignnone size-full wp-image-5041\" src=\"http:\/\/mail.agoratheque.3zcom.com\/wp-content\/uploads\/2012\/02\/alignement-dastres.-jpg.jpg\" alt=\"alignement d'astres. jpg\" width=\"294\" height=\"171\" \/><\/a><\/h3>\n<h3 style=\"text-align: center;\">\u00c9nonc\u00e9s et explications des principes<\/h3>\n<h3 style=\"text-align: center;\">du M\u00e9mo<\/h3>\n<h3 style=\"text-align: right;\">[<a title=\"World Ethical Movement (M\u00c9MO)\" href=\"http:\/\/mail.agoratheque.3zcom.com\/?page_id=3903\">English<\/a><span style=\"font-size: 1.17em; line-height: 1.5em;\">]<\/span><\/h3>\n<p style=\"text-align: left;\">Le Mouvement \u00e9thique\u00a0mondial\u00a0regroupe tous ceux qui veulent ou d\u00e9sirent \u0153uvrer \u00e0 changer le monde et qui nourrissent\u00a0la plus\u00a0haute id\u00e9e du respect des personnes dans leur autonomie. Le M\u00e9mo se con\u00e7oit comme une <em><strong>\u00e9thique z\u00e9ro exclusion<\/strong>\u00a0<\/em>mettant \u00e0 contribution\u00a0les technologies de l&rsquo;information et de la communication (TIC) afin de\u00a0reconna\u00eetre et de d\u00e9fendre\u00a0tous les exclus de la Terre.<\/p>\n<h3><em>D&rsquo;abord: qu\u2019est-ce que le respect ?<\/em><\/h3>\n<p>Le respect, par d\u00e9finition, consiste en la <em>reconnaissance<\/em> selon le cas, d\u2019une personne en tant que telle, d\u2019un groupe religieux en tant que tel ou d\u2019une nation en tant que telle, accompagn\u00e9e d\u2019une <em>attitude d\u2019aide<\/em> qui consiste \u00e0 tenter d\u2019aider, dans la mesure du possible, cette personne ou ces groupes \u00e0 entreprendre ou \u00e0 poursuivre leur d\u00e9veloppement propre de fa\u00e7on autonome. La personne n\u2019est pleinement respect\u00e9e que si son groupe d\u2019appartenance prioritaire (le groupe auquel elle s\u2019identifie le plus et dont elle veut le plus \u00eatre membre) est lui-m\u00eame respect\u00e9, que celui-ci soit notamment religieux ou national. Il importe de comprendre que le respect d\u2019une personne ne consiste pas \u00e0 accepter toutes ses id\u00e9es ou opinions, mais de l\u2019amener \u00e0 les modifier si cela est plus conforme au respect des autres. Il en va de m\u00eame en ce qui concerne les religions ou les nations\u00a0: certains types de croyances ou de comportements pourraient devoir \u00eatre corrig\u00e9s, \u00e9cart\u00e9s, abandonn\u00e9s ou transform\u00e9s<a id=\"ref-1\" href=\"#note-1\"><sup>1<\/sup><\/a>.<\/p>\n<h3><em>Les principes du M\u00e9mo<\/em><\/h3>\n<p><em>L\u2019action \u00e9thique est d\u00e9finie ici comme une action pour et par le respect<\/em>. Il y faut travailler \u00e0 bien comprendre et appliquer quatre grands principes de base\u00a0:<\/p>\n<p>P1\u00a0\u00a0\u00a0\u00a0\u00a0\u00a0\u00a0 Le <em>principe de reconnaissance de toute personne<\/em> en tant que telle<\/p>\n<p>P2\u00a0\u00a0\u00a0\u00a0\u00a0\u00a0\u00a0 Le <em>principe de reconnaissance du groupe<\/em> (nation, groupe religieux, etc.) de cette personne, quel que soit ce groupe<\/p>\n<p>P3\u00a0\u00a0\u00a0\u00a0\u00a0\u00a0\u00a0 Le <em>principe de l\u2019aide<\/em> qu\u2019on devrait apporter \u00e0 cette personne afin qu\u2019elle puisse se d\u00e9velopper de fa\u00e7on autonome<\/p>\n<p>P4\u00a0\u00a0\u00a0\u00a0\u00a0\u00a0\u00a0 Le <em>principe de l\u2019aide<\/em> qu\u2019on devrait apporter au groupe de cette personne afin qu\u2019il puisse se d\u00e9velopper de fa\u00e7on autonome<\/p>\n<p>Le principe P1 consiste \u00e0 reconna\u00eetre toute personne comme une personne au plein sens du terme, c\u2019est-\u00e0-dire comme une personne \u00e9gale \u00e0 toute autre personne. Il consiste, ce faisant, \u00e0 reconna\u00eetre pleinement le groupe d\u2019appartenance prioritaire de toute personne en tant que tel, soit le groupe auquel cette personne veut appartenir plus qu\u2019\u00e0 tout autre groupe. Il pourra s\u2019agir notamment de sa nation ou de son groupe religieux. En ce sens, le principe P2 d\u00e9coule logiquement du principe\u00a0P1.<\/p>\n<p>N.B.:\u00a0Une mise en application du principe P2 a \u00e9t\u00e9 faite sous la forme d&rsquo;un r\u00e9f\u00e9rendum mondial en vue de reconna\u00eetre toutes les nations et de cr\u00e9er une Soci\u00e9t\u00e9 de Toutes les Nations:\u00a0<a href=\"http:\/\/touteslesnations.yprovencal.profweb.ca\/\">R\u00e9f\u00e9rendum mondial pour une STN<\/a>.<\/p>\n<p>Le principe P3 consiste \u00e0 aider toute personne \u00e0 se d\u00e9velopper, autant qu\u2019il est possible, en tant que personne autonome ou tendant vers son autonomie. Il consiste aussi \u00e0 aider le groupe d\u2019appartenance prioritaire de cette personne \u00e0 se d\u00e9velopper, autant qu\u2019il est possible, en tant que groupe autonome ou tendant vers son autonomie<a id=\"ref-2\" href=\"#note-2\"><sup>2<\/sup><\/a>. En ce sens, le principe P4 d\u00e9coule logiquement du principe P3.<\/p>\n<h3><em>Quelques implications des principes du M\u00e9mo:<\/em><\/h3>\n<p>Le caract\u00e8re <em>universel <\/em>de ces principes d\u00e9coule de leur formulation\u00a0:<\/p>\n<p>U1\u00a0\u00a0\u00a0\u00a0\u00a0\u00a0 Il r\u00e9sulte logiquement du principe P1 que toutes les personnes sont \u00e9gales entre elles, les femmes aussi bien que les hommes, les gais aussi bien que les h\u00e9t\u00e9ros, les personnes \u00ab\u00a0d\u00e9linquantes\u00a0\u00bb aussi bien que les autres personnes, etc., c\u2019est-\u00e0-dire qu\u2019elles sont toutes des personnes au plein sens du terme quelles que soient leurs diff\u00e9rences.<\/p>\n<p>U2\u00a0\u00a0\u00a0\u00a0\u00a0\u00a0 Il importe de reconna\u00eetre, d\u2019apr\u00e8s le principe P2, que tous les groupes sont \u00e9gaux entre eux, aussi petits, faibles ou d\u00e9munis soient-ils.<\/p>\n<p>U2.1\u00a0\u00a0\u00a0 Toutes les <em>nations<\/em> sont \u00e9gales entre elles, aussi petites, faibles ou d\u00e9munies soient-elles.<\/p>\n<p>U2.2\u00a0\u00a0\u00a0 Tous les <em>groupes religieux <\/em>sont \u00e9gaux entre eux, aussi petits, faibles ou d\u00e9munis soient-ils.<\/p>\n<p>De plus, le caract\u00e8re <em>actif<\/em> de ces principes d\u00e9coule des principes de l\u2019\u00e9ducation au respect\u00a0:<\/p>\n<p>A1\u00a0\u00a0\u00a0\u00a0\u00a0\u00a0 Tous les humains devraient autant que possible \u00eatre aid\u00e9s dans leur d\u00e9veloppement personnel; en aucun cas un humain ne devrait \u00eatre, dans son d\u00e9veloppement personnel, entrav\u00e9 de fa\u00e7on arbitraire ou au nom d\u2019une morale quelconque, que ce soit en tant qu\u2019humain \u00ab\u00a0anormal\u00a0\u00bb, \u00ab\u00a0malade\u00a0\u00bb ou \u00ab\u00a0d\u00e9linquant\u00a0\u00bb.<\/p>\n<p>A2\u00a0\u00a0\u00a0\u00a0\u00a0\u00a0 Tous les groupes humains (i.e. les groupes d\u2019appartenance prioritaire tels que les nations, les groupes religieux, etc.) devraient autant que possible \u00eatre aid\u00e9s dans leur d\u00e9veloppement autonome; en aucun cas le d\u00e9veloppement autonome d\u2019un groupe ne devrait \u00eatre entrav\u00e9 de fa\u00e7on arbitraire, que ce soit en tant que groupe jug\u00e9 \u00ab\u00a0anormal\u00a0\u00bb, \u00ab\u00a0arri\u00e9r\u00e9\u00a0\u00bb, \u00ab\u00a0d\u00e9linquant\u00a0\u00bb, etc.<\/p>\n<p>A2.1\u00a0\u00a0\u00a0 Il faudrait travailler dans le sens du respect mutuel des nations, ce qui implique qu\u2019elles se reconnaissent mutuellement comme des nations au plein sens du terme et qu\u2019elles cherchent \u00e0 s\u2019aider\u00a0 plut\u00f4t qu\u2019\u00e0 se nuire mutuellement.<\/p>\n<p>A2.2\u00a0\u00a0\u00a0 Il faudrait, de m\u00eame, travailler dans le sens du respect mutuel des groupes religieux, ce qui implique qu\u2019ils se reconnaissent mutuellement comme des groupes religieux au plein sens du terme et qu\u2019ils cherchent \u00e0 s\u2019aider\u00a0 plut\u00f4t qu\u2019\u00e0 se nuire mutuellement.<\/p>\n<p>A3\u00a0\u00a0\u00a0\u00a0\u00a0\u00a0 Les humains devraient \u00eatre aid\u00e9s activement \u00e0 cesser de m\u00e9sestimer, de rabaisser ou de m\u00e9juger d\u2019autres humains sans raison suffisante.<\/p>\n<p>A3.1\u00a0\u00a0\u00a0 Nous devrions examiner et \u00e9valuer les opinions exprim\u00e9es par les autres quelles que soient ces opinions, \u00e9tant entendu que toute critique devrait \u00eatre faite dans la recherche commune d\u2019un terrain d\u2019entente.<\/p>\n<p>A3.2\u00a0\u00a0\u00a0 En outre, dans le respect des autres en g\u00e9n\u00e9ral, nous ne devrions\u00a0pas chercher \u00e0\u00a0vilipender qui que ce soit\u00a0ni son groupe quel qu\u2019il soit.<\/p>\n<p>A4\u00a0\u00a0\u00a0\u00a0\u00a0\u00a0 Les <em>PAM<\/em> (<em><a title=\"Qu\u2019est-ce qu\u2019une PAM ?\" href=\"http:\/\/mail.agoratheque.3zcom.com\/?page_id=1832\">p\u00e9dagogies agissant sur le monde<\/a><\/em>) sont, tout comme le M\u00e9mo,\u00a0autant de fa\u00e7ons in\u00e9dites d\u2019agir dans le sens du respect universel de toute personne et de son groupe. Une PAM est une forme de p\u00e9dagogie utilisant l\u2019Internet afin d\u2019instituer une id\u00e9e, une entit\u00e9 ou un projet par la reconnaissance \u00e9thique\u00a0mutuelle ou, plus largement, par <a title=\"Le respect des personnes et des groupes dans leur autonomie\" href=\"http:\/\/mail.agoratheque.3zcom.com\/?page_id=641\">respect<\/a> mutuel, et qui ce faisant, agit sur le monde. C\u2019est une p\u00e9dagogie\u00a0cr\u00e9atrice \u00e0 l\u2019\u00e9chelle du monde.<\/p>\n<div>\n<div style=\"mso-element: footnote-list;\">\n<div id=\"ftn1\" style=\"mso-element: footnote;\">\n<p class=\"MsoFootnoteText\" style=\"margin: 0cm 0cm 0pt;\"><span style=\"line-height: 115%; font-style: normal; color: windowtext; font-size: 12pt; font-weight: normal; mso-bidi-font-weight: bold; mso-bidi-font-style: italic;\"><span style=\"font-family: Cambria;\">Voici les titres (et les liens) vers certaines des PAM:<\/span><\/span><\/p>\n<\/div>\n<\/div>\n<\/div>\n<h4 style=\"margin: 10pt 0cm 0pt;\"><span style=\"line-height: 115%; color: #00ff00; font-size: 12pt; font-weight: normal; mso-bidi-font-weight: bold;\"><span style=\"color: #000000; text-decoration: underline;\"><a title=\"Lettre ouverte aux f\u00e9ministes\" href=\"http:\/\/mail.agoratheque.3zcom.com\/?page_id=2975\"><em><span style=\"font-family: Cambria;\">Lettre ouverte aux f\u00e9ministes<\/span><\/em><\/a><\/span><em><span style=\"font-family: Cambria;\">:<\/span><\/em><\/span><span style=\"line-height: 115%; font-style: normal; color: windowtext; font-size: 12pt; font-weight: normal; mso-bidi-font-weight: bold; mso-bidi-font-style: italic;\"><span style=\"font-family: Cambria;\"> Venir en aide aux femmes maltrait\u00e9es du monde entier<\/span><\/span><\/h4>\n<h4 style=\"margin: 10pt 0cm 0pt;\"><span style=\"line-height: 115%; color: windowtext; font-size: 12pt; font-weight: normal; mso-bidi-font-weight: bold;\"><span style=\"text-decoration: underline;\"><a title=\"Lettre ouverte aux musulmans\" href=\"http:\/\/mail.agoratheque.3zcom.com\/?page_id=2955\"><span style=\"color: windowtext;\"><em><span style=\"font-family: Cambria;\">Lettre ouverte aux musulmans<\/span><\/em><\/span><\/a><\/span><em><span style=\"font-family: Cambria;\">:<\/span><\/em><\/span><span style=\"line-height: 115%; font-style: normal; color: windowtext; font-size: 12pt; font-weight: normal; mso-bidi-font-weight: bold; mso-bidi-font-style: italic;\"><span style=\"font-family: Cambria;\"> L\u2019islam, pourquoi pas?<\/span><\/span><\/h4>\n<h4 style=\"margin: 10pt 0cm 0pt;\"><span style=\"line-height: 115%; color: windowtext; font-size: 12pt; font-weight: normal; mso-bidi-font-weight: bold;\"><span style=\"text-decoration: underline;\"><a href=\"http:\/\/touteslesnations.yprovencal.profweb.ca\/\"><span style=\"color: windowtext;\"><em><span style=\"font-family: Cambria;\">R\u00e9f\u00e9rendum mondial pour une Soci\u00e9t\u00e9 de Toutes les Nations (STN)<\/span><\/em><\/span><\/a><\/span><em><span style=\"font-family: Cambria;\">:<\/span><\/em><\/span><span style=\"font-family: Cambria;\"><span style=\"line-height: 115%; font-style: normal; color: windowtext; font-size: 12pt; font-weight: normal; mso-bidi-font-weight: bold; mso-bidi-font-style: italic;\"> Fonder une nouvelle \u00ab\u00a0ONU\u00a0\u00bb, o\u00f9 <\/span><em><span style=\"line-height: 115%; font-family: 'Cambria','serif'; color: windowtext; font-size: 12pt; font-weight: normal; mso-ascii-theme-font: major-latin; mso-hansi-theme-font: major-latin; mso-bidi-font-family: 'Times New Roman'; mso-bidi-theme-font: major-bidi; mso-bidi-font-weight: bold; mso-bidi-font-style: normal;\">toutes<\/span><\/em><span style=\"line-height: 115%; font-style: normal; color: windowtext; font-size: 12pt; font-weight: normal; mso-bidi-font-weight: bold; mso-bidi-font-style: italic;\"> les nations seraient reconnues et trait\u00e9es \u00e9galement<\/span><\/span><\/h4>\n<h4 style=\"margin: 10pt 0cm 0pt;\"><span style=\"line-height: 115%; color: windowtext; font-size: 12pt; font-weight: normal; mso-bidi-font-weight: bold;\"><span style=\"text-decoration: underline;\"><a title=\"Lettre ouverte aux souverainistes qu\u00e9b\u00e9cois\" href=\"http:\/\/mail.agoratheque.3zcom.com\/?page_id=2665\"><span style=\"color: windowtext;\"><em><span style=\"font-family: Cambria;\">Lettre ouverte aux souverainistes qu\u00e9b\u00e9cois<\/span><\/em><\/span><\/a><\/span><em><span style=\"font-family: Cambria;\">:<\/span><\/em><\/span><span style=\"line-height: 115%; font-style: normal; color: windowtext; font-size: 12pt; font-weight: normal; mso-bidi-font-weight: bold; mso-bidi-font-style: italic;\"><span style=\"font-family: Cambria;\"> Faire de la question du Qu\u00e9bec une question d\u2019int\u00e9r\u00eat plan\u00e9taire<\/span><\/span><\/h4>\n<h4 style=\"margin: 10pt 0cm 0pt;\"><span style=\"line-height: 115%; font-style: normal; color: windowtext; font-size: 12pt; font-weight: normal; mso-bidi-font-weight: bold; mso-bidi-font-style: italic;\"><span style=\"font-family: Cambria;\"><span style=\"text-decoration: underline;\"><a title=\"Lettre ouverte aux femmes et aux hommes politiques\" href=\"http:\/\/mail.agoratheque.3zcom.com\/?page_id=3602\"><em>Lettre ouverte aux femmes et aux hommes politiques<\/em><\/a><\/span>: R\u00e9pondre \u00e0 l&rsquo;urgence climatique&#8230;<\/span><\/span><\/h4>\n<h4 style=\"margin: 10pt 0cm 0pt;\"><span style=\"line-height: 115%; color: windowtext; font-size: 12pt; font-weight: normal; mso-bidi-font-weight: bold;\"><span style=\"text-decoration: underline;\"><a title=\"Lettre ouverte aux catholiques\" href=\"http:\/\/mail.agoratheque.3zcom.com\/?page_id=2243\"><span style=\"color: windowtext;\"><em><span style=\"font-family: Cambria;\">Lettre ouverte aux catholiques<\/span><\/em><\/span><\/a><\/span><em><span style=\"font-family: Cambria;\">:<\/span><\/em><\/span><span style=\"line-height: 115%; font-style: normal; color: windowtext; font-size: 12pt; font-weight: normal; mso-bidi-font-weight: bold; mso-bidi-font-style: italic;\"><span style=\"font-family: Cambria;\"> Redonner sens au catholicisme<\/span><\/span><\/h4>\n<h4 style=\"margin: 10pt 0cm 0pt;\"><span style=\"line-height: 115%; color: windowtext; font-size: 12pt; font-weight: normal; mso-bidi-font-weight: bold;\"><span style=\"text-decoration: underline;\"><a title=\"Manifeste pour un progressisme mondial et \u00e0 long terme\" href=\"http:\/\/mail.agoratheque.3zcom.com\/?page_id=378\"><span style=\"color: windowtext;\"><em><span style=\"font-family: Cambria;\">Manifeste pour un progressisme mondial et \u00e0 long terme<\/span><\/em><\/span><\/a><\/span><em><span style=\"font-family: Cambria;\">:<\/span><\/em><\/span><span style=\"line-height: 115%; font-style: normal; color: windowtext; font-size: 12pt; font-weight: normal; mso-bidi-font-weight: bold; mso-bidi-font-style: italic;\"><span style=\"font-family: Cambria;\"> Pour un progressisme \u00e0 la fois efficace et respectueux de tous<\/span><\/span><\/h4>\n<p class=\"MsoNormal\" style=\"margin: 0cm 0cm 10pt; mso-margin-top-alt: auto; mso-margin-bottom-alt: auto; mso-line-height-alt: 12.9pt;\"><span style=\"font-family: 'Georgia','serif'; font-size: 14pt; mso-fareast-font-family: 'Times New Roman'; mso-bidi-font-family: 'Times New Roman'; mso-fareast-language: FR;\">\u00a0<\/span><\/p>\n<p>&nbsp;<\/p>\n<table class=\"MsoNormalTable\" style=\"width: 375.25pt; mso-cellspacing: 0cm; mso-border-alt: three-d-emboss windowtext 6.0pt; mso-yfti-tbllook: 1184; mso-padding-alt: 0cm 0cm 0cm 0cm; mso-border-insideh: 6.0pt three-d-emboss windowtext; mso-border-insidev: 6.0pt three-d-emboss windowtext; border: windowtext 6pt ridge;\" border=\"1\" width=\"500\" cellspacing=\"0\" cellpadding=\"0\">\n<tbody>\n<tr style=\"height: 177.4pt; mso-yfti-irow: 0; mso-yfti-firstrow: yes; mso-yfti-lastrow: yes;\">\n<td style=\"background-color: transparent; width: 375.25pt; height: 177.4pt; mso-border-alt: three-d-emboss windowtext 6.0pt; border: windowtext 6pt ridge; padding: 0cm;\" valign=\"top\" width=\"500\">\n<p class=\"MsoNormal\" style=\"line-height: normal; margin: 0cm 5.45pt 10pt; mso-margin-top-alt: auto; mso-margin-bottom-alt: auto; mso-outline-level: 3;\"><span style=\"color: #0000ff;\"><strong><em><span style=\"font-family: 'Times New Roman','serif'; font-size: 14pt; mso-fareast-font-family: 'Times New Roman'; mso-fareast-language: FR;\">Devenez membre du <\/span><\/em><\/strong><strong><span style=\"font-family: 'Times New Roman','serif'; font-size: 14pt; mso-fareast-font-family: 'Times New Roman'; mso-fareast-language: FR;\">Mouvement \u00e9thique\u00a0mondial:<\/span><\/strong><\/span><\/p>\n<p class=\"MsoNormal\" style=\"line-height: normal; margin: 0cm 5.45pt 10pt; mso-margin-top-alt: auto; mso-margin-bottom-alt: auto;\"><span style=\"font-family: 'Times New Roman','serif'; color: #0000ff; font-size: 14pt; mso-fareast-font-family: 'Times New Roman'; mso-fareast-language: FR;\">En tant que membre du M\u00e9mo, vous vous engagez au respect des personnes et des groupes tel que d\u00e9fini et expliqu\u00e9 ci-dessus, autant qu&rsquo;il vous est possible, \u00e0 faire\u00a0conna\u00eetre ce Mouvement\u00a0et\u00a0\u00e0 inciter d&rsquo;autres personnes \u00e0 en devenir membres. Pour marquer votre d\u00e9cision de devenir membre, vous n&rsquo;avez qu&rsquo;\u00e0 remplir ce formulaire et confirmer:\u00a0<\/span><\/p>\n<p class=\"MsoNormal\" style=\"line-height: normal; margin: 0cm 5.45pt 10pt; mso-margin-top-alt: auto; mso-margin-bottom-alt: auto;\"><span style=\"background-color: transparent; line-height: 1.5em;\">[contact-form 1 \u00ab\u00a0Formulaire de contact 1\u00a0\u00bb]<\/span><\/p>\n<\/td>\n<\/tr>\n<\/tbody>\n<\/table>\n<p class=\"MsoNormal\" style=\"margin: 0cm 0cm 10pt; mso-margin-top-alt: auto; mso-margin-bottom-alt: auto; mso-line-height-alt: 12.9pt;\"><span style=\"font-family: 'Georgia','serif'; color: #0000ff; font-size: 14pt; mso-bidi-font-family: 'Times New Roman'; mso-fareast-font-family: 'Times New Roman'; mso-fareast-language: FR;\">\u00a0<\/span><\/p>\n<p class=\"MsoNormal\" style=\"margin: 0cm 0cm 10pt; mso-margin-top-alt: auto; mso-margin-bottom-alt: auto; mso-line-height-alt: 12.9pt;\"><span style=\"font-family: 'Georgia','serif'; color: #0000ff; font-size: 14pt; mso-bidi-font-family: 'Times New Roman'; mso-fareast-font-family: 'Times New Roman'; mso-fareast-language: FR;\"><span style=\"font-size: x-small;\"><span style=\"color: #000000;\"><span style=\"font-size: x-small;\"><em>\u00a0<\/em><\/span><\/span><\/span><\/span><\/p>\n<p class=\"MsoNormal\" style=\"margin: 0cm 0cm 10pt; mso-margin-top-alt: auto; mso-margin-bottom-alt: auto; mso-line-height-alt: 12.9pt;\"><span style=\"font-family: 'Georgia','serif'; color: #0000ff; font-size: 14pt; mso-bidi-font-family: 'Times New Roman'; mso-fareast-font-family: 'Times New Roman'; mso-fareast-language: FR;\"><span style=\"font-size: x-small;\"><span style=\"color: #000000;\"><span style=\"font-size: x-small;\"><em>Nota bene<\/em>:\u00a0Le responsable du M\u00c9MO est Yvon Proven\u00e7al (2011). <span class=\"yafootnotebody\">En tant qu\u2019enseignant de philosophie au Qu\u00e9bec, j&rsquo;ai\u00a0eu\u00a0la responsabilit\u00e9 de sensibiliser les citoyennes \/ citoyens aux enjeux essentiels de la soci\u00e9t\u00e9 qu\u00e9b\u00e9coise et des soci\u00e9t\u00e9s du monde en g\u00e9n\u00e9ral. J&rsquo;assume maintenant cette responsabilit\u00e9 de fa\u00e7on conforme \u00e0 l&rsquo;\u00e9thique du respect.<\/span><\/span><span style=\"font-size: x-small;\"><span class=\"yafootnotebody\">\u00a0<\/span><\/span><\/span><\/span><\/span><\/p>\n<p class=\"MsoNormal\" style=\"margin: 0cm 0cm 10pt;\"><a id=\"note-1\" href=\"#ref-1\">1<\/a>\u00a0Textes et ouvrages de r\u00e9f\u00e9rences\u00a0: <a title=\"Le respect des personnes et des groupes dans leur autonomie\" href=\"http:\/\/mail.agoratheque.3zcom.com\/?page_id=641\">Le respect des personnes et des groupes dans leur autonomie<\/a> , <a title=\"\u00c9claircissement sur le respect des groupes\" href=\"http:\/\/mail.agoratheque.3zcom.com\/?page_id=646\">\u00c9claircissement sur le respect des groupes<\/a> , <a title=\"Le Projet Respect\" href=\"http:\/\/mail.agoratheque.3zcom.com\/?page_id=146\"><em>Le Projet Respect<\/em> <\/a>et <em><a title=\"La diabolisation\" href=\"http:\/\/mail.agoratheque.3zcom.com\/?page_id=148\">La diabolisation. Une p\u00e9dagogie de l\u2019\u00e9thique<\/a><\/em>, <a title=\"Le respect de la diff\u00e9rence\" href=\"http:\/\/mail.agoratheque.3zcom.com\/?page_id=3298\">Le respect de la diff\u00e9rence<\/a>.Voir aussi <em><a title=\"Qu\u2019est-ce qu\u2019une PAM ?\" href=\"http:\/\/mail.agoratheque.3zcom.com\/?page_id=1832\">Qu\u2019est-ce qu\u2019une PAM\u00a0?<\/a> <\/em>, et, en particulier, le <em><a href=\"http:\/\/touteslesnations.yprovencal.profweb.ca\/\">R\u00e9f\u00e9rendum pour une Soci\u00e9t\u00e9 de Toutes les Nations, (Referendum for a Society of All Nations<\/a>),\u00a0\u00a0<\/em><a id=\"note-1\" href=\"#ref-1\">1<\/a><\/p>\n<div>\n<div>\n<p><a id=\"note-2\" href=\"#ref-2\">2<\/a>\u00a0Le concept d\u2019autonomie ne va pas de soi. Le sens en est pr\u00e9cis\u00e9 de fa\u00e7on critique dans l\u2019Agorath\u00e8que\u00a0: \u00ab\u00a0<em><a title=\"Le respect des personnes et des groupes dans leur autonomie\" href=\"http:\/\/mail.agoratheque.3zcom.com\/?page_id=641\">Le respect des personnes et des groupes dans leur autonomie<\/a><\/em> \u00bb. <a id=\"note-2\" href=\"#ref-2\">2<\/a><\/p>\n<\/div>\n<\/div>\n<div class=\"edit-link\"><a class=\"post-edit-link\" href=\"\">modifier<\/a><\/div>","protected":false},"excerpt":{"rendered":"<p>\u00c9nonc\u00e9s et explications des principes du M\u00e9mo [English] Le Mouvement \u00e9thique\u00a0mondial\u00a0regroupe tous ceux qui veulent ou d\u00e9sirent \u0153uvrer \u00e0 changer le monde et qui nourrissent\u00a0la plus\u00a0haute id\u00e9e du respect des personnes dans leur autonomie. Le M\u00e9mo se con\u00e7oit comme une \u00e9thique z\u00e9ro exclusion\u00a0mettant&#8230;<\/p>\n","protected":false},"author":1,"featured_media":0,"parent":0,"menu_order":10,"comment_status":"open","ping_status":"open","template":"","meta":[],"tags":[],"_links":{"self":[{"href":"http:\/\/agoratheque.3zcom.com\/index.php?rest_route=\/wp\/v2\/pages\/3183"}],"collection":[{"href":"http:\/\/agoratheque.3zcom.com\/index.php?rest_route=\/wp\/v2\/pages"}],"about":[{"href":"http:\/\/agoratheque.3zcom.com\/index.php?rest_route=\/wp\/v2\/types\/page"}],"author":[{"embeddable":true,"href":"http:\/\/agoratheque.3zcom.com\/index.php?rest_route=\/wp\/v2\/users\/1"}],"replies":[{"embeddable":true,"href":"http:\/\/agoratheque.3zcom.com\/index.php?rest_route=%2Fwp%2Fv2%2Fcomments&post=3183"}],"version-history":[{"count":125,"href":"http:\/\/agoratheque.3zcom.com\/index.php?rest_route=\/wp\/v2\/pages\/3183\/revisions"}],"predecessor-version":[{"id":5042,"href":"http:\/\/agoratheque.3zcom.com\/index.php?rest_route=\/wp\/v2\/pages\/3183\/revisions\/5042"}],"wp:attachment":[{"href":"http:\/\/agoratheque.3zcom.com\/index.php?rest_route=%2Fwp%2Fv2%2Fmedia&parent=3183"}],"wp:term":[{"taxonomy":"post_tag","embeddable":true,"href":"http:\/\/agoratheque.3zcom.com\/index.php?rest_route=%2Fwp%2Fv2%2Ftags&post=3183"}],"curies":[{"name":"wp","href":"https:\/\/api.w.org\/{rel}","templated":true}]}}