{"id":326,"date":"2011-06-17T16:11:44","date_gmt":"2011-06-17T20:11:44","guid":{"rendered":"http:\/\/agoratheque.yprovencal.ep.profweb.qc.ca\/?page_id=326"},"modified":"2015-02-05T12:52:06","modified_gmt":"2015-02-05T16:52:06","slug":"finalites-de-lagoratheque","status":"publish","type":"page","link":"http:\/\/agoratheque.3zcom.com\/?page_id=326","title":{"rendered":"Finalit\u00e9s de l&rsquo;Agorath\u00e8que"},"content":{"rendered":"<p>L\u2019Agorath\u00e8que sert notamment \u00e0 conserver et \u00e0 ordonner<a href=\"http:\/\/mail.agoratheque.3zcom.com\/wp-content\/uploads\/2011\/06\/alpha-om\u00e9ga.png\"><img decoding=\"async\" loading=\"lazy\" class=\"alignnone  wp-image-4768\" src=\"http:\/\/mail.agoratheque.3zcom.com\/wp-content\/uploads\/2011\/06\/alpha-om\u00e9ga.png\" alt=\"alpha om\u00e9ga\" width=\"97\" height=\"97\" srcset=\"http:\/\/agoratheque.3zcom.com\/wp-content\/uploads\/2011\/06\/alpha-om\u00e9ga.png 200w, http:\/\/agoratheque.3zcom.com\/wp-content\/uploads\/2011\/06\/alpha-om\u00e9ga-150x150.png 150w\" sizes=\"(max-width: 97px) 100vw, 97px\" \/><\/a><\/p>\n<p>certains des meilleurs \u00e9l\u00e9ments de discussions dans des forums (en classe ou en ligne), classifi\u00e9s d\u2019apr\u00e8s des sujets de discussion. En g\u00e9n\u00e9ral, ces \u00e9l\u00e9ments y sont pr\u00e9sent\u00e9s de fa\u00e7on \u00e0 respecter le style d\u2019interaction des discussions. Elle constitue alors un moyen d\u2019enrichir l\u2019argumentaire des \u00e9tudiants <a id=\"ref-1\" href=\"#note-1\"><sup>1<\/sup><\/a>, notamment dans le cas o\u00f9 ils ont \u00e0 r\u00e9diger des textes d\u2019argumentation ou des dissertations. Ils peuvent s\u2019en inspirer pour puiser de meilleurs arguments ou, simplement, pour saisir les fa\u00e7ons d\u2019interagir dans des discussions en combinant cr\u00e9ativit\u00e9 et rigueur et, aussi, en respectant les autres. Plus g\u00e9n\u00e9ralement, l\u2019Agorath\u00e8que peut servir de source m\u00e9diagraphique afin de constituer des dossiers ou des th\u00e8ses sur tout sujet qui y figure. Les \u00e9l\u00e9ments de discussion issus de l\u2019Agorath\u00e8que peuvent servir \u00e0 quiconque de mod\u00e8les de d\u00e9veloppements rationnels de la pens\u00e9e. L\u2019Agorath\u00e8que fournit des mod\u00e8les de critiques libres mais respectueuses envers autrui sur\u00a0un grand nombre de\u00a0sujets d\u2019int\u00e9r\u00eat.\u00a0Il appara\u00eetra en outre que les discussions figurant dans l&rsquo;agorath\u00e8que qui est ici pr\u00e9sent\u00e9e comportent souvent des d\u00e9couvertes conceptuelles d&rsquo;un genre inhabituel.<\/p>\n<p>Voir <em><a title=\"La p\u00e9dagogie des forums de discussion\" href=\"http:\/\/mail.agoratheque.3zcom.com\/?page_id=353\" target=\"_blank\">La p\u00e9dagogie des forums de discussion<\/a><\/em>.<\/p>\n<div>\n<div id=\"ftn1\">\n<p><a id=\"note-1\" href=\"#ref-1\">1<\/a> Le genre masculin est utilis\u00e9 comme g\u00e9n\u00e9rique. Retour <a id=\"note-1\" href=\"#ref-1\">1<\/a><\/p>\n<\/div>\n<\/div>\n<div class=\"edit-link\"><a class=\"post-edit-link\" href=\"\">modifier<\/a><\/div>","protected":false},"excerpt":{"rendered":"<p>L\u2019Agorath\u00e8que sert notamment \u00e0 conserver et \u00e0 ordonner certains des meilleurs \u00e9l\u00e9ments de discussions dans des forums (en classe ou en ligne), classifi\u00e9s d\u2019apr\u00e8s des sujets de discussion. En g\u00e9n\u00e9ral, ces \u00e9l\u00e9ments y sont pr\u00e9sent\u00e9s de fa\u00e7on \u00e0 respecter le style d\u2019interaction des&#8230;<\/p>\n","protected":false},"author":1,"featured_media":0,"parent":299,"menu_order":0,"comment_status":"open","ping_status":"open","template":"","meta":[],"tags":[],"_links":{"self":[{"href":"http:\/\/agoratheque.3zcom.com\/index.php?rest_route=\/wp\/v2\/pages\/326"}],"collection":[{"href":"http:\/\/agoratheque.3zcom.com\/index.php?rest_route=\/wp\/v2\/pages"}],"about":[{"href":"http:\/\/agoratheque.3zcom.com\/index.php?rest_route=\/wp\/v2\/types\/page"}],"author":[{"embeddable":true,"href":"http:\/\/agoratheque.3zcom.com\/index.php?rest_route=\/wp\/v2\/users\/1"}],"replies":[{"embeddable":true,"href":"http:\/\/agoratheque.3zcom.com\/index.php?rest_route=%2Fwp%2Fv2%2Fcomments&post=326"}],"version-history":[{"count":10,"href":"http:\/\/agoratheque.3zcom.com\/index.php?rest_route=\/wp\/v2\/pages\/326\/revisions"}],"predecessor-version":[{"id":4770,"href":"http:\/\/agoratheque.3zcom.com\/index.php?rest_route=\/wp\/v2\/pages\/326\/revisions\/4770"}],"up":[{"embeddable":true,"href":"http:\/\/agoratheque.3zcom.com\/index.php?rest_route=\/wp\/v2\/pages\/299"}],"wp:attachment":[{"href":"http:\/\/agoratheque.3zcom.com\/index.php?rest_route=%2Fwp%2Fv2%2Fmedia&parent=326"}],"wp:term":[{"taxonomy":"post_tag","embeddable":true,"href":"http:\/\/agoratheque.3zcom.com\/index.php?rest_route=%2Fwp%2Fv2%2Ftags&post=326"}],"curies":[{"name":"wp","href":"https:\/\/api.w.org\/{rel}","templated":true}]}}