{"id":3313,"date":"2012-03-09T13:59:33","date_gmt":"2012-03-09T17:59:33","guid":{"rendered":"http:\/\/agoratheque.yprovencal.ep.profweb.qc.ca\/?page_id=3313"},"modified":"2012-03-09T14:00:35","modified_gmt":"2012-03-09T18:00:35","slug":"explications-supplementaires-une-liberte-scientifiquement-determinee","status":"publish","type":"page","link":"http:\/\/agoratheque.3zcom.com\/?page_id=3313","title":{"rendered":"Explications suppl\u00e9mentaires : Une libert\u00e9 scientifiquement d\u00e9termin\u00e9e ?"},"content":{"rendered":"<p>L\u2019id\u00e9e d\u2019autonomie concr\u00e8te n\u2019est pas contredite par les d\u00e9terminations scientifiques telles que celles de l\u2019histoire, de la sociologie ou de tout autre champ d\u2019\u00e9tude existant. C\u2019est une forme de libert\u00e9 qui est compatible avec ces contraintes dans la mesure o\u00f9 ces contraintes restent factuellement compatibles avec une \u00e9volution personnelle et soci\u00e9tale vers plus de possibilit\u00e9s effectives. Libre est la personne qui peut concr\u00e8tement se d\u00e9velopper, donner libre cours \u00e0 ses potentialit\u00e9s humaines. Libre est la personne qui s\u2019identifie au groupe qui est le sien (d\u2019apr\u00e8s elle) et continue de le vouloir m\u00eame s\u2019il appara\u00eet des d\u00e9terminations ext\u00e9rieures \u00e0 son choix.<\/p>\n<div class=\"edit-link\"><a class=\"post-edit-link\" href=\"\">modifier<\/a><\/div>","protected":false},"excerpt":{"rendered":"<p>L\u2019id\u00e9e d\u2019autonomie concr\u00e8te n\u2019est pas contredite par les d\u00e9terminations scientifiques telles que celles de l\u2019histoire, de la sociologie ou de tout autre champ d\u2019\u00e9tude existant. C\u2019est une forme de libert\u00e9 qui est compatible avec ces contraintes dans la mesure o\u00f9 ces contraintes restent&#8230;<\/p>\n","protected":false},"author":1,"featured_media":0,"parent":3298,"menu_order":10,"comment_status":"open","ping_status":"open","template":"","meta":[],"tags":[],"_links":{"self":[{"href":"http:\/\/agoratheque.3zcom.com\/index.php?rest_route=\/wp\/v2\/pages\/3313"}],"collection":[{"href":"http:\/\/agoratheque.3zcom.com\/index.php?rest_route=\/wp\/v2\/pages"}],"about":[{"href":"http:\/\/agoratheque.3zcom.com\/index.php?rest_route=\/wp\/v2\/types\/page"}],"author":[{"embeddable":true,"href":"http:\/\/agoratheque.3zcom.com\/index.php?rest_route=\/wp\/v2\/users\/1"}],"replies":[{"embeddable":true,"href":"http:\/\/agoratheque.3zcom.com\/index.php?rest_route=%2Fwp%2Fv2%2Fcomments&post=3313"}],"version-history":[{"count":3,"href":"http:\/\/agoratheque.3zcom.com\/index.php?rest_route=\/wp\/v2\/pages\/3313\/revisions"}],"predecessor-version":[{"id":3316,"href":"http:\/\/agoratheque.3zcom.com\/index.php?rest_route=\/wp\/v2\/pages\/3313\/revisions\/3316"}],"up":[{"embeddable":true,"href":"http:\/\/agoratheque.3zcom.com\/index.php?rest_route=\/wp\/v2\/pages\/3298"}],"wp:attachment":[{"href":"http:\/\/agoratheque.3zcom.com\/index.php?rest_route=%2Fwp%2Fv2%2Fmedia&parent=3313"}],"wp:term":[{"taxonomy":"post_tag","embeddable":true,"href":"http:\/\/agoratheque.3zcom.com\/index.php?rest_route=%2Fwp%2Fv2%2Ftags&post=3313"}],"curies":[{"name":"wp","href":"https:\/\/api.w.org\/{rel}","templated":true}]}}