{"id":371,"date":"2011-06-19T11:43:09","date_gmt":"2011-06-19T15:43:09","guid":{"rendered":"http:\/\/agoratheque.yprovencal.ep.profweb.qc.ca\/?page_id=371"},"modified":"2011-06-19T11:48:27","modified_gmt":"2011-06-19T15:48:27","slug":"pourquoi-des-manifestes","status":"publish","type":"page","link":"http:\/\/agoratheque.3zcom.com\/?page_id=371","title":{"rendered":"Pourquoi des manifestes?"},"content":{"rendered":"<p>En r\u00e9sum\u00e9,\u00a0mes motifs ont \u00e9t\u00e9 d\u2019ordre p\u00e9dagogique. J&rsquo;ai\u00a0toujours\u00a0eu pr\u00e9sente \u00e0 l&rsquo;esprit\u00a0l&rsquo;id\u00e9e\u00a0de contribuer \u00e0 la formation de citoyens, mais j&rsquo;ai aussi \u00e9t\u00e9 stimul\u00e9 par l\u2019id\u00e9e de faire r\u00e9ellement avancer les questions les plus fondamentales auxquelles se trouve confront\u00e9 l\u2019humain actuel. Or, \u00e9tant donn\u00e9 le r\u00f4le que je me suis donn\u00e9 d\u2019initier ou de promouvoir des forums de discussions, j\u2019ai d\u00fb trouver des concepts, des id\u00e9es ou des questions susceptibles de provoquer de bons \u00e9changes. Je dois avouer que les r\u00e9sultats ont souvent d\u00e9pass\u00e9 mes attentes. Un \u00e9change que je qualifierais de dialectique s\u2019est poursuivi entre les \u00e9l\u00e8ves et moi qui nous a conduits \u00e0 envisager souvent de nouvelles pistes conceptuelles ou th\u00e9oriques. En fait, j\u2019accorde une telle importance \u00e0 ces trouvailles que j\u2019estime pertinent de les pr\u00e9senter sous la forme de v\u00e9ritables manifestes, susceptibles de conduire \u00e0 autant de mouvements sociopolitiques et culturels. Leur expression appara\u00eet dans les textes suivants. Si elle peut contribuer, dans l\u2019avenir, \u00e0 solutionner certains probl\u00e8mes \u00e9thiques, politiques, \u00e9pist\u00e9mologiques, etc. parmi les plus importants qui se posent \u00e0 l\u2019humain d\u2019aujourd\u2019hui, j\u2019aurai atteint mon but.<\/p>\n<div class=\"edit-link\"><a class=\"post-edit-link\" href=\"\">modifier<\/a><\/div>","protected":false},"excerpt":{"rendered":"<p>En r\u00e9sum\u00e9,\u00a0mes motifs ont \u00e9t\u00e9 d\u2019ordre p\u00e9dagogique. J&rsquo;ai\u00a0toujours\u00a0eu pr\u00e9sente \u00e0 l&rsquo;esprit\u00a0l&rsquo;id\u00e9e\u00a0de contribuer \u00e0 la formation de citoyens, mais j&rsquo;ai aussi \u00e9t\u00e9 stimul\u00e9 par l\u2019id\u00e9e de faire r\u00e9ellement avancer les questions les plus fondamentales auxquelles se trouve confront\u00e9 l\u2019humain actuel. Or, \u00e9tant donn\u00e9 le&#8230;<\/p>\n","protected":false},"author":1,"featured_media":0,"parent":363,"menu_order":0,"comment_status":"open","ping_status":"open","template":"","meta":[],"tags":[],"_links":{"self":[{"href":"http:\/\/agoratheque.3zcom.com\/index.php?rest_route=\/wp\/v2\/pages\/371"}],"collection":[{"href":"http:\/\/agoratheque.3zcom.com\/index.php?rest_route=\/wp\/v2\/pages"}],"about":[{"href":"http:\/\/agoratheque.3zcom.com\/index.php?rest_route=\/wp\/v2\/types\/page"}],"author":[{"embeddable":true,"href":"http:\/\/agoratheque.3zcom.com\/index.php?rest_route=\/wp\/v2\/users\/1"}],"replies":[{"embeddable":true,"href":"http:\/\/agoratheque.3zcom.com\/index.php?rest_route=%2Fwp%2Fv2%2Fcomments&post=371"}],"version-history":[{"count":5,"href":"http:\/\/agoratheque.3zcom.com\/index.php?rest_route=\/wp\/v2\/pages\/371\/revisions"}],"predecessor-version":[{"id":377,"href":"http:\/\/agoratheque.3zcom.com\/index.php?rest_route=\/wp\/v2\/pages\/371\/revisions\/377"}],"up":[{"embeddable":true,"href":"http:\/\/agoratheque.3zcom.com\/index.php?rest_route=\/wp\/v2\/pages\/363"}],"wp:attachment":[{"href":"http:\/\/agoratheque.3zcom.com\/index.php?rest_route=%2Fwp%2Fv2%2Fmedia&parent=371"}],"wp:term":[{"taxonomy":"post_tag","embeddable":true,"href":"http:\/\/agoratheque.3zcom.com\/index.php?rest_route=%2Fwp%2Fv2%2Ftags&post=371"}],"curies":[{"name":"wp","href":"https:\/\/api.w.org\/{rel}","templated":true}]}}