{"id":378,"date":"2011-06-19T12:48:07","date_gmt":"2011-06-19T16:48:07","guid":{"rendered":"http:\/\/agoratheque.yprovencal.ep.profweb.qc.ca\/?page_id=378"},"modified":"2017-08-22T10:52:35","modified_gmt":"2017-08-22T14:52:35","slug":"manifeste-pour-un-progressisme-mondial-et-a-long-terme","status":"publish","type":"page","link":"http:\/\/agoratheque.3zcom.com\/?page_id=378","title":{"rendered":"Manifeste pour un progressisme mondial et \u00e0 long terme"},"content":{"rendered":"<p><span style=\"font-size: 12pt;\">Un ensemble de forces progressistes existent. Elles se manifestent de fa\u00e7on disparate \u00e0 travers le mouvement altermondialiste. Comment donner \u00e0 ce mouvement l\u2019unit\u00e9 et la coh\u00e9rence qui lui manquent\u00a0? Il est grand temps que, dans le camp progressiste, soit expos\u00e9 un ensemble unifi\u00e9 de conceptions, de buts, d\u2019arguments et de tendances. Il s\u2019agit ici de proposer un manifeste en ce sens tout en montrant comment il constitue une synth\u00e8se originale et m\u00eame, par certains c\u00f4t\u00e9s, insolite des principales id\u00e9es des diff\u00e9rents courants progressistes.\u00a0\u00a0\u00a0\u00a0<\/span><\/p>\n<p><span style=\"font-size: 12pt;\"><a title=\"Sur l\u2019auteur\" href=\"http:\/\/mail.agoratheque.3zcom.com\/?page_id=535\">\u2022\u00a0Sur l&rsquo;auteur et le point de d\u00e9part du Manifeste<\/a><\/span><span style=\"font-size: 12pt;\">\u00a0<\/span><\/p>\n<p>&nbsp;<\/p>\n<p style=\"text-indent: 35.4pt;\"><span style=\"font-size: 14pt;\">Posons que le progr\u00e8s humain doit \u00eatre envisag\u00e9 :<\/span><\/p>\n<p style=\"text-indent: 35.4pt; text-align: right;\"><a href=\"http:\/\/mail.agoratheque.3zcom.com\/wp-content\/uploads\/2011\/06\/Manifeste-prog-monde.jpg\"><img decoding=\"async\" loading=\"lazy\" class=\"alignnone wp-image-4529\" src=\"http:\/\/mail.agoratheque.3zcom.com\/wp-content\/uploads\/2011\/06\/Manifeste-prog-monde-300x154.jpg\" alt=\"Manifeste prog monde\" width=\"263\" height=\"135\" srcset=\"http:\/\/agoratheque.3zcom.com\/wp-content\/uploads\/2011\/06\/Manifeste-prog-monde-300x154.jpg 300w, http:\/\/agoratheque.3zcom.com\/wp-content\/uploads\/2011\/06\/Manifeste-prog-monde.jpg 313w\" sizes=\"(max-width: 263px) 100vw, 263px\" \/><\/a><\/p>\n<p style=\"margin: 0cm 0cm 0pt 35.4pt;\"><span style=\"font-size: 14pt;\">comme <strong>mondial<\/strong>, <\/span><\/p>\n<p style=\"margin: 0cm 0cm 0pt 35.4pt;\"><span style=\"font-size: 14pt;\">ce qui veut dire qu\u2019il a toujours en vue plus que les seuls int\u00e9r\u00eats d\u2019une nation ou d\u2019une soci\u00e9t\u00e9, et qu\u2019on y prend parti \u00e0 la fois pour <em>toutes <\/em>les nations du globe\u00a0;<\/span><\/p>\n<p style=\"text-indent: 35.4pt;\"><span style=\"font-size: 14pt;\">comme \u00e9tant obtenu <strong>\u00e0 long terme<\/strong>,\u00a0<\/span><\/p>\n<p style=\"text-indent: 35.4pt; text-align: right;\"><a href=\"http:\/\/mail.agoratheque.3zcom.com\/wp-content\/uploads\/2011\/06\/Manifeste-prog-montagnes1.jpg\"><img decoding=\"async\" loading=\"lazy\" class=\"alignnone wp-image-4541\" src=\"http:\/\/mail.agoratheque.3zcom.com\/wp-content\/uploads\/2011\/06\/Manifeste-prog-montagnes1.jpg\" alt=\"Manifeste prog montagnes\" width=\"174\" height=\"130\" \/><\/a><\/p>\n<p style=\"margin: 0cm 0cm 0pt 35.4pt;\"><span style=\"font-size: 14pt;\">parce que, a) comme on peut l\u2019observer, il est possible de progresser efficacement \u00e0 long terme, et b) parce qu\u2019ainsi il n\u2019a pas besoin d\u2019\u00eatre impos\u00e9 par la violence brutale\u00a0; \u00a0 \u00a0 \u00a0 \u00a0 \u00a0 \u00a0 \u00a0 \u00a0 \u00a0 \u00a0 \u00a0 \u00a0 \u00a0 \u00a0 \u00a0 \u00a0 \u00a0 \u00a0 \u00a0 \u00a0 \u00a0 \u00a0 \u00a0 \u00a0 \u00a0 \u00a0 \u00a0 \u00a0 \u00a0 \u00a0 \u00a0 \u00a0 \u00a0 \u00a0 \u00a0 \u00a0 \u00a0 \u00a0 \u00a0 \u00a0 \u00a0 \u00a0 \u00a0 \u00a0 \u00a0 \u00a0 \u00a0 \u00a0 \u00a0 \u00a0 \u00a0 \u00a0 \u00a0 \u00a0 \u00a0 \u00a0 \u00a0 \u00a0 \u00a0 \u00a0 \u00a0 \u00a0 \u00a0 \u00a0 \u00a0 \u00a0 \u00a0 \u00a0 \u00a0 \u00a0 \u00a0 \u00a0 \u00a0 \u00a0 \u00a0 \u00a0 \u00a0 \u00a0 \u00a0 \u00a0 \u00a0 \u00a0 \u00a0 \u00a0 \u00a0 \u00a0 \u00a0 \u00a0 \u00a0 \u00a0 \u00a0 \u00a0 \u00a0 \u00a0 \u00a0 \u00a0 \u00a0\u00a0<\/span><\/p>\n<p style=\"margin: 0cm 0cm 0pt 35.4pt;\">\u00a0\u00a0\u00a0\u00a0\u00a0\u00a0\u00a0\u00a0\u00a0\u00a0\u00a0<span style=\"font-size: 14pt;\">\u00a0<em>Exemples de progr\u00e8s ayant n\u00e9cessit\u00e9 le long terme\u00a0<\/em>:<\/span><\/p>\n<p style=\"margin: 0cm 0cm 0pt 35.4pt;\"><span style=\"font-size: 14pt;\"><span style=\"font-size: 12pt;\">\u00a0<\/span><\/span><\/p>\n<p style=\"text-indent: -18pt; margin: 0cm 0cm 0pt 88.8pt;\"><span style=\"font-size: 14pt;\"><span style=\"font-size: 12pt;\"><span style=\"font-family: Wingdings;\">n\u00a0<\/span>La d\u00e9mocratie moderne telle qu\u2019on la conna\u00eet de nos jours a, pendant plus d\u2019un si\u00e8cle, constamment progress\u00e9 en ce qui concerne la d\u00e9finition m\u00eame du \u00ab\u00a0suffrage universel\u00a0\u00bb.<\/span><\/span><\/p>\n<p style=\"text-indent: -18pt; margin: 0cm 0cm 0pt 88.8pt;\"><span style=\"font-size: 14pt;\"><span style=\"font-size: 12pt;\"><span style=\"font-family: Wingdings;\">n\u00a0<\/span>Le f\u00e9minisme est la seule forme de progressisme \u00e0 avoir vraiment fait la promotion de l\u2019\u00e9galit\u00e9 des femmes;\u00a0les premiers\u00a0r\u00e9sultats concrets n&rsquo;ont \u00e9t\u00e9 obtenus que plus d&rsquo;un si\u00e8cle apr\u00e8s les premi\u00e8res revendications officielles. <\/span><\/span><\/p>\n<p style=\"text-indent: -18pt; margin: 0cm 0cm 0pt 88.8pt;\"><span style=\"font-size: 14pt;\"><span style=\"font-size: 12pt;\"><span style=\"font-family: Wingdings;\">n\u00a0<\/span>Les droits des homosexuels ont \u00e9t\u00e9 presque compl\u00e8tement ignor\u00e9s, depuis les premi\u00e8res\u00a0 formes de reconnaissance obtenues lors de la R\u00e9volution fran\u00e7aise jusqu&rsquo;\u00e0 une \u00e9poque r\u00e9cente,\u00a0y compris par\u00a0les progressistes les plus militants. \u00a0 \u00a0 \u00a0 \u00a0<\/span><\/span><\/p>\n<p style=\"text-indent: -18pt; margin: 0cm 0cm 0pt 88.8pt;\">\n<h1 class=\"inner-page\"><span style=\"font-size: 14pt;\"><a href=\"http:\/\/mail.agoratheque.3zcom.com\/?page_id=555\">Manifeste progressiste: explications suppl\u00e9mentaires<\/a><\/span><\/h1>\n<p style=\"text-indent: -18pt; margin: 0cm 0cm 0pt 88.8pt;\">\u00a0 \u00a0 \u00a0 \u00a0 \u00a0 \u00a0 \u00a0 \u00a0 \u00a0 \u00a0 \u00a0 \u00a0 \u00a0 \u00a0 \u00a0 \u00a0 \u00a0 \u00a0 \u00a0 \u00a0 \u00a0 \u00a0 \u00a0 \u00a0 \u00a0 \u00a0 \u00a0 \u00a0 \u00a0 \u00a0 \u00a0 \u00a0 \u00a0 \u00a0 \u00a0 \u00a0 \u00a0 \u00a0 \u00a0 \u00a0 \u00a0 \u00a0 \u00a0 \u00a0 \u00a0 \u00a0 \u00a0 \u00a0 \u00a0 \u00a0 \u00a0 \u00a0 \u00a0 \u00a0 \u00a0 \u00a0 \u00a0 \u00a0 \u00a0 \u00a0 \u00a0 \u00a0 %<\/p>\n<div class=\"edit-link\"><a class=\"post-edit-link\" href=\"\">modifier<\/a><\/div>","protected":false},"excerpt":{"rendered":"<p>Un ensemble de forces progressistes existent. Elles se manifestent de fa\u00e7on disparate \u00e0 travers le mouvement altermondialiste. Comment donner \u00e0 ce mouvement l\u2019unit\u00e9 et la coh\u00e9rence qui lui manquent\u00a0? Il est grand temps que, dans le camp progressiste, soit expos\u00e9 un ensemble unifi\u00e9&#8230;<\/p>\n","protected":false},"author":1,"featured_media":0,"parent":363,"menu_order":0,"comment_status":"closed","ping_status":"closed","template":"","meta":[],"tags":[21],"_links":{"self":[{"href":"http:\/\/agoratheque.3zcom.com\/index.php?rest_route=\/wp\/v2\/pages\/378"}],"collection":[{"href":"http:\/\/agoratheque.3zcom.com\/index.php?rest_route=\/wp\/v2\/pages"}],"about":[{"href":"http:\/\/agoratheque.3zcom.com\/index.php?rest_route=\/wp\/v2\/types\/page"}],"author":[{"embeddable":true,"href":"http:\/\/agoratheque.3zcom.com\/index.php?rest_route=\/wp\/v2\/users\/1"}],"replies":[{"embeddable":true,"href":"http:\/\/agoratheque.3zcom.com\/index.php?rest_route=%2Fwp%2Fv2%2Fcomments&post=378"}],"version-history":[{"count":49,"href":"http:\/\/agoratheque.3zcom.com\/index.php?rest_route=\/wp\/v2\/pages\/378\/revisions"}],"predecessor-version":[{"id":5948,"href":"http:\/\/agoratheque.3zcom.com\/index.php?rest_route=\/wp\/v2\/pages\/378\/revisions\/5948"}],"up":[{"embeddable":true,"href":"http:\/\/agoratheque.3zcom.com\/index.php?rest_route=\/wp\/v2\/pages\/363"}],"wp:attachment":[{"href":"http:\/\/agoratheque.3zcom.com\/index.php?rest_route=%2Fwp%2Fv2%2Fmedia&parent=378"}],"wp:term":[{"taxonomy":"post_tag","embeddable":true,"href":"http:\/\/agoratheque.3zcom.com\/index.php?rest_route=%2Fwp%2Fv2%2Ftags&post=378"}],"curies":[{"name":"wp","href":"https:\/\/api.w.org\/{rel}","templated":true}]}}