{"id":5056,"date":"2016-01-24T11:19:47","date_gmt":"2016-01-24T15:19:47","guid":{"rendered":"http:\/\/mail.agoratheque.3zcom.com\/?page_id=5056"},"modified":"2016-01-28T11:21:40","modified_gmt":"2016-01-28T15:21:40","slug":"projets","status":"publish","type":"page","link":"http:\/\/agoratheque.3zcom.com\/?page_id=5056","title":{"rendered":"Id\u00e9es de projets de recherche"},"content":{"rendered":"<p><a href=\"http:\/\/mail.agoratheque.3zcom.com\/?page_id=20\">Projet Felix culpa<\/a><\/p>\n<p><a title=\"Introduction aux math\u00e9matiques id\u00e9om\u00e9triques\" href=\"http:\/\/mail.agoratheque.3zcom.com\/?page_id=5073\">Introduction aux math\u00e9matiques id\u00e9om\u00e9triques<\/a><\/p>\n<p><a href=\"http:\/\/mail.agoratheque.3zcom.com\/?page_id=5068\">Projet 1: L&rsquo;auto-organisation<\/a><\/p>\n<p><a href=\"http:\/\/mail.agoratheque.3zcom.com\/?page_id=5065\">Projet 2: Centre de recherche sur l&rsquo;enfant<\/a><\/p>\n<p><a href=\"http:\/\/mail.agoratheque.3zcom.com\/?page_id=5062\">Projet 3: Les math\u00e9matiques \u00e0 la port\u00e9e de tous<\/a><\/p>\n<p><a href=\"http:\/\/mail.agoratheque.3zcom.com\/?page_id=5081\">Projet 4: Th\u00e9orie du math\u00e9matisable<\/a><\/p>\n<p><a href=\"http:\/\/mail.agoratheque.3zcom.com\/?page_id=5089\">Projet 5: Les potentialit\u00e9s r\u00e9elles de l&rsquo;humain<\/a><\/p>\n<p><a href=\"http:\/\/mail.agoratheque.3zcom.com\/?page_id=5092\">Projet 6:\u00a0Les superordres de grandeur<\/a><\/p>\n<p><a href=\"http:\/\/mail.agoratheque.3zcom.com\/?page_id=5096\">Projet 7 : Le \u00ab mur \u00bb<\/a><\/p>\n<p><a href=\"http:\/\/mail.agoratheque.3zcom.com\/?page_id=5099\">Projet 8 :\u00a0Reconnaissance \u00e9thique\u2026<\/a><\/p>\n<div class=\"edit-link\"><a class=\"post-edit-link\" href=\"\">modifier<\/a><\/div>","protected":false},"excerpt":{"rendered":"<p>Projet Felix culpa Introduction aux math\u00e9matiques id\u00e9om\u00e9triques Projet 1: L&rsquo;auto-organisation Projet 2: Centre de recherche sur l&rsquo;enfant Projet 3: Les math\u00e9matiques \u00e0 la port\u00e9e de tous Projet 4: Th\u00e9orie du math\u00e9matisable Projet 5: Les potentialit\u00e9s r\u00e9elles de l&rsquo;humain Projet 6:\u00a0Les superordres de grandeur&#8230;<\/p>\n","protected":false},"author":1,"featured_media":0,"parent":0,"menu_order":0,"comment_status":"closed","ping_status":"closed","template":"","meta":[],"tags":[],"_links":{"self":[{"href":"http:\/\/agoratheque.3zcom.com\/index.php?rest_route=\/wp\/v2\/pages\/5056"}],"collection":[{"href":"http:\/\/agoratheque.3zcom.com\/index.php?rest_route=\/wp\/v2\/pages"}],"about":[{"href":"http:\/\/agoratheque.3zcom.com\/index.php?rest_route=\/wp\/v2\/types\/page"}],"author":[{"embeddable":true,"href":"http:\/\/agoratheque.3zcom.com\/index.php?rest_route=\/wp\/v2\/users\/1"}],"replies":[{"embeddable":true,"href":"http:\/\/agoratheque.3zcom.com\/index.php?rest_route=%2Fwp%2Fv2%2Fcomments&post=5056"}],"version-history":[{"count":17,"href":"http:\/\/agoratheque.3zcom.com\/index.php?rest_route=\/wp\/v2\/pages\/5056\/revisions"}],"predecessor-version":[{"id":5101,"href":"http:\/\/agoratheque.3zcom.com\/index.php?rest_route=\/wp\/v2\/pages\/5056\/revisions\/5101"}],"wp:attachment":[{"href":"http:\/\/agoratheque.3zcom.com\/index.php?rest_route=%2Fwp%2Fv2%2Fmedia&parent=5056"}],"wp:term":[{"taxonomy":"post_tag","embeddable":true,"href":"http:\/\/agoratheque.3zcom.com\/index.php?rest_route=%2Fwp%2Fv2%2Ftags&post=5056"}],"curies":[{"name":"wp","href":"https:\/\/api.w.org\/{rel}","templated":true}]}}