{"id":5062,"date":"2016-01-25T17:36:32","date_gmt":"2016-01-25T21:36:32","guid":{"rendered":"http:\/\/mail.agoratheque.3zcom.com\/?page_id=5062"},"modified":"2017-01-08T07:55:08","modified_gmt":"2017-01-08T11:55:08","slug":"projet-3-les-mathematiques-a-la-portee-de-tous","status":"publish","type":"page","link":"http:\/\/agoratheque.3zcom.com\/?page_id=5062","title":{"rendered":"Projet 3: Les math\u00e9matiques \u00e0 la port\u00e9e de tous"},"content":{"rendered":"<p>D\u2019apr\u00e8s les recherches sur l\u2019enfant de 12 \u00e0 24 mois (qui correspond \u00e0 l\u2019humanit\u00e9 actuelle) telle qu\u2019\u00e9tablie par la psychologie de l\u2019enfance, l\u2019enfant d\u00e9veloppe d\u2019abord ses capacit\u00e9s sensorimotrices (qui correspondent aux math\u00e9matiques non id\u00e9om\u00e9triques), et ensuite son aptitude au langage (qui correspond \u00e0 l\u2019id\u00e9om\u00e9trie). Il doit continuer de d\u00e9velopper les premi\u00e8res afin de ma\u00eetriser sa perception des phon\u00e8mes et sa capacit\u00e9 de les prononcer. L\u2019id\u00e9e de l\u2019enfant implique celle de sa m\u00e8re (ou de ses maternants), qui appara\u00eet comme une composante majeure de son environnement protecteur, nourricier et stimulant. Elle joue un r\u00f4le cl\u00e9 dans ses apprentissages, m\u00eame si le jeune enfant n\u2019en est que peu conscient.<\/p>\n<p>De quel &lt;environnement&gt; parlons-nous au niveau de l\u2019enfant-humanit\u00e9\u00a0? La r\u00e9ponse peut surprendre, mais elle d\u00e9coule de ce qui a \u00e9t\u00e9 d\u00e9fini et d\u00e9velopp\u00e9, en particulier, en ce qui concerne les potentialit\u00e9s r\u00e9elles de l\u2019enfant. Comme l\u2019indiquent les tableaux ci-dessous, il s\u2019agit d\u2019un environnement d\u2019aspect abstrait, d\u2019un environnement essentiellement math\u00e9matique. C\u2019est coh\u00e9rent avec l\u2019id\u00e9e que les d\u00e9veloppements scientifiques et technologiques de la modernit\u00e9 d\u00e9coulent d\u2019abord de d\u00e9couvertes math\u00e9matiques, dans tous les domaines, notamment les th\u00e9ories les plus fondamentales telles que la th\u00e9orie de la relativit\u00e9 g\u00e9n\u00e9rale et la m\u00e9canique quantique. Sans les math\u00e9matiques, ces th\u00e9ories n\u2019existeraient pas. C\u2019est l\u00e0, dans les potentialit\u00e9s humaines d\u2019explorer et de d\u00e9couvrir les math\u00e9matiques que l\u2019humanit\u00e9 a trouv\u00e9 son milieu nourricier le plus significatif.<\/p>\n<p>Le mod\u00e8le de l\u2019enfant montre que l\u2019enfant explore le monde environnant de fa\u00e7on sensorimotrice\u00a0: \u00ab\u00a0il voit\u00a0un objet\u00a0\u00bb, dans sa propre conscience, correspond \u00e0 \u00ab\u00a0l\u2019humanit\u00e9 d\u00e9couvre une th\u00e9orie math\u00e9matique\u00a0\u00bb. L\u2019action de se rendre compte par lui-m\u00eame correspond \u00e0 l\u2019humanit\u00e9 qui \u00e9tablit une d\u00e9monstration.<\/p>\n<p>De fa\u00e7on imag\u00e9e, les tableaux suivants permettent de faire de belles d\u00e9couvertes id\u00e9om\u00e9triques tout en recueillant quelques \u00e9l\u00e9ments de r\u00e9ponse \u00e0 partir des <em>Tableaux id\u00e9om\u00e9triques de la structure de langage L<\/em> (tels que dress\u00e9s dans l\u2019Introduction aux math\u00e9matiques id\u00e9om\u00e9triques). Chacune de ses colonnes repr\u00e9sente une correspondance id\u00e9om\u00e9trique, d\u2019o\u00f9 la pr\u00e9sence r\u00e9it\u00e9r\u00e9e du symbole de complexification \u00ab\u00a0=&gt;&gt;\u00a0\u00bb\u00a0; les termes en italiques correspondent entre eux et co\u00efncident en g\u00e9n\u00e9ral avec certains des termes de la structure L\u00a0tout en explicitant leurs significations\u00a0:<\/p>\n<p><em>Les preuves math\u00e9matiques assist\u00e9es par l\u2019ordinateur selon le mod\u00e8le de l\u2019enfant<\/em><\/p>\n<p>On pr\u00e9suppose d\u2019abord le mod\u00e8le de l\u2019enfant et la fonction id\u00e9om\u00e9trique (ou correspondance binaire d\u2019id\u00e9es) F tel que F\u00a0: DE \u00a0=&gt;&gt; DH, o\u00f9 DE est la cat\u00e9gorie des id\u00e9es scientifiques (et de leurs interconnexions) sur le d\u00e9veloppement de l&rsquo;enfant et DH la cat\u00e9gorie des id\u00e9es scientifiques (et de leurs interconnexions) sur le d\u00e9veloppement des soci\u00e9t\u00e9s humaines.<\/p>\n<p>L\u2019id\u00e9e de ce projet consiste d\u2019abord \u00e0 trouver une r\u00e9ponse\u00a0\u00e0 la question\u00a0: quelle valeur faudra-t-il accorder aux preuves math\u00e9matiques lorsqu\u2019on sera pass\u00e9 par des calculs informatiques pour y parvenir\u00a0? Ensuite, quelle sorte d\u2019horizon cela fait-il voir en ce qui touche l\u2019acc\u00e8s g\u00e9n\u00e9ral aux math\u00e9matiques\u00a0?<\/p>\n<p>&nbsp;<\/p>\n<table>\n<tbody>\n<tr>\n<td colspan=\"3\" width=\"614\"><strong>Correspondances id\u00e9om\u00e9triques de base entre\u00a0<\/strong><strong style=\"font-family: inherit; font-size: inherit; line-height: 1.5;\">l\u2019enfant de 12-24 mois et l\u2019humanit\u00e9 actuelle<\/strong><\/td>\n<\/tr>\n<tr>\n<td width=\"205\"><em>Enfant (12-24 mois)<\/em><\/p>\n<p>&nbsp;<\/td>\n<td width=\"205\">L\u2019enfant <em>d\u00e9veloppe ses<\/em> <em>capacit\u00e9s sensorimotrices<\/em> par son <em>interaction<\/em> avec son environnement.<\/td>\n<td width=\"205\">L\u2019enfant <em>manipule ses jouets et d\u00e9couvre des jeux.<\/em><\/td>\n<\/tr>\n<tr>\n<td width=\"205\">=&gt;&gt;<\/td>\n<td width=\"205\">=&gt;&gt;<\/td>\n<td width=\"205\">=&gt;&gt;<\/td>\n<\/tr>\n<tr>\n<td width=\"205\"><em>Humanit\u00e9 actuelle<\/em><\/td>\n<td width=\"205\">Les sciences et les technologies se <em>d\u00e9veloppent <\/em>par des <em>d\u00e9couvertes et des applications math\u00e9matiques, y compris en math\u00e9matiques<\/em>.<\/td>\n<td width=\"205\">Les chercheurs <em>se confrontent \u00e0 des probl\u00e8mes math\u00e9matiques; ils d\u00e9couvrent de nouvelles th\u00e9ories.<\/em><\/td>\n<\/tr>\n<\/tbody>\n<\/table>\n<p>&nbsp;<\/p>\n<table>\n<tbody>\n<tr>\n<td width=\"206\">L\u2019enfant prend conscience de son corps\u00a0; il d\u00e9veloppe sa conscience <em>langagi\u00e8re<\/em>.<\/td>\n<td width=\"198\">Relation &lt;<em>m\u00e8re \/ enfant&gt;<\/em> en tant qu\u2019id\u00e9e du d\u00e9veloppement normal du d\u00e9veloppement de l\u2019enfant (m\u00eame si l\u2019enfant ne s\u2019en rend pas compte)<\/td>\n<td width=\"205\">La &lt;<em>m\u00e8re<\/em>&gt; repr\u00e9sente ici un <em>environnement<\/em> <em>maternant de l\u2019enfant, soit un<\/em> <em>environnement protecteur, nourricier et stimulant<\/em>.<\/td>\n<\/tr>\n<tr>\n<td width=\"206\">=&gt;&gt;<\/td>\n<td width=\"198\">=&gt;&gt;<\/td>\n<td width=\"205\">=&gt;&gt;<\/td>\n<\/tr>\n<tr>\n<td width=\"206\">Les chercheurs <em>d\u00e9veloppent des th\u00e9ories sur l\u2019Univers\u00a0; <\/em>la science progresse en prenant de plus en plus<em> conscience d\u2019elle-m\u00eame<\/em>, gr\u00e2ce \u00e0 l\u2019<em>id\u00e9om\u00e9trie<\/em>.<\/p>\n<p>&nbsp;<\/td>\n<td width=\"198\">Relation <em>math\u00e9matiques \/ sciences <\/em>en tant qu\u2019\u00e9l\u00e9ment &lt;normal&gt; de la progression de l\u2019humanit\u00e9 dans l\u2019avenir (m\u00eame si celle-ci demeure certaine de sa solitude)<\/p>\n<p>&nbsp;<\/td>\n<td width=\"205\">Un immense &lt;<em>potentiel r\u00e9el&gt; d\u2019ordre math\u00e9matique<\/em> se d\u00e9ploie dans l\u2019<em>environnement abstrait de l\u2019humanit\u00e9 actuelle<\/em>, <em>qui y trouve de l\u2019encouragement et une force stimulante.<\/em><\/td>\n<\/tr>\n<\/tbody>\n<\/table>\n<p>&nbsp;<\/p>\n<table>\n<tbody>\n<tr>\n<td colspan=\"3\" width=\"614\"><strong>Correspondances id\u00e9om\u00e9triques de base entre<\/strong><\/p>\n<p><strong>l\u2019enfant de 12-24 mois et l\u2019humanit\u00e9 actuelle (suite)<\/strong><\/td>\n<\/tr>\n<tr>\n<td width=\"205\">La &lt;<em>m\u00e8re&gt;<\/em> joue un r\u00f4le cl\u00e9, bien qu\u2019effac\u00e9, dans l\u2019apprentissage de l\u2019enfant, qui n\u2019en est que peu conscient.<\/td>\n<td width=\"205\">L\u2019enfant d\u00e9veloppera son aptitude au <em>langage<\/em>\u00a0; il<\/p>\n<p>apprend de plus en plus en \u00e9coutant ce que <em>sa m\u00e8re lui dit<\/em>.<\/p>\n<p>&nbsp;<\/td>\n<td width=\"205\">L\u2019enfant apprend \u00e0 reconna\u00eetre les <em>phon\u00e8mes<\/em> et \u00e0 les utiliser pour communiquer des informations, tout en les <em>int\u00e9grant malgr\u00e9 leur disparit\u00e9<\/em>.<\/td>\n<\/tr>\n<tr>\n<td width=\"205\">=&gt;&gt;<\/td>\n<td width=\"205\">=&gt;&gt;<\/td>\n<td width=\"205\">=&gt;&gt;<\/td>\n<\/tr>\n<tr>\n<td width=\"205\">Les d\u00e9veloppements math\u00e9matiques et scientifiques se font sans questionner l\u2019&lt;<em>origine&gt;<\/em> de ces d\u00e9veloppements.<\/td>\n<td width=\"205\">L\u2019humanit\u00e9 apprendra \u00e0 se servir de l\u2019<em>id\u00e9om\u00e9trie<\/em>, qui l\u2019aide \u00e0 comprendre davantage les <em>potentialit\u00e9s r\u00e9elles des math\u00e9matiques, des sciences et des math\u00e9matiques assist\u00e9es par l\u2019ordinateur<\/em>.<\/td>\n<td width=\"205\">L\u2019humanit\u00e9 d\u00e9couvre les <em>id\u00e9es<\/em> de sa science de fa\u00e7on \u00e0 en <em>unifier la compr\u00e9hension malgr\u00e9 les barri\u00e8res disciplinaires<\/em>.<\/td>\n<\/tr>\n<\/tbody>\n<\/table>\n<div class=\"edit-link\"><a class=\"post-edit-link\" href=\"\">modifier<\/a><\/div>","protected":false},"excerpt":{"rendered":"<p>D\u2019apr\u00e8s les recherches sur l\u2019enfant de 12 \u00e0 24 mois (qui correspond \u00e0 l\u2019humanit\u00e9 actuelle) telle qu\u2019\u00e9tablie par la psychologie de l\u2019enfance, l\u2019enfant d\u00e9veloppe d\u2019abord ses capacit\u00e9s sensorimotrices (qui correspondent aux math\u00e9matiques non id\u00e9om\u00e9triques), et ensuite son aptitude au langage (qui correspond \u00e0&#8230;<\/p>\n","protected":false},"author":1,"featured_media":0,"parent":0,"menu_order":0,"comment_status":"closed","ping_status":"closed","template":"","meta":[],"tags":[],"_links":{"self":[{"href":"http:\/\/agoratheque.3zcom.com\/index.php?rest_route=\/wp\/v2\/pages\/5062"}],"collection":[{"href":"http:\/\/agoratheque.3zcom.com\/index.php?rest_route=\/wp\/v2\/pages"}],"about":[{"href":"http:\/\/agoratheque.3zcom.com\/index.php?rest_route=\/wp\/v2\/types\/page"}],"author":[{"embeddable":true,"href":"http:\/\/agoratheque.3zcom.com\/index.php?rest_route=\/wp\/v2\/users\/1"}],"replies":[{"embeddable":true,"href":"http:\/\/agoratheque.3zcom.com\/index.php?rest_route=%2Fwp%2Fv2%2Fcomments&post=5062"}],"version-history":[{"count":15,"href":"http:\/\/agoratheque.3zcom.com\/index.php?rest_route=\/wp\/v2\/pages\/5062\/revisions"}],"predecessor-version":[{"id":5477,"href":"http:\/\/agoratheque.3zcom.com\/index.php?rest_route=\/wp\/v2\/pages\/5062\/revisions\/5477"}],"wp:attachment":[{"href":"http:\/\/agoratheque.3zcom.com\/index.php?rest_route=%2Fwp%2Fv2%2Fmedia&parent=5062"}],"wp:term":[{"taxonomy":"post_tag","embeddable":true,"href":"http:\/\/agoratheque.3zcom.com\/index.php?rest_route=%2Fwp%2Fv2%2Ftags&post=5062"}],"curies":[{"name":"wp","href":"https:\/\/api.w.org\/{rel}","templated":true}]}}