{"id":5068,"date":"2016-01-25T17:41:24","date_gmt":"2016-01-25T21:41:24","guid":{"rendered":"http:\/\/mail.agoratheque.3zcom.com\/?page_id=5068"},"modified":"2016-01-29T11:24:44","modified_gmt":"2016-01-29T15:24:44","slug":"projet-1-lauto-organisation","status":"publish","type":"page","link":"http:\/\/agoratheque.3zcom.com\/?page_id=5068","title":{"rendered":"Projet 1: L&rsquo;auto-organisation"},"content":{"rendered":"<p><em>Projet 1\u00a0: L\u2019auto-organisation<\/em><\/p>\n<p>La science d\u00e9crit des formes d\u2019auto-organisation distinctes et spontan\u00e9es (<em>i.e.<\/em> \u00e0 partir des seules lois du domaine impliqu\u00e9) qui deviennent effectivement possibles \u00e0 chaque niveau successif de complexit\u00e9, y compris celui des id\u00e9es scientifiques, qui concerne tous les chercheurs et leur compr\u00e9hension globale des processus universels.<\/p>\n<table>\n<tbody>\n<tr>\n<td width=\"137\">a) L\u2019\u00e9volution de l\u2019Univers physique<\/td>\n<td width=\"117\">b) L\u2019\u00e9volution du vivant<\/td>\n<td width=\"118\">c) Histoire du monde<\/td>\n<td width=\"118\">d) Le d\u00e9veloppement mondial actuel<\/td>\n<\/tr>\n<\/tbody>\n<\/table>\n<p><strong>\u00a0<\/strong>(chevrons sous-entendus)<\/p>\n<ol>\n<li>a) Astrophysique\u00a0: nucl\u00e9osynth\u00e8ses primordiale et stellaire<\/li>\n<li>b) Biochimie et biologie mol\u00e9culaire\u00a0: auto-organisation mol\u00e9culaire<\/li>\n<li>c) Psychologie du d\u00e9veloppement et linguistique\u00a0: auto-organisation c\u00e9r\u00e9brale et acquisition du langage<\/li>\n<li>d) Recherche id\u00e9om\u00e9trique\u00a0: d\u00e9veloppement des s\u00e9quences et des tableaux id\u00e9om\u00e9triques<\/li>\n<\/ol>\n<p>Cette id\u00e9e de projet consiste \u00e0 montrer la puissance de la m\u00e9thode id\u00e9om\u00e9trique, qui peut aider \u00e0 pr\u00e9voir des r\u00e9sultats dans des champs sp\u00e9cialis\u00e9s de recherche en fonction de ceux qui sont obtenus dans les autres champs de recherche. Ce projet consiste ainsi \u00e0 pr\u00e9voir en prenant connaissance de d\u00e9couvertes r\u00e9centes et suffisamment importantes pour \u00eatre sans trop de difficult\u00e9 id\u00e9om\u00e9triquement situables \u00e0 l\u2019un ou l\u2019autre des quatre niveaux consid\u00e9r\u00e9s ici, ce qui donnera de bonnes indications sur des recherches homologues aux trois autres niveaux. Si l\u2019une ou l\u2019autre des d\u00e9couvertes homologues manque encore, la s\u00e9quence id\u00e9om\u00e9trique des quatre niveaux d\u2019auto-organisation permettra de les d\u00e9duire \u00e0 partir de r\u00e9sultats connus.<\/p>\n<div class=\"edit-link\"><a class=\"post-edit-link\" href=\"\">modifier<\/a><\/div>","protected":false},"excerpt":{"rendered":"<p>Projet 1\u00a0: L\u2019auto-organisation La science d\u00e9crit des formes d\u2019auto-organisation distinctes et spontan\u00e9es (i.e. \u00e0 partir des seules lois du domaine impliqu\u00e9) qui deviennent effectivement possibles \u00e0 chaque niveau successif de complexit\u00e9, y compris celui des id\u00e9es scientifiques, qui concerne tous les chercheurs et&#8230;<\/p>\n","protected":false},"author":1,"featured_media":0,"parent":0,"menu_order":0,"comment_status":"closed","ping_status":"closed","template":"","meta":[],"tags":[],"_links":{"self":[{"href":"http:\/\/agoratheque.3zcom.com\/index.php?rest_route=\/wp\/v2\/pages\/5068"}],"collection":[{"href":"http:\/\/agoratheque.3zcom.com\/index.php?rest_route=\/wp\/v2\/pages"}],"about":[{"href":"http:\/\/agoratheque.3zcom.com\/index.php?rest_route=\/wp\/v2\/types\/page"}],"author":[{"embeddable":true,"href":"http:\/\/agoratheque.3zcom.com\/index.php?rest_route=\/wp\/v2\/users\/1"}],"replies":[{"embeddable":true,"href":"http:\/\/agoratheque.3zcom.com\/index.php?rest_route=%2Fwp%2Fv2%2Fcomments&post=5068"}],"version-history":[{"count":3,"href":"http:\/\/agoratheque.3zcom.com\/index.php?rest_route=\/wp\/v2\/pages\/5068\/revisions"}],"predecessor-version":[{"id":5144,"href":"http:\/\/agoratheque.3zcom.com\/index.php?rest_route=\/wp\/v2\/pages\/5068\/revisions\/5144"}],"wp:attachment":[{"href":"http:\/\/agoratheque.3zcom.com\/index.php?rest_route=%2Fwp%2Fv2%2Fmedia&parent=5068"}],"wp:term":[{"taxonomy":"post_tag","embeddable":true,"href":"http:\/\/agoratheque.3zcom.com\/index.php?rest_route=%2Fwp%2Fv2%2Ftags&post=5068"}],"curies":[{"name":"wp","href":"https:\/\/api.w.org\/{rel}","templated":true}]}}