{"id":5099,"date":"2016-01-28T11:19:47","date_gmt":"2016-01-28T15:19:47","guid":{"rendered":"http:\/\/mail.agoratheque.3zcom.com\/?page_id=5099"},"modified":"2016-01-28T11:23:51","modified_gmt":"2016-01-28T15:23:51","slug":"projet-4-reconnaissance-ethique","status":"publish","type":"page","link":"http:\/\/agoratheque.3zcom.com\/?page_id=5099","title":{"rendered":"Projet 8 : Reconnaissance \u00e9thique\u2026"},"content":{"rendered":"<p><em>La s\u00e9quence des types de reconnaissances<\/em><\/p>\n<p>Ce projet est depuis l\u2019an 1999 appel\u00e9 <em>Projet Respect<\/em>\u00a0(voir l\u2019Agorath\u00e8que): il s\u2019agit essentiellement de promouvoir une nouvelle \u00e9thique du respect et de mettre en pratique ses prescriptions ou recommandations.<\/p>\n<p>Le mot reconnaissance prendra ici plusieurs significations de fa\u00e7on coh\u00e9rente avec celles qu\u2019on peut lui donner dans divers champs de recherche reli\u00e9s id\u00e9om\u00e9triquement. L\u2019une des avanc\u00e9es les plus importantes de la recherche r\u00e9cente concerne le mod\u00e8le \u00ab\u00a0cl\u00e9-serrure\u00a0\u00bb en chimie supramol\u00e9culaire, qui concerne la fa\u00e7on dont les mol\u00e9cules peuvent se reconna\u00eetre en termes d\u2019enzymes et de substrats. \u00c0 un autre niveau, celui de la linguistique, des recherches aussi importantes sont men\u00e9es afin de rendre plus efficaces la reconnaissance des morph\u00e8mes par les syst\u00e8mes de traduction automatiques. Enfin, au niveau m\u00eame de l\u2019id\u00e9om\u00e9trie, la recherche de moyens efficaces de reconnaissance des personnes concr\u00e8tes, c\u2019est-\u00e0-dire des personnes consid\u00e9r\u00e9es avec leur groupe d\u2019appartenance, concerne au premier chef ce qui est appel\u00e9 \u00ab\u00a0GAP\u00a0\u00bb, dans le domaine de l\u2019\u00e9thique. Les GAP, en effet, visent essentiellement la reconnaissance et l\u2019aide aux personnes concr\u00e8tes. Cette s\u00e9quence peut prendre l\u2019aspect d\u2019un tableau id\u00e9om\u00e9trique\u00a0:<\/p>\n<p>&nbsp;<\/p>\n<table>\n<tbody>\n<tr>\n<td width=\"154\"><strong><u>Structure compl\u00e8te<\/u><\/strong><\/td>\n<td width=\"154\"><strong><u>Sensorimotricit\u00e9<\/u><\/strong><\/td>\n<td width=\"154\"><strong><u>\u00a0<\/u><\/strong><\/td>\n<td width=\"154\"><strong><u>Reconnaissance<\/u><\/strong><\/td>\n<\/tr>\n<tr>\n<td width=\"154\">Atome (not. carbone, hydrog\u00e8ne, oxyg\u00e8ne, azote\u2026)<\/td>\n<td width=\"154\">Liaison intermol\u00e9culaire<\/td>\n<td width=\"154\"><strong>\/<\/strong><\/td>\n<td width=\"154\">Reconnaissance et liaison intermol\u00e9culaire<\/td>\n<\/tr>\n<tr>\n<td width=\"154\">&lt;&lt;=<\/td>\n<td width=\"154\">&lt;&lt;=<\/td>\n<td width=\"154\"><\/td>\n<td width=\"154\">&lt;&lt;=<\/td>\n<\/tr>\n<tr>\n<td width=\"154\">Cellule (not. neurone)<\/td>\n<td width=\"154\">Appareil sensorimoteur<\/td>\n<td width=\"154\"><strong>\/<\/strong><\/td>\n<td width=\"154\">Reconnaissance des morph\u00e8mes<\/td>\n<\/tr>\n<tr>\n<td width=\"154\">&lt;&lt;=<\/td>\n<td width=\"154\">&lt;&lt;=<\/td>\n<td width=\"154\"><\/td>\n<td width=\"154\">&lt;&lt;=<\/td>\n<\/tr>\n<tr>\n<td width=\"154\">\u00catre humain<\/td>\n<td width=\"154\">D\u00e9couverte math\u00e9matique et not. application internet<\/td>\n<td width=\"154\"><strong>\/<\/strong><\/td>\n<td width=\"154\">GAP (action p\u00e9dagogique globale)<\/td>\n<\/tr>\n<\/tbody>\n<\/table>\n<p>&nbsp;<\/p>\n<p><em>Tableau\u00a0: La s\u00e9quence des types de reconnaissance<\/em><\/p>\n<p>De la reconnaissance des mol\u00e9cules d\u00e9pend tout le m\u00e9tabolisme d\u2019un organisme, c\u2019est une question de d\u00e9veloppement et de survie. Il n\u2019est pas difficile de voir, en outre, que la reconnaissance des morph\u00e8mes, c\u2019est-\u00e0-dire des \u00e9l\u00e9ments de signification, est n\u00e9cessaire non seulement \u00e0 la communication, mais aussi \u00e0 la pens\u00e9e. Ces deux formes de la reconnaissance sont n\u00e9cessaires \u00e0 la reconnaissance de l\u2019\u00e9thique de la personne concr\u00e8te.<\/p>\n<p>&nbsp;<\/p>\n<div class=\"edit-link\"><a class=\"post-edit-link\" href=\"\">modifier<\/a><\/div>","protected":false},"excerpt":{"rendered":"<p>La s\u00e9quence des types de reconnaissances Ce projet est depuis l\u2019an 1999 appel\u00e9 Projet Respect\u00a0(voir l\u2019Agorath\u00e8que): il s\u2019agit essentiellement de promouvoir une nouvelle \u00e9thique du respect et de mettre en pratique ses prescriptions ou recommandations. Le mot reconnaissance prendra ici plusieurs significations de&#8230;<\/p>\n","protected":false},"author":1,"featured_media":0,"parent":0,"menu_order":0,"comment_status":"closed","ping_status":"closed","template":"","meta":[],"tags":[],"_links":{"self":[{"href":"http:\/\/agoratheque.3zcom.com\/index.php?rest_route=\/wp\/v2\/pages\/5099"}],"collection":[{"href":"http:\/\/agoratheque.3zcom.com\/index.php?rest_route=\/wp\/v2\/pages"}],"about":[{"href":"http:\/\/agoratheque.3zcom.com\/index.php?rest_route=\/wp\/v2\/types\/page"}],"author":[{"embeddable":true,"href":"http:\/\/agoratheque.3zcom.com\/index.php?rest_route=\/wp\/v2\/users\/1"}],"replies":[{"embeddable":true,"href":"http:\/\/agoratheque.3zcom.com\/index.php?rest_route=%2Fwp%2Fv2%2Fcomments&post=5099"}],"version-history":[{"count":2,"href":"http:\/\/agoratheque.3zcom.com\/index.php?rest_route=\/wp\/v2\/pages\/5099\/revisions"}],"predecessor-version":[{"id":5102,"href":"http:\/\/agoratheque.3zcom.com\/index.php?rest_route=\/wp\/v2\/pages\/5099\/revisions\/5102"}],"wp:attachment":[{"href":"http:\/\/agoratheque.3zcom.com\/index.php?rest_route=%2Fwp%2Fv2%2Fmedia&parent=5099"}],"wp:term":[{"taxonomy":"post_tag","embeddable":true,"href":"http:\/\/agoratheque.3zcom.com\/index.php?rest_route=%2Fwp%2Fv2%2Ftags&post=5099"}],"curies":[{"name":"wp","href":"https:\/\/api.w.org\/{rel}","templated":true}]}}