{"id":573,"date":"2011-06-26T17:24:07","date_gmt":"2011-06-26T21:24:07","guid":{"rendered":"http:\/\/agoratheque.yprovencal.ep.profweb.qc.ca\/?page_id=573"},"modified":"2011-08-09T09:16:46","modified_gmt":"2011-08-09T13:16:46","slug":"presses-inter-universitaires","status":"publish","type":"page","link":"http:\/\/agoratheque.3zcom.com\/?page_id=573","title":{"rendered":"Presses Inter Universitaires"},"content":{"rendered":"<p>Les Presses Inter Universitaires ont \u00e9t\u00e9 fond\u00e9es par Jacki Dallaire. Elles se consacrent \u00e0 la publication de livres didactiques de niveaux coll\u00e9gial et universitaire.<\/p>\n<p>Adresse physique : 4291, rue Cur\u00e9-Drolet Cap-Rouge, Qu\u00e9bec, G1X 3H4, Canada\u00a0<br \/>\n\u00a0<br \/>\nT\u00e9l\u00e9phone : (418) 657-6050<br \/>\n\u00a0<br \/>\nT\u00e9l\u00e9copieur : (418) 657-7630<br \/>\n\u00a0<br \/>\nCourriel : <a href=\"mailto:pressesinteru@videotron.ca\">pressesinteru@videotron.ca<\/a><br \/>\n\u00a0<br \/>\nFondation : 1992<br \/>\n\u00a0<br \/>\nPr\u00e9sident : Jacki Dallaire<\/p>\n<div class=\"edit-link\"><a class=\"post-edit-link\" href=\"\">modifier<\/a><\/div>","protected":false},"excerpt":{"rendered":"<p>Les Presses Inter Universitaires ont \u00e9t\u00e9 fond\u00e9es par Jacki Dallaire. Elles se consacrent \u00e0 la publication de livres didactiques de niveaux coll\u00e9gial et universitaire. Adresse physique : 4291, rue Cur\u00e9-Drolet Cap-Rouge, Qu\u00e9bec, G1X 3H4, Canada\u00a0 \u00a0 T\u00e9l\u00e9phone : (418) 657-6050 \u00a0 T\u00e9l\u00e9copieur :&#8230;<\/p>\n","protected":false},"author":1,"featured_media":0,"parent":142,"menu_order":0,"comment_status":"open","ping_status":"open","template":"","meta":[],"tags":[],"_links":{"self":[{"href":"http:\/\/agoratheque.3zcom.com\/index.php?rest_route=\/wp\/v2\/pages\/573"}],"collection":[{"href":"http:\/\/agoratheque.3zcom.com\/index.php?rest_route=\/wp\/v2\/pages"}],"about":[{"href":"http:\/\/agoratheque.3zcom.com\/index.php?rest_route=\/wp\/v2\/types\/page"}],"author":[{"embeddable":true,"href":"http:\/\/agoratheque.3zcom.com\/index.php?rest_route=\/wp\/v2\/users\/1"}],"replies":[{"embeddable":true,"href":"http:\/\/agoratheque.3zcom.com\/index.php?rest_route=%2Fwp%2Fv2%2Fcomments&post=573"}],"version-history":[{"count":6,"href":"http:\/\/agoratheque.3zcom.com\/index.php?rest_route=\/wp\/v2\/pages\/573\/revisions"}],"predecessor-version":[{"id":582,"href":"http:\/\/agoratheque.3zcom.com\/index.php?rest_route=\/wp\/v2\/pages\/573\/revisions\/582"}],"up":[{"embeddable":true,"href":"http:\/\/agoratheque.3zcom.com\/index.php?rest_route=\/wp\/v2\/pages\/142"}],"wp:attachment":[{"href":"http:\/\/agoratheque.3zcom.com\/index.php?rest_route=%2Fwp%2Fv2%2Fmedia&parent=573"}],"wp:term":[{"taxonomy":"post_tag","embeddable":true,"href":"http:\/\/agoratheque.3zcom.com\/index.php?rest_route=%2Fwp%2Fv2%2Ftags&post=573"}],"curies":[{"name":"wp","href":"https:\/\/api.w.org\/{rel}","templated":true}]}}