{"id":583,"date":"2011-06-27T08:10:07","date_gmt":"2011-06-27T12:10:07","guid":{"rendered":"http:\/\/agoratheque.yprovencal.ep.profweb.qc.ca\/?page_id=583"},"modified":"2016-06-01T06:43:02","modified_gmt":"2016-06-01T10:43:02","slug":"progressisme-et-pseudo-progressisme","status":"publish","type":"page","link":"http:\/\/agoratheque.3zcom.com\/?page_id=583","title":{"rendered":"Progressisme et pseudo-progressisme"},"content":{"rendered":"<p>Le\u00a0principe\u00a0du progressisme mondial\u00a0est\u00a0<em>l\u2019importance fondamentale du futur \u00e0 long terme.<\/em><\/p>\n<p>Le futur est doublement important pour nous, les humains actuels. D\u2019abord, il nous importe simplement parce que\u00a0c\u2019est <em>le n\u00f4tre<\/em>. Nous avons une histoire, au pass\u00e9, mais nous aurons aussi \u2013 moyennant l\u2019hypoth\u00e8se raisonnable d\u2019une dur\u00e9e de vie de l\u2019humanit\u00e9 d\u2019encore au moins quelques si\u00e8cles \u2013 une histoire \u00e0 venir, qui sera sans doute riche d\u2019\u00e9v\u00e9nements de toutes sortes et que nous ne pouvons actuellement gu\u00e8re nous figurer que de fa\u00e7on fantaisiste. Nul doute que beaucoup de ces \u00e9v\u00e9nements toucheront de fa\u00e7on plus ou moins dramatique l\u2019\u00e9conomie globale, de m\u00eame que la politique et le d\u00e9veloppement mondial. Ce futur comportera un certain m\u00fbrissement de notre compr\u00e9hension de l\u2019histoire et de son sens, si elle en a un, ce qui est l\u2019objet du <em>pari<\/em> d\u00e9j\u00e0 propos\u00e9 <a id=\"ref-1\" href=\"#note-1\"><sup>1<\/sup><\/a>.<\/p>\n<div>\n<p>Or, pr\u00e9cis\u00e9ment, d\u2019apr\u00e8s la formulation de ce pari, l\u2019\u00e9poque actuelle en est une encore d\u2019ignorance sur les possibilit\u00e9s \u00e0 long terme de notre histoire, et m\u00eame une \u00e9poque encore relativement na\u00efve et fruste. L\u2019id\u00e9e d\u2019un progr\u00e8s \u00e0 long terme se comprend par opposition aux conceptions du progr\u00e8s en somme tr\u00e8s na\u00efves, voire rudimentaires, qui ont \u00e9t\u00e9 avanc\u00e9es jusqu\u2019\u00e0 pr\u00e9sent. Les conceptions existantes du progr\u00e8s se sont av\u00e9r\u00e9es tributaires de leur \u00e9poque et de leur lieu de provenance (la \u00ab\u00a0civilisation\u00a0\u00bb) et, toutes plus ou moins ethnocentriques et toutes de ce fait plus ou moins irr\u00e9alistes. Or, l\u2019id\u00e9e du progressisme \u00e0 long terme est aussi celle du progressisme\u00a0<em>mondial<\/em>, un concept, sans pr\u00e9c\u00e9dent. Le progressisme mondial est d\u00e9fini comme celui qui milite en faveur de chacun des groupes humains, sans exception. Il se comprend par opposition au pseudo-progressisme.<\/p>\n<p><strong><em>Le pseudo-progressisme<\/em><\/strong><\/p>\n<p>Nous d\u00e9finirons les conceptions connues du progressisme comme relevant du\u00a0<em>pseudo-p<\/em><em>rogressisme<\/em>, le progr\u00e8s illusoire et m\u00eame trompeur, et cela \u00e0 un double titre. D\u2019abord, il semble \u00eatre surtout celui d\u2019un certain type de culture (europ\u00e9enne ou occidentale). De plus, il pr\u00e9tend faire la r\u00e9volution, de gr\u00e9 ou de force, dans des d\u00e9lais pos\u00e9s arbitrairement courts, trop courts pour \u00eatre r\u00e9alisable dans le respect mutuel des personnes et des groupes. Les r\u00e9volutions les plus lourdes de cons\u00e9quences se sont faites sur plusieurs si\u00e8cles. Le progressiste actuel a encore l\u2019attitude de celui qui fait la le\u00e7on aux autres, quitte \u00e0 les bl\u00e2mer s\u2019ils retardent trop. D\u2019apr\u00e8s l\u2019id\u00e9e du progressisme \u00e0 long terme, l\u2019attitude sera plut\u00f4t celle de celui qui propose et qui, au lieu de bl\u00e2mer, tente ind\u00e9fectiblement d\u2019aider l\u2019autre, de le supporter, \u00e9tant entendu que le progr\u00e8s v\u00e9ritable n\u00e9cessite en g\u00e9n\u00e9ral le long terme.<\/p>\n<\/div>\n<p><strong><em>Exemples de progr\u00e8s ayant n\u00e9cessit\u00e9 le long terme\u00a0<\/em>:<\/strong><\/p>\n<p>\u2022\u00a0La d\u00e9mocratie moderne telle qu\u2019on la conna\u00eet de nos jours a, pendant plus d\u2019un si\u00e8cle, constamment progress\u00e9 en ce qui concerne la d\u00e9finition m\u00eame du \u00ab\u00a0suffrage universel\u00a0\u00bb.<\/p>\n<p>\u2022\u00a0Le f\u00e9minisme est la seule forme de progressisme \u00e0 avoir vraiment fait la promotion de l\u2019\u00e9galit\u00e9 des femmes.<\/p>\n<p>\u2022\u00a0Les droits des homosexuels ont \u00e9t\u00e9 presque compl\u00e8tement ignor\u00e9s par\u00a0les progressistes les plus militants jusqu\u2019\u00e0 une \u00e9poque tr\u00e8s r\u00e9cente.<\/p>\n<p>Il en d\u00e9coule la conception d\u2019un progr\u00e8s dont le d\u00e9veloppement est \u00e9tal\u00e9 dans le temps<em>, <\/em>jalonn\u00e9 de profondes transformations des m\u0153urs et des concepts philosophiques et scientifiques en g\u00e9n\u00e9ral. Il nous faudra envisager des processus d\u00e9mocratiques \u00e0 long terme, faisant le plus possible consensus socialement, un consensus sur des objectifs valables, avec en \u00e0-c\u00f4t\u00e9s impr\u00e9vus des refontes plus ou moins profondes de l\u2019id\u00e9e m\u00eame de d\u00e9mocratie. Ainsi, le progressisme \u00e0 long terme ne s\u2019oppose pas exactement \u00e0 la droite progressiste, soit \u00e0 l\u2019attitude dite conservatrice mais qui s\u2019accommode d\u2019un progr\u00e8s r\u00e9el pourvu qu\u2019il soit \u00e9tabli dans des d\u00e9lais plus longs que ce que d\u00e9sirent ceux qui s\u2019appellent actuellement gauchistes.<\/p>\n<p>\u2022\u00a0<em><a title=\"Convergence du progressisme et du conservatisme\" href=\"http:\/\/mail.agoratheque.3zcom.com\/?page_id=589\">Convergence du progressisme et du conservatisme <\/a><\/em><\/p>\n<div>\n<p><em>\u2022\u00a0<a title=\"Critique d\u2019un certain type de mat\u00e9rialiste de progr\u00e8s\" href=\"http:\/\/mail.agoratheque.3zcom.com\/?page_id=599\">Critique d\u2019un certain type mat\u00e9rialiste de progr\u00e8s\u00a0<\/a><\/em><\/p>\n<\/div>\n<div><a id=\"note-1\" href=\"#ref-1\">1<\/a> Il s&rsquo;agit du pari qui est inh\u00e9rent \u00e0 l&rsquo;id\u00e9e m\u00eame du <a title=\"Le progr\u00e8s sur le long terme en g\u00e9n\u00e9ral\" href=\"http:\/\/mail.agoratheque.3zcom.com\/?page_id=566\">progressisme \u00e0 long terme<\/a>. <a id=\"note-1\" href=\"#ref-1\">1<\/a><\/div>\n<div class=\"edit-link\"><a class=\"post-edit-link\" href=\"\">modifier<\/a><\/div>","protected":false},"excerpt":{"rendered":"<p>Le\u00a0principe\u00a0du progressisme mondial\u00a0est\u00a0l\u2019importance fondamentale du futur \u00e0 long terme. Le futur est doublement important pour nous, les humains actuels. D\u2019abord, il nous importe simplement parce que\u00a0c\u2019est le n\u00f4tre. Nous avons une histoire, au pass\u00e9, mais nous aurons aussi \u2013 moyennant l\u2019hypoth\u00e8se raisonnable d\u2019une&#8230;<\/p>\n","protected":false},"author":1,"featured_media":0,"parent":555,"menu_order":10,"comment_status":"open","ping_status":"open","template":"","meta":[],"tags":[],"_links":{"self":[{"href":"http:\/\/agoratheque.3zcom.com\/index.php?rest_route=\/wp\/v2\/pages\/583"}],"collection":[{"href":"http:\/\/agoratheque.3zcom.com\/index.php?rest_route=\/wp\/v2\/pages"}],"about":[{"href":"http:\/\/agoratheque.3zcom.com\/index.php?rest_route=\/wp\/v2\/types\/page"}],"author":[{"embeddable":true,"href":"http:\/\/agoratheque.3zcom.com\/index.php?rest_route=\/wp\/v2\/users\/1"}],"replies":[{"embeddable":true,"href":"http:\/\/agoratheque.3zcom.com\/index.php?rest_route=%2Fwp%2Fv2%2Fcomments&post=583"}],"version-history":[{"count":11,"href":"http:\/\/agoratheque.3zcom.com\/index.php?rest_route=\/wp\/v2\/pages\/583\/revisions"}],"predecessor-version":[{"id":5426,"href":"http:\/\/agoratheque.3zcom.com\/index.php?rest_route=\/wp\/v2\/pages\/583\/revisions\/5426"}],"up":[{"embeddable":true,"href":"http:\/\/agoratheque.3zcom.com\/index.php?rest_route=\/wp\/v2\/pages\/555"}],"wp:attachment":[{"href":"http:\/\/agoratheque.3zcom.com\/index.php?rest_route=%2Fwp%2Fv2%2Fmedia&parent=583"}],"wp:term":[{"taxonomy":"post_tag","embeddable":true,"href":"http:\/\/agoratheque.3zcom.com\/index.php?rest_route=%2Fwp%2Fv2%2Ftags&post=583"}],"curies":[{"name":"wp","href":"https:\/\/api.w.org\/{rel}","templated":true}]}}