{"id":5887,"date":"2017-05-20T06:38:51","date_gmt":"2017-05-20T10:38:51","guid":{"rendered":"http:\/\/mail.agoratheque.3zcom.com\/?page_id=5887"},"modified":"2020-06-13T09:06:59","modified_gmt":"2020-06-13T13:06:59","slug":"projet-respect-predictions-ideometriques","status":"publish","type":"page","link":"http:\/\/agoratheque.3zcom.com\/?page_id=5887","title":{"rendered":"Projet Respect: pr\u00e9dictions id\u00e9om\u00e9triques"},"content":{"rendered":"<p style=\"text-align: right;\"><a href=\"http:\/\/mail.agoratheque.3zcom.com\/?page_id=5891\">English<\/a><\/p>\n<p><strong><span style=\"font-size: 14pt;\">Articles de la Revue d&rsquo;id\u00e9om\u00e9trie (de 2016 \u00e0 2020)<\/span><\/strong><\/p>\n<p><a href=\"http:\/\/mail.agoratheque.3zcom.com\/?page_id=5073\">Introduction au math\u00e9matiques id\u00e9om\u00e9triques<\/a><\/p>\n<p><a href=\"http:\/\/mail.agoratheque.3zcom.com\/?page_id=5488\">Pr\u00e9dictions id\u00e9om\u00e9triques<\/a><\/p>\n<p><a href=\"http:\/\/mail.agoratheque.3zcom.com\/?page_id=5839\">D\u00e9it\u00e9s \u00e9tranges et famili\u00e8res<\/a><\/p>\n<p><a href=\"http:\/\/mail.agoratheque.3zcom.com\/?page_id=5885\">La conscience<\/a><\/p>\n<p><a href=\"http:\/\/mail.agoratheque.3zcom.com\/?page_id=5955\">La vie r\u00e9f\u00e9rentielle<\/a><\/p>\n<p><a href=\"http:\/\/mail.agoratheque.3zcom.com\/?page_id=6028\">La Grande convergence<\/a><\/p>\n<p><a href=\"http:\/\/mail.agoratheque.3zcom.com\/?page_id=6093\">Quel effet cela fait-il d&rsquo;\u00eatre id\u00e9om\u00e8tre<\/a><\/p>\n<p><a href=\"http:\/\/mail.agoratheque.3zcom.com\/?page_id=6041\">D\u2019o\u00f9 venons-nous?\u2026<\/a><\/p>\n<p><a href=\"http:\/\/mail.agoratheque.3zcom.com\/?page_id=6177\">Nos crimes ordinaires<\/a><\/p>\n<p><a href=\"http:\/\/mail.agoratheque.3zcom.com\/?page_id=6124\">Annexe sur l\u2019id\u00e9om\u00e9trie en tant que premier savoir<\/a><\/p>\n<p><a href=\"http:\/\/mail.agoratheque.3zcom.com\/?page_id=6229\">L\u2019\u00e9thique \u00e9valuative<\/a><\/p>\n<p><a href=\"http:\/\/mail.agoratheque.3zcom.com\/?page_id=6262\">Pr\u00e9cisions sur le Projet Respect: autonomie, environnement, violence&#8230;<\/a><\/p>\n<p><a href=\"http:\/\/mail.agoratheque.3zcom.com\/?page_id=6906\">Y a-t-il quelqu&rsquo;un l\u00e0-haut? Une (belle) r\u00e9ponse originale \u00e0 une vieille question<\/a><\/p>\n<div class=\"edit-link\"><a class=\"post-edit-link\" href=\"\">modifier<\/a><\/div>","protected":false},"excerpt":{"rendered":"<p>English Articles de la Revue d&rsquo;id\u00e9om\u00e9trie (de 2016 \u00e0 2020) Introduction au math\u00e9matiques id\u00e9om\u00e9triques Pr\u00e9dictions id\u00e9om\u00e9triques D\u00e9it\u00e9s \u00e9tranges et famili\u00e8res La conscience La vie r\u00e9f\u00e9rentielle La Grande convergence Quel effet cela fait-il d&rsquo;\u00eatre id\u00e9om\u00e8tre D\u2019o\u00f9 venons-nous?\u2026 Nos crimes ordinaires Annexe sur l\u2019id\u00e9om\u00e9trie en&#8230;<\/p>\n","protected":false},"author":1,"featured_media":0,"parent":0,"menu_order":0,"comment_status":"closed","ping_status":"closed","template":"","meta":[],"tags":[],"_links":{"self":[{"href":"http:\/\/agoratheque.3zcom.com\/index.php?rest_route=\/wp\/v2\/pages\/5887"}],"collection":[{"href":"http:\/\/agoratheque.3zcom.com\/index.php?rest_route=\/wp\/v2\/pages"}],"about":[{"href":"http:\/\/agoratheque.3zcom.com\/index.php?rest_route=\/wp\/v2\/types\/page"}],"author":[{"embeddable":true,"href":"http:\/\/agoratheque.3zcom.com\/index.php?rest_route=\/wp\/v2\/users\/1"}],"replies":[{"embeddable":true,"href":"http:\/\/agoratheque.3zcom.com\/index.php?rest_route=%2Fwp%2Fv2%2Fcomments&post=5887"}],"version-history":[{"count":16,"href":"http:\/\/agoratheque.3zcom.com\/index.php?rest_route=\/wp\/v2\/pages\/5887\/revisions"}],"predecessor-version":[{"id":6962,"href":"http:\/\/agoratheque.3zcom.com\/index.php?rest_route=\/wp\/v2\/pages\/5887\/revisions\/6962"}],"wp:attachment":[{"href":"http:\/\/agoratheque.3zcom.com\/index.php?rest_route=%2Fwp%2Fv2%2Fmedia&parent=5887"}],"wp:term":[{"taxonomy":"post_tag","embeddable":true,"href":"http:\/\/agoratheque.3zcom.com\/index.php?rest_route=%2Fwp%2Fv2%2Ftags&post=5887"}],"curies":[{"name":"wp","href":"https:\/\/api.w.org\/{rel}","templated":true}]}}