{"id":594,"date":"2011-06-27T11:05:23","date_gmt":"2011-06-27T15:05:23","guid":{"rendered":"http:\/\/agoratheque.yprovencal.ep.profweb.qc.ca\/?page_id=594"},"modified":"2011-06-27T11:05:48","modified_gmt":"2011-06-27T15:05:48","slug":"base-documentaire-du-manifeste","status":"publish","type":"page","link":"http:\/\/agoratheque.3zcom.com\/?page_id=594","title":{"rendered":"Base documentaire du manifeste"},"content":{"rendered":"<p>Pour\u00a0constituer le Manifeste, compte tenu des ressources actuelles de l\u2019Internet, j\u2019ai opt\u00e9 pour une base documentaire commode et fiable. \u00c9videmment les suggestions des \u00e9tudiants ont souvent \u00e9t\u00e9 document\u00e9es \u00e0 partir de ce qu\u2019ils trouvaient dans l\u2019Internet. Ils ont par exemple beaucoup utilis\u00e9 Wikip\u00e9dia et d\u2019autres encyclop\u00e9dies telles qu\u2019<em>Encyclopaedia Universalis<\/em>. Je leur ai expliqu\u00e9 qu\u2019il fallait utiliser les sources avec pr\u00e9cautions. Il y a par exemple des diff\u00e9rences \u00e0 faire entre Wikip\u00e9dia et <em>Universalis<\/em>. Wikip\u00e9dia est une encyclop\u00e9die libre (trop libre\u00a0? l\u2019avenir le dira), qui pr\u00e9sente par le fait m\u00eame l\u2019avantage que ses articles sont compos\u00e9s de fa\u00e7on plus d\u00e9mocratique et moins comme la chasse gard\u00e9e des experts disciplinaires. Cependant les informations qu\u2019on y trouve sont g\u00e9n\u00e9ralement \u00e0 v\u00e9rifier. Quant \u00e0 l\u2019encyclop\u00e9die <em>Universalis<\/em>, elle est consid\u00e9r\u00e9e comme l\u2019une des sources bibliographiques les plus s\u00e9rieuses. Le texte du Manifeste s\u2019appuie sur des sources fiables et reconnues, incluant un nombre appr\u00e9ciable d\u2019articles d\u2019<em>Encyclopaedia Universalis<\/em>. Ce choix d\u00e9coule \u00e9videmment du fait qu\u2019il \u00e9tait souvent plus utile pour les \u00e9tudiants de se documenter sur un sujet difficile en s\u2019appuyant sur des\u00a0articles de quelques pages plut\u00f4t que sur de longues lectures d\u2019ouvrages, dont la plupart ne sont pas accessibles facilement au C\u00e9gep. En effet, non seulement le service documentaire du C\u00e9gep aurait \u00e9t\u00e9 vite d\u00e9bord\u00e9, mais les \u00e9tudiants n\u2019auraient tout simplement pas eu le temps de lire ces ouvrages.<\/p>\n<div class=\"edit-link\"><a class=\"post-edit-link\" href=\"\">modifier<\/a><\/div>","protected":false},"excerpt":{"rendered":"<p>Pour\u00a0constituer le Manifeste, compte tenu des ressources actuelles de l\u2019Internet, j\u2019ai opt\u00e9 pour une base documentaire commode et fiable. \u00c9videmment les suggestions des \u00e9tudiants ont souvent \u00e9t\u00e9 document\u00e9es \u00e0 partir de ce qu\u2019ils trouvaient dans l\u2019Internet. Ils ont par exemple beaucoup utilis\u00e9 Wikip\u00e9dia&#8230;<\/p>\n","protected":false},"author":1,"featured_media":0,"parent":378,"menu_order":5,"comment_status":"open","ping_status":"open","template":"","meta":[],"tags":[],"_links":{"self":[{"href":"http:\/\/agoratheque.3zcom.com\/index.php?rest_route=\/wp\/v2\/pages\/594"}],"collection":[{"href":"http:\/\/agoratheque.3zcom.com\/index.php?rest_route=\/wp\/v2\/pages"}],"about":[{"href":"http:\/\/agoratheque.3zcom.com\/index.php?rest_route=\/wp\/v2\/types\/page"}],"author":[{"embeddable":true,"href":"http:\/\/agoratheque.3zcom.com\/index.php?rest_route=\/wp\/v2\/users\/1"}],"replies":[{"embeddable":true,"href":"http:\/\/agoratheque.3zcom.com\/index.php?rest_route=%2Fwp%2Fv2%2Fcomments&post=594"}],"version-history":[{"count":3,"href":"http:\/\/agoratheque.3zcom.com\/index.php?rest_route=\/wp\/v2\/pages\/594\/revisions"}],"predecessor-version":[{"id":597,"href":"http:\/\/agoratheque.3zcom.com\/index.php?rest_route=\/wp\/v2\/pages\/594\/revisions\/597"}],"up":[{"embeddable":true,"href":"http:\/\/agoratheque.3zcom.com\/index.php?rest_route=\/wp\/v2\/pages\/378"}],"wp:attachment":[{"href":"http:\/\/agoratheque.3zcom.com\/index.php?rest_route=%2Fwp%2Fv2%2Fmedia&parent=594"}],"wp:term":[{"taxonomy":"post_tag","embeddable":true,"href":"http:\/\/agoratheque.3zcom.com\/index.php?rest_route=%2Fwp%2Fv2%2Ftags&post=594"}],"curies":[{"name":"wp","href":"https:\/\/api.w.org\/{rel}","templated":true}]}}