{"id":5982,"date":"2017-11-03T11:09:51","date_gmt":"2017-11-03T15:09:51","guid":{"rendered":"http:\/\/mail.agoratheque.3zcom.com\/?page_id=5982"},"modified":"2017-11-05T06:21:42","modified_gmt":"2017-11-05T10:21:42","slug":"grille-de-calcul-didees","status":"publish","type":"page","link":"http:\/\/agoratheque.3zcom.com\/?page_id=5982","title":{"rendered":"Grille de calcul d&rsquo;id\u00e9es"},"content":{"rendered":"<p><span style=\"font-size: 14pt;\">Annexe\u00a0: La grille de calcul<\/span><\/p>\n<p>L\u2019infrastructure de toutes les pr\u00e9dictions faites ici (page \u00ab\u00a0La vie r\u00e9f\u00e9rentielle\u00a0\u00bb) trouve ses fondements dans le tableau suivant\u00a0:<\/p>\n<p style=\"text-align: center;\">Tableau id\u00e9om\u00e9trique de la vie r\u00e9f\u00e9rentielle<\/p>\n<table>\n<tbody>\n<tr>\n<td><strong>Type ontologique:\u00a0\u2192<\/strong><\/td>\n<td><strong>Existence mat\u00e9rielle<\/strong><\/td>\n<td><strong>Vie organique<\/strong><\/td>\n<td><strong>Vie r\u00e9f\u00e9rentielle<\/strong><\/td>\n<\/tr>\n<tr>\n<td>Structure compl\u00e8te de base:<\/td>\n<td>Atome<\/td>\n<td>Cellule<\/td>\n<td>\u00catre humain<\/td>\n<\/tr>\n<tr>\n<td>D\u00e9veloppement:<\/td>\n<td>Retour \u00e0 l&rsquo;\u00e9quilibre du syst\u00e8me<\/td>\n<td>Vie consciente de l&rsquo;organisme<\/td>\n<td>Vie de l&rsquo;humanit\u00e9 scientifique<\/td>\n<\/tr>\n<tr>\n<td>Potentialit\u00e9s r\u00e9elles:<\/td>\n<td>Propri\u00e9t\u00e9s de la mati\u00e8re<\/td>\n<td>Capacit\u00e9s inn\u00e9es ou h\u00e9r\u00e9ditaires<\/td>\n<td>Capacit\u00e9s culturelles et techniques<\/td>\n<\/tr>\n<tr>\n<td>Conservation de potentialit\u00e9s r\u00e9elles:<\/td>\n<td>Stabilit\u00e9 des atomes dans un corps physique<\/td>\n<td>Non-divisibilit\u00e9 de la plupart des neurones<\/td>\n<td>IMMORTALIT\u00c9 RELATIVE DES AUTEURS<\/td>\n<\/tr>\n<tr>\n<td>D\u00e9ploiement progressif d&rsquo;une structure complexe:<\/td>\n<td>\u00c9volution physique de corps en interaction<\/td>\n<td>Vie c\u00e9r\u00e9brale des \u00e9l\u00e9ments li\u00e9s \u00e0 la conscience<\/td>\n<td>VIE R\u00c9F\u00c9RENTIELLE des \u00e9l\u00e9ments du GEA<\/td>\n<\/tr>\n<tr>\n<td>Transfert id\u00e9om\u00e9trique:<\/td>\n<td>De la force fictive au champ de force r\u00e9elle<\/td>\n<td>De la pseudo-perception au regard conceptualisant<\/td>\n<td>De la pseudoscience \u00e0 la science id\u00e9om\u00e9trique<\/td>\n<\/tr>\n<tr>\n<td>Exemple de transfert d&rsquo;id\u00e9es:<\/td>\n<td>\u00a0De la force gravitationnelle fictive au champ de force relativiste<\/td>\n<td>De la pseudo-croyance de l&rsquo;enfant \u00e0 sa compr\u00e9hension par le langage<\/td>\n<td>Du pseudo-savoir sur le surnaturel \u00e0 sa compr\u00e9hension id\u00e9om\u00e9trique<\/td>\n<\/tr>\n<tr>\n<td>Int\u00e9gration d&rsquo;id\u00e9es scientifiques:<\/td>\n<td>Syst\u00e8me physique consid\u00e9r\u00e9 comme un complexe d&rsquo;interactions<\/td>\n<td>Int\u00e9gration c\u00e9r\u00e9brale des liens synaptiques entre les neurones<\/td>\n<td>Int\u00e9gration globale des r\u00e9f\u00e9rences aux sources bibliographiques<\/td>\n<\/tr>\n<\/tbody>\n<\/table>\n<p>Remarques:<\/p>\n<p>On remarquera tout d\u2019abord les id\u00e9es scientifiques nouvelles mises en majuscules dans le tableau, telles que l\u2019IMMORTALIT\u00c9 RELATIVE DES AUTEURS et la VIE R\u00c9F\u00c9RENTIELLE.<\/p>\n<p>Quant aux pr\u00e9dictions qui n\u2019apparaissent pas dans le tableau, elles s\u2019obtiendront au moyen d\u2019un calcul simple d\u2019id\u00e9es. Ainsi la PRODUCTION COMPL\u00c8TE D\u2019UNE PERSONNE sera id\u00e9omorphe au <em>d\u00e9veloppement diversifi\u00e9 des neurites (axone et dendrites) \u00e0 partir d\u2019une cellule neuronale<\/em> qui appara\u00eet dans le cerveau de l\u2019enfant, chaque neurone ayant son propre d\u00e9veloppement. Un autre cas sera celui des SUPPORTS MAT\u00c9RIELS DE LA VIE R\u00c9F\u00c9RENTIELLE, entendus ici comme l\u2019infrastructure mat\u00e9rielle des donn\u00e9es informatiques\u00a0; elles seront id\u00e9omorphes aux <em>cellules gliales<\/em>, qui, dans le cerveau humain, jouent un r\u00f4le d\u2019<em>entretien du tissu nerveux<\/em> en apportant les\u00a0<a href=\"https:\/\/fr.wikipedia.org\/wiki\/Nutriment\">nutriments<\/a>\u00a0et l&rsquo;<a href=\"https:\/\/fr.wikipedia.org\/wiki\/Oxyg%C3%A8ne\">oxyg\u00e8ne<\/a> La correspondance id\u00e9om\u00e9trique vaudra aussi, dans ce cas, en ce qui concerne la protection antivirus, id\u00e9omorphe \u00e0 la fonction des cellules gliales concernant le combat contre les pathog\u00e8nes.<\/p>\n<p>Voir: <a href=\"http:\/\/mail.agoratheque.3zcom.com\/?page_id=5073\">Introduction aux math\u00e9matiques id\u00e9om\u00e9triques<\/a><\/p>\n<p style=\"text-align: center;\"><strong>(())<\/strong><\/p>\n<div class=\"edit-link\"><a class=\"post-edit-link\" href=\"\">modifier<\/a><\/div>","protected":false},"excerpt":{"rendered":"<p>Annexe\u00a0: La grille de calcul L\u2019infrastructure de toutes les pr\u00e9dictions faites ici (page \u00ab\u00a0La vie r\u00e9f\u00e9rentielle\u00a0\u00bb) trouve ses fondements dans le tableau suivant\u00a0: Tableau id\u00e9om\u00e9trique de la vie r\u00e9f\u00e9rentielle Type ontologique:\u00a0\u2192 Existence mat\u00e9rielle Vie organique Vie r\u00e9f\u00e9rentielle Structure compl\u00e8te de base: Atome Cellule&#8230;<\/p>\n","protected":false},"author":1,"featured_media":0,"parent":0,"menu_order":0,"comment_status":"closed","ping_status":"closed","template":"","meta":[],"tags":[],"_links":{"self":[{"href":"http:\/\/agoratheque.3zcom.com\/index.php?rest_route=\/wp\/v2\/pages\/5982"}],"collection":[{"href":"http:\/\/agoratheque.3zcom.com\/index.php?rest_route=\/wp\/v2\/pages"}],"about":[{"href":"http:\/\/agoratheque.3zcom.com\/index.php?rest_route=\/wp\/v2\/types\/page"}],"author":[{"embeddable":true,"href":"http:\/\/agoratheque.3zcom.com\/index.php?rest_route=\/wp\/v2\/users\/1"}],"replies":[{"embeddable":true,"href":"http:\/\/agoratheque.3zcom.com\/index.php?rest_route=%2Fwp%2Fv2%2Fcomments&post=5982"}],"version-history":[{"count":14,"href":"http:\/\/agoratheque.3zcom.com\/index.php?rest_route=\/wp\/v2\/pages\/5982\/revisions"}],"predecessor-version":[{"id":6025,"href":"http:\/\/agoratheque.3zcom.com\/index.php?rest_route=\/wp\/v2\/pages\/5982\/revisions\/6025"}],"wp:attachment":[{"href":"http:\/\/agoratheque.3zcom.com\/index.php?rest_route=%2Fwp%2Fv2%2Fmedia&parent=5982"}],"wp:term":[{"taxonomy":"post_tag","embeddable":true,"href":"http:\/\/agoratheque.3zcom.com\/index.php?rest_route=%2Fwp%2Fv2%2Ftags&post=5982"}],"curies":[{"name":"wp","href":"https:\/\/api.w.org\/{rel}","templated":true}]}}