{"id":599,"date":"2011-06-27T12:47:36","date_gmt":"2011-06-27T16:47:36","guid":{"rendered":"http:\/\/agoratheque.yprovencal.ep.profweb.qc.ca\/?page_id=599"},"modified":"2011-06-30T16:19:14","modified_gmt":"2011-06-30T20:19:14","slug":"critique-dun-certain-type-de-materialiste-de-progres","status":"publish","type":"page","link":"http:\/\/agoratheque.3zcom.com\/?page_id=599","title":{"rendered":"Critique d&rsquo;un certain type mat\u00e9rialiste de progr\u00e8s"},"content":{"rendered":"<p>John Stuart Mill anticipe, avant la lettre et\u00a0avec plus d\u2019un si\u00e8cle d\u2019avance, l&rsquo;id\u00e9e de la croissance z\u00e9ro. Il fait ainsi la critique d&rsquo;un certain progr\u00e8s mat\u00e9rialiste pr\u00f4nant la course \u00e0 la richesse \u00e9conomique. Il\u00a0ne voit pas ce type de progr\u00e8s comme une fin en soi valable [1].<\/p>\n<div>\u00a0\u00a0\u00a0L&rsquo;id\u00e9e de progressisme \u00e0 long terme retient cette critique, qui va dans le m\u00eame sens que celle du pseudo-progr\u00e8s \u00e0 court terme. Ce n&rsquo;est, en effet, qu&rsquo;\u00e0 court terme qu&rsquo;il est n\u00e9cessaire de se donner les bases \u00e9conomiques de l&rsquo;organisation\u00a0humaine mondiale. \u00c0 long terme, le d\u00e9veloppement \u00e9conomique pourra \u00eatre vu comme la base permettant de d\u00e9velopper bien d&rsquo;autres objectifs et valeurs de l&rsquo;humain envisag\u00e9 globalement.<\/div>\n<div>\u00a0<\/div>\n<div>\n<hr size=\"1\" \/>\n<p>[1]Cf. \u00ab\u00a0Pauvret\u00e9 et exclusion\u00a0\u00bb par Jean-Jacques Gouguet, dans <em>Encyclopedia Universalis<\/em> (en ligne, le 11 d\u00e9cembre 2009). <a title=\"Base documentaire du manifeste\" href=\"http:\/\/mail.agoratheque.3zcom.com\/?page_id=594\">Pr\u00e9cisions en ce qui concerne la base documentaire du Manifeste<\/a>.<\/p>\n<\/div>\n<div class=\"edit-link\"><a class=\"post-edit-link\" href=\"\">modifier<\/a><\/div>","protected":false},"excerpt":{"rendered":"<p>John Stuart Mill anticipe, avant la lettre et\u00a0avec plus d\u2019un si\u00e8cle d\u2019avance, l&rsquo;id\u00e9e de la croissance z\u00e9ro. Il fait ainsi la critique d&rsquo;un certain progr\u00e8s mat\u00e9rialiste pr\u00f4nant la course \u00e0 la richesse \u00e9conomique. Il\u00a0ne voit pas ce type de progr\u00e8s comme une fin&#8230;<\/p>\n","protected":false},"author":1,"featured_media":0,"parent":583,"menu_order":5,"comment_status":"open","ping_status":"open","template":"","meta":[],"tags":[],"_links":{"self":[{"href":"http:\/\/agoratheque.3zcom.com\/index.php?rest_route=\/wp\/v2\/pages\/599"}],"collection":[{"href":"http:\/\/agoratheque.3zcom.com\/index.php?rest_route=\/wp\/v2\/pages"}],"about":[{"href":"http:\/\/agoratheque.3zcom.com\/index.php?rest_route=\/wp\/v2\/types\/page"}],"author":[{"embeddable":true,"href":"http:\/\/agoratheque.3zcom.com\/index.php?rest_route=\/wp\/v2\/users\/1"}],"replies":[{"embeddable":true,"href":"http:\/\/agoratheque.3zcom.com\/index.php?rest_route=%2Fwp%2Fv2%2Fcomments&post=599"}],"version-history":[{"count":4,"href":"http:\/\/agoratheque.3zcom.com\/index.php?rest_route=\/wp\/v2\/pages\/599\/revisions"}],"predecessor-version":[{"id":798,"href":"http:\/\/agoratheque.3zcom.com\/index.php?rest_route=\/wp\/v2\/pages\/599\/revisions\/798"}],"up":[{"embeddable":true,"href":"http:\/\/agoratheque.3zcom.com\/index.php?rest_route=\/wp\/v2\/pages\/583"}],"wp:attachment":[{"href":"http:\/\/agoratheque.3zcom.com\/index.php?rest_route=%2Fwp%2Fv2%2Fmedia&parent=599"}],"wp:term":[{"taxonomy":"post_tag","embeddable":true,"href":"http:\/\/agoratheque.3zcom.com\/index.php?rest_route=%2Fwp%2Fv2%2Ftags&post=599"}],"curies":[{"name":"wp","href":"https:\/\/api.w.org\/{rel}","templated":true}]}}