{"id":607,"date":"2011-06-27T14:06:14","date_gmt":"2011-06-27T18:06:14","guid":{"rendered":"http:\/\/agoratheque.yprovencal.ep.profweb.qc.ca\/?page_id=607"},"modified":"2011-06-27T14:07:26","modified_gmt":"2011-06-27T18:07:26","slug":"progressisme-et-pseudo-progressisme-dans-le-cas-particulier-du-quebec-2","status":"publish","type":"page","link":"http:\/\/agoratheque.3zcom.com\/?page_id=607","title":{"rendered":"Progressisme et pseudo-progressisme dans le cas particulier du Qu\u00e9bec"},"content":{"rendered":"<p>Gagner le statut d\u2019\u00c9tat-nation, c&rsquo;est-\u00e0-dire d&rsquo;\u00c9tat dit souverain,\u00a0pour une nation comme\u00a0celle des Qu\u00e9b\u00e9cois\u00a0constituerait un pseudo-progr\u00e8s parce que le statut d\u2019\u00c9tat-nation \u00e9quivaut \u00e0 celui de nation injustement privil\u00e9gi\u00e9e par rapport \u00e0 la plupart des nations, soit toutes celles qui ne sont pas encore reconnues comme des \u00c9tats-nations.\u00a0La situation est analogue \u00e0 celle du roturier, au Moyen \u00c2ge, qui aurait voulu gagner le statut de noble. Ce qui \u00e9tait plut\u00f4t \u00e0 souhaiter dans ce cas \u00e9tait d&rsquo;\u00e9liminer les privil\u00e8ges\u00a0attach\u00e9s au statut du\u00a0noble. Dans le cas des nations,\u00a0ce qu&rsquo;on pourrait esp\u00e9rer est que le statut d&rsquo;\u00c9tat-nation soit un jour aboli, m\u00eame si cela ne peut se faire que dans l&rsquo;avenir \u00e0 long terme.<\/p>\n<p>\u00a0\u00a0\u00a0\u00a0\u00a0\u00a0\u00a0\u00a0\u00a0Le Qu\u00e9bec, par exemple, pourra pr\u00e9server son identit\u00e9 (tout en la d\u00e9veloppant), en visant d\u00e8s lors, non le statut d\u2019\u00c9tat-nation, mais celui de nation autonome reconnue au sein d\u2019une supercollectivit\u00e9 d\u00e9mocratiquement accomplie. En d\u2019autres termes,\u00a0il importe surtout de\u00a0revendiquer sa place en une v\u00e9ritable <em>assembl\u00e9e des nations unies<\/em> plut\u00f4t que dans l\u2019actuel regroupement de nations privil\u00e9gi\u00e9es qui a nom \u00ab\u00a0Nations unies\u00a0\u00bb,\u00a0lequel n\u2019est en quelque sorte que l\u2019\u00e9quivalent d\u2019un club priv\u00e9, un peu comme l\u2019est de fa\u00e7on plus \u00e9vidente le \u00ab\u00a0G7\u00a0\u00bb (ou le \u00ab\u00a0G8\u00a0\u00bb). Le Qu\u00e9bec aurait int\u00e9r\u00eat \u00e0 se signaler en revendiquant le m\u00eame statut pour toutes les nations qui ne jouissent pas d\u2019un tel privil\u00e8ge. Qui sait? Peut-\u00eatre la nation qu\u00e9b\u00e9coise prendra-t-elle\u00a0l&rsquo;initiative d&rsquo;engager une authentique\u00a0\u00ab\u00a0R\u00e9volution qu\u00e9b\u00e9coise du monde\u00a0\u00bb !<\/p>\n<p><a href=\"http:\/\/touteslesnations.yprovencal.profweb.ca\/\">R\u00e9f\u00e9rendum mondial pour le Qu\u00e9bec&#8230;<\/a><\/p>\n<div class=\"edit-link\"><a class=\"post-edit-link\" href=\"\">modifier<\/a><\/div>","protected":false},"excerpt":{"rendered":"<p>Gagner le statut d\u2019\u00c9tat-nation, c&rsquo;est-\u00e0-dire d&rsquo;\u00c9tat dit souverain,\u00a0pour une nation comme\u00a0celle des Qu\u00e9b\u00e9cois\u00a0constituerait un pseudo-progr\u00e8s parce que le statut d\u2019\u00c9tat-nation \u00e9quivaut \u00e0 celui de nation injustement privil\u00e9gi\u00e9e par rapport \u00e0 la plupart des nations, soit toutes celles qui ne sont pas encore reconnues&#8230;<\/p>\n","protected":false},"author":1,"featured_media":0,"parent":555,"menu_order":15,"comment_status":"open","ping_status":"open","template":"","meta":[],"tags":[],"_links":{"self":[{"href":"http:\/\/agoratheque.3zcom.com\/index.php?rest_route=\/wp\/v2\/pages\/607"}],"collection":[{"href":"http:\/\/agoratheque.3zcom.com\/index.php?rest_route=\/wp\/v2\/pages"}],"about":[{"href":"http:\/\/agoratheque.3zcom.com\/index.php?rest_route=\/wp\/v2\/types\/page"}],"author":[{"embeddable":true,"href":"http:\/\/agoratheque.3zcom.com\/index.php?rest_route=\/wp\/v2\/users\/1"}],"replies":[{"embeddable":true,"href":"http:\/\/agoratheque.3zcom.com\/index.php?rest_route=%2Fwp%2Fv2%2Fcomments&post=607"}],"version-history":[{"count":3,"href":"http:\/\/agoratheque.3zcom.com\/index.php?rest_route=\/wp\/v2\/pages\/607\/revisions"}],"predecessor-version":[{"id":609,"href":"http:\/\/agoratheque.3zcom.com\/index.php?rest_route=\/wp\/v2\/pages\/607\/revisions\/609"}],"up":[{"embeddable":true,"href":"http:\/\/agoratheque.3zcom.com\/index.php?rest_route=\/wp\/v2\/pages\/555"}],"wp:attachment":[{"href":"http:\/\/agoratheque.3zcom.com\/index.php?rest_route=%2Fwp%2Fv2%2Fmedia&parent=607"}],"wp:term":[{"taxonomy":"post_tag","embeddable":true,"href":"http:\/\/agoratheque.3zcom.com\/index.php?rest_route=%2Fwp%2Fv2%2Ftags&post=607"}],"curies":[{"name":"wp","href":"https:\/\/api.w.org\/{rel}","templated":true}]}}