{"id":6116,"date":"2018-08-10T16:25:18","date_gmt":"2018-08-10T20:25:18","guid":{"rendered":"http:\/\/mail.agoratheque.3zcom.com\/?page_id=6116"},"modified":"2018-08-10T16:31:57","modified_gmt":"2018-08-10T20:31:57","slug":"the-mind-of-society-from-a-fruitful-analogy-of-minsky-to-a-prodigious-idea-of-teilhard-de-chardin","status":"publish","type":"page","link":"http:\/\/agoratheque.3zcom.com\/?page_id=6116","title":{"rendered":"The Mind of Society. From a fruitful analogy of Minsky to a prodigious idea of Teilhard de Chardin"},"content":{"rendered":"<p>R\u00e9f\u00e9rence:\u00a0The Mind of Society. From a fruitful analogy of Minsky to a prodigious idea of Teilhard de Chardin, Yvon Proven\u00e7al, Gordon and Breach, 1998.<\/p>\n<p>Cet ouvrage important est d&rsquo;un acc\u00e8s difficile, \u00e9tant donn\u00e9 que la maison d&rsquo;\u00e9dition (Gordon and Breach) a \u00e9t\u00e9 vendue. Il est disponible \u00e0 certains endroits tels que la\u00a0<a href=\"http:\/\/www.banq.qc.ca\/a_propos_banq\/informations_pratiques\/grande_bibliotheque\/\"><b>Grande Biblioth\u00e8que<\/b><\/a>\u00a0(lieu principal de diffusion de\u00a0Biblioth\u00e8que et Archives nationales du Qu\u00e9bec), ou \u00e0 la\u00a0\u00a0biblioth\u00e8que du C\u00e9gep de Granby.<\/p>\n<div class=\"edit-link\"><a class=\"post-edit-link\" href=\"\">modifier<\/a><\/div>","protected":false},"excerpt":{"rendered":"<p>R\u00e9f\u00e9rence:\u00a0The Mind of Society. From a fruitful analogy of Minsky to a prodigious idea of Teilhard de Chardin, Yvon Proven\u00e7al, Gordon and Breach, 1998. Cet ouvrage important est d&rsquo;un acc\u00e8s difficile, \u00e9tant donn\u00e9 que la maison d&rsquo;\u00e9dition (Gordon and Breach) a \u00e9t\u00e9 vendue.&#8230;<\/p>\n","protected":false},"author":1,"featured_media":0,"parent":0,"menu_order":0,"comment_status":"closed","ping_status":"closed","template":"","meta":[],"tags":[],"_links":{"self":[{"href":"http:\/\/agoratheque.3zcom.com\/index.php?rest_route=\/wp\/v2\/pages\/6116"}],"collection":[{"href":"http:\/\/agoratheque.3zcom.com\/index.php?rest_route=\/wp\/v2\/pages"}],"about":[{"href":"http:\/\/agoratheque.3zcom.com\/index.php?rest_route=\/wp\/v2\/types\/page"}],"author":[{"embeddable":true,"href":"http:\/\/agoratheque.3zcom.com\/index.php?rest_route=\/wp\/v2\/users\/1"}],"replies":[{"embeddable":true,"href":"http:\/\/agoratheque.3zcom.com\/index.php?rest_route=%2Fwp%2Fv2%2Fcomments&post=6116"}],"version-history":[{"count":5,"href":"http:\/\/agoratheque.3zcom.com\/index.php?rest_route=\/wp\/v2\/pages\/6116\/revisions"}],"predecessor-version":[{"id":6123,"href":"http:\/\/agoratheque.3zcom.com\/index.php?rest_route=\/wp\/v2\/pages\/6116\/revisions\/6123"}],"wp:attachment":[{"href":"http:\/\/agoratheque.3zcom.com\/index.php?rest_route=%2Fwp%2Fv2%2Fmedia&parent=6116"}],"wp:term":[{"taxonomy":"post_tag","embeddable":true,"href":"http:\/\/agoratheque.3zcom.com\/index.php?rest_route=%2Fwp%2Fv2%2Ftags&post=6116"}],"curies":[{"name":"wp","href":"https:\/\/api.w.org\/{rel}","templated":true}]}}