{"id":612,"date":"2011-06-27T14:42:53","date_gmt":"2011-06-27T18:42:53","guid":{"rendered":"http:\/\/agoratheque.yprovencal.ep.profweb.qc.ca\/?page_id=612"},"modified":"2016-06-01T07:48:00","modified_gmt":"2016-06-01T11:48:00","slug":"un-courant-progressiste-exemplaire-le-feminisme","status":"publish","type":"page","link":"http:\/\/agoratheque.3zcom.com\/?page_id=612","title":{"rendered":"Un courant progressiste d&rsquo;avant-garde : le f\u00e9minisme"},"content":{"rendered":"<div id=\"attachment_4619\" style=\"width: 176px\" class=\"wp-caption alignright\"><a href=\"http:\/\/mail.agoratheque.3zcom.com\/wp-content\/uploads\/2011\/06\/Manifeste-prog-f\u00e9minisme1.png\"><img aria-describedby=\"caption-attachment-4619\" decoding=\"async\" loading=\"lazy\" class=\" wp-image-4619\" src=\"http:\/\/mail.agoratheque.3zcom.com\/wp-content\/uploads\/2011\/06\/Manifeste-prog-f\u00e9minisme1.png\" alt=\"Violence symbolique d'un mouvement f\u00e9ministe\" width=\"166\" height=\"197\" \/><\/a><p id=\"caption-attachment-4619\" class=\"wp-caption-text\">Violence symbolique d&rsquo;un mouvement f\u00e9ministe<\/p><\/div>\n<p>En survolant l\u2019histoire du mouvement f\u00e9ministe, il est facile de constater que, sur le long terme, beaucoup d\u2019\u00a0\u00ab\u00a0utopies\u00a0\u00bb ont pu \u00eatre r\u00e9alis\u00e9es. Par exemple, en France, les f\u00e9ministes ont fait des progr\u00e8s notables depuis Olympe de Gouges (1792) <a id=\"ref-1\" href=\"#note-1\"><sup>1<\/sup><\/a> et Mary Wollstonecraft (1792) <a id=\"ref-2\" href=\"#note-2\"><sup>2<\/sup><\/a>, les suffragettes <a id=\"ref-3\" href=\"#note-3\"><sup>3<\/sup><\/a>, puis Simone de Beauvoir(1949) <a id=\"ref-4\" href=\"#note-4\"><sup>4<\/sup><\/a>. Les femmes en sont venues\u00a0\u00e0 obtenir le droit d\u00e9mocratique de voter et un acc\u00e8s facilit\u00e9 au monde du travail. Et, ce qui est plus extraordinaire, elles ont renvers\u00e9 les tabous religieux et moraux de la contraception et de l\u2019avortement. Elles ont acquis l\u2019aide du syst\u00e8me juridique en ce qui concerne le harc\u00e8lement sexuel et les mauvais traitements incluant ceux des \u00ab\u00a0femmes battues\u00a0\u00bb. En outre, comme cette nouvelle reconnaissance l\u00e9gale et morale ne suffisait pas \u00e0 assurer en fait l\u2019\u00e9galit\u00e9 en ce qui concerne la repr\u00e9sentation f\u00e9minine au niveau du pouvoir politique, elles ont obtenu dans certains pays des r\u00e9formes constitutionnelles permettant cette \u00e9galit\u00e9 de fait. Ainsi que l\u2019exprime, par exemple, la chercheure Muriel Rouyer\u00a0: \u00ab\u00a0C\u2019est, sans aucun doute, une victoire pour le mouvement des femmes [\u2026] <a id=\"ref-5\" href=\"#note-5\"><sup>5<\/sup><\/a>\u00bb. Cependant il est \u00e9vident qu\u2019il faudra encore beaucoup de temps pour que ce type de r\u00e9volution soit vraiment r\u00e9alis\u00e9 et pour qu&rsquo;il puisse gagner la plan\u00e8te enti\u00e8re. En France et au Royaume-Uni, cela demanda deux si\u00e8cles\u00a0! C\u2019est ce que nous appellerons ici un <em>progr\u00e8s v\u00e9ritable sur le long terme<\/em> et ce, m\u00eame s\u2019il reste encore beaucoup \u00e0 faire pour que l\u2019\u00e9galit\u00e9 de fait soit acquise. Si on se donne suffisamment de temps, cependant, des espoirs inconcevables, des r\u00eaves, peuvent devenir r\u00e9alit\u00e9.<\/p>\n<p><a id=\"note-1\" href=\"#ref-1\">1<\/a> Marie Gouze, dite Olympe de Gouges a produit la <em>D\u00e9claration des droits de la femme et de la citoyenne<\/em> en 1792. Elle\u00a0aurait \u00e9t\u00e9\u00a0guillotin\u00e9e parce que trop favorable \u00e0 Louis XVI.<\/p>\n<p><a id=\"note-2\" href=\"#ref-2\">2<\/a> Mary Wollstonecraft, <em>A Vindication of the Rights of Woman<\/em>, 1792. Elle est consid\u00e9r\u00e9e comme la fondatrice du mouvement f\u00e9ministe. <a id=\"note-2\" href=\"#ref-2\">2<\/a><\/p>\n<p><a id=\"note-3\" href=\"#ref-3\">3<\/a> Emmeline Goulden Pankhurst et ses suffragettes ont lutt\u00e9, au d\u00e9but du XXe si\u00e8cle, au Royaume-Uni, pour que le suffrage dit universel soit \u00e9tendu aux femmes. <a id=\"note-3\" href=\"#ref-3\">3<\/a><\/p>\n<p><a id=\"note-4\" href=\"#ref-4\">4<\/a> Simone de Beauvoir est l\u2019une des principales auteures du f\u00e9minisme. Elle fit publier <em>Le Deuxi\u00e8me sexe<\/em> en 1949. <a id=\"note-4\" href=\"#ref-4\">4<\/a><\/p>\n<div>\n<div id=\"ftn5\"><a id=\"note-5\" href=\"#ref-5\">5<\/a> En France, une r\u00e9forme de la l\u00e9gislation\u00a0(lois du 8 juillet 1999 et du 6 juin 2000) consacre le \u00ab\u00a0principe de parit\u00e9\u00a0\u00bb en modifiant l\u2019article 3 de la Constitution sur la souverainet\u00e9 (\u00ab\u00a0la loi favorise l\u2019\u00e9gal acc\u00e8s des femmes et des hommes aux mandats \u00e9lectoraux et fonctions \u00e9lectives\u00a0\u00bb.) \u00a0et en modifiant le Code \u00e9lectoral pour les \u00e9lections municipales et r\u00e9gionales en \u00ab\u00a0faisant obligation aux formations politiques de pr\u00e9senter, dans les communes de plus de 3\u00a0500 habitants, autant de femmes que d\u2019hommes sur leurs listes et de les pr\u00e9senter alternativement\u00a0\u00bb (Muriel Rouyer, <em>Encyclopaedia Universalis<\/em> en ligne, 9 septembre 2009, \u00ab\u00a0Femme. Du M.L.F. \u00e0 la parit\u00e9\u00a0\u00bb\u00a0(avant-dernier paragraphe). <a id=\"note-5\" href=\"#ref-5\">5<\/a><\/div>\n<\/div>\n<div class=\"edit-link\"><a class=\"post-edit-link\" href=\"\">modifier<\/a><\/div>","protected":false},"excerpt":{"rendered":"<p>En survolant l\u2019histoire du mouvement f\u00e9ministe, il est facile de constater que, sur le long terme, beaucoup d\u2019\u00a0\u00ab\u00a0utopies\u00a0\u00bb ont pu \u00eatre r\u00e9alis\u00e9es. Par exemple, en France, les f\u00e9ministes ont fait des progr\u00e8s notables depuis Olympe de Gouges (1792) 1 et Mary Wollstonecraft (1792)&#8230;<\/p>\n","protected":false},"author":1,"featured_media":0,"parent":555,"menu_order":35,"comment_status":"open","ping_status":"open","template":"","meta":[],"tags":[15],"_links":{"self":[{"href":"http:\/\/agoratheque.3zcom.com\/index.php?rest_route=\/wp\/v2\/pages\/612"}],"collection":[{"href":"http:\/\/agoratheque.3zcom.com\/index.php?rest_route=\/wp\/v2\/pages"}],"about":[{"href":"http:\/\/agoratheque.3zcom.com\/index.php?rest_route=\/wp\/v2\/types\/page"}],"author":[{"embeddable":true,"href":"http:\/\/agoratheque.3zcom.com\/index.php?rest_route=\/wp\/v2\/users\/1"}],"replies":[{"embeddable":true,"href":"http:\/\/agoratheque.3zcom.com\/index.php?rest_route=%2Fwp%2Fv2%2Fcomments&post=612"}],"version-history":[{"count":12,"href":"http:\/\/agoratheque.3zcom.com\/index.php?rest_route=\/wp\/v2\/pages\/612\/revisions"}],"predecessor-version":[{"id":5429,"href":"http:\/\/agoratheque.3zcom.com\/index.php?rest_route=\/wp\/v2\/pages\/612\/revisions\/5429"}],"up":[{"embeddable":true,"href":"http:\/\/agoratheque.3zcom.com\/index.php?rest_route=\/wp\/v2\/pages\/555"}],"wp:attachment":[{"href":"http:\/\/agoratheque.3zcom.com\/index.php?rest_route=%2Fwp%2Fv2%2Fmedia&parent=612"}],"wp:term":[{"taxonomy":"post_tag","embeddable":true,"href":"http:\/\/agoratheque.3zcom.com\/index.php?rest_route=%2Fwp%2Fv2%2Ftags&post=612"}],"curies":[{"name":"wp","href":"https:\/\/api.w.org\/{rel}","templated":true}]}}