{"id":615,"date":"2011-06-27T16:12:31","date_gmt":"2011-06-27T20:12:31","guid":{"rendered":"http:\/\/agoratheque.yprovencal.ep.profweb.qc.ca\/?page_id=615"},"modified":"2011-06-27T17:38:33","modified_gmt":"2011-06-27T21:38:33","slug":"progres-sur-le-long-terme-du-respect-des-homosexuels","status":"publish","type":"page","link":"http:\/\/agoratheque.3zcom.com\/?page_id=615","title":{"rendered":"Progr\u00e8s sur le long terme du respect des homosexuels"},"content":{"rendered":"<p>L\u2019homosexualit\u00e9 a depuis des si\u00e8cles \u00e9t\u00e9 durement r\u00e9prim\u00e9e, notamment par de grandes religions telles que la religion chr\u00e9tienne et l\u2019islam. Ce n\u2019est encore l\u00e0 qu\u2019\u00e0 long terme qu\u2019un certain progr\u00e8s a pu \u00eatre enregistr\u00e9 par l\u2019histoire en Europe chr\u00e9tienne et en terre d\u2019islam. L\u2019esprit r\u00e9volutionnaire fran\u00e7ais, en 1791, s\u2019est montr\u00e9 assez ouvert pour faire de la France\u00a0le premier pays \u00e0 d\u00e9p\u00e9naliser compl\u00e8tement l\u2019homosexualit\u00e9, l\u2019Assembl\u00e9e constituante de 1789 ne retenant pas le \u00ab\u00a0crime de sodomie\u00a0\u00bb dans le code p\u00e9nal\u00a0<a id=\"ref-1\" href=\"#note-1\"><sup>1<\/sup><\/a>. Ce n\u2019est que r\u00e9cemment, en1974, que la psychiatrie a cess\u00e9 officiellement de voir les homosexuels comme des malades mentaux <a id=\"ref-2\" href=\"#note-2\"><sup>2<\/sup><\/a>. Par la suite, certains pays \u2013 le Canada en t\u00eate \u2013 \u00a0ont interdit la discrimination envers les gais et les lesbiennes <a id=\"ref-3\" href=\"#note-3\"><sup>3<\/sup><\/a>. Et, depuis peu, le droit \u00e0 un statut l\u00e9gal d\u2019union ou de mariage homosexuel est support\u00e9 par l\u2019\u00e9thique et semble \u00eatre entr\u00e9 dans les m\u0153urs modernes <a id=\"ref-4\" href=\"#note-4\"><sup>4<\/sup><\/a>.<\/p>\n<div>\n<div id=\"ftn1\">\n<p><a id=\"note-1\" href=\"#ref-1\">1<\/a> Cette information est\u00a0plausible mais elle\u00a0demeure \u00e0 v\u00e9rifier; elle provient de Wikipedia, l\u2019encyclop\u00e9die libre de l\u2019Internet (6 septembre 2009). Cette encyclop\u00e9die a tout de m\u00eame le m\u00e9rite d&rsquo;\u00eatre ouverte \u00e0 tous. Pr\u00e9cisions concernant la <a title=\"Base documentaire du manifeste\" href=\"http:\/\/mail.agoratheque.3zcom.com\/?page_id=594\">base documentaire <\/a>du Manifeste. Retour <a id=\"note-1\" href=\"#ref-1\">1<\/a><\/p>\n<\/div>\n<div id=\"ftn2\">\n<p><a id=\"note-2\" href=\"#ref-2\">2<\/a> Idem; \u00ab\u00a0Homosexualit\u00e9\u00a0\u00bb. Cf. la r\u00e9f\u00e9rence donn\u00e9e\u00a0: Barbara Wilkins, \u00ab\u00a0<em>Dr. Judd Marmor: Straight Talk on Homosexuals<\/em>\u00a0\u00bb, dans <em>People<\/em>, vol.\u00a02, n<sup>o<\/sup>\u00a02, 8 juillet 1974. Un curieux commentaire a \u00e9t\u00e9 intercal\u00e9 dans le texte, apparemment par un internaute inquiet\u00a0: \u00ab\u00a0Cette vision est cependant contestable puisque l\u2019on demande de faire fi d\u2019interdits absolus\u00a0\u00bb. Cet argument est faible puisque beaucoup de nouvelles formes de pens\u00e9e critique, comme celles qui ont conduit \u00e0 la reconnaissance du droit des femmes \u00e0 l\u2019\u00e9galit\u00e9, ont fait face d\u2019abord \u00e0 des oppositions absolues d\u2019origine religieuse et cela n\u2019enl\u00e8ve rien \u00e0 leur bien fond\u00e9. <a id=\"note-2\" href=\"#ref-2\">2<\/a><\/p>\n<\/div>\n<div id=\"ftn3\">\n<p><a id=\"note-3\" href=\"#ref-3\">3<\/a> Pierre Eliot-Trudeau\u00a0pr\u00e9senta son \u00ab\u00a0Bill omnibus\u00a0\u00bb en 1977. Ce droit est consacr\u00e9 dans la Constitution canadienne en 1995. Quelques villes et comt\u00e9s am\u00e9ricains avaient pr\u00e9c\u00e9d\u00e9 le Canada sur ce point. <a id=\"note-3\" href=\"#ref-3\">3<\/a><\/p>\n<\/div>\n<div id=\"ftn4\">\n<p><a id=\"note-4\" href=\"#ref-4\">4<\/a> Le mariage homosexuel a notamment \u00e9t\u00e9 reconnu aux Pays-Bas (2001), en Belgique (2003), au Canada (2004), en Espagne (2005) et en Afrique du Sud (2006).\u00a0En 2006, la D\u00e9claration de Montr\u00e9al (Qu\u00e9bec) sur les droits humains des \u00ab\u00a0LGBT\u00a0\u00bb (lesbiennes, gais, bisexuels et transsexuels)\u00a0critique le retard de l\u2019ONU \u00e0 ce sujet et interpelle les gouvernements du monde et les grandes religions afin de mettre fin \u00e0 l\u2019intol\u00e9rance (Wikipedia, \u00ab\u00a0Homosexualit\u00e9\u00a0\u00bb\u00a0; 6 septembre 2009; information plausible \u00e0 v\u00e9rifier). <a id=\"note-4\" href=\"#ref-4\">4<\/a><\/p>\n<\/div>\n<\/div>\n<div class=\"edit-link\"><a class=\"post-edit-link\" href=\"\">modifier<\/a><\/div>","protected":false},"excerpt":{"rendered":"<p>L\u2019homosexualit\u00e9 a depuis des si\u00e8cles \u00e9t\u00e9 durement r\u00e9prim\u00e9e, notamment par de grandes religions telles que la religion chr\u00e9tienne et l\u2019islam. Ce n\u2019est encore l\u00e0 qu\u2019\u00e0 long terme qu\u2019un certain progr\u00e8s a pu \u00eatre enregistr\u00e9 par l\u2019histoire en Europe chr\u00e9tienne et en terre d\u2019islam.&#8230;<\/p>\n","protected":false},"author":1,"featured_media":0,"parent":555,"menu_order":40,"comment_status":"open","ping_status":"open","template":"","meta":[],"tags":[],"_links":{"self":[{"href":"http:\/\/agoratheque.3zcom.com\/index.php?rest_route=\/wp\/v2\/pages\/615"}],"collection":[{"href":"http:\/\/agoratheque.3zcom.com\/index.php?rest_route=\/wp\/v2\/pages"}],"about":[{"href":"http:\/\/agoratheque.3zcom.com\/index.php?rest_route=\/wp\/v2\/types\/page"}],"author":[{"embeddable":true,"href":"http:\/\/agoratheque.3zcom.com\/index.php?rest_route=\/wp\/v2\/users\/1"}],"replies":[{"embeddable":true,"href":"http:\/\/agoratheque.3zcom.com\/index.php?rest_route=%2Fwp%2Fv2%2Fcomments&post=615"}],"version-history":[{"count":7,"href":"http:\/\/agoratheque.3zcom.com\/index.php?rest_route=\/wp\/v2\/pages\/615\/revisions"}],"predecessor-version":[{"id":622,"href":"http:\/\/agoratheque.3zcom.com\/index.php?rest_route=\/wp\/v2\/pages\/615\/revisions\/622"}],"up":[{"embeddable":true,"href":"http:\/\/agoratheque.3zcom.com\/index.php?rest_route=\/wp\/v2\/pages\/555"}],"wp:attachment":[{"href":"http:\/\/agoratheque.3zcom.com\/index.php?rest_route=%2Fwp%2Fv2%2Fmedia&parent=615"}],"wp:term":[{"taxonomy":"post_tag","embeddable":true,"href":"http:\/\/agoratheque.3zcom.com\/index.php?rest_route=%2Fwp%2Fv2%2Ftags&post=615"}],"curies":[{"name":"wp","href":"https:\/\/api.w.org\/{rel}","templated":true}]}}