{"id":628,"date":"2011-06-28T05:44:45","date_gmt":"2011-06-28T09:44:45","guid":{"rendered":"http:\/\/agoratheque.yprovencal.ep.profweb.qc.ca\/?page_id=628"},"modified":"2011-06-28T12:50:48","modified_gmt":"2011-06-28T16:50:48","slug":"pauvrete-et-respect","status":"publish","type":"page","link":"http:\/\/agoratheque.3zcom.com\/?page_id=628","title":{"rendered":"Pauvret\u00e9 et respect"},"content":{"rendered":"<p>Le respect du pauvre implique qu\u2019on le reconnaisse comme \u00e9tant une personne \u00e0 part enti\u00e8re. Une telle reconnaissance suppose un certain d\u00e9veloppement, qu\u2019il soit requis que l\u2019humain sache exprimer sa pr\u00e9sence pleine, afin de montrer qu\u2019il existe. On peut alors en conclure que les pauvres ont d\u2019abord besoin d\u2019\u00eatre reconnus comme des humains au plein sens du terme puis, en second lieu, qu\u2019ils ont besoin en plus d\u2019avoir les moyens de se d\u00e9velopper en humains. Bref, ils ont besoin d\u2019\u00eatre respect\u00e9s dans leur identit\u00e9 propre et, pour cela,\u00a0ils ont besoin de support.\u00a0<\/p>\n<p>Jean-Jacques Gouguet d\u00e9crit ainsi la situation du pauvre\u00a0: \u00ab\u00a0On dit des pauvres, d\u2019apr\u00e8s la [nouvelle]\u00a0logique \u00e9conomicienne qu\u2019ils ne sont pas rationnels et qu\u2019ils ne veulent pas travailler. D\u2019un point de vue subjectif de monographies [sur le pauvre] il est frappant de constater [qu\u2019il] se d\u00e9gage <span style=\"text-decoration: underline;\">un tr\u00e8s fort besoin de reconnaissance<\/span>. [\u2026]\u00a0La pauvret\u00e9 ne consiste ni en une faible quantit\u00e9 de biens, ni simplement en un rapport entre des fins et des moyens\u00a0: elle est avant tout un rapport entre les hommes<a name=\"_ftnref1\" href=\"https:\/\/lms2.decclic.qc.ca\/Pub\/F38E337E-4AB4-4459-8A51-E3429AA48AD9\/6136BEF9-5782-4011-9BBF-AE959D145715#_ftn1\">[1]<\/a>\u00a0\u00bb\u00a0\u00a0<\/p>\n<p><strong>Les pays pauvres<\/strong>\u00a0<\/p>\n<p>Du point de vue socio-\u00e9conomique, un pays parvient \u00e0 sortir de la pauvret\u00e9 lorsque ses taux de natalit\u00e9 baissent suffisamment et lorsque ses institutions sont devenues suffisamment fortes, c\u2019est-\u00e0-dire respect\u00e9es comme telles par le peuple<a name=\"_ftnref2\" href=\"https:\/\/lms2.decclic.qc.ca\/Pub\/F38E337E-4AB4-4459-8A51-E3429AA48AD9\/6136BEF9-5782-4011-9BBF-AE959D145715#_ftn2\">[2]<\/a>. Ainsi la pauvret\u00e9 des pays qui ne parviennent pas \u00e0 \u00ab\u00a0d\u00e9coller\u00a0\u00bb s\u2019expliquerait par les forts taux de natalit\u00e9 et par le manque d\u2019institutions reconnues par la masse, ce qui serait rattachable au moins en partie au manque d\u2019un syst\u00e8me d\u2019\u00e9ducation, donc d\u2019\u00e9coles et d\u2019universit\u00e9s, ayant fait ses preuves.<\/p>\n<p>M\u00eame si les taux de f\u00e9condit\u00e9 ont baiss\u00e9 dans la plupart des pays du Sud, les pays d\u2019Afrique subsaharienne ont encore des taux de f\u00e9condit\u00e9 \u00e9lev\u00e9s<a name=\"_ftnref3\" href=\"https:\/\/lms2.decclic.qc.ca\/Pub\/F38E337E-4AB4-4459-8A51-E3429AA48AD9\/6136BEF9-5782-4011-9BBF-AE959D145715#_ftn3\">[3]<\/a>. De plus, il manque dans cette partie d\u2019Afrique, des \u00ab\u00a0institutions productrices d\u2019\u00e9galit\u00e9<a name=\"_ftnref4\" href=\"https:\/\/lms2.decclic.qc.ca\/Pub\/F38E337E-4AB4-4459-8A51-E3429AA48AD9\/6136BEF9-5782-4011-9BBF-AE959D145715#_ftn4\">[4]<\/a>\u00a0\u00bb. Certains pays d\u2019Am\u00e9rique latine sont dans une situation semblable en ce qui touche la pauvret\u00e9, les taux de natalit\u00e9 et la force des institutions.\u00a0<\/p>\n<p>Le cas du Nig\u00e9ria semble montrer que la situation d\u2019irrespect dans laquelle se trouvent ses sous-groupes (ou \u00ab\u00a0minorit\u00e9s ethniques\u00a0\u00bb) jouerait un r\u00f4le essentiel dans ce qui cause l\u2019\u00e9tat end\u00e9mique de pauvret\u00e9 du pays.<\/p>\n<p>\u2022 <a title=\"Le cas du Nig\u00e9ria\" href=\"http:\/\/mail.agoratheque.3zcom.com\/?page_id=631\">Le cas du Nig\u00e9ria : nouvel \u00e9clairage sur les causes de la pauvret\u00e9<\/a><\/p>\n<div>\n<hr size=\"1\" \/>\n<div id=\"ftn1\">\n<p><a name=\"_ftn1\" href=\"https:\/\/lms2.decclic.qc.ca\/Pub\/F38E337E-4AB4-4459-8A51-E3429AA48AD9\/6136BEF9-5782-4011-9BBF-AE959D145715#_ftnref1\">[1]<\/a> Jean-Jacques Gouguet,\u00a0<em>Encyclopaedia Universalis<\/em>, \u00ab\u00a0Pour une approche culturelle de l\u2019exclusion\u00a0\u00bb (11\u00a0d\u00e9cembre 2009). Gouguet cite ici Marshall Sahlins, <em>\u00c2ge de pierre, \u00e2ge d\u2019abondance<\/em> (Gallimard, 1976) (J\u2019ai soulign\u00e9 un passage particuli\u00e8rement significatif). Pr\u00e9cisions en ce qui concerne la <a href=\"https:\/\/lms2.decclic.qc.ca\/Pub\/F38E337E-4AB4-4459-8A51-E3429AA48AD9\/289C407F-A1D0-4638-891C-05C0330115E5\" target=\"_self\">base documentaire<\/a> du Manifeste.<\/p>\n<p><a name=\"_ftn2%20?&quot;\" href=\"&quot;https:\/\/lms2.decclic.qc.ca\/Pub\/F38E337E-4AB4-4459-8A51-E3429AA48AD9\/name=_ftn2%20?\">[2]<\/a> Ce serait le cas notamment du Japon, de la Cor\u00e9e du Sud, de la Chine, de l\u2019Inde, de l\u2019Indon\u00e9sie, du Br\u00e9sil et du Mexique qui, tous, ont \u00e9t\u00e9 compt\u00e9s parmi les pays pauvres. La th\u00e8se du caract\u00e8re d\u00e9terminant des institutions est aujourd\u2019hui bien soutenue par les sp\u00e9cialistes en sciences \u00e9conomiques\u00a0; voir en particulier les travaux de Douglas North et notamment son ouvrage <em>Institutions, Institutional Change and Economic Performance<\/em> (Cambridge University Press, Cambridge, 1990).<\/p>\n<\/div>\n<div id=\"ftn3\">\n<p><a name=\"_ftn3\" href=\"https:\/\/lms2.decclic.qc.ca\/Pub\/F38E337E-4AB4-4459-8A51-E3429AA48AD9\/6136BEF9-5782-4011-9BBF-AE959D145715#_ftnref3\">[3]<\/a> Voir par exemple l\u2019article de Denis Cogneau et Sylvie Lambert, \u00ab\u00a0D\u00e9veloppement \u00e9conomique, <em>Encyclopaedia Universalis<\/em> (en ligne, le 9 septembre 2009).<\/p>\n<\/div>\n<div id=\"ftn4\">\n<p><a name=\"_ftn4\" href=\"https:\/\/lms2.decclic.qc.ca\/Pub\/F38E337E-4AB4-4459-8A51-E3429AA48AD9\/6136BEF9-5782-4011-9BBF-AE959D145715#_ftnref4\">[4]<\/a> Les auteurs pr\u00e9cisent ici\u00a0: \u00ab\u00a0soit directement, par le biais de proc\u00e9dures de redistribution du revenu, soit indirectement par la scolarisation par exemple\u00a0\u00bb, <em>Ibid<\/em><\/p>\n<\/div>\n<\/div>\n<div class=\"edit-link\"><a class=\"post-edit-link\" href=\"\">modifier<\/a><\/div>","protected":false},"excerpt":{"rendered":"<p>Le respect du pauvre implique qu\u2019on le reconnaisse comme \u00e9tant une personne \u00e0 part enti\u00e8re. Une telle reconnaissance suppose un certain d\u00e9veloppement, qu\u2019il soit requis que l\u2019humain sache exprimer sa pr\u00e9sence pleine, afin de montrer qu\u2019il existe. On peut alors en conclure que&#8230;<\/p>\n","protected":false},"author":1,"featured_media":0,"parent":555,"menu_order":45,"comment_status":"open","ping_status":"open","template":"","meta":[],"tags":[],"_links":{"self":[{"href":"http:\/\/agoratheque.3zcom.com\/index.php?rest_route=\/wp\/v2\/pages\/628"}],"collection":[{"href":"http:\/\/agoratheque.3zcom.com\/index.php?rest_route=\/wp\/v2\/pages"}],"about":[{"href":"http:\/\/agoratheque.3zcom.com\/index.php?rest_route=\/wp\/v2\/types\/page"}],"author":[{"embeddable":true,"href":"http:\/\/agoratheque.3zcom.com\/index.php?rest_route=\/wp\/v2\/users\/1"}],"replies":[{"embeddable":true,"href":"http:\/\/agoratheque.3zcom.com\/index.php?rest_route=%2Fwp%2Fv2%2Fcomments&post=628"}],"version-history":[{"count":2,"href":"http:\/\/agoratheque.3zcom.com\/index.php?rest_route=\/wp\/v2\/pages\/628\/revisions"}],"predecessor-version":[{"id":635,"href":"http:\/\/agoratheque.3zcom.com\/index.php?rest_route=\/wp\/v2\/pages\/628\/revisions\/635"}],"up":[{"embeddable":true,"href":"http:\/\/agoratheque.3zcom.com\/index.php?rest_route=\/wp\/v2\/pages\/555"}],"wp:attachment":[{"href":"http:\/\/agoratheque.3zcom.com\/index.php?rest_route=%2Fwp%2Fv2%2Fmedia&parent=628"}],"wp:term":[{"taxonomy":"post_tag","embeddable":true,"href":"http:\/\/agoratheque.3zcom.com\/index.php?rest_route=%2Fwp%2Fv2%2Ftags&post=628"}],"curies":[{"name":"wp","href":"https:\/\/api.w.org\/{rel}","templated":true}]}}