{"id":631,"date":"2011-06-28T12:47:07","date_gmt":"2011-06-28T16:47:07","guid":{"rendered":"http:\/\/agoratheque.yprovencal.ep.profweb.qc.ca\/?page_id=631"},"modified":"2014-08-31T09:57:56","modified_gmt":"2014-08-31T13:57:56","slug":"le-cas-du-nigeria","status":"publish","type":"page","link":"http:\/\/agoratheque.3zcom.com\/?page_id=631","title":{"rendered":"Le cas du Nig\u00e9ria"},"content":{"rendered":"<div id=\"attachment_4134\" style=\"width: 386px\" class=\"wp-caption alignnone\"><a href=\"http:\/\/mail.agoratheque.3zcom.com\/wp-content\/uploads\/2011\/06\/Nig\u00e9ria-ethnies.jpg\"><img aria-describedby=\"caption-attachment-4134\" decoding=\"async\" loading=\"lazy\" class=\"wp-image-4134 \" src=\"http:\/\/mail.agoratheque.3zcom.com\/wp-content\/uploads\/2011\/06\/Nig\u00e9ria-ethnies.jpg\" alt=\"Nig\u00e9ria ethnies\" width=\"376\" height=\"319\" \/><\/a><p id=\"caption-attachment-4134\" class=\"wp-caption-text\">Indications de plusieurs ethnies au sein du Nig\u00e9ria<\/p><\/div>\n<div id=\"attachment_4133\" style=\"width: 243px\" class=\"wp-caption alignnone\"><a href=\"http:\/\/mail.agoratheque.3zcom.com\/wp-content\/uploads\/2011\/06\/Nig\u00e9ria.jpg\"><img aria-describedby=\"caption-attachment-4133\" decoding=\"async\" loading=\"lazy\" class=\"wp-image-4133 \" src=\"http:\/\/mail.agoratheque.3zcom.com\/wp-content\/uploads\/2011\/06\/Nig\u00e9ria.jpg\" alt=\"Nig\u00e9ria\" width=\"233\" height=\"237\" \/><\/a><p id=\"caption-attachment-4133\" class=\"wp-caption-text\">Le Nig\u00e9ria en Afrique<\/p><\/div>\n<p>&nbsp;<\/p>\n<p>&nbsp;<\/p>\n<p><strong><em>Le cas du Nig\u00e9ria\u00a0: nouvel \u00e9clairage sur les causes de la pauvret\u00e9<\/em><\/strong><\/p>\n<p>Le cas du Nig\u00e9ria semble particuli\u00e8rement significatif. Cet \u00c9tat-nation de l\u2019Afrique subsaharienne poss\u00e8de et exploite des ressources p\u00e9troli\u00e8res abondantes. Il est pourtant le th\u00e9\u00e2tre d\u2019une crise politique et sociale de fa\u00e7on apparemment end\u00e9mique. En se basant sur les donn\u00e9es accessibles pour ce pays et en interpr\u00e9tant la situation qui y r\u00e8gne d\u2019apr\u00e8s notre concept de respect des groupes, on peut avancer dans la compr\u00e9hension du probl\u00e8me de fond.<\/p>\n<p>La direction du Nig\u00e9ria est vraisemblablement accapar\u00e9e par une oligarchie qui aurait int\u00e9r\u00eat \u00e0 maintenir dans la mis\u00e8re la plus grande partie de la population. Or celle-ci est compos\u00e9e de plusieurs groupes (appel\u00e9es parfois \u00ab\u00a0peuplades\u00a0\u00bb, \u00ab\u00a0tribus\u00a0\u00bb ou \u00ab\u00a0ethnies <a id=\"ref-1\" href=\"#note-1\"><sup>1<\/sup><\/a>\u00bb). Certains groupes dominent l\u2019ensemble des humains vivant sur le territoire. Il semble donc que, si l\u2019ensemble de la population est rest\u00e9e tr\u00e8s pauvre dans ce grand pays d\u2019Afrique, ce soit en derni\u00e8re analyse attribuable aux rapports de condamnation mutuelle des groupes, sans doute surtout de plusieurs groupes domin\u00e9s et d\u2019un ou plusieurs groupes dominants. Comme ces rapports de condamnation mutuelle vont vraisemblablement jusqu\u2019\u00e0 la criminalisation mutuelle, le ou les groupes dominants ne veulent surtout pas \u00ab\u00a0r\u00e9compenser\u00a0\u00bb les domin\u00e9s qui leur tiennent t\u00eate et, de m\u00eame, les groupes domin\u00e9s n\u2019ont d\u2019autre projet que d\u2019abattre ceux qui \u00ab\u00a0usurpent\u00a0\u00bb le pouvoir. Dans ces conditions, ce n\u2019est gu\u00e8re dans le court terme qu\u2019on puisse esp\u00e9rer que le \u00ab\u00a0d\u00e9collage\u00a0\u00bb du pays se produise.<\/p>\n<p>Il semble que ce type de situation se reproduise dans un grand nombre de pays africains, particuli\u00e8rement parmi les plus pauvres. L\u2019une des raisons en serait que, lorsque ces pays gagn\u00e8rent leur ind\u00e9pendance, le d\u00e9coupage des territoires ob\u00e9issait \u00e0 certains crit\u00e8res arbitraires de la colonisation et qu\u2019on ne s\u2019est pas bien pr\u00e9occup\u00e9 de la fa\u00e7on dont pourraient s\u2019entendre entre eux des peuples qui se maudissaient d\u00e9j\u00e0, peut-\u00eatre, depuis longtemps. Si cette analyse est juste, la pauvret\u00e9 qui existe de fa\u00e7on end\u00e9mique en Afrique ou ailleurs a principalement pour cause l\u2019irrespect des groupes envers les autres groupes.<\/p>\n<p>Remarque sur la notion d&rsquo;<a title=\"Remarque sur la notion d\u2019ethnie:\" href=\"http:\/\/mail.agoratheque.3zcom.com\/?page_id=636\">ethnie<\/a><\/p>\n<p><a id=\"note-1\" href=\"#ref-1\">1<\/a> La population du Nig\u00e9ria est tr\u00e8s diversifi\u00e9e. On y d\u00e9nombre 1250 ethnies, qui ont apparemment toujours entretenu une profonde m\u00e9fiance les unes envers les autres et qui en sont souvent venues aux conflits violents. Cf. BRANN, Conrad B. <em>Official and national Languages in Africa: Complementary of Conflict?<\/em>, Qu\u00e9bec, CIRB, Universit\u00e9 Laval, 1985. <a id=\"note-1\" href=\"#ref-1\">1<\/a><\/p>\n<div class=\"edit-link\"><a class=\"post-edit-link\" href=\"\">modifier<\/a><\/div>","protected":false},"excerpt":{"rendered":"<p>&nbsp; &nbsp; Le cas du Nig\u00e9ria\u00a0: nouvel \u00e9clairage sur les causes de la pauvret\u00e9 Le cas du Nig\u00e9ria semble particuli\u00e8rement significatif. Cet \u00c9tat-nation de l\u2019Afrique subsaharienne poss\u00e8de et exploite des ressources p\u00e9troli\u00e8res abondantes. Il est pourtant le th\u00e9\u00e2tre d\u2019une crise politique et sociale&#8230;<\/p>\n","protected":false},"author":1,"featured_media":0,"parent":628,"menu_order":0,"comment_status":"open","ping_status":"open","template":"","meta":[],"tags":[],"_links":{"self":[{"href":"http:\/\/agoratheque.3zcom.com\/index.php?rest_route=\/wp\/v2\/pages\/631"}],"collection":[{"href":"http:\/\/agoratheque.3zcom.com\/index.php?rest_route=\/wp\/v2\/pages"}],"about":[{"href":"http:\/\/agoratheque.3zcom.com\/index.php?rest_route=\/wp\/v2\/types\/page"}],"author":[{"embeddable":true,"href":"http:\/\/agoratheque.3zcom.com\/index.php?rest_route=\/wp\/v2\/users\/1"}],"replies":[{"embeddable":true,"href":"http:\/\/agoratheque.3zcom.com\/index.php?rest_route=%2Fwp%2Fv2%2Fcomments&post=631"}],"version-history":[{"count":6,"href":"http:\/\/agoratheque.3zcom.com\/index.php?rest_route=\/wp\/v2\/pages\/631\/revisions"}],"predecessor-version":[{"id":4135,"href":"http:\/\/agoratheque.3zcom.com\/index.php?rest_route=\/wp\/v2\/pages\/631\/revisions\/4135"}],"up":[{"embeddable":true,"href":"http:\/\/agoratheque.3zcom.com\/index.php?rest_route=\/wp\/v2\/pages\/628"}],"wp:attachment":[{"href":"http:\/\/agoratheque.3zcom.com\/index.php?rest_route=%2Fwp%2Fv2%2Fmedia&parent=631"}],"wp:term":[{"taxonomy":"post_tag","embeddable":true,"href":"http:\/\/agoratheque.3zcom.com\/index.php?rest_route=%2Fwp%2Fv2%2Ftags&post=631"}],"curies":[{"name":"wp","href":"https:\/\/api.w.org\/{rel}","templated":true}]}}