{"id":660,"date":"2011-06-29T05:37:14","date_gmt":"2011-06-29T09:37:14","guid":{"rendered":"http:\/\/agoratheque.yprovencal.ep.profweb.qc.ca\/?page_id=660"},"modified":"2011-06-29T11:08:34","modified_gmt":"2011-06-29T15:08:34","slug":"respect-tolerance-et-droits-humains","status":"publish","type":"page","link":"http:\/\/agoratheque.3zcom.com\/?page_id=660","title":{"rendered":"Respect, tol\u00e9rance et droits humains"},"content":{"rendered":"<div>\n<p>Cependant un autre aspect du respect des groupe est le respect de la personne dissidente, y compris lorsqu\u2019elle entend constituer une nouvelle culture morale. Il y a l\u00e0, en germe, une transformation radicale de toutes nos conceptions de la morale ou de l\u2019\u00e9thique. Le vocable respect est alors pris en un sens profond\u00e9ment renouvel\u00e9. Nous parlerons de respect des personnes et des groupes plut\u00f4t que, par exemple, de tol\u00e9rance ou de droits de l&rsquo;homme (<span style=\"font-family: Times New Roman; font-size: small;\">du moins, tels qu&rsquo;on les a compris jusqu&rsquo;\u00e0 pr\u00e9sent)<\/span>. En effet, le respect consiste non seulement \u00e0 reconna\u00eetre l\u2019autre (personne ou culture morale), \u00a0mais aussi, autant que possible,\u00a0\u00e0 l&rsquo;aider\u00a0\u00e0 se d\u00e9velopper harmonieusement elle-m\u00eame, ce que\u00a0la simple tol\u00e9rance ne fait pas ni n\u2019appelle, tandis que les droits de l&rsquo;homme ne concernent pas comme tels le d\u00e9veloppement entier et harmonieux de l\u2019autre. Ce type de respect n&rsquo;a jamais \u00e9t\u00e9 nettement mis en application dans les soci\u00e9t\u00e9s humaines en g\u00e9n\u00e9ral, jusqu&rsquo;\u00e0 pr\u00e9sent. \u00c9tablir une v\u00e9ritable situation de respect entre les personnes et entre les groupes repr\u00e9sente ainsi\u00a0un objectif ambitieux pour le long terme de l&rsquo;humanit\u00e9 \u00e0 venir. Pour en arriver l\u00e0, il nous faut d&rsquo;abord\u00a0faire une critique radicale de ce qui est ici appel\u00e9 l\u2019<em>\u00e9thocentrisme,\u00a0<\/em>nom\u00a0ici donn\u00e9 \u00e0 l\u2019attitude d\u2019irrespect la plus r\u00e9pandue dans l\u2019histoire en g\u00e9n\u00e9ral, y compris \u00e0 l&rsquo;\u00e9poque actuelle..\u00a0\u00a0\u00a0\u00a0\u00a0\u00a0\u00a0\u00a0\u00a0\u00a0\u00a0\u00a0\u00a0\u00a0\u00a0\u00a0\u00a0\u00a0\u00a0\u00a0\u00a0\u00a0\u00a0\u00a0\u00a0\u00a0\u00a0\u00a0<\/p>\n<p><em>\u2022 <a title=\"D\u00e9finition de l\u2019\u00e9thocentrisme\" href=\"http:\/\/mail.agoratheque.3zcom.com\/?page_id=666\">L\u2019\u00e9thocentrisme<\/a><\/em><\/p>\n<p><em>\u2022 <a title=\"Le droit \u00e0 la dissidence\" href=\"http:\/\/mail.agoratheque.3zcom.com\/?page_id=690\">Le droit \u00e0 la dissidence<\/a><\/em><\/p>\n<\/div>\n<div class=\"edit-link\"><a class=\"post-edit-link\" href=\"\">modifier<\/a><\/div>","protected":false},"excerpt":{"rendered":"<p>Cependant un autre aspect du respect des groupe est le respect de la personne dissidente, y compris lorsqu\u2019elle entend constituer une nouvelle culture morale. Il y a l\u00e0, en germe, une transformation radicale de toutes nos conceptions de la morale ou de l\u2019\u00e9thique.&#8230;<\/p>\n","protected":false},"author":1,"featured_media":0,"parent":555,"menu_order":55,"comment_status":"open","ping_status":"open","template":"","meta":[],"tags":[],"_links":{"self":[{"href":"http:\/\/agoratheque.3zcom.com\/index.php?rest_route=\/wp\/v2\/pages\/660"}],"collection":[{"href":"http:\/\/agoratheque.3zcom.com\/index.php?rest_route=\/wp\/v2\/pages"}],"about":[{"href":"http:\/\/agoratheque.3zcom.com\/index.php?rest_route=\/wp\/v2\/types\/page"}],"author":[{"embeddable":true,"href":"http:\/\/agoratheque.3zcom.com\/index.php?rest_route=\/wp\/v2\/users\/1"}],"replies":[{"embeddable":true,"href":"http:\/\/agoratheque.3zcom.com\/index.php?rest_route=%2Fwp%2Fv2%2Fcomments&post=660"}],"version-history":[{"count":4,"href":"http:\/\/agoratheque.3zcom.com\/index.php?rest_route=\/wp\/v2\/pages\/660\/revisions"}],"predecessor-version":[{"id":665,"href":"http:\/\/agoratheque.3zcom.com\/index.php?rest_route=\/wp\/v2\/pages\/660\/revisions\/665"}],"up":[{"embeddable":true,"href":"http:\/\/agoratheque.3zcom.com\/index.php?rest_route=\/wp\/v2\/pages\/555"}],"wp:attachment":[{"href":"http:\/\/agoratheque.3zcom.com\/index.php?rest_route=%2Fwp%2Fv2%2Fmedia&parent=660"}],"wp:term":[{"taxonomy":"post_tag","embeddable":true,"href":"http:\/\/agoratheque.3zcom.com\/index.php?rest_route=%2Fwp%2Fv2%2Ftags&post=660"}],"curies":[{"name":"wp","href":"https:\/\/api.w.org\/{rel}","templated":true}]}}