{"id":679,"date":"2011-06-29T09:55:10","date_gmt":"2011-06-29T13:55:10","guid":{"rendered":"http:\/\/agoratheque.yprovencal.ep.profweb.qc.ca\/?page_id=679"},"modified":"2014-10-03T08:19:25","modified_gmt":"2014-10-03T12:19:25","slug":"tableau-comparatif-des-attitudes-de-cooperation-et-de-condamnation","status":"publish","type":"page","link":"http:\/\/agoratheque.3zcom.com\/?page_id=679","title":{"rendered":"Tableau comparatif des attitudes de coop\u00e9ration et de condamnation"},"content":{"rendered":"<p>&nbsp;<\/p>\n<table>\n<tbody>\n<tr>\n<td width=\"307\"><span style=\"text-decoration: underline;\"><strong>Attitude de coop\u00e9ration<\/strong><\/span><\/td>\n<td width=\"307\"><span style=\"text-decoration: underline;\"><strong>Attitude de condamnation<\/strong><\/span><\/td>\n<\/tr>\n<tr>\n<td width=\"307\">\u00a0Attitude de reconnaissance et \u00a0d\u2019aide<\/td>\n<td width=\"307\">\u00a0Attitude de rejet et de nuisance<\/td>\n<\/tr>\n<tr>\n<td width=\"307\">\u00a0Questionner de fa\u00e7on constructive<\/td>\n<td width=\"307\">\u00a0Prendre \u00e0 parti, discr\u00e9diter<\/td>\n<\/tr>\n<tr>\n<td width=\"307\">Mettre en valeur les bonnes id\u00e9es de l\u2019autre<\/td>\n<td width=\"307\">D\u00e9nigrer les projets de l\u2019autre<\/td>\n<\/tr>\n<\/tbody>\n<\/table>\n<p>L&rsquo;attitude de condamnation est typiquement celle\u00a0de la\u00a0nation qui entretient une situation conflictuelle contre une autre. On la retrouve, par exemple, dans les rapports entre les souverainistes qu\u00e9b\u00e9cois et les f\u00e9d\u00e9ralistes canadiens. Elle est \u00e9galement typique\u00a0du parti politique\u00a0dans son attitude g\u00e9n\u00e9rale\u00a0envers tout autre parti qu&rsquo;il voit comme rival.<\/p>\n<div class=\"edit-link\"><a class=\"post-edit-link\" href=\"\">modifier<\/a><\/div>","protected":false},"excerpt":{"rendered":"<p>&nbsp; Attitude de coop\u00e9ration Attitude de condamnation \u00a0Attitude de reconnaissance et \u00a0d\u2019aide \u00a0Attitude de rejet et de nuisance \u00a0Questionner de fa\u00e7on constructive \u00a0Prendre \u00e0 parti, discr\u00e9diter Mettre en valeur les bonnes id\u00e9es de l\u2019autre D\u00e9nigrer les projets de l\u2019autre L&rsquo;attitude de condamnation est&#8230;<\/p>\n","protected":false},"author":1,"featured_media":0,"parent":670,"menu_order":0,"comment_status":"open","ping_status":"open","template":"","meta":[],"tags":[],"_links":{"self":[{"href":"http:\/\/agoratheque.3zcom.com\/index.php?rest_route=\/wp\/v2\/pages\/679"}],"collection":[{"href":"http:\/\/agoratheque.3zcom.com\/index.php?rest_route=\/wp\/v2\/pages"}],"about":[{"href":"http:\/\/agoratheque.3zcom.com\/index.php?rest_route=\/wp\/v2\/types\/page"}],"author":[{"embeddable":true,"href":"http:\/\/agoratheque.3zcom.com\/index.php?rest_route=\/wp\/v2\/users\/1"}],"replies":[{"embeddable":true,"href":"http:\/\/agoratheque.3zcom.com\/index.php?rest_route=%2Fwp%2Fv2%2Fcomments&post=679"}],"version-history":[{"count":12,"href":"http:\/\/agoratheque.3zcom.com\/index.php?rest_route=\/wp\/v2\/pages\/679\/revisions"}],"predecessor-version":[{"id":683,"href":"http:\/\/agoratheque.3zcom.com\/index.php?rest_route=\/wp\/v2\/pages\/679\/revisions\/683"}],"up":[{"embeddable":true,"href":"http:\/\/agoratheque.3zcom.com\/index.php?rest_route=\/wp\/v2\/pages\/670"}],"wp:attachment":[{"href":"http:\/\/agoratheque.3zcom.com\/index.php?rest_route=%2Fwp%2Fv2%2Fmedia&parent=679"}],"wp:term":[{"taxonomy":"post_tag","embeddable":true,"href":"http:\/\/agoratheque.3zcom.com\/index.php?rest_route=%2Fwp%2Fv2%2Ftags&post=679"}],"curies":[{"name":"wp","href":"https:\/\/api.w.org\/{rel}","templated":true}]}}