{"id":690,"date":"2011-06-29T11:06:03","date_gmt":"2011-06-29T15:06:03","guid":{"rendered":"http:\/\/agoratheque.yprovencal.ep.profweb.qc.ca\/?page_id=690"},"modified":"2011-08-21T08:26:32","modified_gmt":"2011-08-21T12:26:32","slug":"le-droit-a-la-dissidence","status":"publish","type":"page","link":"http:\/\/agoratheque.3zcom.com\/?page_id=690","title":{"rendered":"Le droit \u00e0 la dissidence"},"content":{"rendered":"<p>Le droit \u00e0 la dissidence peut \u00eatre vu comme universel et inali\u00e9nable, mais en des sens radicalis\u00e9s de ces termes. Il s\u2019applique \u00e0 tout individu aussi bien qu\u2019\u00e0 tout sous-groupe. En effet, le groupe dissident est\u00a0un\u00a0ex-sous-groupe ou un\u00a0ex-membre\u00a0<a id=\"ref-1\" href=\"#note-1\"><sup>1<\/sup><\/a>. Il faut comprendre le droit \u00e0 la dissidence comme pr\u00e9c\u00e9dant tout autre droit; il est en quelque sorte un <em>pro-droit<\/em>, c\u2019est-\u00e0-dire le droit radical de se s\u00e9parer de tout groupe humain. Ce droit est donc de nature diff\u00e9rente de tout autre droit en tant que reconnu seulement dans un ou certains groupes particuliers. Le droit \u00e0 la dissidence est ainsi le droit le plus fondamental qui soit. Il est un droit que l\u2019individu ou le sous-groupe peut opposer \u00e0 l\u2019\u00c9tat, celui-ci \u00e9tant vu comme l\u2019organisation dominant un certain territoire. On peut comparer ce pro-droit \u00e0 l\u2019interdiction de la d\u00e9tention arbitraire, l\u2019arbitraire \u00e9tant alors celui d\u2019un \u00c9tat en particulier, qui cherche \u00e0 imposer sa loi \u00e0 qui n\u2019en rel\u00e8ve plus. Le concept de droit \u00e0 la dissidence rejoint ici celui d\u2019anarchie sur un point, celui que personne n\u2019est assujetti par n\u00e9cessit\u00e9 \u00e0 demeurer membre d\u2019un groupe qui n\u2019est pas (ou qui n\u2019est plus)le sien.<\/p>\n<div>\n<div id=\"ftn1\">\n<p><a id=\"note-1\" href=\"#ref-1\">1<\/a> Plus exactement, le groupe dissident peut \u00eatre compris de deux fa\u00e7ons. Il peut \u00eatre un ex-sous-groupe du groupe dont il s\u2019est d\u00e9tach\u00e9. Il peut \u00eatre aussi le groupe singleton qu\u2019est devenu l\u2019ex-membre d\u2019un groupe. <a id=\"note-1\" href=\"#ref-1\">1<\/a><\/p>\n<\/div>\n<\/div>\n<div class=\"edit-link\"><a class=\"post-edit-link\" href=\"\">modifier<\/a><\/div>","protected":false},"excerpt":{"rendered":"<p>Le droit \u00e0 la dissidence peut \u00eatre vu comme universel et inali\u00e9nable, mais en des sens radicalis\u00e9s de ces termes. Il s\u2019applique \u00e0 tout individu aussi bien qu\u2019\u00e0 tout sous-groupe. En effet, le groupe dissident est\u00a0un\u00a0ex-sous-groupe ou un\u00a0ex-membre\u00a01. Il faut comprendre le droit&#8230;<\/p>\n","protected":false},"author":1,"featured_media":0,"parent":660,"menu_order":0,"comment_status":"open","ping_status":"open","template":"","meta":[],"tags":[14],"_links":{"self":[{"href":"http:\/\/agoratheque.3zcom.com\/index.php?rest_route=\/wp\/v2\/pages\/690"}],"collection":[{"href":"http:\/\/agoratheque.3zcom.com\/index.php?rest_route=\/wp\/v2\/pages"}],"about":[{"href":"http:\/\/agoratheque.3zcom.com\/index.php?rest_route=\/wp\/v2\/types\/page"}],"author":[{"embeddable":true,"href":"http:\/\/agoratheque.3zcom.com\/index.php?rest_route=\/wp\/v2\/users\/1"}],"replies":[{"embeddable":true,"href":"http:\/\/agoratheque.3zcom.com\/index.php?rest_route=%2Fwp%2Fv2%2Fcomments&post=690"}],"version-history":[{"count":7,"href":"http:\/\/agoratheque.3zcom.com\/index.php?rest_route=\/wp\/v2\/pages\/690\/revisions"}],"predecessor-version":[{"id":2411,"href":"http:\/\/agoratheque.3zcom.com\/index.php?rest_route=\/wp\/v2\/pages\/690\/revisions\/2411"}],"up":[{"embeddable":true,"href":"http:\/\/agoratheque.3zcom.com\/index.php?rest_route=\/wp\/v2\/pages\/660"}],"wp:attachment":[{"href":"http:\/\/agoratheque.3zcom.com\/index.php?rest_route=%2Fwp%2Fv2%2Fmedia&parent=690"}],"wp:term":[{"taxonomy":"post_tag","embeddable":true,"href":"http:\/\/agoratheque.3zcom.com\/index.php?rest_route=%2Fwp%2Fv2%2Ftags&post=690"}],"curies":[{"name":"wp","href":"https:\/\/api.w.org\/{rel}","templated":true}]}}