{"id":7070,"date":"2020-10-22T19:14:22","date_gmt":"2020-10-22T23:14:22","guid":{"rendered":"http:\/\/mail.agoratheque.3zcom.com\/?page_id=7070"},"modified":"2020-10-25T06:41:50","modified_gmt":"2020-10-25T10:41:50","slug":"iii-intelligence-humaine-et-intelligence-artificielle","status":"publish","type":"page","link":"http:\/\/agoratheque.3zcom.com\/?page_id=7070","title":{"rendered":"III-\u00a0 Intelligence humaine et intelligence artificielle"},"content":{"rendered":"<p style=\"text-align: center;\">Compte-rendu de recherche \u00e0 partir du General Evolution Research Group (GERG)<\/p>\n<p style=\"text-align: center;\">Octobre 2020<\/p>\n<p>On partira de l\u2019id\u00e9e ici que l\u2019informatique et l\u2019ordinateur id\u00e9ocorrespondent approximativement au syst\u00e8me nerveux autonome et au cervelet, cette partie de l\u2019enc\u00e9phale qui joue un r\u00f4le essentiel dans toute motricit\u00e9 volontaire.<\/p>\n<p>Disposant d\u2019une autonomie secondaire, le cervelet contribue au contr\u00f4le des mouvements complexes que l\u2019enfant apprend progressivement \u00e0 effectuer. Quelle que soit leur complexit\u00e9, le\u00a0cervelet sert \u00e0 les\u00a0contr\u00f4ler\u00a0et les\u00a0coordonner sans que l\u2019individu n\u2019en soit distinctement conscient. Sans cervelet, il nous serait impossible en pratique de\u00a0marcher, ou m\u00eame de nous tenir\u00a0debout. Il nous serait difficile de faire les gestes les plus simples de la vie qui demandent plus ou moins un certain degr\u00e9 de pr\u00e9cision, et sans cervelet nous serions incapables d&rsquo;apprendre \u00e0 r\u00e9aliser des t\u00e2ches plus ou moins complexes. On verra ici, entre autres choses, que le cervelet peut \u00eatre mis en id\u00e9ocorrespondance approximativement avec l\u2019intelligence artificielle globale que les soci\u00e9t\u00e9s humaines mettent progressivement sur pied \u00e0 notre \u00e9poque.<\/p>\n<p>L\u2019informatique est explicit\u00e9e ici comme devant \u00eatre prise au sens de la r\u00e9f\u00e9rentialit\u00e9, c\u2019est-\u00e0-dire au sens de la fa\u00e7on dont les chercheurs la consid\u00e8rent, en se r\u00e9f\u00e9rant aux textes les plus significatifs pour leur propre recherche. Quant \u00e0 lui, le cervelet est envisag\u00e9 comme un objet d\u2019\u00e9tude, ce qui signifie ici qu\u2019il est analys\u00e9 au sens de la c\u00e9r\u00e9bralit\u00e9, c\u2019est-\u00e0-dire des rapports interneuronaux de fa\u00e7on \u00e0 correspondre id\u00e9om\u00e9triquement \u00e0 l\u2019informatique\u00a0:<\/p>\n<table>\n<tbody>\n<tr>\n<td><strong><u>\u00catre humain individuel (c\u00e9r\u00e9bralit\u00e9)<\/u><\/strong><\/td>\n<td><strong><u>Humanit\u00e9 (r\u00e9f\u00e9rentialit\u00e9)<\/u><\/strong><\/td>\n<\/tr>\n<tr>\n<td>Le cervelet peut \u00eatre compris comme ensemble de rapports c\u00e9r\u00e9braux neuronaux permettant d\u2019effectuer les gestes appris.<\/td>\n<td>L\u2019intelligence artificielle peut \u00eatre trait\u00e9e comme un ensemble de rapports r\u00e9f\u00e9rentiels entre producteurs humains de textes et de lecteurs sur ce sujet, permettant \u00e0 la soci\u00e9t\u00e9 d\u2019effectuer un grand nombre de t\u00e2ches int\u00e9gr\u00e9es dans son fonctionnement normal.<\/td>\n<\/tr>\n<\/tbody>\n<\/table>\n<p style=\"text-align: center;\">Id\u00e9ocorrespondance la c\u00e9r\u00e9bralit\u00e9 du cervelet et la r\u00e9f\u00e9rentialit\u00e9 de l\u2019intelligence artificielle<\/p>\n<p>Le toucher de l\u2019enfant se d\u00e9veloppe de fa\u00e7on complexe en relativement peu de temps. L\u2019enfant deviendra vite de plus en plus habile \u00e0 manier des objets. Il apprendra des routines en tant que facult\u00e9s acquises par l\u2019habitude. Il y a certains risques, en g\u00e9n\u00e9ral n\u00e9gligeables, que certaines routines apprises soient exacerb\u00e9es et deviennent des manies pathologiques. Une telle situation correspondrait au risque qu\u2019une humanit\u00e9 future soit aux prises avec une intelligence artificielle d\u00e9fectueuse qui l\u2019obligerait \u00e0 se comporter de fa\u00e7on dysfonctionnelle ou mal adapt\u00e9e par exemple face \u00e0 certains probl\u00e8mes environnementaux ou de d\u00e9penses inutiles devenues excessives\u2026<\/p>\n<table>\n<tbody>\n<tr>\n<td><strong><u>Enfant en tant que c\u00e9r\u00e9bralit\u00e9<\/u><\/strong><\/td>\n<td><strong><u>Humanit\u00e9 actuelle en tant que r\u00e9f\u00e9rentialit\u00e9<\/u><\/strong><strong>\u00a0<\/strong><\/td>\n<\/tr>\n<tr>\n<td>Le cervelet de l\u2019enfant l\u2019aidera \u00e0 devenir autonome, non sans certains risques quant \u00e0 son d\u00e9veloppement personnel.<\/td>\n<td>L\u2019intelligence artificielle (IA) sera en principe au service de l\u2019humain, mais non sans certains risques sur le long terme dont d\u00e9pendra l\u2019avenir de l\u2019humanit\u00e9.<\/td>\n<\/tr>\n<\/tbody>\n<\/table>\n<p style=\"text-align: center;\"><strong>\u00a0<\/strong>Id\u00e9ocorrespondances entre l\u2019id\u00e9e g\u00e9n\u00e9rale du cervelet et celle de l\u2019IA distribu\u00e9e<\/p>\n<p><strong>\u00a0<\/strong>Les dysfonctionnements pathologiques ne sont pas n\u00e9cessairement \u00e0 craindre, mais ils sont toujours possibles.<\/p>\n<p><em>\u00a0<\/em><em>My\u00e9linisation et progr\u00e8s des technologies<\/em><\/p>\n<p><em>\u00a0<\/em><\/p>\n<table>\n<tbody>\n<tr>\n<td><strong><u>Enfant<\/u><\/strong><\/td>\n<td><strong><u>Humanit\u00e9 actuelle<\/u><\/strong><\/td>\n<\/tr>\n<tr>\n<td>Apr\u00e8s la naissance\u00a0: syst\u00e8me nerveux de plus en plus my\u00e9linis\u00e9<\/td>\n<td>Modernit\u00e9\u00a0: communications qui se transforment par la technologie moderne<\/td>\n<\/tr>\n<tr>\n<td>Cerveau my\u00e9linis\u00e9 et cervelet de plus en plus d\u00e9velopp\u00e9<\/td>\n<td>Technologie moderne et intelligence artificielle de plus en plus efficace<\/td>\n<\/tr>\n<tr>\n<td>Cas de dysfonctionnement quand m\u00eame possible; syndrome c\u00e9r\u00e9belleux\u00a0: marche difficile, station debout instable\u2026<\/td>\n<td>Cas du virus informatique ou autres logiciels malveillants dont les applications math\u00e9matiques constituent des risques<\/td>\n<\/tr>\n<\/tbody>\n<\/table>\n<p style=\"text-align: center;\"><strong>\u00a0<\/strong>Id\u00e9otableau suggestif\u00a0: My\u00e9linisation et technologies<\/p>\n<p style=\"text-align: center;\">(())<\/p>\n<ul>\n<li class=\"page_item page-item-7049\"><a href=\"http:\/\/mail.agoratheque.3zcom.com\/?page_id=7049\">I- L\u2019acc\u00e8s \u00e0 la conscience de l\u2019enfant<\/a><\/li>\n<li class=\"page_item page-item-7062 current_page_item\"><a href=\"http:\/\/mail.agoratheque.3zcom.com\/?page_id=7062\">II- Le go\u00fbt et la statistique<\/a><\/li>\n<li class=\"page_item page-item-7070\"><a href=\"http:\/\/mail.agoratheque.3zcom.com\/?page_id=7070\">III-\u00a0 Intelligence humaine et intelligence artificielle<\/a><\/li>\n<li class=\"page_item page-item-7078\"><a href=\"http:\/\/mail.agoratheque.3zcom.com\/?page_id=7078\">IV-\u00a0\u00a0\u00a0\u00a0 L\u2019inspiration des chercheurs<\/a><\/li>\n<li class=\"page_item page-item-7090\"><a href=\"http:\/\/mail.agoratheque.3zcom.com\/?page_id=7090\">V-\u00a0\u00a0\u00a0\u00a0\u00a0 La vulgarisation pour tous<\/a><\/li>\n<li class=\"page_item page-item-7101\"><a href=\"http:\/\/mail.agoratheque.3zcom.com\/?page_id=7101\">VI-\u00a0\u00a0\u00a0 Aper\u00e7u de la pens\u00e9e dans et par une autre sorte de langage<\/a><\/li>\n<\/ul>\n<div class=\"edit-link\"><a class=\"post-edit-link\" href=\"\">modifier<\/a><\/div>","protected":false},"excerpt":{"rendered":"<p>Compte-rendu de recherche \u00e0 partir du General Evolution Research Group (GERG) Octobre 2020 On partira de l\u2019id\u00e9e ici que l\u2019informatique et l\u2019ordinateur id\u00e9ocorrespondent approximativement au syst\u00e8me nerveux autonome et au cervelet, cette partie de l\u2019enc\u00e9phale qui joue un r\u00f4le essentiel dans toute motricit\u00e9&#8230;<\/p>\n","protected":false},"author":1,"featured_media":0,"parent":0,"menu_order":0,"comment_status":"closed","ping_status":"closed","template":"","meta":[],"tags":[],"_links":{"self":[{"href":"http:\/\/agoratheque.3zcom.com\/index.php?rest_route=\/wp\/v2\/pages\/7070"}],"collection":[{"href":"http:\/\/agoratheque.3zcom.com\/index.php?rest_route=\/wp\/v2\/pages"}],"about":[{"href":"http:\/\/agoratheque.3zcom.com\/index.php?rest_route=\/wp\/v2\/types\/page"}],"author":[{"embeddable":true,"href":"http:\/\/agoratheque.3zcom.com\/index.php?rest_route=\/wp\/v2\/users\/1"}],"replies":[{"embeddable":true,"href":"http:\/\/agoratheque.3zcom.com\/index.php?rest_route=%2Fwp%2Fv2%2Fcomments&post=7070"}],"version-history":[{"count":9,"href":"http:\/\/agoratheque.3zcom.com\/index.php?rest_route=\/wp\/v2\/pages\/7070\/revisions"}],"predecessor-version":[{"id":7132,"href":"http:\/\/agoratheque.3zcom.com\/index.php?rest_route=\/wp\/v2\/pages\/7070\/revisions\/7132"}],"wp:attachment":[{"href":"http:\/\/agoratheque.3zcom.com\/index.php?rest_route=%2Fwp%2Fv2%2Fmedia&parent=7070"}],"wp:term":[{"taxonomy":"post_tag","embeddable":true,"href":"http:\/\/agoratheque.3zcom.com\/index.php?rest_route=%2Fwp%2Fv2%2Ftags&post=7070"}],"curies":[{"name":"wp","href":"https:\/\/api.w.org\/{rel}","templated":true}]}}