{"id":714,"date":"2011-06-29T16:11:52","date_gmt":"2011-06-29T20:11:52","guid":{"rendered":"http:\/\/agoratheque.yprovencal.ep.profweb.qc.ca\/?page_id=714"},"modified":"2011-06-29T16:14:01","modified_gmt":"2011-06-29T20:14:01","slug":"continuite-et-discontinuite-par-rapport-a-la-gauche-extreme","status":"publish","type":"page","link":"http:\/\/agoratheque.3zcom.com\/?page_id=714","title":{"rendered":"Continuit\u00e9 et discontinuit\u00e9 par rapport \u00e0 la gauche extr\u00eame"},"content":{"rendered":"<p>L\u2019histoire a d\u00e9montr\u00e9 \u00e0 de multiples occasions les difficult\u00e9s que les mouvements extr\u00e9mistes ont eues \u00e0 transformer la r\u00e9alit\u00e9 humaine d\u2019une fa\u00e7on plus que momentan\u00e9e et tr\u00e8s locale. C\u2019est le cas, entre autres, de regroupements marxistes ou anarchistes. Dans la modernit\u00e9, les changements trop brusques de la soci\u00e9t\u00e9 n\u2019ont g\u00e9n\u00e9ralement pas su provoquer la r\u00e9volution profonde qui \u00e9tait esp\u00e9r\u00e9e. Cette incapacit\u00e9 relative tient aux caract\u00e8res \u00e0 la fois r\u00e9volutionnaire et emport\u00e9 de cette tendance et, par l\u00e0 m\u00eame, \u00e0 son caract\u00e8re intransigeant qui tend \u00e0 rejeter tout changement d\u00fb \u00e0 l\u2019intervention de l\u2019\u00c9tat. Elle entretient un rapport paradoxal avec la gauche mod\u00e9r\u00e9e.\u00a0On y refuse syst\u00e9matiquement toute r\u00e9cup\u00e9ration. En outre, elle a fait son possible pour nuire aux grands partis de gauche aussit\u00f4t que ceux-ci ont sembl\u00e9 en mesure d\u2019obtenir certaines r\u00e9formes <a id=\"ref-1\" href=\"#note-1\"><sup>1<\/sup><\/a>. Il est vrai que certains changements profonds d\u2019une structure instable peuvent \u00eatre provoqu\u00e9s de fa\u00e7on relativement rapide. Cependant, dans le cours de l\u2019histoire, la rapidit\u00e9 jug\u00e9e n\u00e9cessaire par l\u2019extr\u00eame gauche est celle de la fr\u00e9n\u00e9sie col\u00e9rique plut\u00f4t que d\u2019un empressement laborieux.<\/p>\n<p>En revanche, ce type d\u2019emportement est compr\u00e9hensible et on peut avancer \u00e0 la d\u00e9charge des mouvements d\u2019extr\u00eame gauche (et aussi de ceux d\u2019extr\u00eame droite), qu\u2019ils sont les seuls \u00e0 donner une voix \u00e0 nombre d\u2019individus qui n\u2019obtiendraient souvent aucune esp\u00e8ce de repr\u00e9sentation officielle. Ces personnes sont \u00e9galement \u00e0 respecter, au moins en tant que dissidents. Il demeure que la critique extr\u00e9miste est d\u00e9formante et ne propose gu\u00e8re de solution concr\u00e8te de rechange, si bien que tout se passe comme si elle n\u2019avait d\u2019autre fin qu\u2019elle-m\u00eame.<\/p>\n<p>\u00a0<a id=\"note-1\" href=\"#ref-1\">1<\/a> C\u2019est ce que semble avoir d\u00e9montr\u00e9 l\u2019\u00e9chec en France du projet de Constitution europ\u00e9enne, en 2005. <a id=\"note-1\" href=\"#ref-1\">1<\/a><\/p>\n<div class=\"edit-link\"><a class=\"post-edit-link\" href=\"\">modifier<\/a><\/div>","protected":false},"excerpt":{"rendered":"<p>L\u2019histoire a d\u00e9montr\u00e9 \u00e0 de multiples occasions les difficult\u00e9s que les mouvements extr\u00e9mistes ont eues \u00e0 transformer la r\u00e9alit\u00e9 humaine d\u2019une fa\u00e7on plus que momentan\u00e9e et tr\u00e8s locale. C\u2019est le cas, entre autres, de regroupements marxistes ou anarchistes. Dans la modernit\u00e9, les changements&#8230;<\/p>\n","protected":false},"author":1,"featured_media":0,"parent":555,"menu_order":65,"comment_status":"open","ping_status":"open","template":"","meta":[],"tags":[],"_links":{"self":[{"href":"http:\/\/agoratheque.3zcom.com\/index.php?rest_route=\/wp\/v2\/pages\/714"}],"collection":[{"href":"http:\/\/agoratheque.3zcom.com\/index.php?rest_route=\/wp\/v2\/pages"}],"about":[{"href":"http:\/\/agoratheque.3zcom.com\/index.php?rest_route=\/wp\/v2\/types\/page"}],"author":[{"embeddable":true,"href":"http:\/\/agoratheque.3zcom.com\/index.php?rest_route=\/wp\/v2\/users\/1"}],"replies":[{"embeddable":true,"href":"http:\/\/agoratheque.3zcom.com\/index.php?rest_route=%2Fwp%2Fv2%2Fcomments&post=714"}],"version-history":[{"count":4,"href":"http:\/\/agoratheque.3zcom.com\/index.php?rest_route=\/wp\/v2\/pages\/714\/revisions"}],"predecessor-version":[{"id":718,"href":"http:\/\/agoratheque.3zcom.com\/index.php?rest_route=\/wp\/v2\/pages\/714\/revisions\/718"}],"up":[{"embeddable":true,"href":"http:\/\/agoratheque.3zcom.com\/index.php?rest_route=\/wp\/v2\/pages\/555"}],"wp:attachment":[{"href":"http:\/\/agoratheque.3zcom.com\/index.php?rest_route=%2Fwp%2Fv2%2Fmedia&parent=714"}],"wp:term":[{"taxonomy":"post_tag","embeddable":true,"href":"http:\/\/agoratheque.3zcom.com\/index.php?rest_route=%2Fwp%2Fv2%2Ftags&post=714"}],"curies":[{"name":"wp","href":"https:\/\/api.w.org\/{rel}","templated":true}]}}