{"id":720,"date":"2011-06-29T17:33:05","date_gmt":"2011-06-29T21:33:05","guid":{"rendered":"http:\/\/agoratheque.yprovencal.ep.profweb.qc.ca\/?page_id=720"},"modified":"2011-06-29T17:40:01","modified_gmt":"2011-06-29T21:40:01","slug":"environnement-et-politique","status":"publish","type":"page","link":"http:\/\/agoratheque.3zcom.com\/?page_id=720","title":{"rendered":"Environnement et politique"},"content":{"rendered":"<div>\n<p><strong>Environnement et politique<\/strong> <strong>: la difficile communication<\/strong>\u00a0<\/p>\n<p>Les enjeux environnementaux sont \u00e9troitement li\u00e9s aux enjeux politiques, notamment en ce qui concerne la fiabilit\u00e9 des informations sur les donn\u00e9es du probl\u00e8me et des explications sur le probl\u00e8me lui-m\u00eame, c\u2019est-\u00e0-dire sur ce en quoi il consiste et sur ce qu\u2019est son degr\u00e9 de gravit\u00e9.\u00a0<\/p>\n<p>Nous porterons notre attention ici sur un aspect relativement n\u00e9glig\u00e9 des rapports entre le progressisme et les questions d\u2019environnement. Il s\u2019agit de la d\u00e9sinformation, ou de la m\u00e9sinformation, qui accompagne presque fatalement les discussions sur l\u2019environnement..\u00a0<\/p>\n<p>\u00a0\u00a0\u00a0\u00a0\u00a0\u00a0\u00a0\u00a0\u00a0\u00a0\u00a0 Les probl\u00e8mes environnementaux sont en g\u00e9n\u00e9ral complexes. C\u2019est le cas notamment des probl\u00e8mes qui concerne la plan\u00e8te enti\u00e8re, tels que celui du r\u00e9chauffement climatique plan\u00e9taire. Lorsqu\u2019il s\u2019agit de se faire une opinion sur le probl\u00e8me, on veut en g\u00e9n\u00e9ral savoir si le probl\u00e8me est r\u00e9el,\u00a0quel est son degr\u00e9 de gravit\u00e9\u00a0et s\u2019il y a des moyens \u00e0 prendre de fa\u00e7on urgente afin de le r\u00e9soudre. Lorsqu\u2019on fait face \u00e0 un probl\u00e8me de ce type, il faut d\u2019abord prendre conscience que la solution ne pourra \u00eatre apport\u00e9e par les seuls sp\u00e9cialistes de l\u2019environnement ou du climat. Non seulement, le probl\u00e8me de l\u2019environnement concerne d\u2019embl\u00e9e les connaissances de plusieurs sciences de la nature, dont l\u2019\u00e9cologie et, dans le cas du r\u00e9chauffement plan\u00e9taire, la climatologie, mais en outre, le probl\u00e8me poss\u00e8de d\u2019importantes dimensions humaines et politiques.\u00a0\u00a0<\/p>\n<p>\u00a0\u00a0\u00a0\u00a0\u00a0\u00a0\u00a0\u00a0\u00a0\u00a0\u00a0 Les dimensions politiques importent particuli\u00e8rement en raison de l\u2019actuelle situation d\u2019irrespect mutuel g\u00e9n\u00e9ralis\u00e9 des groupes. Il est s\u00fbr que toute prise de position de certains \u00c9tats, ou groupes (mouvements ou partis politiques, etc.), suscite la m\u00e9fiance chez d\u2019autres. M\u00eame si un consensus \u00e9merge, il r\u00e9sultera sans doute de tractations entreprises de fa\u00e7on discr\u00e8te sinon secr\u00e8te. De plus, rien ne garantit que les diff\u00e9rents \u00c9tats voudront r\u00e9ellement respecter leurs engagements. Il se peut, par exemple, que l\u2019\u00e9lection d\u2019un nouveau parti ait pour effet de renverser l\u2019engagement du parti ant\u00e9rieurement au pouvoir. M\u00eame si tel n\u2019est pas le cas, un gouvernement peut d\u00e9cider de sa politique en fonction des renversements d\u2019opinions. En outre, m\u00eame si l\u2019\u00e9volution globale de l\u2019environnement laissait planer l\u2019\u00e9ventualit\u00e9 d\u2019une catastrophe plan\u00e9taire, il est tr\u00e8s possible que certains \u00c9tats adoptent la politique du pire et se comportent comme s\u2019ils souhaitaient la catastrophe en y voyant la possibilit\u00e9 de d\u00e9truire ou punir leur ennemi jur\u00e9 tout en escomptant un salut providentiel pour eux-m\u00eames. Bref, il semble illusoire d\u2019esp\u00e9rer quelque entente efficace que ce soit au niveau mondial, du moins tant qu\u2019une situation de respect mutuel ne sera pas instaur\u00e9e entre les groupes concern\u00e9s.<\/p>\n<p>\u00a0\u00a0\u00a0\u2022 <em><a title=\"Les prises de position probl\u00e9matiques des scientifiques\" href=\"http:\/\/mail.agoratheque.3zcom.com\/?page_id=723\">Les prises de position probl\u00e9matiques des scientifiques<\/a><\/em><\/p>\n<\/div>\n<div class=\"edit-link\"><a class=\"post-edit-link\" href=\"\">modifier<\/a><\/div>","protected":false},"excerpt":{"rendered":"<p>Environnement et politique : la difficile communication\u00a0 Les enjeux environnementaux sont \u00e9troitement li\u00e9s aux enjeux politiques, notamment en ce qui concerne la fiabilit\u00e9 des informations sur les donn\u00e9es du probl\u00e8me et des explications sur le probl\u00e8me lui-m\u00eame, c\u2019est-\u00e0-dire sur ce en quoi il&#8230;<\/p>\n","protected":false},"author":1,"featured_media":0,"parent":555,"menu_order":70,"comment_status":"open","ping_status":"open","template":"","meta":[],"tags":[],"_links":{"self":[{"href":"http:\/\/agoratheque.3zcom.com\/index.php?rest_route=\/wp\/v2\/pages\/720"}],"collection":[{"href":"http:\/\/agoratheque.3zcom.com\/index.php?rest_route=\/wp\/v2\/pages"}],"about":[{"href":"http:\/\/agoratheque.3zcom.com\/index.php?rest_route=\/wp\/v2\/types\/page"}],"author":[{"embeddable":true,"href":"http:\/\/agoratheque.3zcom.com\/index.php?rest_route=\/wp\/v2\/users\/1"}],"replies":[{"embeddable":true,"href":"http:\/\/agoratheque.3zcom.com\/index.php?rest_route=%2Fwp%2Fv2%2Fcomments&post=720"}],"version-history":[{"count":2,"href":"http:\/\/agoratheque.3zcom.com\/index.php?rest_route=\/wp\/v2\/pages\/720\/revisions"}],"predecessor-version":[{"id":727,"href":"http:\/\/agoratheque.3zcom.com\/index.php?rest_route=\/wp\/v2\/pages\/720\/revisions\/727"}],"up":[{"embeddable":true,"href":"http:\/\/agoratheque.3zcom.com\/index.php?rest_route=\/wp\/v2\/pages\/555"}],"wp:attachment":[{"href":"http:\/\/agoratheque.3zcom.com\/index.php?rest_route=%2Fwp%2Fv2%2Fmedia&parent=720"}],"wp:term":[{"taxonomy":"post_tag","embeddable":true,"href":"http:\/\/agoratheque.3zcom.com\/index.php?rest_route=%2Fwp%2Fv2%2Ftags&post=720"}],"curies":[{"name":"wp","href":"https:\/\/api.w.org\/{rel}","templated":true}]}}