{"id":7279,"date":"2021-05-26T10:27:04","date_gmt":"2021-05-26T14:27:04","guid":{"rendered":"http:\/\/mail.agoratheque.3zcom.com\/?page_id=7279"},"modified":"2021-08-26T18:51:21","modified_gmt":"2021-08-26T22:51:21","slug":"lincomprehensible-silence-du-ciel","status":"publish","type":"page","link":"http:\/\/agoratheque.3zcom.com\/?page_id=7279","title":{"rendered":"Le silence incompris du ciel"},"content":{"rendered":"<p style=\"text-align: center;\">26 mai 2021<\/p>\n<p style=\"text-align: left;\"><strong>I\u00a0\u00a0 Un jeu d\u2019enfant<\/strong><\/p>\n<p>Commen\u00e7ons ici par une sorte de jeu qui consiste \u00e0 \u00e9tablir un parall\u00e8le entre l\u2019enfant d\u2019environ 12 mois et l\u2019humanit\u00e9 actuelle. Le but de ce jeu se clarifiera peu \u00e0 peu par la suite.<\/p>\n<table>\n<tbody>\n<tr>\n<td><strong><u>Enfant (de 12 mois environ)<\/u><\/strong><\/td>\n<td><strong><u>Humanit\u00e9 actuelle<\/u><\/strong><\/td>\n<\/tr>\n<tr>\n<td>(Id\u00e9es r\u00e9sultant de la recherche sur les garderies)<\/td>\n<td>(Id\u00e9es r\u00e9sultant de la recherche sur les exoplan\u00e8tes)<\/td>\n<\/tr>\n<tr>\n<td>\u00ab\u00a0Enfants de 12 mois environ\u00a0ou plus,\u00a0du point de vue de l\u2019enfant\u00a0\u00bb<\/td>\n<td>\u00ab\u00a0Plan\u00e8tes habit\u00e9es\u00a0de type Terre\u00a0\u00bb<\/td>\n<\/tr>\n<\/tbody>\n<\/table>\n<p style=\"text-align: center;\">Tableau reliant les id\u00e9es sur la garderie et celles sur l\u2019espace interstellaire<\/p>\n<p>Au d\u00e9but \u00e0 la garderie, l\u2019enfant est fascin\u00e9 par ce nouvel environnement, o\u00f9 il voit des jouets et d\u2019autres enfants, certains \u00e9tant de son \u00e2ge. Son excitation initiale est telle qu\u2019il remarque \u00e0 peine le d\u00e9part de ses parents.<\/p>\n<table>\n<tbody>\n<tr>\n<td><strong><u>Enfant (de 12 mois environ)<\/u><\/strong><\/td>\n<td><strong><u>Humanit\u00e9 actuelle<\/u><\/strong><\/td>\n<\/tr>\n<tr>\n<td>L\u2019enfant d\u00e9couvre et apprend l\u2019existence d\u2019autres enfants, certains \u00e9tant \u00e0 peu pr\u00e8s du m\u00eame \u00e2ge que lui.<\/td>\n<td>On d\u00e9couvre plusieurs exoplan\u00e8tes, certaines \u00e9tant assez semblables \u00e0 la Terre<\/td>\n<\/tr>\n<\/tbody>\n<\/table>\n<p style=\"text-align: center;\">Id\u00e9otableau binaire\u00a0: Correspondances des id\u00e9es sur la d\u00e9couverte des autres (on y a omis les guillemets)<\/p>\n<p>\u00c0 cet \u00e2ge, l\u2019enfant peut croire encore que les poup\u00e9es et les peluches sont d\u2019autres \u00eatres, plus ou moins diff\u00e9rents des enfants. Les id\u00e9es correspondantes sont celles qui portent sur les exoplan\u00e8tes plus ou moins similaires \u00e0 la Terre, avec ou sans vie intelligente.<\/p>\n<p>D\u00e9finitions\u00a0:<\/p>\n<p>On donne le nom d\u2019id\u00e9om\u00e9trie \u00e0 ce type de jeu de correspondances d\u2019id\u00e9es scientifiques.<\/p>\n<p>Le <em>Gea<\/em>, le <em>Grand ensemble autor\u00e9f\u00e9rentiel<\/em>, se d\u00e9finira comme englobant tout ce qui a \u00e9t\u00e9 publi\u00e9 et retenu ou r\u00e9cup\u00e9r\u00e9 ainsi de fa\u00e7on directe ou indirecte en science ou d\u2019autres domaines de la vie intelligente. Internet se pr\u00e9sente aujourd\u2019hui comme son principal support mat\u00e9riel.<\/p>\n<p>L\u2019exogea sera d\u00e9fini comme un gea ext\u00e9rieur au Gea terrestre, lequel reste encore le seul gea connu.<\/p>\n<p>Le contact le plus direct avec un ETI (extraterrestre intelligent) s\u2019\u00e9tablira surtout entre geas au moyen d\u2019id\u00e9otableaux et en obtenant des r\u00e9ponses qui deviendront de plus en plus claires.<\/p>\n<table style=\"width: 497px;\">\n<tbody>\n<tr>\n<td style=\"width: 153.722px;\"><strong><u>Enfant (de 12 mois environ)<\/u><\/strong><\/td>\n<td style=\"width: 191.278px;\"><strong><u>Humanit\u00e9 actuelle<\/u><\/strong><\/td>\n<\/tr>\n<tr>\n<td style=\"width: 153.722px;\">Enfants, poup\u00e9es, peluches, jouets\u2026<\/td>\n<td style=\"width: 191.278px;\">Exoplan\u00e8tes habit\u00e9es ou autres objets plus ou moins habitables<\/td>\n<\/tr>\n<tr>\n<td style=\"width: 153.722px;\">Autres enfants<\/td>\n<td style=\"width: 191.278px;\">Exogeas<\/td>\n<\/tr>\n<\/tbody>\n<\/table>\n<p>Id\u00e9otableau de la correspondance des objets d\u2019\u00e9tude enfant et plan\u00e8te<\/p>\n<p><strong>\u00a0<\/strong><strong>II\u00a0\u00a0 \u2026 jeu de mots, jeu d\u2019id\u00e9es\u2026<\/strong><\/p>\n<p>Pr\u00e9cisions\u00a0: Le SETI dit actif (Active SETI,\u00a0Active Search for Extra-Terrestrial Intelligence)\u00a0, parfois aussi appel\u00e9 METI (Messaging to Extra-Terrestrial Intelligence) consiste\u00a0\u00e0 tenter d&rsquo;envoyer des messages \u00e0 une vie extraterrestre intelligente.<\/p>\n<table>\n<tbody>\n<tr>\n<td><strong><u>Enfant (de 12 mois environ)<\/u><\/strong><\/td>\n<td><strong><u>Humanit\u00e9 actuelle<\/u><\/strong><\/td>\n<\/tr>\n<tr>\n<td>Ce que l\u2019enfant cherche \u00e0 entendre<\/td>\n<td>Projets de recherches de type SETI<\/td>\n<\/tr>\n<tr>\n<td>Appels, recherches de contacts avec les autres<\/td>\n<td>Cr\u00e9ation et transmission de messages de type SETI plus ou moins actif<\/td>\n<\/tr>\n<tr>\n<td>Apprentissage de l\u2019\u00e9change parl\u00e9 et de la communication verbale<\/td>\n<td>Recherche id\u00e9om\u00e9trique<\/td>\n<\/tr>\n<\/tbody>\n<\/table>\n<p style=\"text-align: center;\">Id\u00e9otableau sur l\u2019acquisition progressive du &lt;langage&gt;<\/p>\n<p>Rappel\u00a0: Il s\u2019agit toujours ici, dans les id\u00e9otableaux, de mots et d\u2019Id\u00e9es, non de choses mat\u00e9rielles.<\/p>\n<p>Pr\u00e9cision\u00a0: Les correspondances d\u2019id\u00e9es, entre l\u2019enfant et l\u2019humanit\u00e9, correspondent elles-m\u00eames \u00e0 des &lt;mots&gt; du langage id\u00e9om\u00e9trique.<\/p>\n<p>Le jeune enfant babille, entre autres, pour attirer l\u2019attention d\u2019autres personnes. Il peut \u00e9galement pousser des cris s\u2019il les trouve trop loin ou absents. On recommanderait \u00e9ventuellement aux parents d\u2019un enfant de cet \u00e2ge de mettre des mots sur la situation qu\u2019il vit alors et de nommer ses\u00a0\u00e9motions les plus probables telles qu\u2019inqui\u00e9tude, tristesse, peur\u2026<\/p>\n<p>Plusieurs chercheurs SETI ont cru bon de tenter d\u2019envoyer des messages, voire des invitations, aux hypoth\u00e9tiques civilisations extraterrestres. Or d\u2019autres s\u2019y sont oppos\u00e9s en all\u00e9guant que faire ainsi savoir le niveau d\u2019avancement de la connaissance humaine actuelle risquait de susciter des convoitises chez d\u2019\u00e9ventuels extraterrestres qui en profiteraient alors pour obtenir sans trop de scrupules certains avantages indus.<\/p>\n<table>\n<tbody>\n<tr>\n<td><strong><u>Enfant (de 12 mois environ)<\/u><\/strong><\/td>\n<td><strong><u>Humanit\u00e9 actuelle\u00a0\u00a0<\/u><\/strong><\/td>\n<\/tr>\n<tr>\n<td>Babillage ou cris afin d\u2019attirer l\u2019attention d\u2019autres personnes plus ou moins \u00e9loign\u00e9es<\/td>\n<td>Messages ou invitations lanc\u00e9s au moyen de sondes ou d\u2019\u00e9mission d\u2019ondes \u00e9lectromagn\u00e9tiques \u00e0 d\u2019\u00e9ventuels formes de vie intelligente<\/td>\n<\/tr>\n<\/tbody>\n<\/table>\n<p style=\"text-align: center;\">Id\u00e9otableau d\u2019id\u00e9es sur les &lt;messages&gt;<\/p>\n<p>Notation\u00a0: L\u2019usage de chevrons \u00ab\u00a0&lt;\u00a0\u00bb ou \u00ab\u00a0&gt;\u00a0\u00bb sera de mise afin de souligner une correspondance d\u2019id\u00e9es dans un id\u00e9otableau.<\/p>\n<p>L\u2019enfant devra apprendre, entre autres, \u00e0 d\u00e9passer le simple babillage ou les cris s\u2019il veut bien comprendre et entrer en contact avec son entourage. L\u2019humanit\u00e9 apprendra \u00e0 ne pas se contenter de lancer des signaux ou des objets physiques afin de contacter les Autres, mais d\u2019utiliser et de publier dans un espace abstrait plut\u00f4t des id\u00e9otableaux si elle veut mieux les comprendre et les rencontrer.<\/p>\n<p>N.B.\u00a0: Ainsi que nous le verrons par la suite, les id\u00e9otableaux par leur nature m\u00eame devront simplement \u00eatre publi\u00e9s dans un espace concret et non lanc\u00e9s dans l\u2019espace (l&rsquo;espace con\u00e7u en physique). C\u2019est bien ainsi qu\u2019ils parviendront \u00e0 destination.<\/p>\n<p><em>La pr\u00e9adaptation de l\u2019environnement proche<\/em><\/p>\n<p>On pourrait parler de pr\u00e9adaptation pour d\u00e9crire les propri\u00e9t\u00e9s mat\u00e9rielles ou humaines du milieu environnant l\u2019enfant. Un bon foyer ou une bonne garderie pr\u00e9sentent g\u00e9n\u00e9ralement des traits de ce type.<\/p>\n<table>\n<tbody>\n<tr>\n<td><strong><u>Enfant (de 12 mois environ)<\/u><\/strong><\/td>\n<td><strong><u>Humanit\u00e9 actuelle<\/u><\/strong><\/td>\n<\/tr>\n<tr>\n<td>Pr\u00e9adaptation du milieu environnant l\u2019enfant<\/td>\n<td>Pr\u00e9adaptation du milieu environnant l\u2019humanit\u00e9<\/td>\n<\/tr>\n<tr>\n<td>Foyer particulier, autres familles ou garderie\u2026<\/td>\n<td>Syst\u00e8me solaire, syst\u00e8mes plan\u00e9taires ou famille d\u2019\u00e9toiles et de syst\u00e8mes plan\u00e9taires&#8230;<\/td>\n<\/tr>\n<\/tbody>\n<\/table>\n<p style=\"text-align: center;\">Id\u00e9otableau sur la &lt;pr\u00e9adaptation&gt;<strong>\u00a0<\/strong><\/p>\n<p><strong><em>Cycles c\u00e9r\u00e9braux et cycles r\u00e9f\u00e9rentiels<\/em><\/strong><\/p>\n<p><strong>\u00a0<\/strong>La pr\u00e9adaptation de l\u2019environnement de l\u2019enfant vise entre autres \u00e0 inspirer l\u2019enfant dans son apprentissage cognitif. Ce n\u2019est sans doute pas un hasard, l\u2019inspiration prise \u00e0 un autre niveau de complexit\u00e9 est \u00e9galement le mot utilis\u00e9 pour d\u00e9signer la naissance d\u2019id\u00e9es nouvelles dans l\u2019exercice progressif de la recherche.<\/p>\n<p>L\u2019inspiration et la publication de textes de recherche constitue une structure cyclique qui correspond au cycle de la sensorialit\u00e9-motricit\u00e9 chez l\u2019enfant. Pour \u00eatre en mesure de le constater, il faut d\u2019abord d\u00e9finir les deux termes correspondant de la c\u00e9r\u00e9bralit\u00e9 et de la r\u00e9f\u00e9rentialit\u00e9.<\/p>\n<table>\n<tbody>\n<tr style=\"height: 22.6042px;\">\n<td style=\"height: 22.6042px;\"><strong><u>Enfant (de 12 mois environ)<\/u><\/strong><\/td>\n<td style=\"height: 22.6042px;\"><strong><u>Humanit\u00e9 actuelle<\/u><\/strong><\/td>\n<\/tr>\n<tr style=\"height: 68px;\">\n<td style=\"height: 68px;\">Inspiration d\u2019id\u00e9es de l\u2019enfant, d\u2019abord obtenue par lui de fa\u00e7on sensorielle, \u00e0 la base de son apprentissage sensorimoteur, c\u2019est le cycle sensorimoteur<\/td>\n<td style=\"height: 68px;\">Inspiration d\u2019abord math\u00e9matique \u00e0 la base de la recherche scientifique et des diff\u00e9rentes publications, c\u2019est le cycle inspiration-publication<\/td>\n<\/tr>\n<\/tbody>\n<\/table>\n<p style=\"text-align: center;\">Id\u00e9otableau des &lt;cycles&gt; de l\u2019&lt;inspiration&gt; suivie de mouvement moteur ou de publication<\/p>\n<p><strong>\u00a0<\/strong>D\u00e9finissons ensuite deux termes cl\u00e9s de cette double cyclicit\u00e9\u00a0:<\/p>\n<p><em>C\u00e9r\u00e9bralit\u00e9<\/em>\u00a0: Totalit\u00e9 des neurones formels, des influx nerveux formels d\u2019un cerveau, et des figures en graphes qui y sont form\u00e9s ou formables.<\/p>\n<p><em>R\u00e9f\u00e9rentialit\u00e9<\/em>\u00a0: Totalit\u00e9 des auteurs et des lecteurs formels, des influx r\u00e9f\u00e9rentiel d\u2019un gea (grand ensemble autor\u00e9f\u00e9rentiel), et des figures en graphes qui y sont form\u00e9s ou formables.<\/p>\n<table>\n<tbody>\n<tr>\n<td><strong><u>Enfant (de 12 mois environ)<\/u><\/strong><\/td>\n<td><strong><u>Humanit\u00e9 actuelle\u00a0 \u00a0<\/u><\/strong><\/td>\n<\/tr>\n<tr>\n<td>C\u00e9r\u00e9bralit\u00e9<\/td>\n<td>R\u00e9f\u00e9rentialit\u00e9<\/td>\n<\/tr>\n<tr>\n<td>Influx nerveux entrant (dendrites) et sortant (axone) \u00e0 travers chaque neurone<\/td>\n<td>Influx ou courant r\u00e9f\u00e9rentiel entrant (lectures) et sortant (articles et livres\u2026) \u00e0 travers chacun des chercheurs<\/td>\n<\/tr>\n<\/tbody>\n<\/table>\n<p style=\"text-align: center;\">Id\u00e9otableau de la &lt;r\u00e9f\u00e9rentialit\u00e9&gt;<\/p>\n<p><strong>\u00a0<\/strong>Un cycle formel de type inspiration-publication s\u2019effectue donc dans la r\u00e9f\u00e9rentialit\u00e9 qui part des auteurs inscrits dans le gea vers les chercheurs, puis ensuite sort de ces chercheurs de fa\u00e7on \u00e0 inspirer d\u2019autres auteurs.<\/p>\n<table>\n<tbody>\n<tr>\n<td><strong><u>Enfant (de 12 mois environ)<\/u><\/strong><\/td>\n<td><strong><u>Humanit\u00e9 actuelle\u00a0<\/u><\/strong><\/td>\n<\/tr>\n<tr>\n<td>Influx nerveux dans l\u2019ensemble du syst\u00e8me nerveux<\/td>\n<td>Courant cognitif global de la recherche<\/td>\n<\/tr>\n<tr>\n<td>Perception sensorielle d\u2019un objet par cet individu<\/td>\n<td>\u00a0Inspiration d\u2019id\u00e9es nouvelles<\/td>\n<\/tr>\n<tr>\n<td>Action motrice sur l\u2019objet<\/td>\n<td>Publications de nouvelles id\u00e9es dans la recherche globale<\/td>\n<\/tr>\n<tr>\n<td>Autres perceptions de l\u2019objet<\/td>\n<td>Inspirations d\u2019id\u00e9es nouvelles<\/td>\n<\/tr>\n<tr>\n<td>Autres actions, etc.<\/td>\n<td>Autres publications, etc.<\/td>\n<\/tr>\n<\/tbody>\n<\/table>\n<p style=\"text-align: center;\">\u00a0Id\u00e9otableau des cycles de la c\u00e9r\u00e9bralit\u00e9 et de la r\u00e9f\u00e9rentialit\u00e9<\/p>\n<p>Le tableau qui suit r\u00e9sume l\u2019id\u00e9omorphie de l\u2019apprentissage, qu\u2019il s\u2019agisse de celui de l\u2019enfant ou de celui de l\u2019humanit\u00e9 actuelle.<\/p>\n<table>\n<tbody>\n<tr>\n<td><strong><u>Enfant (de 12 mois environ)<\/u><\/strong><\/td>\n<td><strong><u>Humanit\u00e9 actuelle\u00a0<\/u><\/strong><\/td>\n<\/tr>\n<tr>\n<td>Apprentissage du langage en \u00e9changeant dans le court terme avec les autres<\/td>\n<td>Apprentissage de l\u2019id\u00e9om\u00e9trie en \u00e9changeant dans le long terme avec d\u2019autres entit\u00e9s du m\u00eame ordre<\/td>\n<\/tr>\n<\/tbody>\n<\/table>\n<p style=\"text-align: center;\">Id\u00e9otableau &lt;Apprentissage du langage&gt;<\/p>\n<p><strong>III\u00a0\u00a0 Que signifie donc le silence du ciel? <\/strong><\/p>\n<p>Loin d\u2019\u00eatre silencieux, ceux qui entourent l\u2019enfant de plus pr\u00e8s sont constamment pr\u00e9sents pour lui et ils tentent de l\u2019encourager \u00e0 acqu\u00e9rir le langage lorsque le moment est venu. L\u2019enfant est enfin en mesure de le comprendre.<\/p>\n<p>L\u2019esp\u00e8ce de silence qui affecte l\u2019enfant tient donc seulement \u00e0 son incapacit\u00e9 de comprendre ce qu\u2019on lui dit.<\/p>\n<p>D\u00e9finissons l\u2019<em>entourage exog\u00e9atique<\/em> de l\u2019humanit\u00e9 comme la structure d\u2019id\u00e9es scientifiques qui correspond \u00e0 l\u2019entourage de &lt;geas parentaux&gt;, c\u2019est-\u00e0-dire au groupe d\u2019exogeas.qui est \u00e0 l\u2019origine du gea terrestre.<\/p>\n<table>\n<tbody>\n<tr>\n<td><strong><u>Enfant (de 12 mois environ)<\/u><\/strong><\/td>\n<td><strong><u>Humanit\u00e9 actuelle<\/u><\/strong><\/td>\n<\/tr>\n<tr>\n<td>Contexte physique et humain inspirant l\u2019enfant dans ses apprentissages<\/td>\n<td>Contexte id\u00e9omath\u00e9matique inspirant l\u2019humanit\u00e9 dans ses recherches<\/td>\n<\/tr>\n<tr>\n<td>Par le langage, premi\u00e8re prise de conscience par l\u2019enfant de ce qu\u2019il est<\/td>\n<td>Par l\u2019id\u00e9om\u00e9trie, \u00e9tablissement d\u2019une premi\u00e8re science r\u00e9fl\u00e9chie de ce que nous sommes en tant qu\u2019humanit\u00e9<\/td>\n<\/tr>\n<tr>\n<td>Dans le contexte pr\u00e9adapt\u00e9 \u00e0 l\u2019apprentissage sensorimoteur du jeune enfant qui m\u00e8ne \u00e0 l\u2019acquisition du langage, l\u2019entourage parental de l\u2019enfant joue un r\u00f4le essentiel.<\/td>\n<td>Dans le contexte d\u2019un syst\u00e8me plan\u00e9taire favorable \u00e0 l\u2019apprentissage inspiration-publication de l\u2019humanit\u00e9 actuelle qui m\u00e8ne \u00e0 l\u2019acquisition de l\u2019id\u00e9om\u00e9trie, l\u2019entourage d\u2019exogeas \u00e0 l\u2019origine de l\u2019humanit\u00e9 joue un r\u00f4le essentiel.<\/td>\n<\/tr>\n<\/tbody>\n<\/table>\n<p>===============<\/p>\n<p>R\u00e9f\u00e9rences utiles\u00a0:<\/p>\n<p>\u00ab\u00a0The Mind of Global Human Society. A New Approach to Investigating the Future\u00a0\u00bb,\u00a0Yvon Proven\u00e7al, <em>World Futures<\/em>, 1997, Vol. 47, pp. 121-142 (<em>Received March 15, 1996; accepted April 18, 1996<\/em>).<\/p>\n<p>\u00ab\u00a0The Mind of Society\u00a0: Investigating and Using the \u201c Language of the Gods \u201d\u00a0\u00bb,\u00a0Yvon Proven\u00e7al, <em>World Futures<\/em>, 1998, Vol. 52, pp. 281-312 (<em>Received March 27, 1997; accepted April 7, 1997<\/em>).<\/p>\n<p><em>Le Dieu imparfait<\/em> par Yvon Proven\u00e7al, Cap Rouge, Qu\u00e9bec, 2006. Ce livre est disponible sur demande en s\u2019adressant \u00e0 M. Jacki Dallaire, fondateur des Presses Inter Universitaires. On peut \u00e9galement trouver ce livre \u00e0\u00a0: Biblioth\u00e8que et Archives du Qu\u00e9bec, BAnQ)<\/p>\n<p>&nbsp;<\/p>\n<p>(())<\/p>\n<p>&nbsp;<\/p>\n<p><strong>\u00a0<\/strong><\/p>\n<div class=\"edit-link\"><a class=\"post-edit-link\" href=\"\">modifier<\/a><\/div>","protected":false},"excerpt":{"rendered":"<p>26 mai 2021 I\u00a0\u00a0 Un jeu d\u2019enfant Commen\u00e7ons ici par une sorte de jeu qui consiste \u00e0 \u00e9tablir un parall\u00e8le entre l\u2019enfant d\u2019environ 12 mois et l\u2019humanit\u00e9 actuelle. Le but de ce jeu se clarifiera peu \u00e0 peu par la suite. Enfant (de&#8230;<\/p>\n","protected":false},"author":1,"featured_media":0,"parent":0,"menu_order":0,"comment_status":"closed","ping_status":"closed","template":"","meta":[],"tags":[],"_links":{"self":[{"href":"http:\/\/agoratheque.3zcom.com\/index.php?rest_route=\/wp\/v2\/pages\/7279"}],"collection":[{"href":"http:\/\/agoratheque.3zcom.com\/index.php?rest_route=\/wp\/v2\/pages"}],"about":[{"href":"http:\/\/agoratheque.3zcom.com\/index.php?rest_route=\/wp\/v2\/types\/page"}],"author":[{"embeddable":true,"href":"http:\/\/agoratheque.3zcom.com\/index.php?rest_route=\/wp\/v2\/users\/1"}],"replies":[{"embeddable":true,"href":"http:\/\/agoratheque.3zcom.com\/index.php?rest_route=%2Fwp%2Fv2%2Fcomments&post=7279"}],"version-history":[{"count":22,"href":"http:\/\/agoratheque.3zcom.com\/index.php?rest_route=\/wp\/v2\/pages\/7279\/revisions"}],"predecessor-version":[{"id":7332,"href":"http:\/\/agoratheque.3zcom.com\/index.php?rest_route=\/wp\/v2\/pages\/7279\/revisions\/7332"}],"wp:attachment":[{"href":"http:\/\/agoratheque.3zcom.com\/index.php?rest_route=%2Fwp%2Fv2%2Fmedia&parent=7279"}],"wp:term":[{"taxonomy":"post_tag","embeddable":true,"href":"http:\/\/agoratheque.3zcom.com\/index.php?rest_route=%2Fwp%2Fv2%2Ftags&post=7279"}],"curies":[{"name":"wp","href":"https:\/\/api.w.org\/{rel}","templated":true}]}}