{"id":728,"date":"2011-06-30T05:40:47","date_gmt":"2011-06-30T09:40:47","guid":{"rendered":"http:\/\/agoratheque.yprovencal.ep.profweb.qc.ca\/?page_id=728"},"modified":"2011-06-30T08:35:30","modified_gmt":"2011-06-30T12:35:30","slug":"les-problemes-d%e2%80%99adaptation-et-d%e2%80%99attenuation-des-transformations-climatiques","status":"publish","type":"page","link":"http:\/\/agoratheque.3zcom.com\/?page_id=728","title":{"rendered":"Les probl\u00e8mes d\u2019adaptation et d\u2019att\u00e9nuation des transformations climatiques"},"content":{"rendered":"<div>\n<p>Si l\u2019humain a contribu\u00e9 \u00e0 modifier le climat notablement et globalement, ce n\u2019est gu\u00e8re que sur le long ou le moyen\u00a0terme\u00a0\u2014 soit\u00a0sur au moins des d\u00e9cennies \u2014\u00a0et, surtout,\u00a0bien involontairement.\u00a0Les probl\u00e8mes pos\u00e9s \u00e0 l\u2019humain sur le long terme et globalement par l\u2019environnement sont sans doute plut\u00f4t relatifs \u00e0 l\u2019<em>adaptation<\/em> aux changements climatiques qu\u2019\u00e0 leur att\u00e9nuation. L\u2019humain deviendra peut-\u00eatre capable de modifier d\u00e9lib\u00e9r\u00e9ment le climat, localement ou globalement, ce qui inclut d\u2019\u00e9ventuelles att\u00e9nuations de changements climatiques, mais ce ne pourrait gu\u00e8re \u00eatre que dans un lointain avenir.\u00a0\u00a0\u00a0\u00a0\u00a0\u00a0\u00a0<\/p>\n<p>\u00a0\u00a0\u00a0\u00a0\u00a0\u00a0\u2022 <em><a title=\"L\u2019incapacit\u00e9 humaine de modifier le climat ou d\u2019att\u00e9nuer les changements climatiques\" href=\"http:\/\/mail.agoratheque.3zcom.com\/?page_id=731\">Le caract\u00e8re peu r\u00e9aliste des tentatives d\u2019att\u00e9nuer les changements climatiques<\/a><\/em><\/p>\n<p>\u00a0\u00a0\u00a0\u00a0\u00a0\u00a0\u2022 <em><a title=\"L\u2019humain responsable en cas de catastrophe nucl\u00e9aire?\" href=\"http:\/\/mail.agoratheque.3zcom.com\/?page_id=742\">L\u2019humain responsable en cas de catastrophe plan\u00e9taire?<\/a><\/em><\/p>\n<\/div>\n<div class=\"edit-link\"><a class=\"post-edit-link\" href=\"\">modifier<\/a><\/div>","protected":false},"excerpt":{"rendered":"<p>Si l\u2019humain a contribu\u00e9 \u00e0 modifier le climat notablement et globalement, ce n\u2019est gu\u00e8re que sur le long ou le moyen\u00a0terme\u00a0\u2014 soit\u00a0sur au moins des d\u00e9cennies \u2014\u00a0et, surtout,\u00a0bien involontairement.\u00a0Les probl\u00e8mes pos\u00e9s \u00e0 l\u2019humain sur le long terme et globalement par l\u2019environnement sont sans&#8230;<\/p>\n","protected":false},"author":1,"featured_media":0,"parent":555,"menu_order":75,"comment_status":"open","ping_status":"open","template":"","meta":[],"tags":[],"_links":{"self":[{"href":"http:\/\/agoratheque.3zcom.com\/index.php?rest_route=\/wp\/v2\/pages\/728"}],"collection":[{"href":"http:\/\/agoratheque.3zcom.com\/index.php?rest_route=\/wp\/v2\/pages"}],"about":[{"href":"http:\/\/agoratheque.3zcom.com\/index.php?rest_route=\/wp\/v2\/types\/page"}],"author":[{"embeddable":true,"href":"http:\/\/agoratheque.3zcom.com\/index.php?rest_route=\/wp\/v2\/users\/1"}],"replies":[{"embeddable":true,"href":"http:\/\/agoratheque.3zcom.com\/index.php?rest_route=%2Fwp%2Fv2%2Fcomments&post=728"}],"version-history":[{"count":5,"href":"http:\/\/agoratheque.3zcom.com\/index.php?rest_route=\/wp\/v2\/pages\/728\/revisions"}],"predecessor-version":[{"id":735,"href":"http:\/\/agoratheque.3zcom.com\/index.php?rest_route=\/wp\/v2\/pages\/728\/revisions\/735"}],"up":[{"embeddable":true,"href":"http:\/\/agoratheque.3zcom.com\/index.php?rest_route=\/wp\/v2\/pages\/555"}],"wp:attachment":[{"href":"http:\/\/agoratheque.3zcom.com\/index.php?rest_route=%2Fwp%2Fv2%2Fmedia&parent=728"}],"wp:term":[{"taxonomy":"post_tag","embeddable":true,"href":"http:\/\/agoratheque.3zcom.com\/index.php?rest_route=%2Fwp%2Fv2%2Ftags&post=728"}],"curies":[{"name":"wp","href":"https:\/\/api.w.org\/{rel}","templated":true}]}}