{"id":739,"date":"2011-06-30T06:30:31","date_gmt":"2011-06-30T10:30:31","guid":{"rendered":"http:\/\/agoratheque.yprovencal.ep.profweb.qc.ca\/?page_id=739"},"modified":"2014-10-03T10:19:11","modified_gmt":"2014-10-03T14:19:11","slug":"les-catastrophes-dues-a-l%e2%80%99ethocentrisme","status":"publish","type":"page","link":"http:\/\/agoratheque.3zcom.com\/?page_id=739","title":{"rendered":"Les catastrophes dues \u00e0 l\u2019\u00e9thocentrisme"},"content":{"rendered":"<div id=\"attachment_4570\" style=\"width: 211px\" class=\"wp-caption alignnone\"><a href=\"http:\/\/mail.agoratheque.3zcom.com\/wp-content\/uploads\/2011\/06\/manifeste-prog-wtc-11-sept.jpg\"><img aria-describedby=\"caption-attachment-4570\" decoding=\"async\" loading=\"lazy\" class=\"size-full wp-image-4570\" src=\"http:\/\/mail.agoratheque.3zcom.com\/wp-content\/uploads\/2011\/06\/manifeste-prog-wtc-11-sept.jpg\" alt=\"Les attaques \u00e9thocentriques du 11 septembre 2001\" width=\"201\" height=\"251\" \/><\/a><p id=\"caption-attachment-4570\" class=\"wp-caption-text\">Les attaques \u00e9thocentriques du 11 septembre 2001<\/p><\/div>\n<p>\u00c0 bien des \u00e9gards, les probl\u00e8mes d\u2019ordre politique sont plus mena\u00e7ants que ceux d\u00fb \u00e0 un \u00e9ventuel changement climatique si, du moins, celui-ci s\u2019\u00e9tale sur une dur\u00e9e suffisante pour qu\u2019on puisse esp\u00e9rer s\u2019y adapter progressivement. Les pires catastrophes du vingti\u00e8me si\u00e8cle sont sans doute les deux grandes guerres, compte tenu des pertes humaines de toutes sortes, des camps de la mort aux destructions par la bombe atomique. Il faut ajouter \u00e0 ces grandes guerres toutes les \u00ab\u00a0petites\u00a0\u00bb guerres (en Cor\u00e9e, au Vietnam, etc.) et, surtout, du point de vue du risque encouru, de la Guerre froide avec, de part et d\u2019autre, la menace de destructions massives au moyen de centaines de missiles nucl\u00e9aires. Le XXIe si\u00e8cle d\u00e9bute avec les spectaculaires attentats du\u00a011 septembre 2001 et les guerres qui les ont suivis. L\u2019humanit\u00e9 n\u2019est pas sortie d\u2019affaire si l\u2019on consid\u00e8re les menaces d\u2019utilisation d\u2019armes nucl\u00e9aires, chimiques, biologiques, etc. qui r\u00e9sulteraient de leur prolif\u00e9ration dans le monde.<\/p>\n<div class=\"edit-link\"><a class=\"post-edit-link\" href=\"\">modifier<\/a><\/div>","protected":false},"excerpt":{"rendered":"<p>\u00c0 bien des \u00e9gards, les probl\u00e8mes d\u2019ordre politique sont plus mena\u00e7ants que ceux d\u00fb \u00e0 un \u00e9ventuel changement climatique si, du moins, celui-ci s\u2019\u00e9tale sur une dur\u00e9e suffisante pour qu\u2019on puisse esp\u00e9rer s\u2019y adapter progressivement. Les pires catastrophes du vingti\u00e8me si\u00e8cle sont sans&#8230;<\/p>\n","protected":false},"author":1,"featured_media":0,"parent":731,"menu_order":0,"comment_status":"open","ping_status":"open","template":"","meta":[],"tags":[],"_links":{"self":[{"href":"http:\/\/agoratheque.3zcom.com\/index.php?rest_route=\/wp\/v2\/pages\/739"}],"collection":[{"href":"http:\/\/agoratheque.3zcom.com\/index.php?rest_route=\/wp\/v2\/pages"}],"about":[{"href":"http:\/\/agoratheque.3zcom.com\/index.php?rest_route=\/wp\/v2\/types\/page"}],"author":[{"embeddable":true,"href":"http:\/\/agoratheque.3zcom.com\/index.php?rest_route=\/wp\/v2\/users\/1"}],"replies":[{"embeddable":true,"href":"http:\/\/agoratheque.3zcom.com\/index.php?rest_route=%2Fwp%2Fv2%2Fcomments&post=739"}],"version-history":[{"count":3,"href":"http:\/\/agoratheque.3zcom.com\/index.php?rest_route=\/wp\/v2\/pages\/739\/revisions"}],"predecessor-version":[{"id":4572,"href":"http:\/\/agoratheque.3zcom.com\/index.php?rest_route=\/wp\/v2\/pages\/739\/revisions\/4572"}],"up":[{"embeddable":true,"href":"http:\/\/agoratheque.3zcom.com\/index.php?rest_route=\/wp\/v2\/pages\/731"}],"wp:attachment":[{"href":"http:\/\/agoratheque.3zcom.com\/index.php?rest_route=%2Fwp%2Fv2%2Fmedia&parent=739"}],"wp:term":[{"taxonomy":"post_tag","embeddable":true,"href":"http:\/\/agoratheque.3zcom.com\/index.php?rest_route=%2Fwp%2Fv2%2Ftags&post=739"}],"curies":[{"name":"wp","href":"https:\/\/api.w.org\/{rel}","templated":true}]}}