{"id":742,"date":"2011-06-30T08:32:21","date_gmt":"2011-06-30T12:32:21","guid":{"rendered":"http:\/\/agoratheque.yprovencal.ep.profweb.qc.ca\/?page_id=742"},"modified":"2014-09-01T16:48:17","modified_gmt":"2014-09-01T20:48:17","slug":"lhumain-responsable-en-cas-de-catastrophe-nucleaire","status":"publish","type":"page","link":"http:\/\/agoratheque.3zcom.com\/?page_id=742","title":{"rendered":"L&rsquo;humain responsable en cas de catastrophe plan\u00e9taire?"},"content":{"rendered":"<div id=\"attachment_4149\" style=\"width: 306px\" class=\"wp-caption alignnone\"><a href=\"http:\/\/mail.agoratheque.3zcom.com\/wp-content\/uploads\/2011\/06\/champignon-nucl\u00e9aires.jpg\"><img aria-describedby=\"caption-attachment-4149\" decoding=\"async\" loading=\"lazy\" class=\"size-full wp-image-4149\" src=\"http:\/\/mail.agoratheque.3zcom.com\/wp-content\/uploads\/2011\/06\/champignon-nucl\u00e9aires.jpg\" alt=\"Champignon nuc\u00e9aire\" width=\"296\" height=\"170\" \/><\/a><p id=\"caption-attachment-4149\" class=\"wp-caption-text\">Champignon nucl\u00e9aire<\/p><\/div>\n<p><strong><em>La responsabilit\u00e9 humaine en cause\u00a0?<\/em><\/strong><strong><em>\u00a0<\/em><\/strong><\/p>\n<p>M\u00eame si une catastrophe plan\u00e9taire devait se produire, d\u2019un point de vue strictement \u00e9thique et en conformit\u00e9 avec l\u2019id\u00e9e de respect de l\u2019humain par l\u2019humain, il serait peu pertinent\u00a0de d\u00e9signer ou de chercher des coupables, qu\u2019il s\u2019agisse d\u2019individus, de groupes ou de l\u2019humanit\u00e9 prise globalement. L\u2019actuelle situation de manque de respect aurait pour effet de jeter le doute sur la sinc\u00e9rit\u00e9 de telles accusations. Un tel jugement serait sans doute bien plus motiv\u00e9 par l\u2019irrespect envers ceux qui seraient bl\u00e2m\u00e9s que par l\u2019\u00e9tablissement clair d\u2019une responsabilit\u00e9 pr\u00e9cise de l\u2019une ou l\u2019autre des nations <a id=\"ref-1\" href=\"#note-1\"><sup>1<\/sup><\/a>.<\/p>\n<div>\n<div id=\"ftn1\">\n<p><a id=\"note-1\" href=\"#ref-1\">1<\/a> En ce qui concerne les objections en provenance du kantisme sur le sujet de la responsabilit\u00e9 \u00e9thique, le lecteur trouvera des r\u00e9ponses dans <em><a title=\"La diabolisation\" href=\"http:\/\/mail.agoratheque.3zcom.com\/?page_id=148\">La diabolisation. Une p\u00e9dagogie de l\u2019\u00e9thique<\/a><\/em>, \u00a7 7, 51, 72 et 74 \u00e0 87. <a id=\"note-1\" href=\"#ref-1\">1<\/a><\/p>\n<\/div>\n<\/div>\n<div class=\"edit-link\"><a class=\"post-edit-link\" href=\"\">modifier<\/a><\/div>","protected":false},"excerpt":{"rendered":"<p>La responsabilit\u00e9 humaine en cause\u00a0?\u00a0 M\u00eame si une catastrophe plan\u00e9taire devait se produire, d\u2019un point de vue strictement \u00e9thique et en conformit\u00e9 avec l\u2019id\u00e9e de respect de l\u2019humain par l\u2019humain, il serait peu pertinent\u00a0de d\u00e9signer ou de chercher des coupables, qu\u2019il s\u2019agisse d\u2019individus,&#8230;<\/p>\n","protected":false},"author":1,"featured_media":0,"parent":728,"menu_order":0,"comment_status":"open","ping_status":"open","template":"","meta":[],"tags":[],"_links":{"self":[{"href":"http:\/\/agoratheque.3zcom.com\/index.php?rest_route=\/wp\/v2\/pages\/742"}],"collection":[{"href":"http:\/\/agoratheque.3zcom.com\/index.php?rest_route=\/wp\/v2\/pages"}],"about":[{"href":"http:\/\/agoratheque.3zcom.com\/index.php?rest_route=\/wp\/v2\/types\/page"}],"author":[{"embeddable":true,"href":"http:\/\/agoratheque.3zcom.com\/index.php?rest_route=\/wp\/v2\/users\/1"}],"replies":[{"embeddable":true,"href":"http:\/\/agoratheque.3zcom.com\/index.php?rest_route=%2Fwp%2Fv2%2Fcomments&post=742"}],"version-history":[{"count":6,"href":"http:\/\/agoratheque.3zcom.com\/index.php?rest_route=\/wp\/v2\/pages\/742\/revisions"}],"predecessor-version":[{"id":4150,"href":"http:\/\/agoratheque.3zcom.com\/index.php?rest_route=\/wp\/v2\/pages\/742\/revisions\/4150"}],"up":[{"embeddable":true,"href":"http:\/\/agoratheque.3zcom.com\/index.php?rest_route=\/wp\/v2\/pages\/728"}],"wp:attachment":[{"href":"http:\/\/agoratheque.3zcom.com\/index.php?rest_route=%2Fwp%2Fv2%2Fmedia&parent=742"}],"wp:term":[{"taxonomy":"post_tag","embeddable":true,"href":"http:\/\/agoratheque.3zcom.com\/index.php?rest_route=%2Fwp%2Fv2%2Ftags&post=742"}],"curies":[{"name":"wp","href":"https:\/\/api.w.org\/{rel}","templated":true}]}}