{"id":748,"date":"2011-06-30T09:53:33","date_gmt":"2011-06-30T13:53:33","guid":{"rendered":"http:\/\/agoratheque.yprovencal.ep.profweb.qc.ca\/?page_id=748"},"modified":"2012-01-31T16:06:09","modified_gmt":"2012-01-31T20:06:09","slug":"limportance-de-ne-pas-condamner-moralement","status":"publish","type":"page","link":"http:\/\/agoratheque.3zcom.com\/?page_id=748","title":{"rendered":"Peut-on renoncer \u00e0 condamner moralement?"},"content":{"rendered":"<div><span style=\"font-family: 'Times New Roman','serif'; font-size: 12pt;\">\u00a0<\/span><\/div>\n<div><span style=\"font-family: 'Times New Roman','serif'; font-size: 12pt;\">\u00a0<\/span><\/div>\n<div><span style=\"font-family: 'Times New Roman','serif'; font-size: 12pt;\">\u00a0<\/span><\/div>\n<div><span style=\"font-family: 'Times New Roman','serif'; font-size: 12pt;\"><\/span><\/div>\n<p><span style=\"font-family: 'Times New Roman','serif'; font-size: 12pt;\"><\/p>\n<p style=\"text-indent: 27.9pt; background: #ffffee;\"><strong><em>Le principe de non-condamnation<\/em><\/strong><\/p>\n<p>\u00a0<\/p>\n<p><\/span><\/p>\n<p style=\"text-indent: 27.9pt; background: #ffffee;\">Le respect des personnes et des groupes signifie, d\u2019un point de vue \u00e9thique, qu\u2019il importe de ne pas condamner moralement (c&rsquo;est-\u00e0-dire de pas\u00a0r\u00e9prouver) personne ni aucun groupe. En g\u00e9n\u00e9ral, la condamnation morale d\u00e9coule d\u2019une faute commise contre la morale d\u2019un groupe ou contre la perspective qu&rsquo;un groupe se donne par rapport \u00e0\u00a0ce qui est\u00a0moral. Elle ne r\u00e9sulte jamais, rationnellement, d&rsquo;une obligation \u00e0 valeur universelle <a id=\"ref-1\" href=\"#note-1\"><sup>1<\/sup><\/a>.\u00a0Or, le dissident, qui par d\u00e9finition se donne ses propres lois, n\u2019est pas le sujet de la m\u00eame application morale. C\u2019est l\u2019id\u00e9e m\u00eame de punissabilit\u00e9 qui\u00a0est alors \u00e0\u00a0remettre en question.\u00a0\u00a0\u00a0\u00a0\u00a0\u00a0<\/p>\n<p style=\"text-indent: 27.9pt; background: #ffffee;\"><span style=\"font-family: 'Times New Roman','serif'; font-size: 12pt;\">\u2022 <em><a title=\"Une situation kafka\u00efenne\" href=\"http:\/\/mail.agoratheque.3zcom.com\/?page_id=753\">Une situation kafka\u00efenne<\/a><\/em><\/span>\u00a0<\/p>\n<p style=\"text-indent: 27.9pt; background: #ffffee;\"><span style=\"font-family: 'Times New Roman','serif'; font-size: 12pt;\">\ufeff<\/span><a id=\"note-1\" href=\"#ref-1\">1<\/a> Il est possible de montrer qu&rsquo;aucune culpabilisation de l&rsquo;humain individuel ou collectif ne peut r\u00e9sister \u00e0 l&rsquo;examen critique rigoureux. Ce qui r\u00e9sulte d\u2019un principe \u00e9thique n\u2019est ni l\u2019obligation absolue ni, en cas de manquement, la r\u00e9probation morale. Il ne peut en r\u00e9sulter qu\u2019une critique d\u2019ordre \u00e9thique. Voir <em><a title=\"La diabolisation\" href=\"http:\/\/mail.agoratheque.3zcom.com\/?page_id=148\"><em>La diabolisation. Une p\u00e9dagogie de l&rsquo;\u00e9thique,\u00a0<\/em>Annexe: l&rsquo;\u00e9thique \u00e9valuative<\/a>. <a id=\"note-1\" href=\"#ref-1\">1<\/a><\/em><\/p>\n<div class=\"edit-link\"><a class=\"post-edit-link\" href=\"\">modifier<\/a><\/div>","protected":false},"excerpt":{"rendered":"<p>\u00a0 \u00a0 \u00a0 Le principe de non-condamnation \u00a0 Le respect des personnes et des groupes signifie, d\u2019un point de vue \u00e9thique, qu\u2019il importe de ne pas condamner moralement (c&rsquo;est-\u00e0-dire de pas\u00a0r\u00e9prouver) personne ni aucun groupe. En g\u00e9n\u00e9ral, la condamnation morale d\u00e9coule d\u2019une faute&#8230;<\/p>\n","protected":false},"author":1,"featured_media":0,"parent":646,"menu_order":0,"comment_status":"open","ping_status":"open","template":"","meta":[],"tags":[5],"_links":{"self":[{"href":"http:\/\/agoratheque.3zcom.com\/index.php?rest_route=\/wp\/v2\/pages\/748"}],"collection":[{"href":"http:\/\/agoratheque.3zcom.com\/index.php?rest_route=\/wp\/v2\/pages"}],"about":[{"href":"http:\/\/agoratheque.3zcom.com\/index.php?rest_route=\/wp\/v2\/types\/page"}],"author":[{"embeddable":true,"href":"http:\/\/agoratheque.3zcom.com\/index.php?rest_route=\/wp\/v2\/users\/1"}],"replies":[{"embeddable":true,"href":"http:\/\/agoratheque.3zcom.com\/index.php?rest_route=%2Fwp%2Fv2%2Fcomments&post=748"}],"version-history":[{"count":6,"href":"http:\/\/agoratheque.3zcom.com\/index.php?rest_route=\/wp\/v2\/pages\/748\/revisions"}],"predecessor-version":[{"id":3182,"href":"http:\/\/agoratheque.3zcom.com\/index.php?rest_route=\/wp\/v2\/pages\/748\/revisions\/3182"}],"up":[{"embeddable":true,"href":"http:\/\/agoratheque.3zcom.com\/index.php?rest_route=\/wp\/v2\/pages\/646"}],"wp:attachment":[{"href":"http:\/\/agoratheque.3zcom.com\/index.php?rest_route=%2Fwp%2Fv2%2Fmedia&parent=748"}],"wp:term":[{"taxonomy":"post_tag","embeddable":true,"href":"http:\/\/agoratheque.3zcom.com\/index.php?rest_route=%2Fwp%2Fv2%2Ftags&post=748"}],"curies":[{"name":"wp","href":"https:\/\/api.w.org\/{rel}","templated":true}]}}