{"id":7530,"date":"2022-03-26T10:11:46","date_gmt":"2022-03-26T14:11:46","guid":{"rendered":"http:\/\/mail.agoratheque.3zcom.com\/?page_id=7530"},"modified":"2024-05-31T11:11:23","modified_gmt":"2024-05-31T15:11:23","slug":"repenser-le-creationnisme-et-ses-suites","status":"publish","type":"page","link":"http:\/\/agoratheque.3zcom.com\/?page_id=7530","title":{"rendered":"Repenser le cr\u00e9ationnisme et ses suites"},"content":{"rendered":"<p style=\"text-align: center;\">Mars 2022<\/p>\n<p>I. Le probl\u00e8me du cr\u00e9ationnisme<\/p>\n<p><em>La vie ut\u00e9rine\u00a0\u00a0\u00a0\u00a0\u00a0\u00a0\u00a0\u00a0\u00a0\u00a0\u00a0\u00a0\u00a0\u00a0\u00a0\u00a0\u00a0\u00a0\u00a0\u00a0\u00a0\u00a0\u00a0\u00a0 <\/em><\/p>\n<p>Peu apr\u00e8s sa naissance, l\u2019enfant reste marqu\u00e9 par sa vie ut\u00e9rine avec son envie persistante d\u2019y retourner. Sur ce mod\u00e8le, le cr\u00e9ationnisme repr\u00e9sente une tendance de retour \u00e0 la foi et au monde du pass\u00e9.<\/p>\n<table>\n<tbody>\n<tr>\n<td width=\"288\"><strong><u>Enfant d\u2019environ un an<\/u><\/strong><\/td>\n<td width=\"288\"><strong><u>Humanit\u00e9 actuelle<\/u><\/strong><\/td>\n<\/tr>\n<tr>\n<td width=\"288\">L\u2019enfant reste marqu\u00e9 par sa vie ut\u00e9rine ant\u00e9rieure, avec une envie encore longtemps persistante d\u2019y retourner.<\/td>\n<td width=\"288\">Le cr\u00e9ationnisme repr\u00e9sente sous des formes diff\u00e9rentes une tendance de retour \u00e0 la foi et au monde du pass\u00e9.<\/td>\n<\/tr>\n<tr>\n<td width=\"288\">D\u2019apr\u00e8s la c\u00e9r\u00e9bralit\u00e9 de l\u2019enfant (ses r\u00e9seaux neuronaux avec les liens dendritiques et axonaux)<\/td>\n<td width=\"288\">D\u2019apr\u00e8s la r\u00e9f\u00e9rentialit\u00e9 des chercheurs (leurs r\u00e9seaux d\u2019auteurs-lecteurs)<\/td>\n<\/tr>\n<\/tbody>\n<\/table>\n<p style=\"text-align: center;\">Id\u00e9otableau sur la &lt;vie ut\u00e9rine de l\u2019enfant&gt;<\/p>\n<p>L\u2019envie de l\u2019enfant se comprend ici comme une configuration c\u00e9r\u00e9brale, alors que la tendance de retour au pass\u00e9 de l\u2019humanit\u00e9 actuelle se comprend comme une configuration r\u00e9f\u00e9rentielle en correspondance avec la premi\u00e8re. Il s\u2019agit donc d\u2019applications particuli\u00e8res des donn\u00e9es de l\u2019embryo-psychologie et de l\u2019embryo-histoire. C\u2019est le cas en particulier de l\u2019id\u00e9ocorrespondance qui suit. (Cf. <a href=\"http:\/\/mail.agoratheque.3zcom.com\/?page_id=7144\">Aper\u00e7us d\u2019embryo-psychologie<\/a>)<\/p>\n<table>\n<tbody>\n<tr>\n<td width=\"288\"><strong><u>Enfant d\u2019environ un an<\/u><\/strong><\/td>\n<td width=\"288\"><strong><u>Humanit\u00e9 actuelle<\/u><\/strong><\/td>\n<\/tr>\n<tr>\n<td width=\"288\">On peut parler, chez le jeune enfant, d\u2019une configuration c\u00e9r\u00e9brale plus ou moins consciente d\u2019un d\u00e9sir et d\u2019une sorte de fantasme de retour \u00e0 la vie ut\u00e9rine.<\/td>\n<td width=\"288\">Le cr\u00e9ationnisme consid\u00e9r\u00e9 \u00e0 partir de ses propres r\u00e9f\u00e9rences en tant que mouvement moderne en faveur d\u2019un retour au pass\u00e9, s\u2019est rendu lui-m\u00eame plus compliqu\u00e9 par les avanc\u00e9es r\u00e9f\u00e9rentielles de la science.<\/td>\n<\/tr>\n<\/tbody>\n<\/table>\n<p style=\"text-align: center;\">Id\u00e9otableau sur la vie r\u00e9f\u00e9rentielle du cr\u00e9ationnisme<\/p>\n<p><em>Une passivit\u00e9 normale<\/em><\/p>\n<p>D\u2019apr\u00e8s l\u2019embryo-psychologie encore, l\u2019enfant a le sentiment d\u2019\u00eatre en croissance selon un mode encore passif d\u2019une id\u00e9e de se d\u00e9velopper. Sa c\u00e9r\u00e9bralit\u00e9 ne comporte rien sur ce vers quoi, ce pour quoi il se d\u00e9veloppe. =&gt;&gt; La r\u00e9f\u00e9rentialit\u00e9 de la recherche poursuit son d\u00e9veloppement conform\u00e9ment \u00e0 l\u2019id\u00e9e historique que les chercheurs en ont. Toutefois elle demeure passive du simple fait d\u2019ignorer l\u2019id\u00e9e de son potentiel r\u00e9el de d\u00e9veloppement important et m\u00eame essentiel. Pour quoi chercher? On cherche quoi?<\/p>\n<table>\n<tbody>\n<tr>\n<td><strong><u>nfant d\u2019environ un an<\/u><\/strong><\/td>\n<td><strong><u>Humanit\u00e9 actuelle<\/u><\/strong><\/td>\n<\/tr>\n<tr>\n<td>L\u2019enfant a le sentiment d\u2019\u00eatre en croissance, selon un mode encore passif d\u2019une id\u00e9e de se d\u00e9velopper sans but pr\u00e9cis, sa c\u00e9r\u00e9bralit\u00e9 n\u2019ayant rien encore sur d\u2019\u00e9ventuels buts ou fins de son d\u00e9veloppement.<\/td>\n<td>La r\u00e9f\u00e9rentialit\u00e9 de la recherche se poursuit elle-m\u00eame passivement, conform\u00e9ment \u00e0 l\u2019id\u00e9e scientifique d\u2019\u00e9volution qu\u2019elle croit incarner, sans autre objectif r\u00e9f\u00e9rentiel que de trouver des th\u00e9ories qui fonctionnent utilement pour en trouver d\u2019autres.<\/td>\n<\/tr>\n<\/tbody>\n<\/table>\n<p style=\"text-align: center;\">Id\u00e9otableau sur la &lt;passivit\u00e9 de l\u2019enfant&gt;<\/p>\n<p>II. \u00c0 l\u2019\u00e2ge pivot<\/p>\n<p>Rappel 1 : Comme chez l\u2019enfant, il ressort de l\u2019id\u00e9otableau suivant que la science actuelle constitue un pivot de ficelage d\u2019id\u00e9es, cette fois pour la recherche scientifique dans son histoire.<\/p>\n<p>La mise en rapport de l\u2019embryo-psychologie, ou l\u2019 \u00ab\u00a0E-psy\u00a0\u00bb, et de l\u2019embryo-histoire, ou l\u2019\u00a0\u00ab\u00a0E-hist\u00a0\u00bb appara\u00eet dans le tableau suivant de fa\u00e7on \u00e0 repr\u00e9senter id\u00e9om\u00e9triquement le &lt;pivot&gt;.<\/p>\n<p>Du pivot cognitif chez l\u2019enfant (\u00e0 gauche) au pivot historique (\u00e0 droite)\u00a0:<\/p>\n<table>\n<tbody>\n<tr>\n<td><strong><u>Enfant<\/u><\/strong><\/td>\n<td><strong><u>Humanit\u00e9<\/u><\/strong><\/td>\n<td><strong><u>\u00a0<\/u><\/strong><\/td>\n<td><strong><u>\u00a0<\/u><\/strong><\/td>\n<\/tr>\n<tr>\n<td>E-psy\u00a0: Avant l\u2019acquisition du langage<\/td>\n<td>E-hist\u00a0: Avant l\u2019\u00e9tablissement de l\u2019id\u00e9om\u00e9trie<\/td>\n<td><\/td>\n<td><\/td>\n<\/tr>\n<tr>\n<td>E-psy\u00a0: Mode passif de la compr\u00e9hension de l\u2019enfant<\/td>\n<td>E-hist\u00a0: Mode passif de l\u2019explication scientifique<\/td>\n<td><\/td>\n<td><\/td>\n<\/tr>\n<tr>\n<td>Pivot cognitif<strong>\u00a0<\/strong><strong>()<\/strong><\/td>\n<td>Pivot scientifique<strong>\u00a0<\/strong><strong>()<\/strong><\/td>\n<td><\/td>\n<td><\/td>\n<\/tr>\n<tr>\n<td>E-psy\u00a0: Apr\u00e8s l\u2019acquisition du langage<\/td>\n<td>Apr\u00e8s l\u2019\u00e9tablissement de l\u2019id\u00e9om\u00e9trie<\/td>\n<td><\/td>\n<td><\/td>\n<\/tr>\n<tr>\n<td>E-psy\u00a0: Mode actif de la compr\u00e9hension de l\u2019enfant<\/td>\n<td>E-hist\u00a0: Mode actif de l\u2019explication scientifique<\/td>\n<td><\/td>\n<td><\/td>\n<\/tr>\n<\/tbody>\n<\/table>\n<p>Id\u00e9otableau\u00a0: L\u2019enfant et l\u2019humanit\u00e9 actuelle en tant que pivots &lt;cognitifs&gt;<\/p>\n<p>Rappel 2 :\u00a0<em>\u00a0L\u2019attitude passive et l\u2019attitude active\u00a0<\/em><\/p>\n<p><em>L\u2019acquisition de la permanence de l\u2019objet\u00a0s\u2019est av\u00e9r\u00e9e (dans les ann\u00e9es 1970) plus pr\u00e9coce qu\u2019on ne le croyait\u00a0:\u00a0<\/em><em>\u00ab\u00a0<\/em><a href=\"https:\/\/www.universalis.fr\/encyclopedie\/jean-piaget\/\"><em>Jean Piaget<\/em><\/a>\u00a0avait observ\u00e9 que jusqu\u2019\u00e0 l\u2019\u00e2ge d\u2019un an les b\u00e9b\u00e9s font une erreur, dite \u00ab\u00a0A-non-B\u00a0\u00bb, dans un dispositif de recherche d\u2019objets disparus. L\u2019objet est d\u2019abord cach\u00e9 derri\u00e8re un \u00e9cran A, le b\u00e9b\u00e9 y retrouve l\u2019objet assez facilement. Puis l\u2019objet est cach\u00e9,\u00a0<em>sous les yeux du b\u00e9b\u00e9<\/em>, derri\u00e8re un \u00e9cran B. De huit \u00e0 douze mois, le b\u00e9b\u00e9 continue d\u2019aller chercher l\u2019objet derri\u00e8re A, commettant ainsi l\u2019erreur A-non-B. Jean Piaget croyait que cette erreur signifiait une absence de permanence de l\u2019objet. Or les travaux de\u00a0sciences cognitives ont depuis montr\u00e9 que la permanence de l\u2019objet est g\u00e9n\u00e9ralement plus pr\u00e9coce (\u00e0 quatre-cinq mois au lieu de douze mois). Pour comprendre ce paradoxe, il a \u00e9t\u00e9 d\u00e9montr\u00e9 que l\u2019erreur A-non-B tient au d\u00e9faut d\u2019inhibition motrice du geste pr\u00e9programm\u00e9 vers A (l\u2019habitude motrice, l\u2019automatisme), en raison de la maturation encore insuffisante du cortex pr\u00e9frontal. \u00c0 un an, cette erreur est corrig\u00e9e\u00a0\u00bb (<em>Encyclopaedia Universalis<\/em>, \u00ab\u00a0D\u00e9veloppement des fonctions ex\u00e9cutives\u00a0\u00bb, Olivier Houd\u00e9, en ligne f\u00e9vrier 2021). C\u2019est d\u2019ailleurs \u00e0 l\u2019\u00e2ge de quatre ou cinq mois que l\u2019enfant commence \u00e0 comprendre le sens de certains mots, sans \u00eatre en mesure encore de les \u00e9noncer lui-m\u00eame. \u00c0 l\u2019\u00e2ge d\u2019un an, toutefois, il devient en mesure de communiquer par lui-m\u00eame avec les autres.<\/p>\n<table>\n<tbody>\n<tr>\n<td><strong><u>Id\u00e9omorphie<\/u><\/strong><\/td>\n<td><strong><u>Enfant (de 4 \u00e0 12 mois)<\/u><\/strong><\/td>\n<td><strong><u>Humanit\u00e9 (avant la mise en application de l\u2019id\u00e9om\u00e9trie<\/u><\/strong><\/td>\n<\/tr>\n<tr>\n<td>&lt;Potentiel r\u00e9el&gt;<\/td>\n<td>Permanence de l\u2019objet<\/td>\n<td>Potentiel r\u00e9el des objets d\u2019\u00e9tude<\/td>\n<\/tr>\n<tr>\n<td><u>&lt;Compr\u00e9hension\u00a0<strong>passive<\/strong>&gt;\u00a0:\u00a0<\/u>Les suppositions habituelles mais sans fondements sont trait\u00e9es comme vraies.<\/td>\n<td><u>Compr\u00e9hension\u00a0<strong>passive<\/strong>\u00a0<\/u><u>de l\u2019objet cach\u00e9\u00a0:\u00a0<\/u>L\u2019enfant recherche encore derri\u00e8re le premier \u00e9cran l\u2019objet pourtant d\u00e9plac\u00e9 sous ses yeux derri\u00e8re le second \u00e9cran.<\/td>\n<td><u>\u00c9pist\u00e9mologie moderne\u00a0<strong>passive<\/strong>\u00a0devant les objets d\u2019\u00e9tudes\u00a0:\u00a0<\/u>Les th\u00e9ories sont consid\u00e9r\u00e9es \u00e0 tort comme exactes (IP, Interpr\u00e9tation pythagoricienne).<\/td>\n<\/tr>\n<tr>\n<td style=\"text-align: center;\">Pivot :<\/td>\n<td style=\"text-align: center;\"><span style=\"font-size: 14pt;\">()<\/span><\/td>\n<td style=\"text-align: center;\"><span style=\"font-size: 14pt;\">()<\/span><\/td>\n<\/tr>\n<tr>\n<td><u>&lt;Compr\u00e9hension\u00a0<strong>active<\/strong>&gt;<\/u><\/p>\n<p>Les suppositions habituelles sont trait\u00e9es comme probablement fausses ou mal formul\u00e9es.<\/td>\n<td><u>Compr\u00e9hension\u00a0<strong>active<\/strong>\u00a0<\/u><u>(chez l\u2019enfant de 12 mois)\u00a0:<\/u><\/p>\n<p>L\u2019enfant cesse de chercher l\u2019objet derri\u00e8re le premier \u00e9cran, et le retrouve derri\u00e8re le second \u00e9cran.<\/td>\n<td><u>\u00c9pist\u00e9mologie\u00a0<strong>active<\/strong>\u00a0id\u00e9om\u00e9trique\u00a0:<\/u><\/p>\n<p>Les th\u00e9ories de base sont consid\u00e9r\u00e9es comme utiles bien que fausses jusqu\u2019\u00e0 preuve du contraire (INP, Interpr\u00e9tation non pythagoricienne).<\/td>\n<\/tr>\n<\/tbody>\n<\/table>\n<p style=\"text-align: center;\">Id\u00e9otableau\u00a0: La &lt;permanence de l\u2019objet&gt; ou le &lt;potentiel r\u00e9el&gt; selon les modes passif \/ actif<\/p>\n<p>Remarque\u00a0: L\u2019IP renvoie \u00e0 l\u2019interpr\u00e9tation pythagoricienne et l\u2019INP \u00e0 leur interpr\u00e9tation non pythagoricienne (cf.\u00a0<a href=\"http:\/\/mail.agoratheque.3zcom.com\/?page_id=7501\">Communiquer scientifiquement ou repenser la vulgarisation<\/a>)<\/p>\n<p>=============================<\/p>\n<p>Le caract\u00e8re indispensable du pivot cognitif se retrouve pour le d\u00e9veloppement de l\u2019enfant en grande partie dans la signification cruciale de l\u2019\u00e2ge de 12 mois d\u2019apr\u00e8s la psychologie actuelle de l\u2019enfant. Cet \u00e2ge correspond chez l\u2019humanit\u00e9 actuelle (au d\u00e9but du XXIe si\u00e8cle), au pivot scientifique dans son histoire. Ainsi que le montre l\u2019id\u00e9otableau ci-dessus, ce qui importe le plus est en soi le pivot cognitif et non, en l\u2019occurrence \u00e0 l\u2019\u00e2ge approximatif de 12 mois, chiffre qui pourrait bien changer ou se pr\u00e9ciser lors de recherches encore \u00e0 venir en psychologie du d\u00e9veloppement.<\/p>\n<p><em>L\u2019interpr\u00e9tation non pythagoricienne de la science apr\u00e8s le pivot historique<\/em><\/p>\n<p>Apr\u00e8s \u00eatre pass\u00e9 par le pivot scientifique, l\u2019interpr\u00e9tation non pythagoricienne \u2013 l\u2019INP &#8212; s\u2019impose.\u00a0D\u2019apr\u00e8s l\u2019INP,<\/p>\n<ol>\n<li>a)\u00a0 les lois et les principes physiques actuels doivent \u00eatre vus comme n\u2019\u00e9tant pas parfaitement exacts, mais comme \u00e9tant seulement approximatifs et ce, jusqu\u2019\u00e0 preuve du contraire,<\/li>\n<li>b)\u00a0\u00a0 les mod\u00e8les scientifiques existants doivent \u00eatre vus comme ne donnant dans leurs domaines reconnus d\u2019application qu\u2019une repr\u00e9sentation partielle et d\u00e9form\u00e9e de la r\u00e9alit\u00e9 et ce, jusqu\u2019\u00e0 preuve du contraire.<\/li>\n<\/ol>\n<p>Par exemple, l\u2019INP a pour effet de transformer consid\u00e9rablement la compr\u00e9hension qu\u2019a le physicien de son activit\u00e9 de recherche et des r\u00e9sultats qu\u2019il en obtient. L\u2019enfant passe d\u2019une attitude g\u00e9n\u00e9ralement passive \u00e0 un comportement actif qui id\u00e9o-correspond \u00e0 la rationalit\u00e9 dite lat\u00e9rale dans le super-espace de l\u2019INP.<\/p>\n<table>\n<tbody>\n<tr>\n<td width=\"288\"><strong><u>Enfant<\/u><\/strong><\/td>\n<td width=\"288\"><strong><u>Humanit\u00e9<\/u><\/strong><\/td>\n<\/tr>\n<tr>\n<td width=\"288\">L\u2019enfant op\u00e9rera une pens\u00e9e lat\u00e9rale (!) qui le fera chercher avec succ\u00e8s derri\u00e8re le second \u00e9cran.<\/td>\n<td width=\"288\">La rationalit\u00e9 lat\u00e9rale, dans le super-espace de l\u2019INP pr\u00e9side au passage g\u00e9n\u00e9ral de la pens\u00e9e passive \u00e0 la pens\u00e9e active.<\/td>\n<\/tr>\n<\/tbody>\n<\/table>\n<p style=\"text-align: center;\">Id\u00e9otableau du passage de la pens\u00e9e passive \u00e0 la pens\u00e9e active<\/p>\n<p><em>Le procr\u00e9ationnisme<\/em><\/p>\n<p>Au lieu de consid\u00e9rer un d\u00e9but absolu, comme dans le cas de la th\u00e9orie actuelle du commencement par le Big Bang, on pourra consid\u00e9rer un d\u00e9but de notre univers \u00e0 partir d\u2019autres univers beaucoup plus avanc\u00e9s dans leurs histoires. C\u2019est \u00e0 partir d\u2019une telle th\u00e9orisation qu\u2019il serait concevable de fonder un grand potentiel initial comprenant toutes les possibilit\u00e9s r\u00e9elles de son \u00e9ventuel d\u00e9veloppement. Ce procr\u00e9ationnisme remplace les deux sortes d\u2019hypoth\u00e8ses oppos\u00e9es que sont les cr\u00e9ationnismes actuellement connus d\u2019apr\u00e8s les diff\u00e9rentes religions du Livre, et l\u2019\u00e9volutionnisme de type darwinien qui laisse plusieurs questions en suspens.<\/p>\n<p>Le procr\u00e9ationnisme id\u00e9om\u00e9trique serait fond\u00e9 sur une base al\u00e9atoire. Le hasard serait compris sur une base quantique g\u00e9n\u00e9ralis\u00e9e \u00e0 toute la recherche scientifique (onde de probabilit\u00e9 et r\u00e9duction du paquet d\u2019onde) comme celui qui a cours en m\u00e9canique quantique. Il comporterait des probabilit\u00e9s plus ou moins grandes et il serait th\u00e9oriquement plac\u00e9 comme un fondement r\u00e9f\u00e9rentiellement productif de l\u2019\u00e9volution et, en particulier, de la s\u00e9lection naturelle.<\/p>\n<p>Les impressions de l\u2019enfant de 12 mois concernant son pass\u00e9 pr\u00e9-c\u00e9r\u00e9bral le pr\u00e9pareraient \u00e0 s\u2019int\u00e9resser \u00e0 son d\u00e9veloppement \u00e0 venir, \u00e0 en savoir plus.<\/p>\n<table>\n<tbody>\n<tr>\n<td width=\"288\"><strong><u>Enfant d\u2019environ un an<\/u><\/strong><\/td>\n<td width=\"288\"><strong><u>Humanit\u00e9 actuelle<\/u><\/strong><\/td>\n<\/tr>\n<tr>\n<td width=\"288\">Les impressions de l\u2019enfant de 12 mois concernant son pass\u00e9 pr\u00e9-c\u00e9r\u00e9bral le pr\u00e9pareront \u00e0 s\u2019int\u00e9resser \u00e0 son d\u00e9veloppement \u00e0 venir, \u00e0 en savoir plus, beaucoup plus\u2026<\/td>\n<td width=\"288\">Les th\u00e9ories actuelles, \u00e9tablies sur des math\u00e9matiques encore relativement simples, d\u00e9criront l\u2019Univers de fa\u00e7ons tr\u00e8s diff\u00e9rentes avec des math\u00e9matiques tr\u00e8s diff\u00e9rentes, des math\u00e9matiques qui nous parleront\u2026<\/td>\n<\/tr>\n<\/tbody>\n<\/table>\n<p style=\"text-align: center;\">Id\u00e9otableau des math\u00e9matiques qui &lt;parlent&gt;<\/p>\n<p>III. La pr\u00e9adaptation<\/p>\n<p>La pr\u00e9adaptation est ici d\u00e9finie de fa\u00e7on id\u00e9om\u00e9trique. Il s\u2019agit du fait, pour un sujet et pour un milieu donn\u00e9, d\u2019\u00eatre en mesure de d\u00e9velopper le potentiel r\u00e9el de ce sujet normalement. Dans le cas d\u2019un enfant, par exemple, son milieu de vie sera pr\u00e9adapt\u00e9 si l\u2019enfant peut s\u2019y d\u00e9velopper normalement. Le fait d\u2019expliciter l\u2019existence du potentiel r\u00e9el de l\u2019enfant est ce qui rend particuli\u00e8re cette d\u00e9finition de la pr\u00e9adaptation.<\/p>\n<p><em>Une \u00e9chelle pr\u00e9adapt\u00e9e<\/em><\/p>\n<p>Dans le cas de l\u2019enfant, la pr\u00e9adaptation de son d\u00e9veloppement r\u00e9side donc dans le potentiel r\u00e9el de son d\u00e9veloppement dans le milieu familial, l\u2019environnement social et le cadre naturel existant. Ce cadre a \u00e9t\u00e9 pr\u00e9par\u00e9 ou exploit\u00e9 par d\u2019autres, qui en font partie, ce que l\u2019enfant ignore totalement tant qu\u2019il n\u2019aura pas acquis la capacit\u00e9 de communiquer dans le langage avec eux.<\/p>\n<p>L\u2019enfant d\u00e9couvrira en outre d\u2019autres centres de perspectives avec d\u2019autres points de vue que le sien. Plus tard, il constatera que d\u2019autres organisations sensorielles sont r\u00e9ellement possibles. L\u2019audition, par exemple, peut remplacer la vision dans certains cas. Sur le plan auditif, d\u2019autres sortes de sons sont possibles en plus de ceux des voix humaines connues. il pourra comprendre que bien d\u2019autres fa\u00e7ons d\u2019entendre sont r\u00e9ellement possibles.<\/p>\n<p>La psychologie de l\u2019enfant et la neurologie, la philosophie\u2026 rendent r\u00e9ellement possible l\u2019existence d\u2019individus aptes \u00e0 cr\u00e9er eux-m\u00eames les conditions de vie et de culture qui pourvoiront au d\u00e9veloppement normal d\u2019individus capables de faire preuve d\u2019intelligence plus avanc\u00e9e. La biologie elle-m\u00eame rend r\u00e9ellement possible l\u2019apparition de l\u2019intelligence en tant qu\u2019esp\u00e8ce vivante parmi d\u2019autres esp\u00e8ces. La physique est \u00e0 son tour pr\u00e9adapt\u00e9e pour que soit r\u00e9ellement possible l\u2019intelligence avanc\u00e9e en tant qu\u2019\u00e9mergence dont la probabilit\u00e9 n\u2019est pas nulle. Les math\u00e9matiques m\u00eame sont n\u00e9cessairement pr\u00e9adapt\u00e9es pour produire \u00e0 la base de l\u2019Univers, la possibilit\u00e9 r\u00e9elle de l\u2019humain en tant qu\u2019esp\u00e8ce d\u2019un genre d\u2019intelligence avanc\u00e9e, capable de produire les arts, la science et la recherche philosophique.<\/p>\n<p>Remarque\u00a0: Il arrive que la pr\u00e9adaptation soit d\u00e9ficiente \u00e0 l\u2019un ou l\u2019autre de ses \u00e9chelons. Certains milieux de vie sont impropres au d\u00e9veloppement le plus normal des enfants. Il est \u00e9galement possible que l\u2019esp\u00e8ce vivante soit elle-m\u00eame incapable de produire le milieu favorable \u00e0 l\u2019\u00e9mergence de l\u2019intelligence sp\u00e9cifique. De m\u00eame, bien que les math\u00e9matiques de base le permettent, l\u2019univers physique existant peut \u00eatre instable dans certaines de ses r\u00e9gions et rendre improbable l\u2019apparition ou le d\u00e9veloppement d\u2019une vie intelligente.<\/p>\n<p><em>Trois maternantes<\/em><\/p>\n<p>Les maternantes incluent essentiellement la m\u00e8re g\u00e9n\u00e9tique, la m\u00e8re gestationnelle et la m\u00e8re (ou le p\u00e8re) \u00e9ducationnelle. Il y aurait donc proprement, par correspondance, une d\u00e9esse (ou un dieu), un monoth\u00e9isme (pro)cr\u00e9ateur f\u00e9minin, &lt;g\u00e9n\u00e9tique&gt;, une autre &lt;gestationnelle&gt;, et enfin une autre &lt;\u00e9ducationnelle&gt;, celle-ci pouvant \u00eatre pris en charge par une maternante masculine, les trois \u00e9tant \u00e9minemment imparfaites. On d\u00e9bouche l\u00e0 sur un \u00e9trange cr\u00e9ationnisme f\u00e9minin en-de\u00e7\u00e0 de la toute-puissance et au-del\u00e0 de l\u2019humanit\u00e9 actuelle.<\/p>\n<p>Remarques\u00a0: \u00a0 1) L\u2019expression de maternantes n\u2019exclut pas les p\u00e8res, ou les paternants, elle les sous-entend.<\/p>\n<p>2) Le p\u00e8re paternant pour l\u2019enfant ut\u00e9rin revient p\u00e9riodiquement en personne, \u00e0 chaque jour (ou chaque nuit), et pourrait correspondre \u00e0 la d\u00e9esse lunaire. La maternante porteuse correspondrait alors davantage \u00e0 la vo\u00fbte c\u00e9leste.<\/p>\n<p style=\"text-align: center;\">()<\/p>\n<p><em>Note\u00a0: Le dessein intelligent ou les sons nouveaux<\/em><\/p>\n<table>\n<tbody>\n<tr>\n<td width=\"288\"><strong><u>Enfant d\u2019environ un an<\/u><\/strong><\/td>\n<td width=\"288\"><strong><u>Humanit\u00e9 actuelle<\/u><\/strong><\/td>\n<\/tr>\n<tr>\n<td width=\"288\">L\u2019enfant \u00e9met des sons nouveaux pour se faire mieux comprendre.<\/td>\n<td width=\"288\">L\u2019id\u00e9e du dessein intelligent sert \u00e0 faire avancer la cause religieuse en la rendant plus accessible au grand nombre.<\/td>\n<\/tr>\n<tr>\n<td width=\"288\">L\u2019enfant module les sons qu\u2019il \u00e9met tout en conservant une c\u00e9r\u00e9bralit\u00e9 similaire.<\/td>\n<td width=\"288\">Les chercheurs actuels essayent encore de trouver des id\u00e9es nouvelles en ne modifiant que peu la r\u00e9f\u00e9rentialit\u00e9. On demeure l\u00e0 dans la &lt;passivit\u00e9&gt; et cela ressemble encore \u00e0 une fausse recherche sur le fond.<\/td>\n<\/tr>\n<\/tbody>\n<\/table>\n<p style=\"text-align: center;\">Id\u00e9otableau sur le dessein intelligent (<em>intelligent design<\/em>)<\/p>\n<p style=\"text-align: center;\">(())<\/p>\n<div class=\"edit-link\"><a class=\"post-edit-link\" href=\"\">modifier<\/a><\/div>","protected":false},"excerpt":{"rendered":"<p>Mars 2022 I. Le probl\u00e8me du cr\u00e9ationnisme La vie ut\u00e9rine\u00a0\u00a0\u00a0\u00a0\u00a0\u00a0\u00a0\u00a0\u00a0\u00a0\u00a0\u00a0\u00a0\u00a0\u00a0\u00a0\u00a0\u00a0\u00a0\u00a0\u00a0\u00a0\u00a0\u00a0 Peu apr\u00e8s sa naissance, l\u2019enfant reste marqu\u00e9 par sa vie ut\u00e9rine avec son envie persistante d\u2019y retourner. Sur ce mod\u00e8le, le cr\u00e9ationnisme repr\u00e9sente une tendance de retour \u00e0 la foi et au monde&#8230;<\/p>\n","protected":false},"author":1,"featured_media":0,"parent":0,"menu_order":0,"comment_status":"closed","ping_status":"closed","template":"","meta":[],"tags":[],"_links":{"self":[{"href":"http:\/\/agoratheque.3zcom.com\/index.php?rest_route=\/wp\/v2\/pages\/7530"}],"collection":[{"href":"http:\/\/agoratheque.3zcom.com\/index.php?rest_route=\/wp\/v2\/pages"}],"about":[{"href":"http:\/\/agoratheque.3zcom.com\/index.php?rest_route=\/wp\/v2\/types\/page"}],"author":[{"embeddable":true,"href":"http:\/\/agoratheque.3zcom.com\/index.php?rest_route=\/wp\/v2\/users\/1"}],"replies":[{"embeddable":true,"href":"http:\/\/agoratheque.3zcom.com\/index.php?rest_route=%2Fwp%2Fv2%2Fcomments&post=7530"}],"version-history":[{"count":19,"href":"http:\/\/agoratheque.3zcom.com\/index.php?rest_route=\/wp\/v2\/pages\/7530\/revisions"}],"predecessor-version":[{"id":8387,"href":"http:\/\/agoratheque.3zcom.com\/index.php?rest_route=\/wp\/v2\/pages\/7530\/revisions\/8387"}],"wp:attachment":[{"href":"http:\/\/agoratheque.3zcom.com\/index.php?rest_route=%2Fwp%2Fv2%2Fmedia&parent=7530"}],"wp:term":[{"taxonomy":"post_tag","embeddable":true,"href":"http:\/\/agoratheque.3zcom.com\/index.php?rest_route=%2Fwp%2Fv2%2Ftags&post=7530"}],"curies":[{"name":"wp","href":"https:\/\/api.w.org\/{rel}","templated":true}]}}