{"id":783,"date":"2011-06-30T14:44:09","date_gmt":"2011-06-30T18:44:09","guid":{"rendered":"http:\/\/agoratheque.yprovencal.ep.profweb.qc.ca\/?page_id=783"},"modified":"2016-09-09T06:40:41","modified_gmt":"2016-09-09T10:40:41","slug":"a-propos-des-accommodements-raisonnables","status":"publish","type":"page","link":"http:\/\/agoratheque.3zcom.com\/?page_id=783","title":{"rendered":"\u00c0 propos des accommodements raisonnables"},"content":{"rendered":"<p>Id\u00e9alement, il serait pr\u00e9f\u00e9rable, \u00e0 mon avis, d\u2019accorder des \u00ab accommodements rationnels \u00bb, c\u2019est-\u00e0-dire des accommodements apr\u00e8s discussion sur le bien-fond\u00e9 de la demande d\u2019accommodement, lequel devrait faire l\u2019affaire de tous. Si la discussion n\u2019arrive pas \u00e0 quelque chose de durablement rationnel, alors il faudrait envisager de n\u2019accorder qu\u2019un accommodement ponctuel et, encore, seulement si cela n\u2019indispose pas trop les autres. Il faudrait donc un accommodement rationnel, donc pour tous.<\/p>\n<p>Ce qu\u2019on appelle accommodements raisonnables ne concerne pas le droit \u00e0 la dissidence. Il consisterait plut\u00f4t en l\u2019id\u00e9e qu\u2019afin de respecter les immigrants en provenance d\u2019une autre culture, il convienne de faciliter leur int\u00e9gration en les accommodant de fa\u00e7on raisonnable, c\u2019est-\u00e0-dire de fa\u00e7on coh\u00e9rente avec le droit des autres au respect et avec les possibilit\u00e9s mat\u00e9rielles disponibles. L\u2019id\u00e9e d\u2019accommodement raisonnable va dans le sens d\u2019aider l\u2019autre \u00e0 s\u2019int\u00e9grer de fa\u00e7on harmonieuse aux fa\u00e7ons de faire du groupe dominant. Cette id\u00e9e va donc nettement plus loin que la simple tol\u00e9rance et pointe en direction du respect de l\u2019autre dans son autonomie. Cependant elle reste encore loin du respect bien compris, qui suppose la reconnaissance de la diff\u00e9rence <em>num\u00e9rique<\/em> de son groupe par rapport au groupe dominant <a id=\"ref-1\" href=\"#note-1\"><sup>1<\/sup><\/a>. L\u2019aide qu\u2019on apporte \u00e0 la personne n\u2019a en effet nullement pour but de l\u2019aider \u00e0 d\u00e9velopper sa propre culture morale, mais seulement de l\u2019inciter plus subtilement\u00a0\u00e0 s\u2019int\u00e9grer au groupe qui domine le territoire. D\u2019ailleurs seule l\u2019exp\u00e9rience future \u00e0 suffisamment\u00a0long terme permettra de savoir si les accommodements raisonnables constituent une bonne m\u00e9thode\u00a0d\u2019int\u00e9gration harmonieuse des immigrants.<\/p>\n<div>\n<div id=\"ftn1\">\n<p><a id=\"note-1\" href=\"#ref-1\">1<\/a> La diff\u00e9rence num\u00e9rique est d\u00e9finie et expliqu\u00e9e \u00e0 la page intitul\u00e9e <em><a title=\"La diff\u00e9rence num\u00e9rique des groupes\" href=\"http:\/\/mail.agoratheque.3zcom.com\/?page_id=655\">La diff\u00e9rence num\u00e9rique des groupes<\/a>. <a id=\"note-1\" href=\"#ref-1\">1<\/a><\/em><\/p>\n<\/div>\n<\/div>\n<div class=\"edit-link\"><a class=\"post-edit-link\" href=\"\">modifier<\/a><\/div>","protected":false},"excerpt":{"rendered":"<p>Id\u00e9alement, il serait pr\u00e9f\u00e9rable, \u00e0 mon avis, d\u2019accorder des \u00ab accommodements rationnels \u00bb, c\u2019est-\u00e0-dire des accommodements apr\u00e8s discussion sur le bien-fond\u00e9 de la demande d\u2019accommodement, lequel devrait faire l\u2019affaire de tous. Si la discussion n\u2019arrive pas \u00e0 quelque chose de durablement rationnel, alors&#8230;<\/p>\n","protected":false},"author":1,"featured_media":0,"parent":646,"menu_order":0,"comment_status":"open","ping_status":"open","template":"","meta":[],"tags":[],"_links":{"self":[{"href":"http:\/\/agoratheque.3zcom.com\/index.php?rest_route=\/wp\/v2\/pages\/783"}],"collection":[{"href":"http:\/\/agoratheque.3zcom.com\/index.php?rest_route=\/wp\/v2\/pages"}],"about":[{"href":"http:\/\/agoratheque.3zcom.com\/index.php?rest_route=\/wp\/v2\/types\/page"}],"author":[{"embeddable":true,"href":"http:\/\/agoratheque.3zcom.com\/index.php?rest_route=\/wp\/v2\/users\/1"}],"replies":[{"embeddable":true,"href":"http:\/\/agoratheque.3zcom.com\/index.php?rest_route=%2Fwp%2Fv2%2Fcomments&post=783"}],"version-history":[{"count":8,"href":"http:\/\/agoratheque.3zcom.com\/index.php?rest_route=\/wp\/v2\/pages\/783\/revisions"}],"predecessor-version":[{"id":5457,"href":"http:\/\/agoratheque.3zcom.com\/index.php?rest_route=\/wp\/v2\/pages\/783\/revisions\/5457"}],"up":[{"embeddable":true,"href":"http:\/\/agoratheque.3zcom.com\/index.php?rest_route=\/wp\/v2\/pages\/646"}],"wp:attachment":[{"href":"http:\/\/agoratheque.3zcom.com\/index.php?rest_route=%2Fwp%2Fv2%2Fmedia&parent=783"}],"wp:term":[{"taxonomy":"post_tag","embeddable":true,"href":"http:\/\/agoratheque.3zcom.com\/index.php?rest_route=%2Fwp%2Fv2%2Ftags&post=783"}],"curies":[{"name":"wp","href":"https:\/\/api.w.org\/{rel}","templated":true}]}}