{"id":7850,"date":"2022-12-16T09:07:23","date_gmt":"2022-12-16T13:07:23","guid":{"rendered":"http:\/\/mail.agoratheque.3zcom.com\/?page_id=7850"},"modified":"2023-02-10T13:48:04","modified_gmt":"2023-02-10T17:48:04","slug":"lenfant-contestataire","status":"publish","type":"page","link":"http:\/\/agoratheque.3zcom.com\/?page_id=7850","title":{"rendered":"L\u2019enfant contestataire"},"content":{"rendered":"<p style=\"text-align: center;\">(Recherches ludiques IV)<\/p>\n<p style=\"text-align: center;\">D\u00e9cembre 2022<\/p>\n<p>L\u2019enfant est un contestataire-n\u00e9. C\u2019est ainsi qu\u2019il progresse. D\u00e8s qu\u2019il le pourra, il fera grand usage de la forme n\u00e9gative (\u00ab\u00a0Veux pas\u00a0\u00bb\u2026). Il s\u2019indigne d\u00e9j\u00e0 des \u00ab\u00a0traitements injustes\u00a0\u00bb dont il fait l\u2019objet. Il croit au pouvoir des mots. Il lui suffit de dire \u00ab\u00a0je veux\u00a0\u00bb pour que cela lui appartienne.<\/p>\n<p>Il est \u00ab\u00a0r\u00e9volutionnaire\u00a0\u00bb dans l\u2019\u00e2me et il se doit d\u2019\u00eatre en col\u00e8re si les choses tardent.<\/p>\n<p>Il croit aux actes de langage, en particulier aux cris. Il se refuse parfois de croire en ce &lt;Dieu&gt; (sa m\u00e8re) qui brille par son absence lorsqu\u2019il a le plus besoin de lui. Insolent, il lui refait le coup du bacon.<\/p>\n<p>Remarque\u00a0: Les psychologues appellent \u00ab\u00a0faire le bacon\u00a0\u00bb les crises de col\u00e8res spectaculaires du jeune enfant qui, \u00e9tendu au sol s\u2019agite et crie en pleurant, particuli\u00e8rement dans les lieux publics.<\/p>\n<p>Comparons ici l\u2019humanit\u00e9 \u00e0 cet enfant.<\/p>\n<table>\n<tbody>\n<tr>\n<td width=\"288\"><strong><u>Jeune enfant<\/u><\/strong><\/td>\n<td width=\"288\"><strong><u>Humanit\u00e9 dans son histoire<\/u><\/strong><\/td>\n<\/tr>\n<tr>\n<td width=\"288\">Continuer d\u2019apprendre rapidement et substantiellement pendant des ann\u00e9es<\/td>\n<td width=\"288\">Poursuivre un d\u00e9veloppement historico-socio-politico-technologique pendant des si\u00e8cles.<\/td>\n<\/tr>\n<\/tbody>\n<\/table>\n<p style=\"text-align: center;\">Id\u00e9otableau\u00a0: &lt;Un long apprentissage hors des zones de confort&gt;<\/p>\n<p>&nbsp;<\/p>\n<p>Pour un enfant donn\u00e9, un grand nombre de maladies (varicelle, scarlatine, rub\u00e9ole\u2026) ou d\u2019accidents (intoxication, chute, \u00e9touffement, noyade\u2026) sont r\u00e9ellement possibles.\u00a0Transpos\u00e9s au niveau de l\u2019humanit\u00e9, il s\u2019agira de catastrophes graves et peu pr\u00e9visibles sur le court terme (pand\u00e9mies majeures, grands s\u00e9ismes accompagn\u00e9s de tsunamis d\u00e9vastateurs, impacts de gros m\u00e9t\u00e9orites\u2026).<\/p>\n<table>\n<tbody>\n<tr>\n<td><strong><u>Enfant<\/u><\/strong><\/td>\n<td><strong><u>Humanit\u00e9<\/u><\/strong><\/td>\n<\/tr>\n<tr>\n<td>Nouveaux risques quotidiens tout au long des mois et des ann\u00e9es<\/td>\n<td>Nouveaux risques tout au long des ann\u00e9es et des si\u00e8cles<\/td>\n<\/tr>\n<\/tbody>\n<\/table>\n<p style=\"text-align: center;\">Tableau\u00a0: &lt;Risques normaux&gt; du d\u00e9veloppement<\/p>\n<p><a href=\"http:\/\/mail.agoratheque.3zcom.com\/wp-content\/uploads\/2022\/12\/enfant-varicelle.jpg\"><img decoding=\"async\" loading=\"lazy\" class=\"alignnone size-full wp-image-7866\" src=\"http:\/\/mail.agoratheque.3zcom.com\/wp-content\/uploads\/2022\/12\/enfant-varicelle.jpg\" alt=\"\" width=\"275\" height=\"183\" srcset=\"http:\/\/agoratheque.3zcom.com\/wp-content\/uploads\/2022\/12\/enfant-varicelle.jpg 275w, http:\/\/agoratheque.3zcom.com\/wp-content\/uploads\/2022\/12\/enfant-varicelle-212x141.jpg 212w\" sizes=\"(max-width: 275px) 100vw, 275px\" \/><\/a><\/p>\n<p>Enfant atteint de varicelle<\/p>\n<table>\n<tbody>\n<tr>\n<td><strong><u>Enfant<\/u><\/strong><\/td>\n<td><strong><u>Humanit\u00e9<\/u><\/strong><\/td>\n<\/tr>\n<tr>\n<td>Intoxications, varicelle, scarlatine\u2026 chute, \u00e9touffement, noyade\u2026<\/td>\n<td>Pand\u00e9mies, grands s\u00e9ismes ou volcanismes, impacts de gros m\u00e9t\u00e9orites\u2026 basculements climatiques\u2026<\/td>\n<\/tr>\n<tr>\n<td>Maladies ou accidents assez courants sur plusieurs ann\u00e9es\u2026<\/td>\n<td>Catastrophes tr\u00e8s graves mais \u00ab\u00a0normales\u00a0\u00bb sur un laps de temps du plusieurs si\u00e8cles\u2026<\/td>\n<\/tr>\n<tr>\n<td>\u2026mais affectant l\u2019enfant \u00e0 chaque instant sur plusieurs jours ou semaines<\/td>\n<td>\u2026susceptibles de bouleverser les soci\u00e9t\u00e9s pendant des d\u00e9cennies ou des si\u00e8cles<\/td>\n<\/tr>\n<\/tbody>\n<\/table>\n<p style=\"text-align: center;\">Id\u00e9otableau\u00a0: &lt;catastrophes r\u00e9ellement possibles&gt;<\/p>\n<p>L\u2019enfant est en col\u00e8re, en partie parce qu\u2019il ne comprend pas le pourquoi.<\/p>\n<table>\n<tbody>\n<tr>\n<td><strong><u>Jeune enfant<\/u><\/strong><\/td>\n<td><strong><u>Humanit\u00e9<\/u><\/strong><\/td>\n<\/tr>\n<tr>\n<td>L\u2019enfant n\u2019a souvent aucune id\u00e9e claire de ce qui d\u00e9clenche ses pleurs et encore moins de ce qui les cause r\u00e9ellement.<\/td>\n<td>Les chercheurs ignorent souvent ce qui d\u00e9clenche les conflits et ne peuvent faire que conjecturer leurs causes r\u00e9elles.<\/td>\n<\/tr>\n<tr>\n<td>L\u2019enfant r\u00e9siste aux tentatives d\u2019apaisement par les maternantes.<\/td>\n<td>Les humains en guerre r\u00e9sistent aux arguments rationnels, y compris ceux des sagesses religieuses.<\/td>\n<\/tr>\n<tr>\n<td>Longs acc\u00e8s r\u00e9currents de pleurs<\/td>\n<td>Longues p\u00e9riodes de violence mutuelle dans l\u2019histoire moderne des peuples<\/td>\n<\/tr>\n<\/tbody>\n<\/table>\n<p style=\"text-align: center;\">Id\u00e9otableau sur &lt;l\u2019enfant en col\u00e8re&gt;<\/p>\n<p>&nbsp;<\/p>\n<p>Tout se tient donc dans l\u2019Univers, y compris les peines et les contestations? Il le semble. Il existerait toutefois une certaine entraide. Comme l\u2019enfant qui demande de l\u2019aide, l\u2019humanit\u00e9, par ses chercheurs, esp\u00e8re \u00eatre inspir\u00e9e afin de solutionner les probl\u00e8mes qu\u2019elle doit affronter.<\/p>\n<p><a href=\"http:\/\/mail.agoratheque.3zcom.com\/wp-content\/uploads\/2022\/12\/Parler-comme-jamais.jpg\"><img decoding=\"async\" loading=\"lazy\" class=\"alignnone size-full wp-image-7868\" src=\"http:\/\/mail.agoratheque.3zcom.com\/wp-content\/uploads\/2022\/12\/Parler-comme-jamais.jpg\" alt=\"\" width=\"292\" height=\"172\" srcset=\"http:\/\/agoratheque.3zcom.com\/wp-content\/uploads\/2022\/12\/Parler-comme-jamais.jpg 292w, http:\/\/agoratheque.3zcom.com\/wp-content\/uploads\/2022\/12\/Parler-comme-jamais-212x125.jpg 212w\" sizes=\"(max-width: 292px) 100vw, 292px\" \/><\/a><\/p>\n<table>\n<tbody>\n<tr>\n<td>L\u2019entourage\u00a0ob\u00e9it\u00a0en quelque sorte aux appels de l\u2019enfant, qui doit quand m\u00eame s\u2019habituer aux\u00a0attentes de r\u00e9ponses et, aussi, \u00e0 leur signification souvent impr\u00e9vue.<\/td>\n<td>Les chercheurs qui pers\u00e9v\u00e8rent\u00a0trouvent souvent ce qui les fait avancer, tout en \u00e9tant g\u00e9n\u00e9ralement surpris par ce qu\u2019ils d\u00e9couvrent.<\/td>\n<\/tr>\n<\/tbody>\n<\/table>\n<p style=\"text-align: center;\">Id\u00e9otableau\u00a0: Le hasard d\u2019aspect pr\u00e9adapt\u00e9<\/p>\n<p>&nbsp;<\/p>\n<p>Mais pourquoi les chercheurs devraient-ils \u00eatre bien inspir\u00e9s chaque fois qu\u2019un probl\u00e8me important se pose? Cette question recevra-t-elle une r\u00e9ponse en prenant le jeune enfant pour mod\u00e8le puisqu\u2019il grandira et s\u2019affirmera?<\/p>\n<table>\n<tbody>\n<tr>\n<td><strong><u>Enfant<\/u><\/strong><\/td>\n<td><strong><u>Humanit\u00e9 actuelle<\/u><\/strong><\/td>\n<\/tr>\n<tr>\n<td>Pratique du langage par l\u2019enfant<\/td>\n<td>Applications du Mod\u00e8le id\u00e9om\u00e9trique de l&rsquo;enfant \u00e0 la recherche<\/td>\n<\/tr>\n<tr>\n<td>\u00ab\u00a0Actes d\u00e9claratoires\u00a0\u00bb de l\u2019enfant en tant qu\u2019interlocuteur \u00e9gal<\/td>\n<td>Publications d\u2019id\u00e9otableaux accessibles \u00e0 tous et reconnus comme utiles \u00e0 l\u2019\u00e9quilibre universel<\/td>\n<\/tr>\n<\/tbody>\n<\/table>\n<p style=\"text-align: center;\">Id\u00e9otableau d\u00e9claratif de l\u2019humanit\u00e9 qui se constitue en &lt;sujet&gt; &lt;humanit\u00e9&gt; devant d\u2019&lt;autres&gt; encore inconnus. Y aura-t-il une suite?<\/p>\n<p style=\"text-align: center;\">(())<\/p>\n<p>R\u00e9f\u00e9rence: <a href=\"http:\/\/mail.agoratheque.3zcom.com\/?page_id=5073\">Introduction aux math\u00e9matiques id\u00e9om\u00e9triques<\/a><\/p>\n<div class=\"edit-link\"><a class=\"post-edit-link\" href=\"\">modifier<\/a><\/div>","protected":false},"excerpt":{"rendered":"<p>(Recherches ludiques IV) D\u00e9cembre 2022 L\u2019enfant est un contestataire-n\u00e9. C\u2019est ainsi qu\u2019il progresse. D\u00e8s qu\u2019il le pourra, il fera grand usage de la forme n\u00e9gative (\u00ab\u00a0Veux pas\u00a0\u00bb\u2026). Il s\u2019indigne d\u00e9j\u00e0 des \u00ab\u00a0traitements injustes\u00a0\u00bb dont il fait l\u2019objet. Il croit au pouvoir des mots.&#8230;<\/p>\n","protected":false},"author":1,"featured_media":0,"parent":0,"menu_order":0,"comment_status":"closed","ping_status":"closed","template":"","meta":[],"tags":[],"_links":{"self":[{"href":"http:\/\/agoratheque.3zcom.com\/index.php?rest_route=\/wp\/v2\/pages\/7850"}],"collection":[{"href":"http:\/\/agoratheque.3zcom.com\/index.php?rest_route=\/wp\/v2\/pages"}],"about":[{"href":"http:\/\/agoratheque.3zcom.com\/index.php?rest_route=\/wp\/v2\/types\/page"}],"author":[{"embeddable":true,"href":"http:\/\/agoratheque.3zcom.com\/index.php?rest_route=\/wp\/v2\/users\/1"}],"replies":[{"embeddable":true,"href":"http:\/\/agoratheque.3zcom.com\/index.php?rest_route=%2Fwp%2Fv2%2Fcomments&post=7850"}],"version-history":[{"count":26,"href":"http:\/\/agoratheque.3zcom.com\/index.php?rest_route=\/wp\/v2\/pages\/7850\/revisions"}],"predecessor-version":[{"id":7904,"href":"http:\/\/agoratheque.3zcom.com\/index.php?rest_route=\/wp\/v2\/pages\/7850\/revisions\/7904"}],"wp:attachment":[{"href":"http:\/\/agoratheque.3zcom.com\/index.php?rest_route=%2Fwp%2Fv2%2Fmedia&parent=7850"}],"wp:term":[{"taxonomy":"post_tag","embeddable":true,"href":"http:\/\/agoratheque.3zcom.com\/index.php?rest_route=%2Fwp%2Fv2%2Ftags&post=7850"}],"curies":[{"name":"wp","href":"https:\/\/api.w.org\/{rel}","templated":true}]}}